{"id":51328,"date":"2025-10-11T21:08:14","date_gmt":"2025-10-11T19:08:14","guid":{"rendered":"https:\/\/librairie7l.com\/?post_type=product&#038;p=51328"},"modified":"2026-04-12T17:59:26","modified_gmt":"2026-04-12T15:59:26","slug":"un-nouveau-programme-pour-le-design-graphique-2","status":"publish","type":"product","link":"https:\/\/librairie7l.com\/en\/produit\/un-nouveau-programme-pour-le-design-graphique-2\/","title":{"rendered":"UN NOUVEAU PROGRAMME POUR LE DESIGN GRAPHIQUE"},"content":{"rendered":"<p>Premi\u00e8re traduction en fran\u00e7ais pour un livre culte sur l&#8217;histoire du graphisme, \u00e9coul\u00e9 \u00e0 8000 aux Etats-Unis depuis sa parution en 2009 et devenu un classique instantan\u00e9ment. Ici, David Reinfurt propose Une histoire du design graphique accessible et didactique \u00e0 travers un ouvrage th\u00e9orique, historique et p\u00e9dagogique richement document\u00e9: un guide pratique pour les designers qui cherchent \u00e0 comprendre et \u00e0 fa\u00e7onner le monde&#8230; De Benjamin Franklin \u00e0 Bruno Munari, en passant par Moholy-Nagy, Muriel Cooper et l&#8217;ordinateur Macintosh, ce livre est un guide pratique pour les designers qui cherchent \u00e0 comprendre et \u00e0 fa\u00e7onner le monde de plus en plus complexe de l&#8217;information et du design.<\/p>\n","protected":false},"excerpt":{"rendered":"<p>Premi\u00e8re traduction en fran\u00e7ais pour un livre culte sur l&#8217;histoire du graphisme, \u00e9coul\u00e9 \u00e0 8000 aux Etats-Unis depuis sa parution en 2009 et devenu un classique instantan\u00e9ment. Ici, David Reinfurt propose Une histoire du design graphique accessible et didactique \u00e0 travers un ouvrage th\u00e9orique, historique et p\u00e9dagogique richement document\u00e9: un guide pratique pour les designers [&hellip;]<\/p>\n","protected":false},"featured_media":51326,"template":"","meta":[],"product_cat":[7364,2948],"product_tag":[],"acf":[],"yoast_head":"<!-- This site is optimized with the Yoast SEO plugin v20.11 - https:\/\/yoast.com\/wordpress\/plugins\/seo\/ -->\n<title>Un nouveau programme pour le design graphique - Librairie 7L<\/title>\n<meta name=\"robots\" content=\"index, follow, max-snippet:-1, max-image-preview:large, max-video-preview:-1\" \/>\n<link rel=\"canonical\" href=\"https:\/\/librairie7l.com\/en\/produit\/un-nouveau-programme-pour-le-design-graphique-2\/\" \/>\n<meta property=\"og:locale\" content=\"en_US\" \/>\n<meta property=\"og:type\" content=\"article\" \/>\n<meta property=\"og:title\" content=\"Un nouveau programme pour le design graphique - Librairie 7L\" \/>\n<meta property=\"og:description\" content=\"Premi\u00e8re traduction en fran\u00e7ais pour un livre culte sur l&#8217;histoire du graphisme, \u00e9coul\u00e9 \u00e0 8000 aux Etats-Unis depuis sa parution en 2009 et devenu un classique instantan\u00e9ment. Ici, David Reinfurt propose Une histoire du design graphique accessible et didactique \u00e0 travers un ouvrage th\u00e9orique, historique et p\u00e9dagogique richement document\u00e9: un guide pratique pour les designers [&hellip;]\" \/>\n<meta property=\"og:url\" content=\"https:\/\/librairie7l.com\/en\/produit\/un-nouveau-programme-pour-le-design-graphique-2\/\" \/>\n<meta property=\"og:site_name\" content=\"Librairie 7L\" \/>\n<meta property=\"article:modified_time\" content=\"2026-04-12T15:59:26+00:00\" \/>\n<meta property=\"og:image\" content=\"https:\/\/librairie7l.com\/wp-content\/uploads\/2023\/12\/9782919380695_1_75.jpg\" \/>\n\t<meta property=\"og:image:width\" content=\"307\" \/>\n\t<meta property=\"og:image:height\" content=\"500\" \/>\n\t<meta property=\"og:image:type\" content=\"image\/jpeg\" \/>\n<meta name=\"twitter:card\" content=\"summary_large_image\" \/>\n<meta name=\"twitter:label1\" content=\"Est. reading time\" \/>\n\t<meta name=\"twitter:data1\" content=\"1 minute\" \/>\n<script type=\"application\/ld+json\" class=\"yoast-schema-graph\">{\"@context\":\"https:\/\/schema.org\",\"@graph\":[{\"@type\":\"WebPage\",\"@id\":\"https:\/\/librairie7l.com\/en\/produit\/un-nouveau-programme-pour-le-design-graphique-2\/\",\"url\":\"https:\/\/librairie7l.com\/en\/produit\/un-nouveau-programme-pour-le-design-graphique-2\/\",\"name\":\"Un nouveau programme pour le design graphique - Librairie 7L\",\"isPartOf\":{\"@id\":\"https:\/\/librairie7l.com\/en\/#website\"},\"datePublished\":\"2025-10-11T19:08:14+00:00\",\"dateModified\":\"2026-04-12T15:59:26+00:00\",\"breadcrumb\":{\"@id\":\"https:\/\/librairie7l.com\/en\/produit\/un-nouveau-programme-pour-le-design-graphique-2\/#breadcrumb\"},\"inLanguage\":\"en-US\",\"potentialAction\":[{\"@type\":\"ReadAction\",\"target\":[\"https:\/\/librairie7l.com\/en\/produit\/un-nouveau-programme-pour-le-design-graphique-2\/\"]}]},{\"@type\":\"BreadcrumbList\",\"@id\":\"https:\/\/librairie7l.com\/en\/produit\/un-nouveau-programme-pour-le-design-graphique-2\/#breadcrumb\",\"itemListElement\":[{\"@type\":\"ListItem\",\"position\":1,\"name\":\"Accueil\",\"item\":\"https:\/\/librairie7l.com\/en\/\"},{\"@type\":\"ListItem\",\"position\":2,\"name\":\"Shop\",\"item\":\"https:\/\/librairie7l.com\/en\/shop\/\"},{\"@type\":\"ListItem\",\"position\":3,\"name\":\"UN NOUVEAU PROGRAMME POUR LE DESIGN GRAPHIQUE\"}]},{\"@type\":\"WebSite\",\"@id\":\"https:\/\/librairie7l.com\/en\/#website\",\"url\":\"https:\/\/librairie7l.com\/en\/\",\"name\":\"Librairie 7L\",\"description\":\"Librairie fond\u00e9e en 1999 par Karl Lagerfeld \u00e0 Paris\",\"publisher\":{\"@id\":\"https:\/\/librairie7l.com\/en\/#organization\"},\"potentialAction\":[{\"@type\":\"SearchAction\",\"target\":{\"@type\":\"EntryPoint\",\"urlTemplate\":\"https:\/\/librairie7l.com\/en\/?s={search_term_string}\"},\"query-input\":\"required name=search_term_string\"}],\"inLanguage\":\"en-US\"},{\"@type\":\"Organization\",\"@id\":\"https:\/\/librairie7l.com\/en\/#organization\",\"name\":\"Librairie 7L\",\"url\":\"https:\/\/librairie7l.com\/en\/\",\"logo\":{\"@type\":\"ImageObject\",\"inLanguage\":\"en-US\",\"@id\":\"https:\/\/librairie7l.com\/en\/#\/schema\/logo\/image\/\",\"url\":\"https:\/\/librairie7l.com\/wp-content\/uploads\/2022\/08\/logo-1.png\",\"contentUrl\":\"https:\/\/librairie7l.com\/wp-content\/uploads\/2022\/08\/logo-1.png\",\"width\":227,\"height\":301,\"caption\":\"Librairie 7L\"},\"image\":{\"@id\":\"https:\/\/librairie7l.com\/en\/#\/schema\/logo\/image\/\"}}]}<\/script>\n<!-- \/ Yoast SEO plugin. -->","yoast_head_json":{"title":"Un nouveau programme pour le design graphique - Librairie 7L","robots":{"index":"index","follow":"follow","max-snippet":"max-snippet:-1","max-image-preview":"max-image-preview:large","max-video-preview":"max-video-preview:-1"},"canonical":"https:\/\/librairie7l.com\/en\/produit\/un-nouveau-programme-pour-le-design-graphique-2\/","og_locale":"en_US","og_type":"article","og_title":"Un nouveau programme pour le design graphique - Librairie 7L","og_description":"Premi\u00e8re traduction en fran\u00e7ais pour un livre culte sur l&#8217;histoire du graphisme, \u00e9coul\u00e9 \u00e0 8000 aux Etats-Unis depuis sa parution en 2009 et devenu un classique instantan\u00e9ment. Ici, David Reinfurt propose Une histoire du design graphique accessible et didactique \u00e0 travers un ouvrage th\u00e9orique, historique et p\u00e9dagogique richement document\u00e9: un guide pratique pour les designers [&hellip;]","og_url":"https:\/\/librairie7l.com\/en\/produit\/un-nouveau-programme-pour-le-design-graphique-2\/","og_site_name":"Librairie 7L","article_modified_time":"2026-04-12T15:59:26+00:00","og_image":[{"width":307,"height":500,"url":"https:\/\/librairie7l.com\/wp-content\/uploads\/2023\/12\/9782919380695_1_75.jpg","type":"image\/jpeg"}],"twitter_card":"summary_large_image","twitter_misc":{"Est. reading time":"1 minute"},"schema":{"@context":"https:\/\/schema.org","@graph":[{"@type":"WebPage","@id":"https:\/\/librairie7l.com\/en\/produit\/un-nouveau-programme-pour-le-design-graphique-2\/","url":"https:\/\/librairie7l.com\/en\/produit\/un-nouveau-programme-pour-le-design-graphique-2\/","name":"Un nouveau programme pour le design graphique - Librairie 7L","isPartOf":{"@id":"https:\/\/librairie7l.com\/en\/#website"},"datePublished":"2025-10-11T19:08:14+00:00","dateModified":"2026-04-12T15:59:26+00:00","breadcrumb":{"@id":"https:\/\/librairie7l.com\/en\/produit\/un-nouveau-programme-pour-le-design-graphique-2\/#breadcrumb"},"inLanguage":"en-US","potentialAction":[{"@type":"ReadAction","target":["https:\/\/librairie7l.com\/en\/produit\/un-nouveau-programme-pour-le-design-graphique-2\/"]}]},{"@type":"BreadcrumbList","@id":"https:\/\/librairie7l.com\/en\/produit\/un-nouveau-programme-pour-le-design-graphique-2\/#breadcrumb","itemListElement":[{"@type":"ListItem","position":1,"name":"Accueil","item":"https:\/\/librairie7l.com\/en\/"},{"@type":"ListItem","position":2,"name":"Shop","item":"https:\/\/librairie7l.com\/en\/shop\/"},{"@type":"ListItem","position":3,"name":"UN NOUVEAU PROGRAMME POUR LE DESIGN GRAPHIQUE"}]},{"@type":"WebSite","@id":"https:\/\/librairie7l.com\/en\/#website","url":"https:\/\/librairie7l.com\/en\/","name":"Librairie 7L","description":"Librairie fond\u00e9e en 1999 par Karl Lagerfeld \u00e0 Paris","publisher":{"@id":"https:\/\/librairie7l.com\/en\/#organization"},"potentialAction":[{"@type":"SearchAction","target":{"@type":"EntryPoint","urlTemplate":"https:\/\/librairie7l.com\/en\/?s={search_term_string}"},"query-input":"required name=search_term_string"}],"inLanguage":"en-US"},{"@type":"Organization","@id":"https:\/\/librairie7l.com\/en\/#organization","name":"Librairie 7L","url":"https:\/\/librairie7l.com\/en\/","logo":{"@type":"ImageObject","inLanguage":"en-US","@id":"https:\/\/librairie7l.com\/en\/#\/schema\/logo\/image\/","url":"https:\/\/librairie7l.com\/wp-content\/uploads\/2022\/08\/logo-1.png","contentUrl":"https:\/\/librairie7l.com\/wp-content\/uploads\/2022\/08\/logo-1.png","width":227,"height":301,"caption":"Librairie 7L"},"image":{"@id":"https:\/\/librairie7l.com\/en\/#\/schema\/logo\/image\/"}}]}},"_links":{"self":[{"href":"https:\/\/librairie7l.com\/en\/wp-json\/wp\/v2\/product\/51328"}],"collection":[{"href":"https:\/\/librairie7l.com\/en\/wp-json\/wp\/v2\/product"}],"about":[{"href":"https:\/\/librairie7l.com\/en\/wp-json\/wp\/v2\/types\/product"}],"wp:featuredmedia":[{"embeddable":true,"href":"https:\/\/librairie7l.com\/en\/wp-json\/wp\/v2\/media\/51326"}],"wp:attachment":[{"href":"https:\/\/librairie7l.com\/en\/wp-json\/wp\/v2\/media?parent=51328"}],"wp:term":[{"taxonomy":"product_cat","embeddable":true,"href":"https:\/\/librairie7l.com\/en\/wp-json\/wp\/v2\/product_cat?post=51328"},{"taxonomy":"product_tag","embeddable":true,"href":"https:\/\/librairie7l.com\/en\/wp-json\/wp\/v2\/product_tag?post=51328"}],"curies":[{"name":"wp","href":"https:\/\/api.w.org\/{rel}","templated":true}]}}