{"id":51342,"date":"2025-10-14T00:45:19","date_gmt":"2025-10-13T22:45:19","guid":{"rendered":"https:\/\/librairie7l.com\/?post_type=product&#038;p=51342"},"modified":"2026-04-12T16:19:32","modified_gmt":"2026-04-12T14:19:32","slug":"la-chambre-de-jacob-2","status":"publish","type":"product","link":"https:\/\/librairie7l.com\/en\/produit\/la-chambre-de-jacob-2\/","title":{"rendered":"LA CHAMBRE DE JACOB"},"content":{"rendered":"<p>Le chef-d&#8217;oeuvre de Virginia Woolf ? S\u00fbrement son r\u00e9cit le plus \u00e9trange, le plus d\u00e9licat, le plus hant\u00e9 par la mort, comme une absence qui obs\u00e8de.<br \/>\nQui est Jacob ? L&#8217;enfant qui, un jour, ramasse un cr\u00e2ne de mouton s\u00e9ch\u00e9 par le vent le long des rochers, l&#8217;\u00e9tudiant nonchalant de Cambridge ou bien l&#8217;hell\u00e9niste \u00e0 la recherche de la sagesse ?<br \/>\nTout converge vers la disparition de Jacob. D\u00e8s les premi\u00e8res pages, on devine en sourdine le leitmotiv de la mort. Une tristesse confuse, irraisonn\u00e9e, se glisse sous les pas du jeune homme. Et pourtant il ne se passe presque jamais rien. Quelques images d&#8217;un adolescent qui collectionne les papillons, parcourt au galop les plaines de l&#8217;Essex, se baigne nu dans la rivi\u00e8re, lit Spinoza et Dickens, part en Gr\u00e8ce, fume la pipe et s\u00e9duit les femmes et les jeunes filles. Bref, le portrait d&#8217;un \u00eatre insouciant et cependant menac\u00e9.<br \/>\nJacob ne reviendra pas de la guerre. L\u00e0 est le v\u00e9ritable d\u00e9nouement \u00e0 peine sugg\u00e9r\u00e9. Jacob insaisissable nous \u00e9chappe \u00e0 jamais.<\/p>\n","protected":false},"excerpt":{"rendered":"<p>Le chef-d&#8217;oeuvre de Virginia Woolf ? S\u00fbrement son r\u00e9cit le plus \u00e9trange, le plus d\u00e9licat, le plus hant\u00e9 par la mort, comme une absence qui obs\u00e8de. Qui est Jacob ? L&#8217;enfant qui, un jour, ramasse un cr\u00e2ne de mouton s\u00e9ch\u00e9 par le vent le long des rochers, l&#8217;\u00e9tudiant nonchalant de Cambridge ou bien l&#8217;hell\u00e9niste \u00e0 [&hellip;]<\/p>\n","protected":false},"featured_media":51340,"template":"","meta":[],"product_cat":[7364,2948],"product_tag":[],"acf":[],"yoast_head":"<!-- This site is optimized with the Yoast SEO plugin v20.11 - https:\/\/yoast.com\/wordpress\/plugins\/seo\/ -->\n<title>La chambre de Jacob - Librairie 7L<\/title>\n<meta name=\"robots\" content=\"index, follow, max-snippet:-1, max-image-preview:large, max-video-preview:-1\" \/>\n<link rel=\"canonical\" href=\"https:\/\/librairie7l.com\/en\/produit\/la-chambre-de-jacob-2\/\" \/>\n<meta property=\"og:locale\" content=\"en_US\" \/>\n<meta property=\"og:type\" content=\"article\" \/>\n<meta property=\"og:title\" content=\"La chambre de Jacob - Librairie 7L\" \/>\n<meta property=\"og:description\" content=\"Le chef-d&#8217;oeuvre de Virginia Woolf ? S\u00fbrement son r\u00e9cit le plus \u00e9trange, le plus d\u00e9licat, le plus hant\u00e9 par la mort, comme une absence qui obs\u00e8de. Qui est Jacob ? L&#8217;enfant qui, un jour, ramasse un cr\u00e2ne de mouton s\u00e9ch\u00e9 par le vent le long des rochers, l&#8217;\u00e9tudiant nonchalant de Cambridge ou bien l&#8217;hell\u00e9niste \u00e0 [&hellip;]\" \/>\n<meta property=\"og:url\" content=\"https:\/\/librairie7l.com\/en\/produit\/la-chambre-de-jacob-2\/\" \/>\n<meta property=\"og:site_name\" content=\"Librairie 7L\" \/>\n<meta property=\"article:modified_time\" content=\"2026-04-12T14:19:32+00:00\" \/>\n<meta property=\"og:image\" content=\"https:\/\/librairie7l.com\/wp-content\/uploads\/1998\/02\/9782253034995_1_75.jpg\" \/>\n\t<meta property=\"og:image:width\" content=\"600\" \/>\n\t<meta property=\"og:image:height\" content=\"952\" \/>\n\t<meta property=\"og:image:type\" content=\"image\/jpeg\" \/>\n<meta name=\"twitter:card\" content=\"summary_large_image\" \/>\n<meta name=\"twitter:label1\" content=\"Est. reading time\" \/>\n\t<meta name=\"twitter:data1\" content=\"1 minute\" \/>\n<script type=\"application\/ld+json\" class=\"yoast-schema-graph\">{\"@context\":\"https:\/\/schema.org\",\"@graph\":[{\"@type\":\"WebPage\",\"@id\":\"https:\/\/librairie7l.com\/en\/produit\/la-chambre-de-jacob-2\/\",\"url\":\"https:\/\/librairie7l.com\/en\/produit\/la-chambre-de-jacob-2\/\",\"name\":\"La chambre de Jacob - Librairie 7L\",\"isPartOf\":{\"@id\":\"https:\/\/librairie7l.com\/en\/#website\"},\"datePublished\":\"2025-10-13T22:45:19+00:00\",\"dateModified\":\"2026-04-12T14:19:32+00:00\",\"breadcrumb\":{\"@id\":\"https:\/\/librairie7l.com\/en\/produit\/la-chambre-de-jacob-2\/#breadcrumb\"},\"inLanguage\":\"en-US\",\"potentialAction\":[{\"@type\":\"ReadAction\",\"target\":[\"https:\/\/librairie7l.com\/en\/produit\/la-chambre-de-jacob-2\/\"]}]},{\"@type\":\"BreadcrumbList\",\"@id\":\"https:\/\/librairie7l.com\/en\/produit\/la-chambre-de-jacob-2\/#breadcrumb\",\"itemListElement\":[{\"@type\":\"ListItem\",\"position\":1,\"name\":\"Accueil\",\"item\":\"https:\/\/librairie7l.com\/en\/\"},{\"@type\":\"ListItem\",\"position\":2,\"name\":\"Shop\",\"item\":\"https:\/\/librairie7l.com\/en\/shop\/\"},{\"@type\":\"ListItem\",\"position\":3,\"name\":\"LA CHAMBRE DE JACOB\"}]},{\"@type\":\"WebSite\",\"@id\":\"https:\/\/librairie7l.com\/en\/#website\",\"url\":\"https:\/\/librairie7l.com\/en\/\",\"name\":\"Librairie 7L\",\"description\":\"Librairie fond\u00e9e en 1999 par Karl Lagerfeld \u00e0 Paris\",\"publisher\":{\"@id\":\"https:\/\/librairie7l.com\/en\/#organization\"},\"potentialAction\":[{\"@type\":\"SearchAction\",\"target\":{\"@type\":\"EntryPoint\",\"urlTemplate\":\"https:\/\/librairie7l.com\/en\/?s={search_term_string}\"},\"query-input\":\"required name=search_term_string\"}],\"inLanguage\":\"en-US\"},{\"@type\":\"Organization\",\"@id\":\"https:\/\/librairie7l.com\/en\/#organization\",\"name\":\"Librairie 7L\",\"url\":\"https:\/\/librairie7l.com\/en\/\",\"logo\":{\"@type\":\"ImageObject\",\"inLanguage\":\"en-US\",\"@id\":\"https:\/\/librairie7l.com\/en\/#\/schema\/logo\/image\/\",\"url\":\"https:\/\/librairie7l.com\/wp-content\/uploads\/2022\/08\/logo-1.png\",\"contentUrl\":\"https:\/\/librairie7l.com\/wp-content\/uploads\/2022\/08\/logo-1.png\",\"width\":227,\"height\":301,\"caption\":\"Librairie 7L\"},\"image\":{\"@id\":\"https:\/\/librairie7l.com\/en\/#\/schema\/logo\/image\/\"}}]}<\/script>\n<!-- \/ Yoast SEO plugin. -->","yoast_head_json":{"title":"La chambre de Jacob - Librairie 7L","robots":{"index":"index","follow":"follow","max-snippet":"max-snippet:-1","max-image-preview":"max-image-preview:large","max-video-preview":"max-video-preview:-1"},"canonical":"https:\/\/librairie7l.com\/en\/produit\/la-chambre-de-jacob-2\/","og_locale":"en_US","og_type":"article","og_title":"La chambre de Jacob - Librairie 7L","og_description":"Le chef-d&#8217;oeuvre de Virginia Woolf ? S\u00fbrement son r\u00e9cit le plus \u00e9trange, le plus d\u00e9licat, le plus hant\u00e9 par la mort, comme une absence qui obs\u00e8de. Qui est Jacob ? L&#8217;enfant qui, un jour, ramasse un cr\u00e2ne de mouton s\u00e9ch\u00e9 par le vent le long des rochers, l&#8217;\u00e9tudiant nonchalant de Cambridge ou bien l&#8217;hell\u00e9niste \u00e0 [&hellip;]","og_url":"https:\/\/librairie7l.com\/en\/produit\/la-chambre-de-jacob-2\/","og_site_name":"Librairie 7L","article_modified_time":"2026-04-12T14:19:32+00:00","og_image":[{"width":600,"height":952,"url":"https:\/\/librairie7l.com\/wp-content\/uploads\/1998\/02\/9782253034995_1_75.jpg","type":"image\/jpeg"}],"twitter_card":"summary_large_image","twitter_misc":{"Est. reading time":"1 minute"},"schema":{"@context":"https:\/\/schema.org","@graph":[{"@type":"WebPage","@id":"https:\/\/librairie7l.com\/en\/produit\/la-chambre-de-jacob-2\/","url":"https:\/\/librairie7l.com\/en\/produit\/la-chambre-de-jacob-2\/","name":"La chambre de Jacob - Librairie 7L","isPartOf":{"@id":"https:\/\/librairie7l.com\/en\/#website"},"datePublished":"2025-10-13T22:45:19+00:00","dateModified":"2026-04-12T14:19:32+00:00","breadcrumb":{"@id":"https:\/\/librairie7l.com\/en\/produit\/la-chambre-de-jacob-2\/#breadcrumb"},"inLanguage":"en-US","potentialAction":[{"@type":"ReadAction","target":["https:\/\/librairie7l.com\/en\/produit\/la-chambre-de-jacob-2\/"]}]},{"@type":"BreadcrumbList","@id":"https:\/\/librairie7l.com\/en\/produit\/la-chambre-de-jacob-2\/#breadcrumb","itemListElement":[{"@type":"ListItem","position":1,"name":"Accueil","item":"https:\/\/librairie7l.com\/en\/"},{"@type":"ListItem","position":2,"name":"Shop","item":"https:\/\/librairie7l.com\/en\/shop\/"},{"@type":"ListItem","position":3,"name":"LA CHAMBRE DE JACOB"}]},{"@type":"WebSite","@id":"https:\/\/librairie7l.com\/en\/#website","url":"https:\/\/librairie7l.com\/en\/","name":"Librairie 7L","description":"Librairie fond\u00e9e en 1999 par Karl Lagerfeld \u00e0 Paris","publisher":{"@id":"https:\/\/librairie7l.com\/en\/#organization"},"potentialAction":[{"@type":"SearchAction","target":{"@type":"EntryPoint","urlTemplate":"https:\/\/librairie7l.com\/en\/?s={search_term_string}"},"query-input":"required name=search_term_string"}],"inLanguage":"en-US"},{"@type":"Organization","@id":"https:\/\/librairie7l.com\/en\/#organization","name":"Librairie 7L","url":"https:\/\/librairie7l.com\/en\/","logo":{"@type":"ImageObject","inLanguage":"en-US","@id":"https:\/\/librairie7l.com\/en\/#\/schema\/logo\/image\/","url":"https:\/\/librairie7l.com\/wp-content\/uploads\/2022\/08\/logo-1.png","contentUrl":"https:\/\/librairie7l.com\/wp-content\/uploads\/2022\/08\/logo-1.png","width":227,"height":301,"caption":"Librairie 7L"},"image":{"@id":"https:\/\/librairie7l.com\/en\/#\/schema\/logo\/image\/"}}]}},"_links":{"self":[{"href":"https:\/\/librairie7l.com\/en\/wp-json\/wp\/v2\/product\/51342"}],"collection":[{"href":"https:\/\/librairie7l.com\/en\/wp-json\/wp\/v2\/product"}],"about":[{"href":"https:\/\/librairie7l.com\/en\/wp-json\/wp\/v2\/types\/product"}],"wp:featuredmedia":[{"embeddable":true,"href":"https:\/\/librairie7l.com\/en\/wp-json\/wp\/v2\/media\/51340"}],"wp:attachment":[{"href":"https:\/\/librairie7l.com\/en\/wp-json\/wp\/v2\/media?parent=51342"}],"wp:term":[{"taxonomy":"product_cat","embeddable":true,"href":"https:\/\/librairie7l.com\/en\/wp-json\/wp\/v2\/product_cat?post=51342"},{"taxonomy":"product_tag","embeddable":true,"href":"https:\/\/librairie7l.com\/en\/wp-json\/wp\/v2\/product_tag?post=51342"}],"curies":[{"name":"wp","href":"https:\/\/api.w.org\/{rel}","templated":true}]}}