{"id":51356,"date":"2025-10-15T09:17:55","date_gmt":"2025-10-15T07:17:55","guid":{"rendered":"https:\/\/librairie7l.com\/?post_type=product&#038;p=51356"},"modified":"2026-04-20T01:58:30","modified_gmt":"2026-04-19T23:58:30","slug":"les-plus-grands-defiles-de-mode-des-seventies-quand-la-mode-libere-les-corps-2","status":"publish","type":"product","link":"https:\/\/librairie7l.com\/en\/produit\/les-plus-grands-defiles-de-mode-des-seventies-quand-la-mode-libere-les-corps-2\/","title":{"rendered":"LES PLUS GRANDS D\u00c9FIL\u00c9S DE MODE DES SEVENTIES : QUAND LA MODE LIB\u00c8RE LES CORPS"},"content":{"rendered":"<p>Depuis les ann\u00e9es 1970, Jean-Luce Hur\u00e9 photographie tous les plus grands d\u00e9fil\u00e9s de mode, des podiums aux coulisses. Il capte des moments uniques et privil\u00e9gi\u00e9s, qui refl\u00e8tent l&#8217;esprit et l&#8217;atmosph\u00e8re d&#8217;une \u00e9poque, de son incroyable effervescence cr\u00e9ative et de sa vitalit\u00e9 artistique.<br \/>\nCl\u00f4turant l&#8217;\u00e8re Chanel et Dior, Yves Saint Laurent est \u00e0 son apog\u00e9e. Courr\u00e8ges, Rykiel, Kenzo, Chantal Thomass ou Mugler lui embo\u00eetent le pas. En coulisses, sur sc\u00e8ne, dans leur vie plus personnelle ou de f\u00eates m\u00e9morables, ils ont immortalis\u00e9 la d\u00e9cennie 70, qui revit sur les pages de ce livre son \u00e2ge d&#8217;or.<br \/>\nUn livre de mode in\u00e9dit, un panorama \u00e9poustouflant de la mode des ann\u00e9es 70 !<\/p>\n","protected":false},"excerpt":{"rendered":"<p>Depuis les ann\u00e9es 1970, Jean-Luce Hur\u00e9 photographie tous les plus grands d\u00e9fil\u00e9s de mode, des podiums aux coulisses. Il capte des moments uniques et privil\u00e9gi\u00e9s, qui refl\u00e8tent l&#8217;esprit et l&#8217;atmosph\u00e8re d&#8217;une \u00e9poque, de son incroyable effervescence cr\u00e9ative et de sa vitalit\u00e9 artistique. Cl\u00f4turant l&#8217;\u00e8re Chanel et Dior, Yves Saint Laurent est \u00e0 son apog\u00e9e. Courr\u00e8ges, [&hellip;]<\/p>\n","protected":false},"featured_media":51354,"template":"","meta":[],"product_cat":[2948,2957],"product_tag":[],"acf":[],"yoast_head":"<!-- This site is optimized with the Yoast SEO plugin v20.11 - https:\/\/yoast.com\/wordpress\/plugins\/seo\/ -->\n<title>Les plus grands d\u00e9fil\u00e9s de mode des seventies : Quand la mode lib\u00e8re les corps - Librairie 7L<\/title>\n<meta name=\"robots\" content=\"index, follow, max-snippet:-1, max-image-preview:large, max-video-preview:-1\" \/>\n<link rel=\"canonical\" href=\"https:\/\/librairie7l.com\/en\/produit\/les-plus-grands-defiles-de-mode-des-seventies-quand-la-mode-libere-les-corps-2\/\" \/>\n<meta property=\"og:locale\" content=\"en_US\" \/>\n<meta property=\"og:type\" content=\"article\" \/>\n<meta property=\"og:title\" content=\"Les plus grands d\u00e9fil\u00e9s de mode des seventies : Quand la mode lib\u00e8re les corps - Librairie 7L\" \/>\n<meta property=\"og:description\" content=\"Depuis les ann\u00e9es 1970, Jean-Luce Hur\u00e9 photographie tous les plus grands d\u00e9fil\u00e9s de mode, des podiums aux coulisses. Il capte des moments uniques et privil\u00e9gi\u00e9s, qui refl\u00e8tent l&#8217;esprit et l&#8217;atmosph\u00e8re d&#8217;une \u00e9poque, de son incroyable effervescence cr\u00e9ative et de sa vitalit\u00e9 artistique. Cl\u00f4turant l&#8217;\u00e8re Chanel et Dior, Yves Saint Laurent est \u00e0 son apog\u00e9e. Courr\u00e8ges, [&hellip;]\" \/>\n<meta property=\"og:url\" content=\"https:\/\/librairie7l.com\/en\/produit\/les-plus-grands-defiles-de-mode-des-seventies-quand-la-mode-libere-les-corps-2\/\" \/>\n<meta property=\"og:site_name\" content=\"Librairie 7L\" \/>\n<meta property=\"article:modified_time\" content=\"2026-04-19T23:58:30+00:00\" \/>\n<meta property=\"og:image\" content=\"https:\/\/librairie7l.com\/wp-content\/uploads\/2025\/06\/9782036083493_1_75.jpg\" \/>\n\t<meta property=\"og:image:width\" content=\"600\" \/>\n\t<meta property=\"og:image:height\" content=\"741\" \/>\n\t<meta property=\"og:image:type\" content=\"image\/jpeg\" \/>\n<meta name=\"twitter:card\" content=\"summary_large_image\" \/>\n<meta name=\"twitter:label1\" content=\"Est. reading time\" \/>\n\t<meta name=\"twitter:data1\" content=\"1 minute\" \/>\n<script type=\"application\/ld+json\" class=\"yoast-schema-graph\">{\"@context\":\"https:\/\/schema.org\",\"@graph\":[{\"@type\":\"WebPage\",\"@id\":\"https:\/\/librairie7l.com\/en\/produit\/les-plus-grands-defiles-de-mode-des-seventies-quand-la-mode-libere-les-corps-2\/\",\"url\":\"https:\/\/librairie7l.com\/en\/produit\/les-plus-grands-defiles-de-mode-des-seventies-quand-la-mode-libere-les-corps-2\/\",\"name\":\"Les plus grands d\u00e9fil\u00e9s de mode des seventies : Quand la mode lib\u00e8re les corps - Librairie 7L\",\"isPartOf\":{\"@id\":\"https:\/\/librairie7l.com\/en\/#website\"},\"datePublished\":\"2025-10-15T07:17:55+00:00\",\"dateModified\":\"2026-04-19T23:58:30+00:00\",\"breadcrumb\":{\"@id\":\"https:\/\/librairie7l.com\/en\/produit\/les-plus-grands-defiles-de-mode-des-seventies-quand-la-mode-libere-les-corps-2\/#breadcrumb\"},\"inLanguage\":\"en-US\",\"potentialAction\":[{\"@type\":\"ReadAction\",\"target\":[\"https:\/\/librairie7l.com\/en\/produit\/les-plus-grands-defiles-de-mode-des-seventies-quand-la-mode-libere-les-corps-2\/\"]}]},{\"@type\":\"BreadcrumbList\",\"@id\":\"https:\/\/librairie7l.com\/en\/produit\/les-plus-grands-defiles-de-mode-des-seventies-quand-la-mode-libere-les-corps-2\/#breadcrumb\",\"itemListElement\":[{\"@type\":\"ListItem\",\"position\":1,\"name\":\"Accueil\",\"item\":\"https:\/\/librairie7l.com\/en\/\"},{\"@type\":\"ListItem\",\"position\":2,\"name\":\"Shop\",\"item\":\"https:\/\/librairie7l.com\/en\/shop\/\"},{\"@type\":\"ListItem\",\"position\":3,\"name\":\"LES PLUS GRANDS D\u00c9FIL\u00c9S DE MODE DES SEVENTIES : QUAND LA MODE LIB\u00c8RE LES CORPS\"}]},{\"@type\":\"WebSite\",\"@id\":\"https:\/\/librairie7l.com\/en\/#website\",\"url\":\"https:\/\/librairie7l.com\/en\/\",\"name\":\"Librairie 7L\",\"description\":\"Librairie fond\u00e9e en 1999 par Karl Lagerfeld \u00e0 Paris\",\"publisher\":{\"@id\":\"https:\/\/librairie7l.com\/en\/#organization\"},\"potentialAction\":[{\"@type\":\"SearchAction\",\"target\":{\"@type\":\"EntryPoint\",\"urlTemplate\":\"https:\/\/librairie7l.com\/en\/?s={search_term_string}\"},\"query-input\":\"required name=search_term_string\"}],\"inLanguage\":\"en-US\"},{\"@type\":\"Organization\",\"@id\":\"https:\/\/librairie7l.com\/en\/#organization\",\"name\":\"Librairie 7L\",\"url\":\"https:\/\/librairie7l.com\/en\/\",\"logo\":{\"@type\":\"ImageObject\",\"inLanguage\":\"en-US\",\"@id\":\"https:\/\/librairie7l.com\/en\/#\/schema\/logo\/image\/\",\"url\":\"https:\/\/librairie7l.com\/wp-content\/uploads\/2022\/08\/logo-1.png\",\"contentUrl\":\"https:\/\/librairie7l.com\/wp-content\/uploads\/2022\/08\/logo-1.png\",\"width\":227,\"height\":301,\"caption\":\"Librairie 7L\"},\"image\":{\"@id\":\"https:\/\/librairie7l.com\/en\/#\/schema\/logo\/image\/\"}}]}<\/script>\n<!-- \/ Yoast SEO plugin. -->","yoast_head_json":{"title":"Les plus grands d\u00e9fil\u00e9s de mode des seventies : Quand la mode lib\u00e8re les corps - Librairie 7L","robots":{"index":"index","follow":"follow","max-snippet":"max-snippet:-1","max-image-preview":"max-image-preview:large","max-video-preview":"max-video-preview:-1"},"canonical":"https:\/\/librairie7l.com\/en\/produit\/les-plus-grands-defiles-de-mode-des-seventies-quand-la-mode-libere-les-corps-2\/","og_locale":"en_US","og_type":"article","og_title":"Les plus grands d\u00e9fil\u00e9s de mode des seventies : Quand la mode lib\u00e8re les corps - Librairie 7L","og_description":"Depuis les ann\u00e9es 1970, Jean-Luce Hur\u00e9 photographie tous les plus grands d\u00e9fil\u00e9s de mode, des podiums aux coulisses. Il capte des moments uniques et privil\u00e9gi\u00e9s, qui refl\u00e8tent l&#8217;esprit et l&#8217;atmosph\u00e8re d&#8217;une \u00e9poque, de son incroyable effervescence cr\u00e9ative et de sa vitalit\u00e9 artistique. Cl\u00f4turant l&#8217;\u00e8re Chanel et Dior, Yves Saint Laurent est \u00e0 son apog\u00e9e. Courr\u00e8ges, [&hellip;]","og_url":"https:\/\/librairie7l.com\/en\/produit\/les-plus-grands-defiles-de-mode-des-seventies-quand-la-mode-libere-les-corps-2\/","og_site_name":"Librairie 7L","article_modified_time":"2026-04-19T23:58:30+00:00","og_image":[{"width":600,"height":741,"url":"https:\/\/librairie7l.com\/wp-content\/uploads\/2025\/06\/9782036083493_1_75.jpg","type":"image\/jpeg"}],"twitter_card":"summary_large_image","twitter_misc":{"Est. reading time":"1 minute"},"schema":{"@context":"https:\/\/schema.org","@graph":[{"@type":"WebPage","@id":"https:\/\/librairie7l.com\/en\/produit\/les-plus-grands-defiles-de-mode-des-seventies-quand-la-mode-libere-les-corps-2\/","url":"https:\/\/librairie7l.com\/en\/produit\/les-plus-grands-defiles-de-mode-des-seventies-quand-la-mode-libere-les-corps-2\/","name":"Les plus grands d\u00e9fil\u00e9s de mode des seventies : Quand la mode lib\u00e8re les corps - Librairie 7L","isPartOf":{"@id":"https:\/\/librairie7l.com\/en\/#website"},"datePublished":"2025-10-15T07:17:55+00:00","dateModified":"2026-04-19T23:58:30+00:00","breadcrumb":{"@id":"https:\/\/librairie7l.com\/en\/produit\/les-plus-grands-defiles-de-mode-des-seventies-quand-la-mode-libere-les-corps-2\/#breadcrumb"},"inLanguage":"en-US","potentialAction":[{"@type":"ReadAction","target":["https:\/\/librairie7l.com\/en\/produit\/les-plus-grands-defiles-de-mode-des-seventies-quand-la-mode-libere-les-corps-2\/"]}]},{"@type":"BreadcrumbList","@id":"https:\/\/librairie7l.com\/en\/produit\/les-plus-grands-defiles-de-mode-des-seventies-quand-la-mode-libere-les-corps-2\/#breadcrumb","itemListElement":[{"@type":"ListItem","position":1,"name":"Accueil","item":"https:\/\/librairie7l.com\/en\/"},{"@type":"ListItem","position":2,"name":"Shop","item":"https:\/\/librairie7l.com\/en\/shop\/"},{"@type":"ListItem","position":3,"name":"LES PLUS GRANDS D\u00c9FIL\u00c9S DE MODE DES SEVENTIES : QUAND LA MODE LIB\u00c8RE LES CORPS"}]},{"@type":"WebSite","@id":"https:\/\/librairie7l.com\/en\/#website","url":"https:\/\/librairie7l.com\/en\/","name":"Librairie 7L","description":"Librairie fond\u00e9e en 1999 par Karl Lagerfeld \u00e0 Paris","publisher":{"@id":"https:\/\/librairie7l.com\/en\/#organization"},"potentialAction":[{"@type":"SearchAction","target":{"@type":"EntryPoint","urlTemplate":"https:\/\/librairie7l.com\/en\/?s={search_term_string}"},"query-input":"required name=search_term_string"}],"inLanguage":"en-US"},{"@type":"Organization","@id":"https:\/\/librairie7l.com\/en\/#organization","name":"Librairie 7L","url":"https:\/\/librairie7l.com\/en\/","logo":{"@type":"ImageObject","inLanguage":"en-US","@id":"https:\/\/librairie7l.com\/en\/#\/schema\/logo\/image\/","url":"https:\/\/librairie7l.com\/wp-content\/uploads\/2022\/08\/logo-1.png","contentUrl":"https:\/\/librairie7l.com\/wp-content\/uploads\/2022\/08\/logo-1.png","width":227,"height":301,"caption":"Librairie 7L"},"image":{"@id":"https:\/\/librairie7l.com\/en\/#\/schema\/logo\/image\/"}}]}},"_links":{"self":[{"href":"https:\/\/librairie7l.com\/en\/wp-json\/wp\/v2\/product\/51356"}],"collection":[{"href":"https:\/\/librairie7l.com\/en\/wp-json\/wp\/v2\/product"}],"about":[{"href":"https:\/\/librairie7l.com\/en\/wp-json\/wp\/v2\/types\/product"}],"wp:featuredmedia":[{"embeddable":true,"href":"https:\/\/librairie7l.com\/en\/wp-json\/wp\/v2\/media\/51354"}],"wp:attachment":[{"href":"https:\/\/librairie7l.com\/en\/wp-json\/wp\/v2\/media?parent=51356"}],"wp:term":[{"taxonomy":"product_cat","embeddable":true,"href":"https:\/\/librairie7l.com\/en\/wp-json\/wp\/v2\/product_cat?post=51356"},{"taxonomy":"product_tag","embeddable":true,"href":"https:\/\/librairie7l.com\/en\/wp-json\/wp\/v2\/product_tag?post=51356"}],"curies":[{"name":"wp","href":"https:\/\/api.w.org\/{rel}","templated":true}]}}