{"id":51360,"date":"2025-10-15T09:17:59","date_gmt":"2025-10-15T07:17:59","guid":{"rendered":"https:\/\/librairie7l.com\/?post_type=product&#038;p=51360"},"modified":"2026-04-12T18:12:35","modified_gmt":"2026-04-12T16:12:35","slug":"alix-d-reynis-lart-de-vivre-a-la-francaise-2","status":"publish","type":"product","link":"https:\/\/librairie7l.com\/en\/produit\/alix-d-reynis-lart-de-vivre-a-la-francaise-2\/","title":{"rendered":"ALIX D. REYNIS : L&#8217;ART DE VIVRE \u00c0 LA FRAN\u00c7AISE"},"content":{"rendered":"<p>D\u00e9couvrez l&#8217;univers raffin\u00e9 d&#8217;Alix D. Reynis \u00e0 travers un ouvrage qui allie tradition artisanale et sensibilit\u00e9 contemporaine. Objets en porcelaine pour la maison, bijoux sculpt\u00e9s \u00e0 la main, ambiances inspirantes et recettes \u00e0 partager : chaque page c\u00e9l\u00e8bre un savoir-faire artisanal unique et charg\u00e9 d&#8217;\u00e9motion.<br \/>\nAvec des conseils de d\u00e9coration et d&#8217;art de vivre \u00e0 la fran\u00e7aise, ce livre met en lumi\u00e8re une esth\u00e9tique d\u00e9licate, intemporelle et accessible. Richement illustr\u00e9, il rend hommage \u00e0 la beaut\u00e9 des objets du quotidien, \u00e0 la cr\u00e9ation artisanale et \u00e0 la transmission des gestes cr\u00e9atifs.\u00a0<br \/>\nUn incontournable pour les amateurs de design, d\u00e9coration et lifestyle \u00e9l\u00e9gant.<\/p>\n","protected":false},"excerpt":{"rendered":"<p>D\u00e9couvrez l&#8217;univers raffin\u00e9 d&#8217;Alix D. Reynis \u00e0 travers un ouvrage qui allie tradition artisanale et sensibilit\u00e9 contemporaine. Objets en porcelaine pour la maison, bijoux sculpt\u00e9s \u00e0 la main, ambiances inspirantes et recettes \u00e0 partager : chaque page c\u00e9l\u00e8bre un savoir-faire artisanal unique et charg\u00e9 d&#8217;\u00e9motion. Avec des conseils de d\u00e9coration et d&#8217;art de vivre \u00e0 [&hellip;]<\/p>\n","protected":false},"featured_media":51358,"template":"","meta":[],"product_cat":[2948,2951],"product_tag":[],"acf":[],"yoast_head":"<!-- This site is optimized with the Yoast SEO plugin v20.11 - https:\/\/yoast.com\/wordpress\/plugins\/seo\/ -->\n<title>Alix D. Reynis : L&#039;art de vivre \u00e0 la fran\u00e7aise - Librairie 7L<\/title>\n<meta name=\"robots\" content=\"index, follow, max-snippet:-1, max-image-preview:large, max-video-preview:-1\" \/>\n<link rel=\"canonical\" href=\"https:\/\/librairie7l.com\/en\/produit\/alix-d-reynis-lart-de-vivre-a-la-francaise-2\/\" \/>\n<meta property=\"og:locale\" content=\"en_US\" \/>\n<meta property=\"og:type\" content=\"article\" \/>\n<meta property=\"og:title\" content=\"Alix D. Reynis : L&#039;art de vivre \u00e0 la fran\u00e7aise - Librairie 7L\" \/>\n<meta property=\"og:description\" content=\"D\u00e9couvrez l&#8217;univers raffin\u00e9 d&#8217;Alix D. Reynis \u00e0 travers un ouvrage qui allie tradition artisanale et sensibilit\u00e9 contemporaine. Objets en porcelaine pour la maison, bijoux sculpt\u00e9s \u00e0 la main, ambiances inspirantes et recettes \u00e0 partager : chaque page c\u00e9l\u00e8bre un savoir-faire artisanal unique et charg\u00e9 d&#8217;\u00e9motion. Avec des conseils de d\u00e9coration et d&#8217;art de vivre \u00e0 [&hellip;]\" \/>\n<meta property=\"og:url\" content=\"https:\/\/librairie7l.com\/en\/produit\/alix-d-reynis-lart-de-vivre-a-la-francaise-2\/\" \/>\n<meta property=\"og:site_name\" content=\"Librairie 7L\" \/>\n<meta property=\"article:modified_time\" content=\"2026-04-12T16:12:35+00:00\" \/>\n<meta property=\"og:image\" content=\"https:\/\/librairie7l.com\/wp-content\/uploads\/2025\/06\/9782376716822_1_75.jpg\" \/>\n\t<meta property=\"og:image:width\" content=\"600\" \/>\n\t<meta property=\"og:image:height\" content=\"822\" \/>\n\t<meta property=\"og:image:type\" content=\"image\/jpeg\" \/>\n<meta name=\"twitter:card\" content=\"summary_large_image\" \/>\n<meta name=\"twitter:label1\" content=\"Est. reading time\" \/>\n\t<meta name=\"twitter:data1\" content=\"1 minute\" \/>\n<script type=\"application\/ld+json\" class=\"yoast-schema-graph\">{\"@context\":\"https:\/\/schema.org\",\"@graph\":[{\"@type\":\"WebPage\",\"@id\":\"https:\/\/librairie7l.com\/en\/produit\/alix-d-reynis-lart-de-vivre-a-la-francaise-2\/\",\"url\":\"https:\/\/librairie7l.com\/en\/produit\/alix-d-reynis-lart-de-vivre-a-la-francaise-2\/\",\"name\":\"Alix D. Reynis : L'art de vivre \u00e0 la fran\u00e7aise - Librairie 7L\",\"isPartOf\":{\"@id\":\"https:\/\/librairie7l.com\/en\/#website\"},\"datePublished\":\"2025-10-15T07:17:59+00:00\",\"dateModified\":\"2026-04-12T16:12:35+00:00\",\"breadcrumb\":{\"@id\":\"https:\/\/librairie7l.com\/en\/produit\/alix-d-reynis-lart-de-vivre-a-la-francaise-2\/#breadcrumb\"},\"inLanguage\":\"en-US\",\"potentialAction\":[{\"@type\":\"ReadAction\",\"target\":[\"https:\/\/librairie7l.com\/en\/produit\/alix-d-reynis-lart-de-vivre-a-la-francaise-2\/\"]}]},{\"@type\":\"BreadcrumbList\",\"@id\":\"https:\/\/librairie7l.com\/en\/produit\/alix-d-reynis-lart-de-vivre-a-la-francaise-2\/#breadcrumb\",\"itemListElement\":[{\"@type\":\"ListItem\",\"position\":1,\"name\":\"Accueil\",\"item\":\"https:\/\/librairie7l.com\/en\/\"},{\"@type\":\"ListItem\",\"position\":2,\"name\":\"Shop\",\"item\":\"https:\/\/librairie7l.com\/en\/shop\/\"},{\"@type\":\"ListItem\",\"position\":3,\"name\":\"ALIX D. REYNIS : L&#8217;ART DE VIVRE \u00c0 LA FRAN\u00c7AISE\"}]},{\"@type\":\"WebSite\",\"@id\":\"https:\/\/librairie7l.com\/en\/#website\",\"url\":\"https:\/\/librairie7l.com\/en\/\",\"name\":\"Librairie 7L\",\"description\":\"Librairie fond\u00e9e en 1999 par Karl Lagerfeld \u00e0 Paris\",\"publisher\":{\"@id\":\"https:\/\/librairie7l.com\/en\/#organization\"},\"potentialAction\":[{\"@type\":\"SearchAction\",\"target\":{\"@type\":\"EntryPoint\",\"urlTemplate\":\"https:\/\/librairie7l.com\/en\/?s={search_term_string}\"},\"query-input\":\"required name=search_term_string\"}],\"inLanguage\":\"en-US\"},{\"@type\":\"Organization\",\"@id\":\"https:\/\/librairie7l.com\/en\/#organization\",\"name\":\"Librairie 7L\",\"url\":\"https:\/\/librairie7l.com\/en\/\",\"logo\":{\"@type\":\"ImageObject\",\"inLanguage\":\"en-US\",\"@id\":\"https:\/\/librairie7l.com\/en\/#\/schema\/logo\/image\/\",\"url\":\"https:\/\/librairie7l.com\/wp-content\/uploads\/2022\/08\/logo-1.png\",\"contentUrl\":\"https:\/\/librairie7l.com\/wp-content\/uploads\/2022\/08\/logo-1.png\",\"width\":227,\"height\":301,\"caption\":\"Librairie 7L\"},\"image\":{\"@id\":\"https:\/\/librairie7l.com\/en\/#\/schema\/logo\/image\/\"}}]}<\/script>\n<!-- \/ Yoast SEO plugin. -->","yoast_head_json":{"title":"Alix D. Reynis : L'art de vivre \u00e0 la fran\u00e7aise - Librairie 7L","robots":{"index":"index","follow":"follow","max-snippet":"max-snippet:-1","max-image-preview":"max-image-preview:large","max-video-preview":"max-video-preview:-1"},"canonical":"https:\/\/librairie7l.com\/en\/produit\/alix-d-reynis-lart-de-vivre-a-la-francaise-2\/","og_locale":"en_US","og_type":"article","og_title":"Alix D. Reynis : L'art de vivre \u00e0 la fran\u00e7aise - Librairie 7L","og_description":"D\u00e9couvrez l&#8217;univers raffin\u00e9 d&#8217;Alix D. Reynis \u00e0 travers un ouvrage qui allie tradition artisanale et sensibilit\u00e9 contemporaine. Objets en porcelaine pour la maison, bijoux sculpt\u00e9s \u00e0 la main, ambiances inspirantes et recettes \u00e0 partager : chaque page c\u00e9l\u00e8bre un savoir-faire artisanal unique et charg\u00e9 d&#8217;\u00e9motion. Avec des conseils de d\u00e9coration et d&#8217;art de vivre \u00e0 [&hellip;]","og_url":"https:\/\/librairie7l.com\/en\/produit\/alix-d-reynis-lart-de-vivre-a-la-francaise-2\/","og_site_name":"Librairie 7L","article_modified_time":"2026-04-12T16:12:35+00:00","og_image":[{"width":600,"height":822,"url":"https:\/\/librairie7l.com\/wp-content\/uploads\/2025\/06\/9782376716822_1_75.jpg","type":"image\/jpeg"}],"twitter_card":"summary_large_image","twitter_misc":{"Est. reading time":"1 minute"},"schema":{"@context":"https:\/\/schema.org","@graph":[{"@type":"WebPage","@id":"https:\/\/librairie7l.com\/en\/produit\/alix-d-reynis-lart-de-vivre-a-la-francaise-2\/","url":"https:\/\/librairie7l.com\/en\/produit\/alix-d-reynis-lart-de-vivre-a-la-francaise-2\/","name":"Alix D. Reynis : L'art de vivre \u00e0 la fran\u00e7aise - Librairie 7L","isPartOf":{"@id":"https:\/\/librairie7l.com\/en\/#website"},"datePublished":"2025-10-15T07:17:59+00:00","dateModified":"2026-04-12T16:12:35+00:00","breadcrumb":{"@id":"https:\/\/librairie7l.com\/en\/produit\/alix-d-reynis-lart-de-vivre-a-la-francaise-2\/#breadcrumb"},"inLanguage":"en-US","potentialAction":[{"@type":"ReadAction","target":["https:\/\/librairie7l.com\/en\/produit\/alix-d-reynis-lart-de-vivre-a-la-francaise-2\/"]}]},{"@type":"BreadcrumbList","@id":"https:\/\/librairie7l.com\/en\/produit\/alix-d-reynis-lart-de-vivre-a-la-francaise-2\/#breadcrumb","itemListElement":[{"@type":"ListItem","position":1,"name":"Accueil","item":"https:\/\/librairie7l.com\/en\/"},{"@type":"ListItem","position":2,"name":"Shop","item":"https:\/\/librairie7l.com\/en\/shop\/"},{"@type":"ListItem","position":3,"name":"ALIX D. REYNIS : L&#8217;ART DE VIVRE \u00c0 LA FRAN\u00c7AISE"}]},{"@type":"WebSite","@id":"https:\/\/librairie7l.com\/en\/#website","url":"https:\/\/librairie7l.com\/en\/","name":"Librairie 7L","description":"Librairie fond\u00e9e en 1999 par Karl Lagerfeld \u00e0 Paris","publisher":{"@id":"https:\/\/librairie7l.com\/en\/#organization"},"potentialAction":[{"@type":"SearchAction","target":{"@type":"EntryPoint","urlTemplate":"https:\/\/librairie7l.com\/en\/?s={search_term_string}"},"query-input":"required name=search_term_string"}],"inLanguage":"en-US"},{"@type":"Organization","@id":"https:\/\/librairie7l.com\/en\/#organization","name":"Librairie 7L","url":"https:\/\/librairie7l.com\/en\/","logo":{"@type":"ImageObject","inLanguage":"en-US","@id":"https:\/\/librairie7l.com\/en\/#\/schema\/logo\/image\/","url":"https:\/\/librairie7l.com\/wp-content\/uploads\/2022\/08\/logo-1.png","contentUrl":"https:\/\/librairie7l.com\/wp-content\/uploads\/2022\/08\/logo-1.png","width":227,"height":301,"caption":"Librairie 7L"},"image":{"@id":"https:\/\/librairie7l.com\/en\/#\/schema\/logo\/image\/"}}]}},"_links":{"self":[{"href":"https:\/\/librairie7l.com\/en\/wp-json\/wp\/v2\/product\/51360"}],"collection":[{"href":"https:\/\/librairie7l.com\/en\/wp-json\/wp\/v2\/product"}],"about":[{"href":"https:\/\/librairie7l.com\/en\/wp-json\/wp\/v2\/types\/product"}],"wp:featuredmedia":[{"embeddable":true,"href":"https:\/\/librairie7l.com\/en\/wp-json\/wp\/v2\/media\/51358"}],"wp:attachment":[{"href":"https:\/\/librairie7l.com\/en\/wp-json\/wp\/v2\/media?parent=51360"}],"wp:term":[{"taxonomy":"product_cat","embeddable":true,"href":"https:\/\/librairie7l.com\/en\/wp-json\/wp\/v2\/product_cat?post=51360"},{"taxonomy":"product_tag","embeddable":true,"href":"https:\/\/librairie7l.com\/en\/wp-json\/wp\/v2\/product_tag?post=51360"}],"curies":[{"name":"wp","href":"https:\/\/api.w.org\/{rel}","templated":true}]}}