{"id":51364,"date":"2025-10-15T09:18:01","date_gmt":"2025-10-15T07:18:01","guid":{"rendered":"https:\/\/librairie7l.com\/?post_type=product&#038;p=51364"},"modified":"2026-04-12T16:18:07","modified_gmt":"2026-04-12T14:18:07","slug":"jacques-louis-david-1748-1825-catalogue-officiel-de-lexposition-2","status":"publish","type":"product","link":"https:\/\/librairie7l.com\/en\/produit\/jacques-louis-david-1748-1825-catalogue-officiel-de-lexposition-2\/","title":{"rendered":"JACQUES-LOUIS DAVID (1748-1825) : CATALOGUE OFFICIEL DE L&#8217;EXPOSITION"},"content":{"rendered":"<p>Cet ouvrage est une plong\u00e9e dans l&#8217;effervescence des ann\u00e9es de la R\u00e9volution dans laquelle David s&#8217;est impliqu\u00e9e corps et \u00e2me. Il invite \u00e0 d\u00e9couvrir la qu\u00eate de libert\u00e9 d&#8217;un peintre citoyen, homme d&#8217;action dont l&#8217;oeuvre ne peut \u00eatre dissoci\u00e9e de ses convictions politiques. De la fin de l&#8217;Ancien R\u00e9gime \u00e0 la Restauration, David n&#8217;a cess\u00e9 de se r\u00e9inventer avec d\u00e9termination, utilisant son pinceau pour \u00e9veiller la conscience de ses contemporains. Marat assassin\u00e9, Les Sabines, le Sacre sont les jalons de cet itin\u00e9raire, des peintures qui frappent par leur puissance, preuve de l&#8217;exceptionnelle ma\u00eetrise \u00e0 laquelle David avait port\u00e9 son art.<br \/>\n\u00a0<\/p>\n","protected":false},"excerpt":{"rendered":"<p>Cet ouvrage est une plong\u00e9e dans l&#8217;effervescence des ann\u00e9es de la R\u00e9volution dans laquelle David s&#8217;est impliqu\u00e9e corps et \u00e2me. Il invite \u00e0 d\u00e9couvrir la qu\u00eate de libert\u00e9 d&#8217;un peintre citoyen, homme d&#8217;action dont l&#8217;oeuvre ne peut \u00eatre dissoci\u00e9e de ses convictions politiques. De la fin de l&#8217;Ancien R\u00e9gime \u00e0 la Restauration, David n&#8217;a cess\u00e9 [&hellip;]<\/p>\n","protected":false},"featured_media":51362,"template":"","meta":[],"product_cat":[2948,2953],"product_tag":[],"acf":[],"yoast_head":"<!-- This site is optimized with the Yoast SEO plugin v20.11 - https:\/\/yoast.com\/wordpress\/plugins\/seo\/ -->\n<title>Jacques-Louis David (1748-1825) : Catalogue officiel de l&#039;exposition - Librairie 7L<\/title>\n<meta name=\"robots\" content=\"index, follow, max-snippet:-1, max-image-preview:large, max-video-preview:-1\" \/>\n<link rel=\"canonical\" href=\"https:\/\/librairie7l.com\/en\/produit\/jacques-louis-david-1748-1825-catalogue-officiel-de-lexposition-2\/\" \/>\n<meta property=\"og:locale\" content=\"en_US\" \/>\n<meta property=\"og:type\" content=\"article\" \/>\n<meta property=\"og:title\" content=\"Jacques-Louis David (1748-1825) : Catalogue officiel de l&#039;exposition - Librairie 7L\" \/>\n<meta property=\"og:description\" content=\"Cet ouvrage est une plong\u00e9e dans l&#8217;effervescence des ann\u00e9es de la R\u00e9volution dans laquelle David s&#8217;est impliqu\u00e9e corps et \u00e2me. Il invite \u00e0 d\u00e9couvrir la qu\u00eate de libert\u00e9 d&#8217;un peintre citoyen, homme d&#8217;action dont l&#8217;oeuvre ne peut \u00eatre dissoci\u00e9e de ses convictions politiques. De la fin de l&#8217;Ancien R\u00e9gime \u00e0 la Restauration, David n&#8217;a cess\u00e9 [&hellip;]\" \/>\n<meta property=\"og:url\" content=\"https:\/\/librairie7l.com\/en\/produit\/jacques-louis-david-1748-1825-catalogue-officiel-de-lexposition-2\/\" \/>\n<meta property=\"og:site_name\" content=\"Librairie 7L\" \/>\n<meta property=\"article:modified_time\" content=\"2026-04-12T14:18:07+00:00\" \/>\n<meta property=\"og:image\" content=\"https:\/\/librairie7l.com\/wp-content\/uploads\/2025\/06\/9782754117227_1_75.jpg\" \/>\n\t<meta property=\"og:image:width\" content=\"600\" \/>\n\t<meta property=\"og:image:height\" content=\"710\" \/>\n\t<meta property=\"og:image:type\" content=\"image\/jpeg\" \/>\n<meta name=\"twitter:card\" content=\"summary_large_image\" \/>\n<meta name=\"twitter:label1\" content=\"Est. reading time\" \/>\n\t<meta name=\"twitter:data1\" content=\"1 minute\" \/>\n<script type=\"application\/ld+json\" class=\"yoast-schema-graph\">{\"@context\":\"https:\/\/schema.org\",\"@graph\":[{\"@type\":\"WebPage\",\"@id\":\"https:\/\/librairie7l.com\/en\/produit\/jacques-louis-david-1748-1825-catalogue-officiel-de-lexposition-2\/\",\"url\":\"https:\/\/librairie7l.com\/en\/produit\/jacques-louis-david-1748-1825-catalogue-officiel-de-lexposition-2\/\",\"name\":\"Jacques-Louis David (1748-1825) : Catalogue officiel de l'exposition - Librairie 7L\",\"isPartOf\":{\"@id\":\"https:\/\/librairie7l.com\/en\/#website\"},\"datePublished\":\"2025-10-15T07:18:01+00:00\",\"dateModified\":\"2026-04-12T14:18:07+00:00\",\"breadcrumb\":{\"@id\":\"https:\/\/librairie7l.com\/en\/produit\/jacques-louis-david-1748-1825-catalogue-officiel-de-lexposition-2\/#breadcrumb\"},\"inLanguage\":\"en-US\",\"potentialAction\":[{\"@type\":\"ReadAction\",\"target\":[\"https:\/\/librairie7l.com\/en\/produit\/jacques-louis-david-1748-1825-catalogue-officiel-de-lexposition-2\/\"]}]},{\"@type\":\"BreadcrumbList\",\"@id\":\"https:\/\/librairie7l.com\/en\/produit\/jacques-louis-david-1748-1825-catalogue-officiel-de-lexposition-2\/#breadcrumb\",\"itemListElement\":[{\"@type\":\"ListItem\",\"position\":1,\"name\":\"Accueil\",\"item\":\"https:\/\/librairie7l.com\/en\/\"},{\"@type\":\"ListItem\",\"position\":2,\"name\":\"Shop\",\"item\":\"https:\/\/librairie7l.com\/en\/shop\/\"},{\"@type\":\"ListItem\",\"position\":3,\"name\":\"JACQUES-LOUIS DAVID (1748-1825) : CATALOGUE OFFICIEL DE L&#8217;EXPOSITION\"}]},{\"@type\":\"WebSite\",\"@id\":\"https:\/\/librairie7l.com\/en\/#website\",\"url\":\"https:\/\/librairie7l.com\/en\/\",\"name\":\"Librairie 7L\",\"description\":\"Librairie fond\u00e9e en 1999 par Karl Lagerfeld \u00e0 Paris\",\"publisher\":{\"@id\":\"https:\/\/librairie7l.com\/en\/#organization\"},\"potentialAction\":[{\"@type\":\"SearchAction\",\"target\":{\"@type\":\"EntryPoint\",\"urlTemplate\":\"https:\/\/librairie7l.com\/en\/?s={search_term_string}\"},\"query-input\":\"required name=search_term_string\"}],\"inLanguage\":\"en-US\"},{\"@type\":\"Organization\",\"@id\":\"https:\/\/librairie7l.com\/en\/#organization\",\"name\":\"Librairie 7L\",\"url\":\"https:\/\/librairie7l.com\/en\/\",\"logo\":{\"@type\":\"ImageObject\",\"inLanguage\":\"en-US\",\"@id\":\"https:\/\/librairie7l.com\/en\/#\/schema\/logo\/image\/\",\"url\":\"https:\/\/librairie7l.com\/wp-content\/uploads\/2022\/08\/logo-1.png\",\"contentUrl\":\"https:\/\/librairie7l.com\/wp-content\/uploads\/2022\/08\/logo-1.png\",\"width\":227,\"height\":301,\"caption\":\"Librairie 7L\"},\"image\":{\"@id\":\"https:\/\/librairie7l.com\/en\/#\/schema\/logo\/image\/\"}}]}<\/script>\n<!-- \/ Yoast SEO plugin. -->","yoast_head_json":{"title":"Jacques-Louis David (1748-1825) : Catalogue officiel de l'exposition - Librairie 7L","robots":{"index":"index","follow":"follow","max-snippet":"max-snippet:-1","max-image-preview":"max-image-preview:large","max-video-preview":"max-video-preview:-1"},"canonical":"https:\/\/librairie7l.com\/en\/produit\/jacques-louis-david-1748-1825-catalogue-officiel-de-lexposition-2\/","og_locale":"en_US","og_type":"article","og_title":"Jacques-Louis David (1748-1825) : Catalogue officiel de l'exposition - Librairie 7L","og_description":"Cet ouvrage est une plong\u00e9e dans l&#8217;effervescence des ann\u00e9es de la R\u00e9volution dans laquelle David s&#8217;est impliqu\u00e9e corps et \u00e2me. Il invite \u00e0 d\u00e9couvrir la qu\u00eate de libert\u00e9 d&#8217;un peintre citoyen, homme d&#8217;action dont l&#8217;oeuvre ne peut \u00eatre dissoci\u00e9e de ses convictions politiques. De la fin de l&#8217;Ancien R\u00e9gime \u00e0 la Restauration, David n&#8217;a cess\u00e9 [&hellip;]","og_url":"https:\/\/librairie7l.com\/en\/produit\/jacques-louis-david-1748-1825-catalogue-officiel-de-lexposition-2\/","og_site_name":"Librairie 7L","article_modified_time":"2026-04-12T14:18:07+00:00","og_image":[{"width":600,"height":710,"url":"https:\/\/librairie7l.com\/wp-content\/uploads\/2025\/06\/9782754117227_1_75.jpg","type":"image\/jpeg"}],"twitter_card":"summary_large_image","twitter_misc":{"Est. reading time":"1 minute"},"schema":{"@context":"https:\/\/schema.org","@graph":[{"@type":"WebPage","@id":"https:\/\/librairie7l.com\/en\/produit\/jacques-louis-david-1748-1825-catalogue-officiel-de-lexposition-2\/","url":"https:\/\/librairie7l.com\/en\/produit\/jacques-louis-david-1748-1825-catalogue-officiel-de-lexposition-2\/","name":"Jacques-Louis David (1748-1825) : Catalogue officiel de l'exposition - Librairie 7L","isPartOf":{"@id":"https:\/\/librairie7l.com\/en\/#website"},"datePublished":"2025-10-15T07:18:01+00:00","dateModified":"2026-04-12T14:18:07+00:00","breadcrumb":{"@id":"https:\/\/librairie7l.com\/en\/produit\/jacques-louis-david-1748-1825-catalogue-officiel-de-lexposition-2\/#breadcrumb"},"inLanguage":"en-US","potentialAction":[{"@type":"ReadAction","target":["https:\/\/librairie7l.com\/en\/produit\/jacques-louis-david-1748-1825-catalogue-officiel-de-lexposition-2\/"]}]},{"@type":"BreadcrumbList","@id":"https:\/\/librairie7l.com\/en\/produit\/jacques-louis-david-1748-1825-catalogue-officiel-de-lexposition-2\/#breadcrumb","itemListElement":[{"@type":"ListItem","position":1,"name":"Accueil","item":"https:\/\/librairie7l.com\/en\/"},{"@type":"ListItem","position":2,"name":"Shop","item":"https:\/\/librairie7l.com\/en\/shop\/"},{"@type":"ListItem","position":3,"name":"JACQUES-LOUIS DAVID (1748-1825) : CATALOGUE OFFICIEL DE L&#8217;EXPOSITION"}]},{"@type":"WebSite","@id":"https:\/\/librairie7l.com\/en\/#website","url":"https:\/\/librairie7l.com\/en\/","name":"Librairie 7L","description":"Librairie fond\u00e9e en 1999 par Karl Lagerfeld \u00e0 Paris","publisher":{"@id":"https:\/\/librairie7l.com\/en\/#organization"},"potentialAction":[{"@type":"SearchAction","target":{"@type":"EntryPoint","urlTemplate":"https:\/\/librairie7l.com\/en\/?s={search_term_string}"},"query-input":"required name=search_term_string"}],"inLanguage":"en-US"},{"@type":"Organization","@id":"https:\/\/librairie7l.com\/en\/#organization","name":"Librairie 7L","url":"https:\/\/librairie7l.com\/en\/","logo":{"@type":"ImageObject","inLanguage":"en-US","@id":"https:\/\/librairie7l.com\/en\/#\/schema\/logo\/image\/","url":"https:\/\/librairie7l.com\/wp-content\/uploads\/2022\/08\/logo-1.png","contentUrl":"https:\/\/librairie7l.com\/wp-content\/uploads\/2022\/08\/logo-1.png","width":227,"height":301,"caption":"Librairie 7L"},"image":{"@id":"https:\/\/librairie7l.com\/en\/#\/schema\/logo\/image\/"}}]}},"_links":{"self":[{"href":"https:\/\/librairie7l.com\/en\/wp-json\/wp\/v2\/product\/51364"}],"collection":[{"href":"https:\/\/librairie7l.com\/en\/wp-json\/wp\/v2\/product"}],"about":[{"href":"https:\/\/librairie7l.com\/en\/wp-json\/wp\/v2\/types\/product"}],"wp:featuredmedia":[{"embeddable":true,"href":"https:\/\/librairie7l.com\/en\/wp-json\/wp\/v2\/media\/51362"}],"wp:attachment":[{"href":"https:\/\/librairie7l.com\/en\/wp-json\/wp\/v2\/media?parent=51364"}],"wp:term":[{"taxonomy":"product_cat","embeddable":true,"href":"https:\/\/librairie7l.com\/en\/wp-json\/wp\/v2\/product_cat?post=51364"},{"taxonomy":"product_tag","embeddable":true,"href":"https:\/\/librairie7l.com\/en\/wp-json\/wp\/v2\/product_tag?post=51364"}],"curies":[{"name":"wp","href":"https:\/\/api.w.org\/{rel}","templated":true}]}}