{"id":51372,"date":"2025-10-15T09:18:07","date_gmt":"2025-10-15T07:18:07","guid":{"rendered":"https:\/\/librairie7l.com\/?post_type=product&#038;p=51372"},"modified":"2026-04-12T16:28:52","modified_gmt":"2026-04-12T14:28:52","slug":"la-haut-refuges-dexception-2","status":"publish","type":"product","link":"https:\/\/librairie7l.com\/en\/produit\/la-haut-refuges-dexception-2\/","title":{"rendered":"L\u00c0-HAUT : REFUGES D&#8217;EXCEPTION"},"content":{"rendered":"<p>Perch\u00e9es sur des ar\u00eates de haute altitude, suspendues au bord d&#8217;imposantes falaises ou nich\u00e9es au coeur de for\u00eats vierges, des perles architecturales insoup\u00e7onn\u00e9es.<br \/>\nCette \u00e9tonnante s\u00e9lection de refuges hors du commun, pens\u00e9s et con\u00e7us pour les environnements parmi les plus sauvages, contraignants et spectaculaires de la plan\u00e8te, c\u00e9l\u00e8bre la cr\u00e9ativit\u00e9 des architectes et ing\u00e9nieurs qui en sont \u00e0 l&#8217;origine. Des tr\u00e8s innovants bivouacs qui pars\u00e8ment les Dolomites aux confortables cabanes qui se fondent dans les paysages magiques des fjords norv\u00e9giens, en passant par un singulier ensemble d&#8217;\u00e9co-d\u00f4mes en Patagonie, on trouvera ici les secrets de conception et modalit\u00e9s d&#8217;acc\u00e8s \u00e0 ces quelque trente-quatre refuges d&#8217;exception qui, tous, peuvent accueillir randonneurs et alpinistes pour la nuit. Des \u00e9crins de r\u00eave pour l&#8217;exploration et la contemplation &#8211; l&#8217;id\u00e9al, en somme, pour vos prochaines excursions en montagne\u00a0!<\/p>\n","protected":false},"excerpt":{"rendered":"<p>Perch\u00e9es sur des ar\u00eates de haute altitude, suspendues au bord d&#8217;imposantes falaises ou nich\u00e9es au coeur de for\u00eats vierges, des perles architecturales insoup\u00e7onn\u00e9es. Cette \u00e9tonnante s\u00e9lection de refuges hors du commun, pens\u00e9s et con\u00e7us pour les environnements parmi les plus sauvages, contraignants et spectaculaires de la plan\u00e8te, c\u00e9l\u00e8bre la cr\u00e9ativit\u00e9 des architectes et ing\u00e9nieurs qui [&hellip;]<\/p>\n","protected":false},"featured_media":51370,"template":"","meta":[],"product_cat":[2948,2951],"product_tag":[],"acf":[],"yoast_head":"<!-- This site is optimized with the Yoast SEO plugin v20.11 - https:\/\/yoast.com\/wordpress\/plugins\/seo\/ -->\n<title>L\u00e0-haut : Refuges d&#039;exception - Librairie 7L<\/title>\n<meta name=\"robots\" content=\"index, follow, max-snippet:-1, max-image-preview:large, max-video-preview:-1\" \/>\n<link rel=\"canonical\" href=\"https:\/\/librairie7l.com\/en\/produit\/la-haut-refuges-dexception-2\/\" \/>\n<meta property=\"og:locale\" content=\"en_US\" \/>\n<meta property=\"og:type\" content=\"article\" \/>\n<meta property=\"og:title\" content=\"L\u00e0-haut : Refuges d&#039;exception - Librairie 7L\" \/>\n<meta property=\"og:description\" content=\"Perch\u00e9es sur des ar\u00eates de haute altitude, suspendues au bord d&#8217;imposantes falaises ou nich\u00e9es au coeur de for\u00eats vierges, des perles architecturales insoup\u00e7onn\u00e9es. Cette \u00e9tonnante s\u00e9lection de refuges hors du commun, pens\u00e9s et con\u00e7us pour les environnements parmi les plus sauvages, contraignants et spectaculaires de la plan\u00e8te, c\u00e9l\u00e8bre la cr\u00e9ativit\u00e9 des architectes et ing\u00e9nieurs qui [&hellip;]\" \/>\n<meta property=\"og:url\" content=\"https:\/\/librairie7l.com\/en\/produit\/la-haut-refuges-dexception-2\/\" \/>\n<meta property=\"og:site_name\" content=\"Librairie 7L\" \/>\n<meta property=\"article:modified_time\" content=\"2026-04-12T14:28:52+00:00\" \/>\n<meta property=\"og:image\" content=\"https:\/\/librairie7l.com\/wp-content\/uploads\/2025\/06\/9782344070871_1_75.jpg\" \/>\n\t<meta property=\"og:image:width\" content=\"600\" \/>\n\t<meta property=\"og:image:height\" content=\"803\" \/>\n\t<meta property=\"og:image:type\" content=\"image\/jpeg\" \/>\n<meta name=\"twitter:card\" content=\"summary_large_image\" \/>\n<meta name=\"twitter:label1\" content=\"Est. reading time\" \/>\n\t<meta name=\"twitter:data1\" content=\"1 minute\" \/>\n<script type=\"application\/ld+json\" class=\"yoast-schema-graph\">{\"@context\":\"https:\/\/schema.org\",\"@graph\":[{\"@type\":\"WebPage\",\"@id\":\"https:\/\/librairie7l.com\/en\/produit\/la-haut-refuges-dexception-2\/\",\"url\":\"https:\/\/librairie7l.com\/en\/produit\/la-haut-refuges-dexception-2\/\",\"name\":\"L\u00e0-haut : Refuges d'exception - Librairie 7L\",\"isPartOf\":{\"@id\":\"https:\/\/librairie7l.com\/en\/#website\"},\"datePublished\":\"2025-10-15T07:18:07+00:00\",\"dateModified\":\"2026-04-12T14:28:52+00:00\",\"breadcrumb\":{\"@id\":\"https:\/\/librairie7l.com\/en\/produit\/la-haut-refuges-dexception-2\/#breadcrumb\"},\"inLanguage\":\"en-US\",\"potentialAction\":[{\"@type\":\"ReadAction\",\"target\":[\"https:\/\/librairie7l.com\/en\/produit\/la-haut-refuges-dexception-2\/\"]}]},{\"@type\":\"BreadcrumbList\",\"@id\":\"https:\/\/librairie7l.com\/en\/produit\/la-haut-refuges-dexception-2\/#breadcrumb\",\"itemListElement\":[{\"@type\":\"ListItem\",\"position\":1,\"name\":\"Accueil\",\"item\":\"https:\/\/librairie7l.com\/en\/\"},{\"@type\":\"ListItem\",\"position\":2,\"name\":\"Shop\",\"item\":\"https:\/\/librairie7l.com\/en\/shop\/\"},{\"@type\":\"ListItem\",\"position\":3,\"name\":\"L\u00c0-HAUT : REFUGES D&#8217;EXCEPTION\"}]},{\"@type\":\"WebSite\",\"@id\":\"https:\/\/librairie7l.com\/en\/#website\",\"url\":\"https:\/\/librairie7l.com\/en\/\",\"name\":\"Librairie 7L\",\"description\":\"Librairie fond\u00e9e en 1999 par Karl Lagerfeld \u00e0 Paris\",\"publisher\":{\"@id\":\"https:\/\/librairie7l.com\/en\/#organization\"},\"potentialAction\":[{\"@type\":\"SearchAction\",\"target\":{\"@type\":\"EntryPoint\",\"urlTemplate\":\"https:\/\/librairie7l.com\/en\/?s={search_term_string}\"},\"query-input\":\"required name=search_term_string\"}],\"inLanguage\":\"en-US\"},{\"@type\":\"Organization\",\"@id\":\"https:\/\/librairie7l.com\/en\/#organization\",\"name\":\"Librairie 7L\",\"url\":\"https:\/\/librairie7l.com\/en\/\",\"logo\":{\"@type\":\"ImageObject\",\"inLanguage\":\"en-US\",\"@id\":\"https:\/\/librairie7l.com\/en\/#\/schema\/logo\/image\/\",\"url\":\"https:\/\/librairie7l.com\/wp-content\/uploads\/2022\/08\/logo-1.png\",\"contentUrl\":\"https:\/\/librairie7l.com\/wp-content\/uploads\/2022\/08\/logo-1.png\",\"width\":227,\"height\":301,\"caption\":\"Librairie 7L\"},\"image\":{\"@id\":\"https:\/\/librairie7l.com\/en\/#\/schema\/logo\/image\/\"}}]}<\/script>\n<!-- \/ Yoast SEO plugin. -->","yoast_head_json":{"title":"L\u00e0-haut : Refuges d'exception - Librairie 7L","robots":{"index":"index","follow":"follow","max-snippet":"max-snippet:-1","max-image-preview":"max-image-preview:large","max-video-preview":"max-video-preview:-1"},"canonical":"https:\/\/librairie7l.com\/en\/produit\/la-haut-refuges-dexception-2\/","og_locale":"en_US","og_type":"article","og_title":"L\u00e0-haut : Refuges d'exception - Librairie 7L","og_description":"Perch\u00e9es sur des ar\u00eates de haute altitude, suspendues au bord d&#8217;imposantes falaises ou nich\u00e9es au coeur de for\u00eats vierges, des perles architecturales insoup\u00e7onn\u00e9es. Cette \u00e9tonnante s\u00e9lection de refuges hors du commun, pens\u00e9s et con\u00e7us pour les environnements parmi les plus sauvages, contraignants et spectaculaires de la plan\u00e8te, c\u00e9l\u00e8bre la cr\u00e9ativit\u00e9 des architectes et ing\u00e9nieurs qui [&hellip;]","og_url":"https:\/\/librairie7l.com\/en\/produit\/la-haut-refuges-dexception-2\/","og_site_name":"Librairie 7L","article_modified_time":"2026-04-12T14:28:52+00:00","og_image":[{"width":600,"height":803,"url":"https:\/\/librairie7l.com\/wp-content\/uploads\/2025\/06\/9782344070871_1_75.jpg","type":"image\/jpeg"}],"twitter_card":"summary_large_image","twitter_misc":{"Est. reading time":"1 minute"},"schema":{"@context":"https:\/\/schema.org","@graph":[{"@type":"WebPage","@id":"https:\/\/librairie7l.com\/en\/produit\/la-haut-refuges-dexception-2\/","url":"https:\/\/librairie7l.com\/en\/produit\/la-haut-refuges-dexception-2\/","name":"L\u00e0-haut : Refuges d'exception - Librairie 7L","isPartOf":{"@id":"https:\/\/librairie7l.com\/en\/#website"},"datePublished":"2025-10-15T07:18:07+00:00","dateModified":"2026-04-12T14:28:52+00:00","breadcrumb":{"@id":"https:\/\/librairie7l.com\/en\/produit\/la-haut-refuges-dexception-2\/#breadcrumb"},"inLanguage":"en-US","potentialAction":[{"@type":"ReadAction","target":["https:\/\/librairie7l.com\/en\/produit\/la-haut-refuges-dexception-2\/"]}]},{"@type":"BreadcrumbList","@id":"https:\/\/librairie7l.com\/en\/produit\/la-haut-refuges-dexception-2\/#breadcrumb","itemListElement":[{"@type":"ListItem","position":1,"name":"Accueil","item":"https:\/\/librairie7l.com\/en\/"},{"@type":"ListItem","position":2,"name":"Shop","item":"https:\/\/librairie7l.com\/en\/shop\/"},{"@type":"ListItem","position":3,"name":"L\u00c0-HAUT : REFUGES D&#8217;EXCEPTION"}]},{"@type":"WebSite","@id":"https:\/\/librairie7l.com\/en\/#website","url":"https:\/\/librairie7l.com\/en\/","name":"Librairie 7L","description":"Librairie fond\u00e9e en 1999 par Karl Lagerfeld \u00e0 Paris","publisher":{"@id":"https:\/\/librairie7l.com\/en\/#organization"},"potentialAction":[{"@type":"SearchAction","target":{"@type":"EntryPoint","urlTemplate":"https:\/\/librairie7l.com\/en\/?s={search_term_string}"},"query-input":"required name=search_term_string"}],"inLanguage":"en-US"},{"@type":"Organization","@id":"https:\/\/librairie7l.com\/en\/#organization","name":"Librairie 7L","url":"https:\/\/librairie7l.com\/en\/","logo":{"@type":"ImageObject","inLanguage":"en-US","@id":"https:\/\/librairie7l.com\/en\/#\/schema\/logo\/image\/","url":"https:\/\/librairie7l.com\/wp-content\/uploads\/2022\/08\/logo-1.png","contentUrl":"https:\/\/librairie7l.com\/wp-content\/uploads\/2022\/08\/logo-1.png","width":227,"height":301,"caption":"Librairie 7L"},"image":{"@id":"https:\/\/librairie7l.com\/en\/#\/schema\/logo\/image\/"}}]}},"_links":{"self":[{"href":"https:\/\/librairie7l.com\/en\/wp-json\/wp\/v2\/product\/51372"}],"collection":[{"href":"https:\/\/librairie7l.com\/en\/wp-json\/wp\/v2\/product"}],"about":[{"href":"https:\/\/librairie7l.com\/en\/wp-json\/wp\/v2\/types\/product"}],"wp:featuredmedia":[{"embeddable":true,"href":"https:\/\/librairie7l.com\/en\/wp-json\/wp\/v2\/media\/51370"}],"wp:attachment":[{"href":"https:\/\/librairie7l.com\/en\/wp-json\/wp\/v2\/media?parent=51372"}],"wp:term":[{"taxonomy":"product_cat","embeddable":true,"href":"https:\/\/librairie7l.com\/en\/wp-json\/wp\/v2\/product_cat?post=51372"},{"taxonomy":"product_tag","embeddable":true,"href":"https:\/\/librairie7l.com\/en\/wp-json\/wp\/v2\/product_tag?post=51372"}],"curies":[{"name":"wp","href":"https:\/\/api.w.org\/{rel}","templated":true}]}}