{"id":51376,"date":"2025-10-15T09:18:09","date_gmt":"2025-10-15T07:18:09","guid":{"rendered":"https:\/\/librairie7l.com\/?post_type=product&#038;p=51376"},"modified":"2026-04-22T19:32:52","modified_gmt":"2026-04-22T17:32:52","slug":"bestiaria-animaux-fantastiques-monstrueux-et-allegoriques-2","status":"publish","type":"product","link":"https:\/\/librairie7l.com\/en\/produit\/bestiaria-animaux-fantastiques-monstrueux-et-allegoriques-2\/","title":{"rendered":"BESTIARIA : ANIMAUX FANTASTIQUES, MONSTRUEUX ET ALL\u00c9GORIQUES"},"content":{"rendered":"<p>Apr\u00e8s &#8220;HERBARIA&#8221; et &#8220;MINERALIA&#8221;, IN FINE \u00c9DITIONS D&#8217;ART poursuit la d\u00e9couverte de la repr\u00e9sentation de la nature dans un voyage entre art et design.<br \/>\nUn ouvrage raffin\u00e9 et richement illustr\u00e9 sur la repr\u00e9sentation du monde animal de l&#8217;Antiquit\u00e9 \u00e0 nos jours.<br \/>\nLe monde animal a toujours inspir\u00e9 des images fantastiques. L&#8217;hybridation de l&#8217;homme et de l&#8217;animal est aussi ancienne que l&#8217;art et la religion : il suffit de penser aux divinit\u00e9s \u00e9gyptiennes ou hindoues, ou aux chefs-d&#8217;oeuvre d&#8217;un peintre visionnaire comme Hieronymus Bosch.<br \/>\nLes cr\u00e9atures pr\u00e9sent\u00e9es dans cet ouvrage ne sont pas des animaux tels que la nature les g\u00e9n\u00e8re, mais des \u00ab b\u00eates \u00bb, des \u00eatres imaginaires n\u00e9s de l&#8217;esprit humain, qui m\u00e9lange les traits et les caract\u00e9ristiques, rendant l&#8217;inhabituel plausible. Le r\u00e9sultat est un r\u00e9pertoire graphique de zoologie fantastique qui en dit long sur les r\u00eaves et les cauchemars de l&#8217;homme.<\/p>\n","protected":false},"excerpt":{"rendered":"<p>Apr\u00e8s &#8220;HERBARIA&#8221; et &#8220;MINERALIA&#8221;, IN FINE \u00c9DITIONS D&#8217;ART poursuit la d\u00e9couverte de la repr\u00e9sentation de la nature dans un voyage entre art et design. Un ouvrage raffin\u00e9 et richement illustr\u00e9 sur la repr\u00e9sentation du monde animal de l&#8217;Antiquit\u00e9 \u00e0 nos jours. Le monde animal a toujours inspir\u00e9 des images fantastiques. L&#8217;hybridation de l&#8217;homme et de [&hellip;]<\/p>\n","protected":false},"featured_media":51374,"template":"","meta":[],"product_cat":[2948,2956],"product_tag":[],"acf":[],"yoast_head":"<!-- This site is optimized with the Yoast SEO plugin v20.11 - https:\/\/yoast.com\/wordpress\/plugins\/seo\/ -->\n<title>Bestiaria : Animaux fantastiques, monstrueux et all\u00e9goriques - Librairie 7L<\/title>\n<meta name=\"robots\" content=\"index, follow, max-snippet:-1, max-image-preview:large, max-video-preview:-1\" \/>\n<link rel=\"canonical\" href=\"https:\/\/librairie7l.com\/en\/produit\/bestiaria-animaux-fantastiques-monstrueux-et-allegoriques-2\/\" \/>\n<meta property=\"og:locale\" content=\"en_US\" \/>\n<meta property=\"og:type\" content=\"article\" \/>\n<meta property=\"og:title\" content=\"Bestiaria : Animaux fantastiques, monstrueux et all\u00e9goriques - Librairie 7L\" \/>\n<meta property=\"og:description\" content=\"Apr\u00e8s &#8220;HERBARIA&#8221; et &#8220;MINERALIA&#8221;, IN FINE \u00c9DITIONS D&#8217;ART poursuit la d\u00e9couverte de la repr\u00e9sentation de la nature dans un voyage entre art et design. Un ouvrage raffin\u00e9 et richement illustr\u00e9 sur la repr\u00e9sentation du monde animal de l&#8217;Antiquit\u00e9 \u00e0 nos jours. Le monde animal a toujours inspir\u00e9 des images fantastiques. L&#8217;hybridation de l&#8217;homme et de [&hellip;]\" \/>\n<meta property=\"og:url\" content=\"https:\/\/librairie7l.com\/en\/produit\/bestiaria-animaux-fantastiques-monstrueux-et-allegoriques-2\/\" \/>\n<meta property=\"og:site_name\" content=\"Librairie 7L\" \/>\n<meta property=\"article:modified_time\" content=\"2026-04-22T17:32:52+00:00\" \/>\n<meta property=\"og:image\" content=\"https:\/\/librairie7l.com\/wp-content\/uploads\/2025\/06\/9782382032183_1_75.jpg\" \/>\n\t<meta property=\"og:image:width\" content=\"600\" \/>\n\t<meta property=\"og:image:height\" content=\"824\" \/>\n\t<meta property=\"og:image:type\" content=\"image\/jpeg\" \/>\n<meta name=\"twitter:card\" content=\"summary_large_image\" \/>\n<meta name=\"twitter:label1\" content=\"Est. reading time\" \/>\n\t<meta name=\"twitter:data1\" content=\"1 minute\" \/>\n<script type=\"application\/ld+json\" class=\"yoast-schema-graph\">{\"@context\":\"https:\/\/schema.org\",\"@graph\":[{\"@type\":\"WebPage\",\"@id\":\"https:\/\/librairie7l.com\/en\/produit\/bestiaria-animaux-fantastiques-monstrueux-et-allegoriques-2\/\",\"url\":\"https:\/\/librairie7l.com\/en\/produit\/bestiaria-animaux-fantastiques-monstrueux-et-allegoriques-2\/\",\"name\":\"Bestiaria : Animaux fantastiques, monstrueux et all\u00e9goriques - Librairie 7L\",\"isPartOf\":{\"@id\":\"https:\/\/librairie7l.com\/en\/#website\"},\"datePublished\":\"2025-10-15T07:18:09+00:00\",\"dateModified\":\"2026-04-22T17:32:52+00:00\",\"breadcrumb\":{\"@id\":\"https:\/\/librairie7l.com\/en\/produit\/bestiaria-animaux-fantastiques-monstrueux-et-allegoriques-2\/#breadcrumb\"},\"inLanguage\":\"en-US\",\"potentialAction\":[{\"@type\":\"ReadAction\",\"target\":[\"https:\/\/librairie7l.com\/en\/produit\/bestiaria-animaux-fantastiques-monstrueux-et-allegoriques-2\/\"]}]},{\"@type\":\"BreadcrumbList\",\"@id\":\"https:\/\/librairie7l.com\/en\/produit\/bestiaria-animaux-fantastiques-monstrueux-et-allegoriques-2\/#breadcrumb\",\"itemListElement\":[{\"@type\":\"ListItem\",\"position\":1,\"name\":\"Accueil\",\"item\":\"https:\/\/librairie7l.com\/en\/\"},{\"@type\":\"ListItem\",\"position\":2,\"name\":\"Shop\",\"item\":\"https:\/\/librairie7l.com\/en\/shop\/\"},{\"@type\":\"ListItem\",\"position\":3,\"name\":\"BESTIARIA : ANIMAUX FANTASTIQUES, MONSTRUEUX ET ALL\u00c9GORIQUES\"}]},{\"@type\":\"WebSite\",\"@id\":\"https:\/\/librairie7l.com\/en\/#website\",\"url\":\"https:\/\/librairie7l.com\/en\/\",\"name\":\"Librairie 7L\",\"description\":\"Librairie fond\u00e9e en 1999 par Karl Lagerfeld \u00e0 Paris\",\"publisher\":{\"@id\":\"https:\/\/librairie7l.com\/en\/#organization\"},\"potentialAction\":[{\"@type\":\"SearchAction\",\"target\":{\"@type\":\"EntryPoint\",\"urlTemplate\":\"https:\/\/librairie7l.com\/en\/?s={search_term_string}\"},\"query-input\":\"required name=search_term_string\"}],\"inLanguage\":\"en-US\"},{\"@type\":\"Organization\",\"@id\":\"https:\/\/librairie7l.com\/en\/#organization\",\"name\":\"Librairie 7L\",\"url\":\"https:\/\/librairie7l.com\/en\/\",\"logo\":{\"@type\":\"ImageObject\",\"inLanguage\":\"en-US\",\"@id\":\"https:\/\/librairie7l.com\/en\/#\/schema\/logo\/image\/\",\"url\":\"https:\/\/librairie7l.com\/wp-content\/uploads\/2022\/08\/logo-1.png\",\"contentUrl\":\"https:\/\/librairie7l.com\/wp-content\/uploads\/2022\/08\/logo-1.png\",\"width\":227,\"height\":301,\"caption\":\"Librairie 7L\"},\"image\":{\"@id\":\"https:\/\/librairie7l.com\/en\/#\/schema\/logo\/image\/\"}}]}<\/script>\n<!-- \/ Yoast SEO plugin. -->","yoast_head_json":{"title":"Bestiaria : Animaux fantastiques, monstrueux et all\u00e9goriques - Librairie 7L","robots":{"index":"index","follow":"follow","max-snippet":"max-snippet:-1","max-image-preview":"max-image-preview:large","max-video-preview":"max-video-preview:-1"},"canonical":"https:\/\/librairie7l.com\/en\/produit\/bestiaria-animaux-fantastiques-monstrueux-et-allegoriques-2\/","og_locale":"en_US","og_type":"article","og_title":"Bestiaria : Animaux fantastiques, monstrueux et all\u00e9goriques - Librairie 7L","og_description":"Apr\u00e8s &#8220;HERBARIA&#8221; et &#8220;MINERALIA&#8221;, IN FINE \u00c9DITIONS D&#8217;ART poursuit la d\u00e9couverte de la repr\u00e9sentation de la nature dans un voyage entre art et design. Un ouvrage raffin\u00e9 et richement illustr\u00e9 sur la repr\u00e9sentation du monde animal de l&#8217;Antiquit\u00e9 \u00e0 nos jours. Le monde animal a toujours inspir\u00e9 des images fantastiques. L&#8217;hybridation de l&#8217;homme et de [&hellip;]","og_url":"https:\/\/librairie7l.com\/en\/produit\/bestiaria-animaux-fantastiques-monstrueux-et-allegoriques-2\/","og_site_name":"Librairie 7L","article_modified_time":"2026-04-22T17:32:52+00:00","og_image":[{"width":600,"height":824,"url":"https:\/\/librairie7l.com\/wp-content\/uploads\/2025\/06\/9782382032183_1_75.jpg","type":"image\/jpeg"}],"twitter_card":"summary_large_image","twitter_misc":{"Est. reading time":"1 minute"},"schema":{"@context":"https:\/\/schema.org","@graph":[{"@type":"WebPage","@id":"https:\/\/librairie7l.com\/en\/produit\/bestiaria-animaux-fantastiques-monstrueux-et-allegoriques-2\/","url":"https:\/\/librairie7l.com\/en\/produit\/bestiaria-animaux-fantastiques-monstrueux-et-allegoriques-2\/","name":"Bestiaria : Animaux fantastiques, monstrueux et all\u00e9goriques - Librairie 7L","isPartOf":{"@id":"https:\/\/librairie7l.com\/en\/#website"},"datePublished":"2025-10-15T07:18:09+00:00","dateModified":"2026-04-22T17:32:52+00:00","breadcrumb":{"@id":"https:\/\/librairie7l.com\/en\/produit\/bestiaria-animaux-fantastiques-monstrueux-et-allegoriques-2\/#breadcrumb"},"inLanguage":"en-US","potentialAction":[{"@type":"ReadAction","target":["https:\/\/librairie7l.com\/en\/produit\/bestiaria-animaux-fantastiques-monstrueux-et-allegoriques-2\/"]}]},{"@type":"BreadcrumbList","@id":"https:\/\/librairie7l.com\/en\/produit\/bestiaria-animaux-fantastiques-monstrueux-et-allegoriques-2\/#breadcrumb","itemListElement":[{"@type":"ListItem","position":1,"name":"Accueil","item":"https:\/\/librairie7l.com\/en\/"},{"@type":"ListItem","position":2,"name":"Shop","item":"https:\/\/librairie7l.com\/en\/shop\/"},{"@type":"ListItem","position":3,"name":"BESTIARIA : ANIMAUX FANTASTIQUES, MONSTRUEUX ET ALL\u00c9GORIQUES"}]},{"@type":"WebSite","@id":"https:\/\/librairie7l.com\/en\/#website","url":"https:\/\/librairie7l.com\/en\/","name":"Librairie 7L","description":"Librairie fond\u00e9e en 1999 par Karl Lagerfeld \u00e0 Paris","publisher":{"@id":"https:\/\/librairie7l.com\/en\/#organization"},"potentialAction":[{"@type":"SearchAction","target":{"@type":"EntryPoint","urlTemplate":"https:\/\/librairie7l.com\/en\/?s={search_term_string}"},"query-input":"required name=search_term_string"}],"inLanguage":"en-US"},{"@type":"Organization","@id":"https:\/\/librairie7l.com\/en\/#organization","name":"Librairie 7L","url":"https:\/\/librairie7l.com\/en\/","logo":{"@type":"ImageObject","inLanguage":"en-US","@id":"https:\/\/librairie7l.com\/en\/#\/schema\/logo\/image\/","url":"https:\/\/librairie7l.com\/wp-content\/uploads\/2022\/08\/logo-1.png","contentUrl":"https:\/\/librairie7l.com\/wp-content\/uploads\/2022\/08\/logo-1.png","width":227,"height":301,"caption":"Librairie 7L"},"image":{"@id":"https:\/\/librairie7l.com\/en\/#\/schema\/logo\/image\/"}}]}},"_links":{"self":[{"href":"https:\/\/librairie7l.com\/en\/wp-json\/wp\/v2\/product\/51376"}],"collection":[{"href":"https:\/\/librairie7l.com\/en\/wp-json\/wp\/v2\/product"}],"about":[{"href":"https:\/\/librairie7l.com\/en\/wp-json\/wp\/v2\/types\/product"}],"wp:featuredmedia":[{"embeddable":true,"href":"https:\/\/librairie7l.com\/en\/wp-json\/wp\/v2\/media\/51374"}],"wp:attachment":[{"href":"https:\/\/librairie7l.com\/en\/wp-json\/wp\/v2\/media?parent=51376"}],"wp:term":[{"taxonomy":"product_cat","embeddable":true,"href":"https:\/\/librairie7l.com\/en\/wp-json\/wp\/v2\/product_cat?post=51376"},{"taxonomy":"product_tag","embeddable":true,"href":"https:\/\/librairie7l.com\/en\/wp-json\/wp\/v2\/product_tag?post=51376"}],"curies":[{"name":"wp","href":"https:\/\/api.w.org\/{rel}","templated":true}]}}