{"id":51380,"date":"2025-10-15T09:18:12","date_gmt":"2025-10-15T07:18:12","guid":{"rendered":"https:\/\/librairie7l.com\/?post_type=product&#038;p=51380"},"modified":"2026-04-22T18:16:51","modified_gmt":"2026-04-22T16:16:51","slug":"mineralia-mineraux-cristaux-et-lapidaires-alchimiques-2","status":"publish","type":"product","link":"https:\/\/librairie7l.com\/en\/produit\/mineralia-mineraux-cristaux-et-lapidaires-alchimiques-2\/","title":{"rendered":"MINERALIA : MIN\u00c9RAUX, CRISTAUX ET LAPIDAIRES ALCHIMIQUES"},"content":{"rendered":"<p>Apr\u00e8s &#8220;HERBARIA&#8221; et &#8220;BESTIARIA&#8221;,  IN FINE \u00c9DITIONS D&#8217;ART poursuit la d\u00e9couverte de la repr\u00e9sentation de la nature dans un parcours \u00e0 cheval sur l&#8217;art et le design, avec ce pr\u00e9cieux volume illustr\u00e9 sur le monde des min\u00e9raux de l&#8217;Antiquit\u00e9 \u00e0 nos jours.<br \/>\nApr\u00e8s les mondes v\u00e9g\u00e9tal (HERBARIA) et animal (BESTIARIA), ce volume conclut un voyage dans les trois r\u00e8gnes de la nature. Dans MINERALIA, les protagonistes sont des \u00e9l\u00e9ments qui ne sont apparemment pas dot\u00e9s de \u00ab vie \u00bb, mais qui se r\u00e9v\u00e8lent richement dot\u00e9s d&#8217;une vitalit\u00e9 structurelle. Les min\u00e9raux, les pierres pr\u00e9cieuses, mais aussi les coquillages, les coraux et les squelettes r\u00e9v\u00e8lent un monde dans lequel la g\u00e9om\u00e9trie et les math\u00e9matiques de la nature expriment toute leur puissance et leur fascination. Il n&#8217;est pas surprenant que, dans le pass\u00e9, la pr\u00e9sence du divin ait \u00e9t\u00e9 trouv\u00e9e dans le nombre d&#8217;or et dans la r\u00e9gularit\u00e9 de nombreuses formes naturelles. C&#8217;est pour cela que l&#8217;on parle aujourd&#8217;hui d&#8217;algorithmes naturels et de g\u00e9om\u00e9tries fractales.<\/p>\n","protected":false},"excerpt":{"rendered":"<p>Apr\u00e8s &#8220;HERBARIA&#8221; et &#8220;BESTIARIA&#8221;, IN FINE \u00c9DITIONS D&#8217;ART poursuit la d\u00e9couverte de la repr\u00e9sentation de la nature dans un parcours \u00e0 cheval sur l&#8217;art et le design, avec ce pr\u00e9cieux volume illustr\u00e9 sur le monde des min\u00e9raux de l&#8217;Antiquit\u00e9 \u00e0 nos jours. Apr\u00e8s les mondes v\u00e9g\u00e9tal (HERBARIA) et animal (BESTIARIA), ce volume conclut un voyage [&hellip;]<\/p>\n","protected":false},"featured_media":51378,"template":"","meta":[],"product_cat":[2948,2956],"product_tag":[],"acf":[],"yoast_head":"<!-- This site is optimized with the Yoast SEO plugin v20.11 - https:\/\/yoast.com\/wordpress\/plugins\/seo\/ -->\n<title>Mineralia : Min\u00e9raux, cristaux et lapidaires alchimiques - Librairie 7L<\/title>\n<meta name=\"robots\" content=\"index, follow, max-snippet:-1, max-image-preview:large, max-video-preview:-1\" \/>\n<link rel=\"canonical\" href=\"https:\/\/librairie7l.com\/en\/produit\/mineralia-mineraux-cristaux-et-lapidaires-alchimiques-2\/\" \/>\n<meta property=\"og:locale\" content=\"en_US\" \/>\n<meta property=\"og:type\" content=\"article\" \/>\n<meta property=\"og:title\" content=\"Mineralia : Min\u00e9raux, cristaux et lapidaires alchimiques - Librairie 7L\" \/>\n<meta property=\"og:description\" content=\"Apr\u00e8s &#8220;HERBARIA&#8221; et &#8220;BESTIARIA&#8221;, IN FINE \u00c9DITIONS D&#8217;ART poursuit la d\u00e9couverte de la repr\u00e9sentation de la nature dans un parcours \u00e0 cheval sur l&#8217;art et le design, avec ce pr\u00e9cieux volume illustr\u00e9 sur le monde des min\u00e9raux de l&#8217;Antiquit\u00e9 \u00e0 nos jours. Apr\u00e8s les mondes v\u00e9g\u00e9tal (HERBARIA) et animal (BESTIARIA), ce volume conclut un voyage [&hellip;]\" \/>\n<meta property=\"og:url\" content=\"https:\/\/librairie7l.com\/en\/produit\/mineralia-mineraux-cristaux-et-lapidaires-alchimiques-2\/\" \/>\n<meta property=\"og:site_name\" content=\"Librairie 7L\" \/>\n<meta property=\"article:modified_time\" content=\"2026-04-22T16:16:51+00:00\" \/>\n<meta property=\"og:image\" content=\"https:\/\/librairie7l.com\/wp-content\/uploads\/2025\/07\/9782382032176_1_75.jpg\" \/>\n\t<meta property=\"og:image:width\" content=\"600\" \/>\n\t<meta property=\"og:image:height\" content=\"825\" \/>\n\t<meta property=\"og:image:type\" content=\"image\/jpeg\" \/>\n<meta name=\"twitter:card\" content=\"summary_large_image\" \/>\n<meta name=\"twitter:label1\" content=\"Est. reading time\" \/>\n\t<meta name=\"twitter:data1\" content=\"1 minute\" \/>\n<script type=\"application\/ld+json\" class=\"yoast-schema-graph\">{\"@context\":\"https:\/\/schema.org\",\"@graph\":[{\"@type\":\"WebPage\",\"@id\":\"https:\/\/librairie7l.com\/en\/produit\/mineralia-mineraux-cristaux-et-lapidaires-alchimiques-2\/\",\"url\":\"https:\/\/librairie7l.com\/en\/produit\/mineralia-mineraux-cristaux-et-lapidaires-alchimiques-2\/\",\"name\":\"Mineralia : Min\u00e9raux, cristaux et lapidaires alchimiques - Librairie 7L\",\"isPartOf\":{\"@id\":\"https:\/\/librairie7l.com\/en\/#website\"},\"datePublished\":\"2025-10-15T07:18:12+00:00\",\"dateModified\":\"2026-04-22T16:16:51+00:00\",\"breadcrumb\":{\"@id\":\"https:\/\/librairie7l.com\/en\/produit\/mineralia-mineraux-cristaux-et-lapidaires-alchimiques-2\/#breadcrumb\"},\"inLanguage\":\"en-US\",\"potentialAction\":[{\"@type\":\"ReadAction\",\"target\":[\"https:\/\/librairie7l.com\/en\/produit\/mineralia-mineraux-cristaux-et-lapidaires-alchimiques-2\/\"]}]},{\"@type\":\"BreadcrumbList\",\"@id\":\"https:\/\/librairie7l.com\/en\/produit\/mineralia-mineraux-cristaux-et-lapidaires-alchimiques-2\/#breadcrumb\",\"itemListElement\":[{\"@type\":\"ListItem\",\"position\":1,\"name\":\"Accueil\",\"item\":\"https:\/\/librairie7l.com\/en\/\"},{\"@type\":\"ListItem\",\"position\":2,\"name\":\"Shop\",\"item\":\"https:\/\/librairie7l.com\/en\/shop\/\"},{\"@type\":\"ListItem\",\"position\":3,\"name\":\"MINERALIA : MIN\u00c9RAUX, CRISTAUX ET LAPIDAIRES ALCHIMIQUES\"}]},{\"@type\":\"WebSite\",\"@id\":\"https:\/\/librairie7l.com\/en\/#website\",\"url\":\"https:\/\/librairie7l.com\/en\/\",\"name\":\"Librairie 7L\",\"description\":\"Librairie fond\u00e9e en 1999 par Karl Lagerfeld \u00e0 Paris\",\"publisher\":{\"@id\":\"https:\/\/librairie7l.com\/en\/#organization\"},\"potentialAction\":[{\"@type\":\"SearchAction\",\"target\":{\"@type\":\"EntryPoint\",\"urlTemplate\":\"https:\/\/librairie7l.com\/en\/?s={search_term_string}\"},\"query-input\":\"required name=search_term_string\"}],\"inLanguage\":\"en-US\"},{\"@type\":\"Organization\",\"@id\":\"https:\/\/librairie7l.com\/en\/#organization\",\"name\":\"Librairie 7L\",\"url\":\"https:\/\/librairie7l.com\/en\/\",\"logo\":{\"@type\":\"ImageObject\",\"inLanguage\":\"en-US\",\"@id\":\"https:\/\/librairie7l.com\/en\/#\/schema\/logo\/image\/\",\"url\":\"https:\/\/librairie7l.com\/wp-content\/uploads\/2022\/08\/logo-1.png\",\"contentUrl\":\"https:\/\/librairie7l.com\/wp-content\/uploads\/2022\/08\/logo-1.png\",\"width\":227,\"height\":301,\"caption\":\"Librairie 7L\"},\"image\":{\"@id\":\"https:\/\/librairie7l.com\/en\/#\/schema\/logo\/image\/\"}}]}<\/script>\n<!-- \/ Yoast SEO plugin. -->","yoast_head_json":{"title":"Mineralia : Min\u00e9raux, cristaux et lapidaires alchimiques - Librairie 7L","robots":{"index":"index","follow":"follow","max-snippet":"max-snippet:-1","max-image-preview":"max-image-preview:large","max-video-preview":"max-video-preview:-1"},"canonical":"https:\/\/librairie7l.com\/en\/produit\/mineralia-mineraux-cristaux-et-lapidaires-alchimiques-2\/","og_locale":"en_US","og_type":"article","og_title":"Mineralia : Min\u00e9raux, cristaux et lapidaires alchimiques - Librairie 7L","og_description":"Apr\u00e8s &#8220;HERBARIA&#8221; et &#8220;BESTIARIA&#8221;, IN FINE \u00c9DITIONS D&#8217;ART poursuit la d\u00e9couverte de la repr\u00e9sentation de la nature dans un parcours \u00e0 cheval sur l&#8217;art et le design, avec ce pr\u00e9cieux volume illustr\u00e9 sur le monde des min\u00e9raux de l&#8217;Antiquit\u00e9 \u00e0 nos jours. Apr\u00e8s les mondes v\u00e9g\u00e9tal (HERBARIA) et animal (BESTIARIA), ce volume conclut un voyage [&hellip;]","og_url":"https:\/\/librairie7l.com\/en\/produit\/mineralia-mineraux-cristaux-et-lapidaires-alchimiques-2\/","og_site_name":"Librairie 7L","article_modified_time":"2026-04-22T16:16:51+00:00","og_image":[{"width":600,"height":825,"url":"https:\/\/librairie7l.com\/wp-content\/uploads\/2025\/07\/9782382032176_1_75.jpg","type":"image\/jpeg"}],"twitter_card":"summary_large_image","twitter_misc":{"Est. reading time":"1 minute"},"schema":{"@context":"https:\/\/schema.org","@graph":[{"@type":"WebPage","@id":"https:\/\/librairie7l.com\/en\/produit\/mineralia-mineraux-cristaux-et-lapidaires-alchimiques-2\/","url":"https:\/\/librairie7l.com\/en\/produit\/mineralia-mineraux-cristaux-et-lapidaires-alchimiques-2\/","name":"Mineralia : Min\u00e9raux, cristaux et lapidaires alchimiques - Librairie 7L","isPartOf":{"@id":"https:\/\/librairie7l.com\/en\/#website"},"datePublished":"2025-10-15T07:18:12+00:00","dateModified":"2026-04-22T16:16:51+00:00","breadcrumb":{"@id":"https:\/\/librairie7l.com\/en\/produit\/mineralia-mineraux-cristaux-et-lapidaires-alchimiques-2\/#breadcrumb"},"inLanguage":"en-US","potentialAction":[{"@type":"ReadAction","target":["https:\/\/librairie7l.com\/en\/produit\/mineralia-mineraux-cristaux-et-lapidaires-alchimiques-2\/"]}]},{"@type":"BreadcrumbList","@id":"https:\/\/librairie7l.com\/en\/produit\/mineralia-mineraux-cristaux-et-lapidaires-alchimiques-2\/#breadcrumb","itemListElement":[{"@type":"ListItem","position":1,"name":"Accueil","item":"https:\/\/librairie7l.com\/en\/"},{"@type":"ListItem","position":2,"name":"Shop","item":"https:\/\/librairie7l.com\/en\/shop\/"},{"@type":"ListItem","position":3,"name":"MINERALIA : MIN\u00c9RAUX, CRISTAUX ET LAPIDAIRES ALCHIMIQUES"}]},{"@type":"WebSite","@id":"https:\/\/librairie7l.com\/en\/#website","url":"https:\/\/librairie7l.com\/en\/","name":"Librairie 7L","description":"Librairie fond\u00e9e en 1999 par Karl Lagerfeld \u00e0 Paris","publisher":{"@id":"https:\/\/librairie7l.com\/en\/#organization"},"potentialAction":[{"@type":"SearchAction","target":{"@type":"EntryPoint","urlTemplate":"https:\/\/librairie7l.com\/en\/?s={search_term_string}"},"query-input":"required name=search_term_string"}],"inLanguage":"en-US"},{"@type":"Organization","@id":"https:\/\/librairie7l.com\/en\/#organization","name":"Librairie 7L","url":"https:\/\/librairie7l.com\/en\/","logo":{"@type":"ImageObject","inLanguage":"en-US","@id":"https:\/\/librairie7l.com\/en\/#\/schema\/logo\/image\/","url":"https:\/\/librairie7l.com\/wp-content\/uploads\/2022\/08\/logo-1.png","contentUrl":"https:\/\/librairie7l.com\/wp-content\/uploads\/2022\/08\/logo-1.png","width":227,"height":301,"caption":"Librairie 7L"},"image":{"@id":"https:\/\/librairie7l.com\/en\/#\/schema\/logo\/image\/"}}]}},"_links":{"self":[{"href":"https:\/\/librairie7l.com\/en\/wp-json\/wp\/v2\/product\/51380"}],"collection":[{"href":"https:\/\/librairie7l.com\/en\/wp-json\/wp\/v2\/product"}],"about":[{"href":"https:\/\/librairie7l.com\/en\/wp-json\/wp\/v2\/types\/product"}],"wp:featuredmedia":[{"embeddable":true,"href":"https:\/\/librairie7l.com\/en\/wp-json\/wp\/v2\/media\/51378"}],"wp:attachment":[{"href":"https:\/\/librairie7l.com\/en\/wp-json\/wp\/v2\/media?parent=51380"}],"wp:term":[{"taxonomy":"product_cat","embeddable":true,"href":"https:\/\/librairie7l.com\/en\/wp-json\/wp\/v2\/product_cat?post=51380"},{"taxonomy":"product_tag","embeddable":true,"href":"https:\/\/librairie7l.com\/en\/wp-json\/wp\/v2\/product_tag?post=51380"}],"curies":[{"name":"wp","href":"https:\/\/api.w.org\/{rel}","templated":true}]}}