{"id":51396,"date":"2025-10-15T09:18:21","date_gmt":"2025-10-15T07:18:21","guid":{"rendered":"https:\/\/librairie7l.com\/?post_type=product&#038;p=51396"},"modified":"2026-04-14T08:47:41","modified_gmt":"2026-04-14T06:47:41","slug":"glaciers-2","status":"publish","type":"product","link":"https:\/\/librairie7l.com\/en\/produit\/glaciers-2\/","title":{"rendered":"GLACIERS"},"content":{"rendered":"<p>Cet ouvrage s&#8217;inscrit dans 2025 Ann\u00e9e de la pr\u00e9servation desGlaciers initi\u00e9e par l&#8217;Unesco alors que 2024 fut l&#8217;ann\u00e9e la<br \/>\n pluschaude jamais enregistr\u00e9e.<br \/>\n La disparition progressive des glaciersentra\u00eene la perte culturelle de panoramas inestimables, \u00e9blouissants dans leurmajest\u00e9,<br \/>\n qui ont fascin\u00e9 des g\u00e9n\u00e9rations de voyageurs, d&#8217;artistes,de po\u00e8tes et de photographes.<br \/>\n Mais les glaciers sont avant tout, des\u00e9l\u00e9ments fondamentaux dans la r\u00e9gulation du cycle hydrologique et du climatlocal et<br \/>\n mondial, ils sont vivants et favorisent la vie. Deuxmilliards de personnes d\u00e9pendent d&#8217;eux pour l&#8217;approvisionnement en eau<br \/>\n potable et les deux tiers de l&#8217;agriculture irrigu\u00e9e mondiale.<br \/>\nAvec ce livre Sebasti\u00e3o Salgado nous propose le r\u00e9cit dramatique d&#8217;une lentedisparition des neiges \u00e9ternelles en saisissant<br \/>\n \u00e0 travers denombreuses exp\u00e9ditions la beaut\u00e9 \u00e9poustouflante de ces sites. Son \u00e9criturephotographique et son langage<br \/>\n original sont imm\u00e9diatementreconnaissables, bas\u00e9s sur un noir et blanc et des gris subtils gr\u00e2ce \u00e0 deslumi\u00e8res et des<br \/>\n cadrages qu&#8217;il ma\u00eetrise parfaitement. De lap\u00e9ninsule antarctique au Canada, de la Patagonie \u00e0 l&#8217;Himalaya, de la G\u00e9orgiedu<br \/>\n Sud \u00e0 la Russie, la plupart des photographies de cet ouvrage nesont nullement une d\u00e9nonciation ou des effets faciles. C&#8217;est<br \/>\n justela beaut\u00e9 poignante de ces paysages comme des paradis en perdition, le silencedes \u00e9tendues blanches o\u00f9 se profilent<br \/>\n des ombres noires qui nous\u00e9meuvent et nous terrifient en m\u00eame temps.<br \/>\n Si l&#8217;homme est absent, sapr\u00e9sence implicitement destructrice nous interpelle, nous obligeant \u00e0 r\u00e9agir caril est sans doute<br \/>\n encore temps de r\u00e9tablir une forme d&#8217;amour avecnotre plan\u00e8te.<br \/>\n Le livre est enrichi d&#8217;un essai d&#8217;Elisa Palazzi,climatologue et professeur au d\u00e9partement de physique de l&#8217;universit\u00e9 deTurin.<br \/>\n Sebasti\u00e3o Salgado n\u00e9 en 1944 au Br\u00e9sil a d\u00e9but\u00e9 laphotographie en 1973 et s&#8217;est toujours int\u00e9ress\u00e9 \u00e0 l&#8217;activit\u00e9 humaine et \u00e0 laplan\u00e8te.<br \/>\n Son premier livre Autres Am\u00e9riques fut publi\u00e9 en 1986 parContrejour. Depuis qu&#8217;il a fond\u00e9 Amazones Images avec Lelia WanickSalgado,<br \/>\n il d\u00e9veloppe de v\u00e9ritables voies de diffusion par leslivres et les expositions en faveur des causes qu&#8217;ensemble ils d\u00e9cidentd&#8217;\u00e9pouser et<br \/>\n de soutenir.<\/p>\n","protected":false},"excerpt":{"rendered":"<p>Cet ouvrage s&#8217;inscrit dans 2025 Ann\u00e9e de la pr\u00e9servation desGlaciers initi\u00e9e par l&#8217;Unesco alors que 2024 fut l&#8217;ann\u00e9e la pluschaude jamais enregistr\u00e9e. La disparition progressive des glaciersentra\u00eene la perte culturelle de panoramas inestimables, \u00e9blouissants dans leurmajest\u00e9, qui ont fascin\u00e9 des g\u00e9n\u00e9rations de voyageurs, d&#8217;artistes,de po\u00e8tes et de photographes. Mais les glaciers sont avant tout, des\u00e9l\u00e9ments [&hellip;]<\/p>\n","protected":false},"featured_media":51394,"template":"","meta":[],"product_cat":[2948,2958],"product_tag":[],"acf":[],"yoast_head":"<!-- This site is optimized with the Yoast SEO plugin v20.11 - https:\/\/yoast.com\/wordpress\/plugins\/seo\/ -->\n<title>Glaciers - Librairie 7L<\/title>\n<meta name=\"robots\" content=\"index, follow, max-snippet:-1, max-image-preview:large, max-video-preview:-1\" \/>\n<link rel=\"canonical\" href=\"https:\/\/librairie7l.com\/en\/produit\/glaciers-2\/\" \/>\n<meta property=\"og:locale\" content=\"en_US\" \/>\n<meta property=\"og:type\" content=\"article\" \/>\n<meta property=\"og:title\" content=\"Glaciers - Librairie 7L\" \/>\n<meta property=\"og:description\" content=\"Cet ouvrage s&#8217;inscrit dans 2025 Ann\u00e9e de la pr\u00e9servation desGlaciers initi\u00e9e par l&#8217;Unesco alors que 2024 fut l&#8217;ann\u00e9e la pluschaude jamais enregistr\u00e9e. La disparition progressive des glaciersentra\u00eene la perte culturelle de panoramas inestimables, \u00e9blouissants dans leurmajest\u00e9, qui ont fascin\u00e9 des g\u00e9n\u00e9rations de voyageurs, d&#8217;artistes,de po\u00e8tes et de photographes. Mais les glaciers sont avant tout, des\u00e9l\u00e9ments [&hellip;]\" \/>\n<meta property=\"og:url\" content=\"https:\/\/librairie7l.com\/en\/produit\/glaciers-2\/\" \/>\n<meta property=\"og:site_name\" content=\"Librairie 7L\" \/>\n<meta property=\"article:modified_time\" content=\"2026-04-14T06:47:41+00:00\" \/>\n<meta property=\"og:image\" content=\"https:\/\/librairie7l.com\/wp-content\/uploads\/2025\/06\/9791090294684_1_75.jpg\" \/>\n\t<meta property=\"og:image:width\" content=\"600\" \/>\n\t<meta property=\"og:image:height\" content=\"748\" \/>\n\t<meta property=\"og:image:type\" content=\"image\/jpeg\" \/>\n<meta name=\"twitter:card\" content=\"summary_large_image\" \/>\n<meta name=\"twitter:label1\" content=\"Est. reading time\" \/>\n\t<meta name=\"twitter:data1\" content=\"2 minutes\" \/>\n<script type=\"application\/ld+json\" class=\"yoast-schema-graph\">{\"@context\":\"https:\/\/schema.org\",\"@graph\":[{\"@type\":\"WebPage\",\"@id\":\"https:\/\/librairie7l.com\/en\/produit\/glaciers-2\/\",\"url\":\"https:\/\/librairie7l.com\/en\/produit\/glaciers-2\/\",\"name\":\"Glaciers - Librairie 7L\",\"isPartOf\":{\"@id\":\"https:\/\/librairie7l.com\/en\/#website\"},\"datePublished\":\"2025-10-15T07:18:21+00:00\",\"dateModified\":\"2026-04-14T06:47:41+00:00\",\"breadcrumb\":{\"@id\":\"https:\/\/librairie7l.com\/en\/produit\/glaciers-2\/#breadcrumb\"},\"inLanguage\":\"en-US\",\"potentialAction\":[{\"@type\":\"ReadAction\",\"target\":[\"https:\/\/librairie7l.com\/en\/produit\/glaciers-2\/\"]}]},{\"@type\":\"BreadcrumbList\",\"@id\":\"https:\/\/librairie7l.com\/en\/produit\/glaciers-2\/#breadcrumb\",\"itemListElement\":[{\"@type\":\"ListItem\",\"position\":1,\"name\":\"Accueil\",\"item\":\"https:\/\/librairie7l.com\/en\/\"},{\"@type\":\"ListItem\",\"position\":2,\"name\":\"Shop\",\"item\":\"https:\/\/librairie7l.com\/en\/shop\/\"},{\"@type\":\"ListItem\",\"position\":3,\"name\":\"GLACIERS\"}]},{\"@type\":\"WebSite\",\"@id\":\"https:\/\/librairie7l.com\/en\/#website\",\"url\":\"https:\/\/librairie7l.com\/en\/\",\"name\":\"Librairie 7L\",\"description\":\"Librairie fond\u00e9e en 1999 par Karl Lagerfeld \u00e0 Paris\",\"publisher\":{\"@id\":\"https:\/\/librairie7l.com\/en\/#organization\"},\"potentialAction\":[{\"@type\":\"SearchAction\",\"target\":{\"@type\":\"EntryPoint\",\"urlTemplate\":\"https:\/\/librairie7l.com\/en\/?s={search_term_string}\"},\"query-input\":\"required name=search_term_string\"}],\"inLanguage\":\"en-US\"},{\"@type\":\"Organization\",\"@id\":\"https:\/\/librairie7l.com\/en\/#organization\",\"name\":\"Librairie 7L\",\"url\":\"https:\/\/librairie7l.com\/en\/\",\"logo\":{\"@type\":\"ImageObject\",\"inLanguage\":\"en-US\",\"@id\":\"https:\/\/librairie7l.com\/en\/#\/schema\/logo\/image\/\",\"url\":\"https:\/\/librairie7l.com\/wp-content\/uploads\/2022\/08\/logo-1.png\",\"contentUrl\":\"https:\/\/librairie7l.com\/wp-content\/uploads\/2022\/08\/logo-1.png\",\"width\":227,\"height\":301,\"caption\":\"Librairie 7L\"},\"image\":{\"@id\":\"https:\/\/librairie7l.com\/en\/#\/schema\/logo\/image\/\"}}]}<\/script>\n<!-- \/ Yoast SEO plugin. -->","yoast_head_json":{"title":"Glaciers - Librairie 7L","robots":{"index":"index","follow":"follow","max-snippet":"max-snippet:-1","max-image-preview":"max-image-preview:large","max-video-preview":"max-video-preview:-1"},"canonical":"https:\/\/librairie7l.com\/en\/produit\/glaciers-2\/","og_locale":"en_US","og_type":"article","og_title":"Glaciers - Librairie 7L","og_description":"Cet ouvrage s&#8217;inscrit dans 2025 Ann\u00e9e de la pr\u00e9servation desGlaciers initi\u00e9e par l&#8217;Unesco alors que 2024 fut l&#8217;ann\u00e9e la pluschaude jamais enregistr\u00e9e. La disparition progressive des glaciersentra\u00eene la perte culturelle de panoramas inestimables, \u00e9blouissants dans leurmajest\u00e9, qui ont fascin\u00e9 des g\u00e9n\u00e9rations de voyageurs, d&#8217;artistes,de po\u00e8tes et de photographes. Mais les glaciers sont avant tout, des\u00e9l\u00e9ments [&hellip;]","og_url":"https:\/\/librairie7l.com\/en\/produit\/glaciers-2\/","og_site_name":"Librairie 7L","article_modified_time":"2026-04-14T06:47:41+00:00","og_image":[{"width":600,"height":748,"url":"https:\/\/librairie7l.com\/wp-content\/uploads\/2025\/06\/9791090294684_1_75.jpg","type":"image\/jpeg"}],"twitter_card":"summary_large_image","twitter_misc":{"Est. reading time":"2 minutes"},"schema":{"@context":"https:\/\/schema.org","@graph":[{"@type":"WebPage","@id":"https:\/\/librairie7l.com\/en\/produit\/glaciers-2\/","url":"https:\/\/librairie7l.com\/en\/produit\/glaciers-2\/","name":"Glaciers - Librairie 7L","isPartOf":{"@id":"https:\/\/librairie7l.com\/en\/#website"},"datePublished":"2025-10-15T07:18:21+00:00","dateModified":"2026-04-14T06:47:41+00:00","breadcrumb":{"@id":"https:\/\/librairie7l.com\/en\/produit\/glaciers-2\/#breadcrumb"},"inLanguage":"en-US","potentialAction":[{"@type":"ReadAction","target":["https:\/\/librairie7l.com\/en\/produit\/glaciers-2\/"]}]},{"@type":"BreadcrumbList","@id":"https:\/\/librairie7l.com\/en\/produit\/glaciers-2\/#breadcrumb","itemListElement":[{"@type":"ListItem","position":1,"name":"Accueil","item":"https:\/\/librairie7l.com\/en\/"},{"@type":"ListItem","position":2,"name":"Shop","item":"https:\/\/librairie7l.com\/en\/shop\/"},{"@type":"ListItem","position":3,"name":"GLACIERS"}]},{"@type":"WebSite","@id":"https:\/\/librairie7l.com\/en\/#website","url":"https:\/\/librairie7l.com\/en\/","name":"Librairie 7L","description":"Librairie fond\u00e9e en 1999 par Karl Lagerfeld \u00e0 Paris","publisher":{"@id":"https:\/\/librairie7l.com\/en\/#organization"},"potentialAction":[{"@type":"SearchAction","target":{"@type":"EntryPoint","urlTemplate":"https:\/\/librairie7l.com\/en\/?s={search_term_string}"},"query-input":"required name=search_term_string"}],"inLanguage":"en-US"},{"@type":"Organization","@id":"https:\/\/librairie7l.com\/en\/#organization","name":"Librairie 7L","url":"https:\/\/librairie7l.com\/en\/","logo":{"@type":"ImageObject","inLanguage":"en-US","@id":"https:\/\/librairie7l.com\/en\/#\/schema\/logo\/image\/","url":"https:\/\/librairie7l.com\/wp-content\/uploads\/2022\/08\/logo-1.png","contentUrl":"https:\/\/librairie7l.com\/wp-content\/uploads\/2022\/08\/logo-1.png","width":227,"height":301,"caption":"Librairie 7L"},"image":{"@id":"https:\/\/librairie7l.com\/en\/#\/schema\/logo\/image\/"}}]}},"_links":{"self":[{"href":"https:\/\/librairie7l.com\/en\/wp-json\/wp\/v2\/product\/51396"}],"collection":[{"href":"https:\/\/librairie7l.com\/en\/wp-json\/wp\/v2\/product"}],"about":[{"href":"https:\/\/librairie7l.com\/en\/wp-json\/wp\/v2\/types\/product"}],"wp:featuredmedia":[{"embeddable":true,"href":"https:\/\/librairie7l.com\/en\/wp-json\/wp\/v2\/media\/51394"}],"wp:attachment":[{"href":"https:\/\/librairie7l.com\/en\/wp-json\/wp\/v2\/media?parent=51396"}],"wp:term":[{"taxonomy":"product_cat","embeddable":true,"href":"https:\/\/librairie7l.com\/en\/wp-json\/wp\/v2\/product_cat?post=51396"},{"taxonomy":"product_tag","embeddable":true,"href":"https:\/\/librairie7l.com\/en\/wp-json\/wp\/v2\/product_tag?post=51396"}],"curies":[{"name":"wp","href":"https:\/\/api.w.org\/{rel}","templated":true}]}}