{"id":51400,"date":"2025-10-15T09:18:24","date_gmt":"2025-10-15T07:18:24","guid":{"rendered":"https:\/\/librairie7l.com\/?post_type=product&#038;p=51400"},"modified":"2026-04-17T03:05:34","modified_gmt":"2026-04-17T01:05:34","slug":"gerhard-richter-2","status":"publish","type":"product","link":"https:\/\/librairie7l.com\/en\/produit\/gerhard-richter-2\/","title":{"rendered":"GERHARD RICHTER"},"content":{"rendered":"<p>Co\u00e9dition Fondation Louis Vuitton \/ Citadelles &amp; Mazenod<br \/>\nGerhard Richter se d\u00e9crit lui-m\u00eame comme un &#8220;peintre classique&#8221;. Ce catalogue de l&#8217;exposition majeure organis\u00e9e par la Fondation Vuitton vise \u00e0 pr\u00e9senter l&#8217;\u00e9volution compl\u00e8te de sa carri\u00e8re, qui s&#8217;\u00e9tend sur plus de six d\u00e9cennies. Plus de 250 oeuvres mettent en lumi\u00e8re \u00e0 la fois les continuit\u00e9s et les ruptures dans ses r\u00e9alisations, qui comprennent non seulement des peintures, mais aussi des dessins exquis, des photographies surpeintes et des sculptures.<br \/>\nForm\u00e9 \u00e0 Dresde, Richter s&#8217;int\u00e9resse aux genres historiques de la peinture et cherche \u00e0 les r\u00e9interpr\u00e9ter dans le contexte de l&#8217;\u00e9poque contemporaine, r\u00e9v\u00e9lant la beaut\u00e9 et les questions \u00e9thiques \u00e0 travers des sujets apparemement conventionnels. Il a \u00e9galement explor\u00e9 diverses techniques de peinture, cr\u00e9ant des oeuvres qui vont du calme et du raffinement \u00e0 l&#8217;\u00e9nergie d\u00e9bordante, refl\u00e9tant son engagement physique dans le processus cr\u00e9atif.<br \/>\nExposition du 15 octobre 2025 au 02 mars 2026<\/p>\n","protected":false},"excerpt":{"rendered":"<p>Co\u00e9dition Fondation Louis Vuitton \/ Citadelles &amp; Mazenod Gerhard Richter se d\u00e9crit lui-m\u00eame comme un &#8220;peintre classique&#8221;. Ce catalogue de l&#8217;exposition majeure organis\u00e9e par la Fondation Vuitton vise \u00e0 pr\u00e9senter l&#8217;\u00e9volution compl\u00e8te de sa carri\u00e8re, qui s&#8217;\u00e9tend sur plus de six d\u00e9cennies. Plus de 250 oeuvres mettent en lumi\u00e8re \u00e0 la fois les continuit\u00e9s et [&hellip;]<\/p>\n","protected":false},"featured_media":51398,"template":"","meta":[],"product_cat":[2948,2953],"product_tag":[],"acf":[],"yoast_head":"<!-- This site is optimized with the Yoast SEO plugin v20.11 - https:\/\/yoast.com\/wordpress\/plugins\/seo\/ -->\n<title>Gerhard Richter - Librairie 7L<\/title>\n<meta name=\"robots\" content=\"index, follow, max-snippet:-1, max-image-preview:large, max-video-preview:-1\" \/>\n<link rel=\"canonical\" href=\"https:\/\/librairie7l.com\/en\/produit\/gerhard-richter-2\/\" \/>\n<meta property=\"og:locale\" content=\"en_US\" \/>\n<meta property=\"og:type\" content=\"article\" \/>\n<meta property=\"og:title\" content=\"Gerhard Richter - Librairie 7L\" \/>\n<meta property=\"og:description\" content=\"Co\u00e9dition Fondation Louis Vuitton \/ Citadelles &amp; Mazenod Gerhard Richter se d\u00e9crit lui-m\u00eame comme un &#8220;peintre classique&#8221;. Ce catalogue de l&#8217;exposition majeure organis\u00e9e par la Fondation Vuitton vise \u00e0 pr\u00e9senter l&#8217;\u00e9volution compl\u00e8te de sa carri\u00e8re, qui s&#8217;\u00e9tend sur plus de six d\u00e9cennies. Plus de 250 oeuvres mettent en lumi\u00e8re \u00e0 la fois les continuit\u00e9s et [&hellip;]\" \/>\n<meta property=\"og:url\" content=\"https:\/\/librairie7l.com\/en\/produit\/gerhard-richter-2\/\" \/>\n<meta property=\"og:site_name\" content=\"Librairie 7L\" \/>\n<meta property=\"article:modified_time\" content=\"2026-04-17T01:05:34+00:00\" \/>\n<meta property=\"og:image\" content=\"https:\/\/librairie7l.com\/wp-content\/uploads\/2025\/04\/9782386110573_1_75.jpg\" \/>\n\t<meta property=\"og:image:width\" content=\"600\" \/>\n\t<meta property=\"og:image:height\" content=\"746\" \/>\n\t<meta property=\"og:image:type\" content=\"image\/jpeg\" \/>\n<meta name=\"twitter:card\" content=\"summary_large_image\" \/>\n<meta name=\"twitter:label1\" content=\"Est. reading time\" \/>\n\t<meta name=\"twitter:data1\" content=\"1 minute\" \/>\n<script type=\"application\/ld+json\" class=\"yoast-schema-graph\">{\"@context\":\"https:\/\/schema.org\",\"@graph\":[{\"@type\":\"WebPage\",\"@id\":\"https:\/\/librairie7l.com\/en\/produit\/gerhard-richter-2\/\",\"url\":\"https:\/\/librairie7l.com\/en\/produit\/gerhard-richter-2\/\",\"name\":\"Gerhard Richter - Librairie 7L\",\"isPartOf\":{\"@id\":\"https:\/\/librairie7l.com\/en\/#website\"},\"datePublished\":\"2025-10-15T07:18:24+00:00\",\"dateModified\":\"2026-04-17T01:05:34+00:00\",\"breadcrumb\":{\"@id\":\"https:\/\/librairie7l.com\/en\/produit\/gerhard-richter-2\/#breadcrumb\"},\"inLanguage\":\"en-US\",\"potentialAction\":[{\"@type\":\"ReadAction\",\"target\":[\"https:\/\/librairie7l.com\/en\/produit\/gerhard-richter-2\/\"]}]},{\"@type\":\"BreadcrumbList\",\"@id\":\"https:\/\/librairie7l.com\/en\/produit\/gerhard-richter-2\/#breadcrumb\",\"itemListElement\":[{\"@type\":\"ListItem\",\"position\":1,\"name\":\"Accueil\",\"item\":\"https:\/\/librairie7l.com\/en\/\"},{\"@type\":\"ListItem\",\"position\":2,\"name\":\"Shop\",\"item\":\"https:\/\/librairie7l.com\/en\/shop\/\"},{\"@type\":\"ListItem\",\"position\":3,\"name\":\"GERHARD RICHTER\"}]},{\"@type\":\"WebSite\",\"@id\":\"https:\/\/librairie7l.com\/en\/#website\",\"url\":\"https:\/\/librairie7l.com\/en\/\",\"name\":\"Librairie 7L\",\"description\":\"Librairie fond\u00e9e en 1999 par Karl Lagerfeld \u00e0 Paris\",\"publisher\":{\"@id\":\"https:\/\/librairie7l.com\/en\/#organization\"},\"potentialAction\":[{\"@type\":\"SearchAction\",\"target\":{\"@type\":\"EntryPoint\",\"urlTemplate\":\"https:\/\/librairie7l.com\/en\/?s={search_term_string}\"},\"query-input\":\"required name=search_term_string\"}],\"inLanguage\":\"en-US\"},{\"@type\":\"Organization\",\"@id\":\"https:\/\/librairie7l.com\/en\/#organization\",\"name\":\"Librairie 7L\",\"url\":\"https:\/\/librairie7l.com\/en\/\",\"logo\":{\"@type\":\"ImageObject\",\"inLanguage\":\"en-US\",\"@id\":\"https:\/\/librairie7l.com\/en\/#\/schema\/logo\/image\/\",\"url\":\"https:\/\/librairie7l.com\/wp-content\/uploads\/2022\/08\/logo-1.png\",\"contentUrl\":\"https:\/\/librairie7l.com\/wp-content\/uploads\/2022\/08\/logo-1.png\",\"width\":227,\"height\":301,\"caption\":\"Librairie 7L\"},\"image\":{\"@id\":\"https:\/\/librairie7l.com\/en\/#\/schema\/logo\/image\/\"}}]}<\/script>\n<!-- \/ Yoast SEO plugin. -->","yoast_head_json":{"title":"Gerhard Richter - Librairie 7L","robots":{"index":"index","follow":"follow","max-snippet":"max-snippet:-1","max-image-preview":"max-image-preview:large","max-video-preview":"max-video-preview:-1"},"canonical":"https:\/\/librairie7l.com\/en\/produit\/gerhard-richter-2\/","og_locale":"en_US","og_type":"article","og_title":"Gerhard Richter - Librairie 7L","og_description":"Co\u00e9dition Fondation Louis Vuitton \/ Citadelles &amp; Mazenod Gerhard Richter se d\u00e9crit lui-m\u00eame comme un &#8220;peintre classique&#8221;. Ce catalogue de l&#8217;exposition majeure organis\u00e9e par la Fondation Vuitton vise \u00e0 pr\u00e9senter l&#8217;\u00e9volution compl\u00e8te de sa carri\u00e8re, qui s&#8217;\u00e9tend sur plus de six d\u00e9cennies. Plus de 250 oeuvres mettent en lumi\u00e8re \u00e0 la fois les continuit\u00e9s et [&hellip;]","og_url":"https:\/\/librairie7l.com\/en\/produit\/gerhard-richter-2\/","og_site_name":"Librairie 7L","article_modified_time":"2026-04-17T01:05:34+00:00","og_image":[{"width":600,"height":746,"url":"https:\/\/librairie7l.com\/wp-content\/uploads\/2025\/04\/9782386110573_1_75.jpg","type":"image\/jpeg"}],"twitter_card":"summary_large_image","twitter_misc":{"Est. reading time":"1 minute"},"schema":{"@context":"https:\/\/schema.org","@graph":[{"@type":"WebPage","@id":"https:\/\/librairie7l.com\/en\/produit\/gerhard-richter-2\/","url":"https:\/\/librairie7l.com\/en\/produit\/gerhard-richter-2\/","name":"Gerhard Richter - Librairie 7L","isPartOf":{"@id":"https:\/\/librairie7l.com\/en\/#website"},"datePublished":"2025-10-15T07:18:24+00:00","dateModified":"2026-04-17T01:05:34+00:00","breadcrumb":{"@id":"https:\/\/librairie7l.com\/en\/produit\/gerhard-richter-2\/#breadcrumb"},"inLanguage":"en-US","potentialAction":[{"@type":"ReadAction","target":["https:\/\/librairie7l.com\/en\/produit\/gerhard-richter-2\/"]}]},{"@type":"BreadcrumbList","@id":"https:\/\/librairie7l.com\/en\/produit\/gerhard-richter-2\/#breadcrumb","itemListElement":[{"@type":"ListItem","position":1,"name":"Accueil","item":"https:\/\/librairie7l.com\/en\/"},{"@type":"ListItem","position":2,"name":"Shop","item":"https:\/\/librairie7l.com\/en\/shop\/"},{"@type":"ListItem","position":3,"name":"GERHARD RICHTER"}]},{"@type":"WebSite","@id":"https:\/\/librairie7l.com\/en\/#website","url":"https:\/\/librairie7l.com\/en\/","name":"Librairie 7L","description":"Librairie fond\u00e9e en 1999 par Karl Lagerfeld \u00e0 Paris","publisher":{"@id":"https:\/\/librairie7l.com\/en\/#organization"},"potentialAction":[{"@type":"SearchAction","target":{"@type":"EntryPoint","urlTemplate":"https:\/\/librairie7l.com\/en\/?s={search_term_string}"},"query-input":"required name=search_term_string"}],"inLanguage":"en-US"},{"@type":"Organization","@id":"https:\/\/librairie7l.com\/en\/#organization","name":"Librairie 7L","url":"https:\/\/librairie7l.com\/en\/","logo":{"@type":"ImageObject","inLanguage":"en-US","@id":"https:\/\/librairie7l.com\/en\/#\/schema\/logo\/image\/","url":"https:\/\/librairie7l.com\/wp-content\/uploads\/2022\/08\/logo-1.png","contentUrl":"https:\/\/librairie7l.com\/wp-content\/uploads\/2022\/08\/logo-1.png","width":227,"height":301,"caption":"Librairie 7L"},"image":{"@id":"https:\/\/librairie7l.com\/en\/#\/schema\/logo\/image\/"}}]}},"_links":{"self":[{"href":"https:\/\/librairie7l.com\/en\/wp-json\/wp\/v2\/product\/51400"}],"collection":[{"href":"https:\/\/librairie7l.com\/en\/wp-json\/wp\/v2\/product"}],"about":[{"href":"https:\/\/librairie7l.com\/en\/wp-json\/wp\/v2\/types\/product"}],"wp:featuredmedia":[{"embeddable":true,"href":"https:\/\/librairie7l.com\/en\/wp-json\/wp\/v2\/media\/51398"}],"wp:attachment":[{"href":"https:\/\/librairie7l.com\/en\/wp-json\/wp\/v2\/media?parent=51400"}],"wp:term":[{"taxonomy":"product_cat","embeddable":true,"href":"https:\/\/librairie7l.com\/en\/wp-json\/wp\/v2\/product_cat?post=51400"},{"taxonomy":"product_tag","embeddable":true,"href":"https:\/\/librairie7l.com\/en\/wp-json\/wp\/v2\/product_tag?post=51400"}],"curies":[{"name":"wp","href":"https:\/\/api.w.org\/{rel}","templated":true}]}}