{"id":51410,"date":"2025-10-15T10:16:14","date_gmt":"2025-10-15T08:16:14","guid":{"rendered":"https:\/\/librairie7l.com\/?post_type=product&#038;p=51410"},"modified":"2026-04-12T15:36:20","modified_gmt":"2026-04-12T13:36:20","slug":"jai-un-tel-desir-marie-laurencin-et-nicole-groult-2","status":"publish","type":"product","link":"https:\/\/librairie7l.com\/en\/produit\/jai-un-tel-desir-marie-laurencin-et-nicole-groult-2\/","title":{"rendered":"J&#8217;AI UN TEL D\u00c9SIR ; MARIE LAURENCIN ET NICOLE GROULT"},"content":{"rendered":"<p>\u00abJ&#8217;ai un tel d\u00e9sir de voir ton visage dans le plaisir, je pense souvent \u00e0 cela\u00bb, \u00e9crivait Marie Laurencin \u00e0 son amante Nicole Groult, alors que la guerre les avait s\u00e9par\u00e9es. L&#8217;une est une peintre connue, ancienne ma\u00eetresse d&#8217;Apollinaire, l&#8217;autre une couturi\u00e8re talentueuse, soeur de Paul Poiret et mari\u00e9e \u00e0 Andr\u00e9 Groult.Nous suivons leurs deux destins incandescents dans le Paris de la Belle \u00c9poque, de 1907 au d\u00e9but des ann\u00e9es vingt, qui furent \u00abcelles d&#8217;une f\u00eate perp\u00e9tuelle\u00bb. Que leur d\u00e9sir r\u00e9ciproque puisse \u00eatre coupable ne leur vient pas \u00e0 l&#8217;id\u00e9e : elles devancent leur temps, sans autre revendication que leur libert\u00e9 et leur plaisir. Entour\u00e9es d&#8217;Apollinaire, Picasso, Braque, Rousseau, Picabia, Roch\u00e9, elles ne laisseront personne briser leur entente qui durera toute leur vie.<\/p>\n","protected":false},"excerpt":{"rendered":"<p>\u00abJ&#8217;ai un tel d\u00e9sir de voir ton visage dans le plaisir, je pense souvent \u00e0 cela\u00bb, \u00e9crivait Marie Laurencin \u00e0 son amante Nicole Groult, alors que la guerre les avait s\u00e9par\u00e9es. L&#8217;une est une peintre connue, ancienne ma\u00eetresse d&#8217;Apollinaire, l&#8217;autre une couturi\u00e8re talentueuse, soeur de Paul Poiret et mari\u00e9e \u00e0 Andr\u00e9 Groult.Nous suivons leurs deux [&hellip;]<\/p>\n","protected":false},"featured_media":51408,"template":"","meta":[],"product_cat":[2948,2953],"product_tag":[],"acf":[],"yoast_head":"<!-- This site is optimized with the Yoast SEO plugin v20.11 - https:\/\/yoast.com\/wordpress\/plugins\/seo\/ -->\n<title>J&#039;ai un tel d\u00e9sir ; Marie Laurencin et Nicole Groult - Librairie 7L<\/title>\n<meta name=\"robots\" content=\"index, follow, max-snippet:-1, max-image-preview:large, max-video-preview:-1\" \/>\n<link rel=\"canonical\" href=\"https:\/\/librairie7l.com\/en\/produit\/jai-un-tel-desir-marie-laurencin-et-nicole-groult-2\/\" \/>\n<meta property=\"og:locale\" content=\"en_US\" \/>\n<meta property=\"og:type\" content=\"article\" \/>\n<meta property=\"og:title\" content=\"J&#039;ai un tel d\u00e9sir ; Marie Laurencin et Nicole Groult - Librairie 7L\" \/>\n<meta property=\"og:description\" content=\"\u00abJ&#8217;ai un tel d\u00e9sir de voir ton visage dans le plaisir, je pense souvent \u00e0 cela\u00bb, \u00e9crivait Marie Laurencin \u00e0 son amante Nicole Groult, alors que la guerre les avait s\u00e9par\u00e9es. L&#8217;une est une peintre connue, ancienne ma\u00eetresse d&#8217;Apollinaire, l&#8217;autre une couturi\u00e8re talentueuse, soeur de Paul Poiret et mari\u00e9e \u00e0 Andr\u00e9 Groult.Nous suivons leurs deux [&hellip;]\" \/>\n<meta property=\"og:url\" content=\"https:\/\/librairie7l.com\/en\/produit\/jai-un-tel-desir-marie-laurencin-et-nicole-groult-2\/\" \/>\n<meta property=\"og:site_name\" content=\"Librairie 7L\" \/>\n<meta property=\"article:modified_time\" content=\"2026-04-12T13:36:20+00:00\" \/>\n<meta property=\"og:image\" content=\"https:\/\/librairie7l.com\/wp-content\/uploads\/2019\/12\/9782290209608_1_75.jpg\" \/>\n\t<meta property=\"og:image:width\" content=\"600\" \/>\n\t<meta property=\"og:image:height\" content=\"967\" \/>\n\t<meta property=\"og:image:type\" content=\"image\/jpeg\" \/>\n<meta name=\"twitter:card\" content=\"summary_large_image\" \/>\n<meta name=\"twitter:label1\" content=\"Est. reading time\" \/>\n\t<meta name=\"twitter:data1\" content=\"1 minute\" \/>\n<script type=\"application\/ld+json\" class=\"yoast-schema-graph\">{\"@context\":\"https:\/\/schema.org\",\"@graph\":[{\"@type\":\"WebPage\",\"@id\":\"https:\/\/librairie7l.com\/en\/produit\/jai-un-tel-desir-marie-laurencin-et-nicole-groult-2\/\",\"url\":\"https:\/\/librairie7l.com\/en\/produit\/jai-un-tel-desir-marie-laurencin-et-nicole-groult-2\/\",\"name\":\"J'ai un tel d\u00e9sir ; Marie Laurencin et Nicole Groult - Librairie 7L\",\"isPartOf\":{\"@id\":\"https:\/\/librairie7l.com\/en\/#website\"},\"datePublished\":\"2025-10-15T08:16:14+00:00\",\"dateModified\":\"2026-04-12T13:36:20+00:00\",\"breadcrumb\":{\"@id\":\"https:\/\/librairie7l.com\/en\/produit\/jai-un-tel-desir-marie-laurencin-et-nicole-groult-2\/#breadcrumb\"},\"inLanguage\":\"en-US\",\"potentialAction\":[{\"@type\":\"ReadAction\",\"target\":[\"https:\/\/librairie7l.com\/en\/produit\/jai-un-tel-desir-marie-laurencin-et-nicole-groult-2\/\"]}]},{\"@type\":\"BreadcrumbList\",\"@id\":\"https:\/\/librairie7l.com\/en\/produit\/jai-un-tel-desir-marie-laurencin-et-nicole-groult-2\/#breadcrumb\",\"itemListElement\":[{\"@type\":\"ListItem\",\"position\":1,\"name\":\"Accueil\",\"item\":\"https:\/\/librairie7l.com\/en\/\"},{\"@type\":\"ListItem\",\"position\":2,\"name\":\"Shop\",\"item\":\"https:\/\/librairie7l.com\/en\/shop\/\"},{\"@type\":\"ListItem\",\"position\":3,\"name\":\"J&#8217;AI UN TEL D\u00c9SIR ; MARIE LAURENCIN ET NICOLE GROULT\"}]},{\"@type\":\"WebSite\",\"@id\":\"https:\/\/librairie7l.com\/en\/#website\",\"url\":\"https:\/\/librairie7l.com\/en\/\",\"name\":\"Librairie 7L\",\"description\":\"Librairie fond\u00e9e en 1999 par Karl Lagerfeld \u00e0 Paris\",\"publisher\":{\"@id\":\"https:\/\/librairie7l.com\/en\/#organization\"},\"potentialAction\":[{\"@type\":\"SearchAction\",\"target\":{\"@type\":\"EntryPoint\",\"urlTemplate\":\"https:\/\/librairie7l.com\/en\/?s={search_term_string}\"},\"query-input\":\"required name=search_term_string\"}],\"inLanguage\":\"en-US\"},{\"@type\":\"Organization\",\"@id\":\"https:\/\/librairie7l.com\/en\/#organization\",\"name\":\"Librairie 7L\",\"url\":\"https:\/\/librairie7l.com\/en\/\",\"logo\":{\"@type\":\"ImageObject\",\"inLanguage\":\"en-US\",\"@id\":\"https:\/\/librairie7l.com\/en\/#\/schema\/logo\/image\/\",\"url\":\"https:\/\/librairie7l.com\/wp-content\/uploads\/2022\/08\/logo-1.png\",\"contentUrl\":\"https:\/\/librairie7l.com\/wp-content\/uploads\/2022\/08\/logo-1.png\",\"width\":227,\"height\":301,\"caption\":\"Librairie 7L\"},\"image\":{\"@id\":\"https:\/\/librairie7l.com\/en\/#\/schema\/logo\/image\/\"}}]}<\/script>\n<!-- \/ Yoast SEO plugin. -->","yoast_head_json":{"title":"J'ai un tel d\u00e9sir ; Marie Laurencin et Nicole Groult - Librairie 7L","robots":{"index":"index","follow":"follow","max-snippet":"max-snippet:-1","max-image-preview":"max-image-preview:large","max-video-preview":"max-video-preview:-1"},"canonical":"https:\/\/librairie7l.com\/en\/produit\/jai-un-tel-desir-marie-laurencin-et-nicole-groult-2\/","og_locale":"en_US","og_type":"article","og_title":"J'ai un tel d\u00e9sir ; Marie Laurencin et Nicole Groult - Librairie 7L","og_description":"\u00abJ&#8217;ai un tel d\u00e9sir de voir ton visage dans le plaisir, je pense souvent \u00e0 cela\u00bb, \u00e9crivait Marie Laurencin \u00e0 son amante Nicole Groult, alors que la guerre les avait s\u00e9par\u00e9es. L&#8217;une est une peintre connue, ancienne ma\u00eetresse d&#8217;Apollinaire, l&#8217;autre une couturi\u00e8re talentueuse, soeur de Paul Poiret et mari\u00e9e \u00e0 Andr\u00e9 Groult.Nous suivons leurs deux [&hellip;]","og_url":"https:\/\/librairie7l.com\/en\/produit\/jai-un-tel-desir-marie-laurencin-et-nicole-groult-2\/","og_site_name":"Librairie 7L","article_modified_time":"2026-04-12T13:36:20+00:00","og_image":[{"width":600,"height":967,"url":"https:\/\/librairie7l.com\/wp-content\/uploads\/2019\/12\/9782290209608_1_75.jpg","type":"image\/jpeg"}],"twitter_card":"summary_large_image","twitter_misc":{"Est. reading time":"1 minute"},"schema":{"@context":"https:\/\/schema.org","@graph":[{"@type":"WebPage","@id":"https:\/\/librairie7l.com\/en\/produit\/jai-un-tel-desir-marie-laurencin-et-nicole-groult-2\/","url":"https:\/\/librairie7l.com\/en\/produit\/jai-un-tel-desir-marie-laurencin-et-nicole-groult-2\/","name":"J'ai un tel d\u00e9sir ; Marie Laurencin et Nicole Groult - Librairie 7L","isPartOf":{"@id":"https:\/\/librairie7l.com\/en\/#website"},"datePublished":"2025-10-15T08:16:14+00:00","dateModified":"2026-04-12T13:36:20+00:00","breadcrumb":{"@id":"https:\/\/librairie7l.com\/en\/produit\/jai-un-tel-desir-marie-laurencin-et-nicole-groult-2\/#breadcrumb"},"inLanguage":"en-US","potentialAction":[{"@type":"ReadAction","target":["https:\/\/librairie7l.com\/en\/produit\/jai-un-tel-desir-marie-laurencin-et-nicole-groult-2\/"]}]},{"@type":"BreadcrumbList","@id":"https:\/\/librairie7l.com\/en\/produit\/jai-un-tel-desir-marie-laurencin-et-nicole-groult-2\/#breadcrumb","itemListElement":[{"@type":"ListItem","position":1,"name":"Accueil","item":"https:\/\/librairie7l.com\/en\/"},{"@type":"ListItem","position":2,"name":"Shop","item":"https:\/\/librairie7l.com\/en\/shop\/"},{"@type":"ListItem","position":3,"name":"J&#8217;AI UN TEL D\u00c9SIR ; MARIE LAURENCIN ET NICOLE GROULT"}]},{"@type":"WebSite","@id":"https:\/\/librairie7l.com\/en\/#website","url":"https:\/\/librairie7l.com\/en\/","name":"Librairie 7L","description":"Librairie fond\u00e9e en 1999 par Karl Lagerfeld \u00e0 Paris","publisher":{"@id":"https:\/\/librairie7l.com\/en\/#organization"},"potentialAction":[{"@type":"SearchAction","target":{"@type":"EntryPoint","urlTemplate":"https:\/\/librairie7l.com\/en\/?s={search_term_string}"},"query-input":"required name=search_term_string"}],"inLanguage":"en-US"},{"@type":"Organization","@id":"https:\/\/librairie7l.com\/en\/#organization","name":"Librairie 7L","url":"https:\/\/librairie7l.com\/en\/","logo":{"@type":"ImageObject","inLanguage":"en-US","@id":"https:\/\/librairie7l.com\/en\/#\/schema\/logo\/image\/","url":"https:\/\/librairie7l.com\/wp-content\/uploads\/2022\/08\/logo-1.png","contentUrl":"https:\/\/librairie7l.com\/wp-content\/uploads\/2022\/08\/logo-1.png","width":227,"height":301,"caption":"Librairie 7L"},"image":{"@id":"https:\/\/librairie7l.com\/en\/#\/schema\/logo\/image\/"}}]}},"_links":{"self":[{"href":"https:\/\/librairie7l.com\/en\/wp-json\/wp\/v2\/product\/51410"}],"collection":[{"href":"https:\/\/librairie7l.com\/en\/wp-json\/wp\/v2\/product"}],"about":[{"href":"https:\/\/librairie7l.com\/en\/wp-json\/wp\/v2\/types\/product"}],"wp:featuredmedia":[{"embeddable":true,"href":"https:\/\/librairie7l.com\/en\/wp-json\/wp\/v2\/media\/51408"}],"wp:attachment":[{"href":"https:\/\/librairie7l.com\/en\/wp-json\/wp\/v2\/media?parent=51410"}],"wp:term":[{"taxonomy":"product_cat","embeddable":true,"href":"https:\/\/librairie7l.com\/en\/wp-json\/wp\/v2\/product_cat?post=51410"},{"taxonomy":"product_tag","embeddable":true,"href":"https:\/\/librairie7l.com\/en\/wp-json\/wp\/v2\/product_tag?post=51410"}],"curies":[{"name":"wp","href":"https:\/\/api.w.org\/{rel}","templated":true}]}}