{"id":51418,"date":"2025-10-15T10:16:19","date_gmt":"2025-10-15T08:16:19","guid":{"rendered":"https:\/\/librairie7l.com\/?post_type=product&#038;p=51418"},"modified":"2026-04-12T16:29:01","modified_gmt":"2026-04-12T14:29:01","slug":"jacques-grange-2","status":"publish","type":"product","link":"https:\/\/librairie7l.com\/en\/produit\/jacques-grange-2\/","title":{"rendered":"JACQUES GRANGE"},"content":{"rendered":"<p>Depuis plus de cinquante ans, Jacques Grange est le d\u00e9corateur de pr\u00e9dilection des maisons de collectionneurs, d&#8217;artistes, de couturiers, mais aussi des h\u00f4tels, des restaurants de luxe et des maisons historiques dont il faut conserver l&#8217;\u00e2me tout en les modernisant. Fort d&#8217;un cursus classique parisien et de sa passion pour l&#8217;art contemporain, Jacques Grange a d\u00e9velopp\u00e9 une conception unique et une approche inimitable de la d\u00e9coration d&#8217;int\u00e9rieur. Dans ce troisi\u00e8me opus consacr\u00e9 \u00e0 son travail, illustr\u00e9 de photographies in\u00e9dites de Nicolas Math\u00e9us, la vision tr\u00e8s contemporaine de la tradition fran\u00e7aise ch\u00e8re au ma\u00eetre-d\u00e9corateur est mise en valeur dans trente-huit de ses projets r\u00e9cents, en Europe et aux \u00c9tats-Unis. Luxueux h\u00f4tels particuliers \u00e0 Paris, \u00e9l\u00e9gantes r\u00e9sidences \u00e0 Londres et \u00e0 New York, h\u00f4tels con\u00e7us comme des maisons, refuges raffin\u00e9s en bord de mer en Nouvelle-Angleterre et \u00e0 Comporta, demeures historiques subtilement restaur\u00e9es en Normandie et sur la Riviera, chaque projet porte la touche singuli\u00e8re et le talent artistique in\u00e9gal\u00e9 de Jacques Grange. Le texte de Pierre Passebon explore les fondements de l&#8217;\u00e9volution cr\u00e9ative du d\u00e9corateur, sa connaissance de l&#8217;art contemporain, et examine son esth\u00e9tique \u00e9clectique, originale et raffin\u00e9e. Au cours de son illustre carri\u00e8re, Jacques Grange est toujours rest\u00e9 aussi inspir\u00e9 et ouvert sur le monde, continuant \u00e0 influencer de jeunes g\u00e9n\u00e9rations de clients et de designers par sa vision illimit\u00e9e et sa passion pour la beaut\u00e9.<\/p>\n","protected":false},"excerpt":{"rendered":"<p>Depuis plus de cinquante ans, Jacques Grange est le d\u00e9corateur de pr\u00e9dilection des maisons de collectionneurs, d&#8217;artistes, de couturiers, mais aussi des h\u00f4tels, des restaurants de luxe et des maisons historiques dont il faut conserver l&#8217;\u00e2me tout en les modernisant. Fort d&#8217;un cursus classique parisien et de sa passion pour l&#8217;art contemporain, Jacques Grange a [&hellip;]<\/p>\n","protected":false},"featured_media":51416,"template":"","meta":[],"product_cat":[2948,2951],"product_tag":[],"acf":[],"yoast_head":"<!-- This site is optimized with the Yoast SEO plugin v20.11 - https:\/\/yoast.com\/wordpress\/plugins\/seo\/ -->\n<title>Jacques Grange - Librairie 7L<\/title>\n<meta name=\"robots\" content=\"index, follow, max-snippet:-1, max-image-preview:large, max-video-preview:-1\" \/>\n<link rel=\"canonical\" href=\"https:\/\/librairie7l.com\/en\/produit\/jacques-grange-2\/\" \/>\n<meta property=\"og:locale\" content=\"en_US\" \/>\n<meta property=\"og:type\" content=\"article\" \/>\n<meta property=\"og:title\" content=\"Jacques Grange - Librairie 7L\" \/>\n<meta property=\"og:description\" content=\"Depuis plus de cinquante ans, Jacques Grange est le d\u00e9corateur de pr\u00e9dilection des maisons de collectionneurs, d&#8217;artistes, de couturiers, mais aussi des h\u00f4tels, des restaurants de luxe et des maisons historiques dont il faut conserver l&#8217;\u00e2me tout en les modernisant. Fort d&#8217;un cursus classique parisien et de sa passion pour l&#8217;art contemporain, Jacques Grange a [&hellip;]\" \/>\n<meta property=\"og:url\" content=\"https:\/\/librairie7l.com\/en\/produit\/jacques-grange-2\/\" \/>\n<meta property=\"og:site_name\" content=\"Librairie 7L\" \/>\n<meta property=\"article:modified_time\" content=\"2026-04-12T14:29:01+00:00\" \/>\n<meta property=\"og:image\" content=\"https:\/\/librairie7l.com\/wp-content\/uploads\/2025\/06\/9782080495815_1_75.jpg\" \/>\n\t<meta property=\"og:image:width\" content=\"600\" \/>\n\t<meta property=\"og:image:height\" content=\"771\" \/>\n\t<meta property=\"og:image:type\" content=\"image\/jpeg\" \/>\n<meta name=\"twitter:card\" content=\"summary_large_image\" \/>\n<meta name=\"twitter:label1\" content=\"Est. reading time\" \/>\n\t<meta name=\"twitter:data1\" content=\"1 minute\" \/>\n<script type=\"application\/ld+json\" class=\"yoast-schema-graph\">{\"@context\":\"https:\/\/schema.org\",\"@graph\":[{\"@type\":\"WebPage\",\"@id\":\"https:\/\/librairie7l.com\/en\/produit\/jacques-grange-2\/\",\"url\":\"https:\/\/librairie7l.com\/en\/produit\/jacques-grange-2\/\",\"name\":\"Jacques Grange - Librairie 7L\",\"isPartOf\":{\"@id\":\"https:\/\/librairie7l.com\/en\/#website\"},\"datePublished\":\"2025-10-15T08:16:19+00:00\",\"dateModified\":\"2026-04-12T14:29:01+00:00\",\"breadcrumb\":{\"@id\":\"https:\/\/librairie7l.com\/en\/produit\/jacques-grange-2\/#breadcrumb\"},\"inLanguage\":\"en-US\",\"potentialAction\":[{\"@type\":\"ReadAction\",\"target\":[\"https:\/\/librairie7l.com\/en\/produit\/jacques-grange-2\/\"]}]},{\"@type\":\"BreadcrumbList\",\"@id\":\"https:\/\/librairie7l.com\/en\/produit\/jacques-grange-2\/#breadcrumb\",\"itemListElement\":[{\"@type\":\"ListItem\",\"position\":1,\"name\":\"Accueil\",\"item\":\"https:\/\/librairie7l.com\/en\/\"},{\"@type\":\"ListItem\",\"position\":2,\"name\":\"Shop\",\"item\":\"https:\/\/librairie7l.com\/en\/shop\/\"},{\"@type\":\"ListItem\",\"position\":3,\"name\":\"JACQUES GRANGE\"}]},{\"@type\":\"WebSite\",\"@id\":\"https:\/\/librairie7l.com\/en\/#website\",\"url\":\"https:\/\/librairie7l.com\/en\/\",\"name\":\"Librairie 7L\",\"description\":\"Librairie fond\u00e9e en 1999 par Karl Lagerfeld \u00e0 Paris\",\"publisher\":{\"@id\":\"https:\/\/librairie7l.com\/en\/#organization\"},\"potentialAction\":[{\"@type\":\"SearchAction\",\"target\":{\"@type\":\"EntryPoint\",\"urlTemplate\":\"https:\/\/librairie7l.com\/en\/?s={search_term_string}\"},\"query-input\":\"required name=search_term_string\"}],\"inLanguage\":\"en-US\"},{\"@type\":\"Organization\",\"@id\":\"https:\/\/librairie7l.com\/en\/#organization\",\"name\":\"Librairie 7L\",\"url\":\"https:\/\/librairie7l.com\/en\/\",\"logo\":{\"@type\":\"ImageObject\",\"inLanguage\":\"en-US\",\"@id\":\"https:\/\/librairie7l.com\/en\/#\/schema\/logo\/image\/\",\"url\":\"https:\/\/librairie7l.com\/wp-content\/uploads\/2022\/08\/logo-1.png\",\"contentUrl\":\"https:\/\/librairie7l.com\/wp-content\/uploads\/2022\/08\/logo-1.png\",\"width\":227,\"height\":301,\"caption\":\"Librairie 7L\"},\"image\":{\"@id\":\"https:\/\/librairie7l.com\/en\/#\/schema\/logo\/image\/\"}}]}<\/script>\n<!-- \/ Yoast SEO plugin. -->","yoast_head_json":{"title":"Jacques Grange - Librairie 7L","robots":{"index":"index","follow":"follow","max-snippet":"max-snippet:-1","max-image-preview":"max-image-preview:large","max-video-preview":"max-video-preview:-1"},"canonical":"https:\/\/librairie7l.com\/en\/produit\/jacques-grange-2\/","og_locale":"en_US","og_type":"article","og_title":"Jacques Grange - Librairie 7L","og_description":"Depuis plus de cinquante ans, Jacques Grange est le d\u00e9corateur de pr\u00e9dilection des maisons de collectionneurs, d&#8217;artistes, de couturiers, mais aussi des h\u00f4tels, des restaurants de luxe et des maisons historiques dont il faut conserver l&#8217;\u00e2me tout en les modernisant. Fort d&#8217;un cursus classique parisien et de sa passion pour l&#8217;art contemporain, Jacques Grange a [&hellip;]","og_url":"https:\/\/librairie7l.com\/en\/produit\/jacques-grange-2\/","og_site_name":"Librairie 7L","article_modified_time":"2026-04-12T14:29:01+00:00","og_image":[{"width":600,"height":771,"url":"https:\/\/librairie7l.com\/wp-content\/uploads\/2025\/06\/9782080495815_1_75.jpg","type":"image\/jpeg"}],"twitter_card":"summary_large_image","twitter_misc":{"Est. reading time":"1 minute"},"schema":{"@context":"https:\/\/schema.org","@graph":[{"@type":"WebPage","@id":"https:\/\/librairie7l.com\/en\/produit\/jacques-grange-2\/","url":"https:\/\/librairie7l.com\/en\/produit\/jacques-grange-2\/","name":"Jacques Grange - Librairie 7L","isPartOf":{"@id":"https:\/\/librairie7l.com\/en\/#website"},"datePublished":"2025-10-15T08:16:19+00:00","dateModified":"2026-04-12T14:29:01+00:00","breadcrumb":{"@id":"https:\/\/librairie7l.com\/en\/produit\/jacques-grange-2\/#breadcrumb"},"inLanguage":"en-US","potentialAction":[{"@type":"ReadAction","target":["https:\/\/librairie7l.com\/en\/produit\/jacques-grange-2\/"]}]},{"@type":"BreadcrumbList","@id":"https:\/\/librairie7l.com\/en\/produit\/jacques-grange-2\/#breadcrumb","itemListElement":[{"@type":"ListItem","position":1,"name":"Accueil","item":"https:\/\/librairie7l.com\/en\/"},{"@type":"ListItem","position":2,"name":"Shop","item":"https:\/\/librairie7l.com\/en\/shop\/"},{"@type":"ListItem","position":3,"name":"JACQUES GRANGE"}]},{"@type":"WebSite","@id":"https:\/\/librairie7l.com\/en\/#website","url":"https:\/\/librairie7l.com\/en\/","name":"Librairie 7L","description":"Librairie fond\u00e9e en 1999 par Karl Lagerfeld \u00e0 Paris","publisher":{"@id":"https:\/\/librairie7l.com\/en\/#organization"},"potentialAction":[{"@type":"SearchAction","target":{"@type":"EntryPoint","urlTemplate":"https:\/\/librairie7l.com\/en\/?s={search_term_string}"},"query-input":"required name=search_term_string"}],"inLanguage":"en-US"},{"@type":"Organization","@id":"https:\/\/librairie7l.com\/en\/#organization","name":"Librairie 7L","url":"https:\/\/librairie7l.com\/en\/","logo":{"@type":"ImageObject","inLanguage":"en-US","@id":"https:\/\/librairie7l.com\/en\/#\/schema\/logo\/image\/","url":"https:\/\/librairie7l.com\/wp-content\/uploads\/2022\/08\/logo-1.png","contentUrl":"https:\/\/librairie7l.com\/wp-content\/uploads\/2022\/08\/logo-1.png","width":227,"height":301,"caption":"Librairie 7L"},"image":{"@id":"https:\/\/librairie7l.com\/en\/#\/schema\/logo\/image\/"}}]}},"_links":{"self":[{"href":"https:\/\/librairie7l.com\/en\/wp-json\/wp\/v2\/product\/51418"}],"collection":[{"href":"https:\/\/librairie7l.com\/en\/wp-json\/wp\/v2\/product"}],"about":[{"href":"https:\/\/librairie7l.com\/en\/wp-json\/wp\/v2\/types\/product"}],"wp:featuredmedia":[{"embeddable":true,"href":"https:\/\/librairie7l.com\/en\/wp-json\/wp\/v2\/media\/51416"}],"wp:attachment":[{"href":"https:\/\/librairie7l.com\/en\/wp-json\/wp\/v2\/media?parent=51418"}],"wp:term":[{"taxonomy":"product_cat","embeddable":true,"href":"https:\/\/librairie7l.com\/en\/wp-json\/wp\/v2\/product_cat?post=51418"},{"taxonomy":"product_tag","embeddable":true,"href":"https:\/\/librairie7l.com\/en\/wp-json\/wp\/v2\/product_tag?post=51418"}],"curies":[{"name":"wp","href":"https:\/\/api.w.org\/{rel}","templated":true}]}}