{"id":51422,"date":"2025-10-15T10:16:21","date_gmt":"2025-10-15T08:16:21","guid":{"rendered":"https:\/\/librairie7l.com\/?post_type=product&#038;p=51422"},"modified":"2026-04-12T15:36:18","modified_gmt":"2026-04-12T13:36:18","slug":"lart-moderne-des-pays-scandinaves-danemark-finlande-islande-norvege-suede-2","status":"publish","type":"product","link":"https:\/\/librairie7l.com\/en\/produit\/lart-moderne-des-pays-scandinaves-danemark-finlande-islande-norvege-suede-2\/","title":{"rendered":"L&#8217;ART MODERNE DES PAYS SCANDINAVES : DANEMARK, FINLANDE, ISLANDE, NORV\u00c8GE, SU\u00c8DE"},"content":{"rendered":"<p>Sous l&#8217;appellation de \u00abscandinaves\u00bb, nous avons r\u00e9uni cinq pays, le Danemark, la Finlande, l&#8217;Islande, la Norv\u00e8ge et la Su\u00e8de, dont l&#8217;histoire, la culture, la langue et les moeurs sont aussi semblables que diff\u00e9rentes. Cet ouvrage propose une histoire compl\u00e8te de l&#8217;art plastique moderne de chaque pays selon son originalit\u00e9 propre et ses relations avec ses voisins mais \u00e9galement avec le reste de l&#8217;art mondial. L&#8217;auteur, Serge Fauchereau, s&#8217;arr\u00eate sur la carri\u00e8re et l&#8217;oeuvre de peintres et de sculpteurs des plus c\u00e9l\u00e8bres aux plus m\u00e9connus tels Vilhelm Hammersh\u00f8i et Franciska Clausen, Akseli Gallen-Kallela et Fanny Churberg, Gerdur Helgad\u00f3ttir et Finnur J\u00f3nsson, Edvard Munch et Harriet Backer, Hilma af Klint et Anders Zorn. Des ann\u00e9es 1870 aux ann\u00e9es 1950, L&#8217;Art moderne des pays scandinaves offre un parcours o\u00f9 originalit\u00e9 et tradition sont entrem\u00eal\u00e9s, et met en lumi\u00e8re la grande et ancienne pr\u00e9sence des artistes femmes dans ces pays o\u00f9 les droits des femmes ont tr\u00e8s t\u00f4t \u00e9t\u00e9 d\u00e9fendus.<\/p>\n","protected":false},"excerpt":{"rendered":"<p>Sous l&#8217;appellation de \u00abscandinaves\u00bb, nous avons r\u00e9uni cinq pays, le Danemark, la Finlande, l&#8217;Islande, la Norv\u00e8ge et la Su\u00e8de, dont l&#8217;histoire, la culture, la langue et les moeurs sont aussi semblables que diff\u00e9rentes. Cet ouvrage propose une histoire compl\u00e8te de l&#8217;art plastique moderne de chaque pays selon son originalit\u00e9 propre et ses relations avec ses [&hellip;]<\/p>\n","protected":false},"featured_media":51420,"template":"","meta":[],"product_cat":[2948,2953],"product_tag":[],"acf":[],"yoast_head":"<!-- This site is optimized with the Yoast SEO plugin v20.11 - https:\/\/yoast.com\/wordpress\/plugins\/seo\/ -->\n<title>L&#039;Art moderne des pays scandinaves : Danemark, Finlande, Islande, Norv\u00e8ge, Su\u00e8de - Librairie 7L<\/title>\n<meta name=\"robots\" content=\"index, follow, max-snippet:-1, max-image-preview:large, max-video-preview:-1\" \/>\n<link rel=\"canonical\" href=\"https:\/\/librairie7l.com\/en\/produit\/lart-moderne-des-pays-scandinaves-danemark-finlande-islande-norvege-suede-2\/\" \/>\n<meta property=\"og:locale\" content=\"en_US\" \/>\n<meta property=\"og:type\" content=\"article\" \/>\n<meta property=\"og:title\" content=\"L&#039;Art moderne des pays scandinaves : Danemark, Finlande, Islande, Norv\u00e8ge, Su\u00e8de - Librairie 7L\" \/>\n<meta property=\"og:description\" content=\"Sous l&#8217;appellation de \u00abscandinaves\u00bb, nous avons r\u00e9uni cinq pays, le Danemark, la Finlande, l&#8217;Islande, la Norv\u00e8ge et la Su\u00e8de, dont l&#8217;histoire, la culture, la langue et les moeurs sont aussi semblables que diff\u00e9rentes. Cet ouvrage propose une histoire compl\u00e8te de l&#8217;art plastique moderne de chaque pays selon son originalit\u00e9 propre et ses relations avec ses [&hellip;]\" \/>\n<meta property=\"og:url\" content=\"https:\/\/librairie7l.com\/en\/produit\/lart-moderne-des-pays-scandinaves-danemark-finlande-islande-norvege-suede-2\/\" \/>\n<meta property=\"og:site_name\" content=\"Librairie 7L\" \/>\n<meta property=\"article:modified_time\" content=\"2026-04-12T13:36:18+00:00\" \/>\n<meta property=\"og:image\" content=\"https:\/\/librairie7l.com\/wp-content\/uploads\/2025\/06\/9782080467546_1_75.jpg\" \/>\n\t<meta property=\"og:image:width\" content=\"600\" \/>\n\t<meta property=\"og:image:height\" content=\"808\" \/>\n\t<meta property=\"og:image:type\" content=\"image\/jpeg\" \/>\n<meta name=\"twitter:card\" content=\"summary_large_image\" \/>\n<meta name=\"twitter:label1\" content=\"Est. reading time\" \/>\n\t<meta name=\"twitter:data1\" content=\"1 minute\" \/>\n<script type=\"application\/ld+json\" class=\"yoast-schema-graph\">{\"@context\":\"https:\/\/schema.org\",\"@graph\":[{\"@type\":\"WebPage\",\"@id\":\"https:\/\/librairie7l.com\/en\/produit\/lart-moderne-des-pays-scandinaves-danemark-finlande-islande-norvege-suede-2\/\",\"url\":\"https:\/\/librairie7l.com\/en\/produit\/lart-moderne-des-pays-scandinaves-danemark-finlande-islande-norvege-suede-2\/\",\"name\":\"L'Art moderne des pays scandinaves : Danemark, Finlande, Islande, Norv\u00e8ge, Su\u00e8de - Librairie 7L\",\"isPartOf\":{\"@id\":\"https:\/\/librairie7l.com\/en\/#website\"},\"datePublished\":\"2025-10-15T08:16:21+00:00\",\"dateModified\":\"2026-04-12T13:36:18+00:00\",\"breadcrumb\":{\"@id\":\"https:\/\/librairie7l.com\/en\/produit\/lart-moderne-des-pays-scandinaves-danemark-finlande-islande-norvege-suede-2\/#breadcrumb\"},\"inLanguage\":\"en-US\",\"potentialAction\":[{\"@type\":\"ReadAction\",\"target\":[\"https:\/\/librairie7l.com\/en\/produit\/lart-moderne-des-pays-scandinaves-danemark-finlande-islande-norvege-suede-2\/\"]}]},{\"@type\":\"BreadcrumbList\",\"@id\":\"https:\/\/librairie7l.com\/en\/produit\/lart-moderne-des-pays-scandinaves-danemark-finlande-islande-norvege-suede-2\/#breadcrumb\",\"itemListElement\":[{\"@type\":\"ListItem\",\"position\":1,\"name\":\"Accueil\",\"item\":\"https:\/\/librairie7l.com\/en\/\"},{\"@type\":\"ListItem\",\"position\":2,\"name\":\"Shop\",\"item\":\"https:\/\/librairie7l.com\/en\/shop\/\"},{\"@type\":\"ListItem\",\"position\":3,\"name\":\"L&#8217;ART MODERNE DES PAYS SCANDINAVES : DANEMARK, FINLANDE, ISLANDE, NORV\u00c8GE, SU\u00c8DE\"}]},{\"@type\":\"WebSite\",\"@id\":\"https:\/\/librairie7l.com\/en\/#website\",\"url\":\"https:\/\/librairie7l.com\/en\/\",\"name\":\"Librairie 7L\",\"description\":\"Librairie fond\u00e9e en 1999 par Karl Lagerfeld \u00e0 Paris\",\"publisher\":{\"@id\":\"https:\/\/librairie7l.com\/en\/#organization\"},\"potentialAction\":[{\"@type\":\"SearchAction\",\"target\":{\"@type\":\"EntryPoint\",\"urlTemplate\":\"https:\/\/librairie7l.com\/en\/?s={search_term_string}\"},\"query-input\":\"required name=search_term_string\"}],\"inLanguage\":\"en-US\"},{\"@type\":\"Organization\",\"@id\":\"https:\/\/librairie7l.com\/en\/#organization\",\"name\":\"Librairie 7L\",\"url\":\"https:\/\/librairie7l.com\/en\/\",\"logo\":{\"@type\":\"ImageObject\",\"inLanguage\":\"en-US\",\"@id\":\"https:\/\/librairie7l.com\/en\/#\/schema\/logo\/image\/\",\"url\":\"https:\/\/librairie7l.com\/wp-content\/uploads\/2022\/08\/logo-1.png\",\"contentUrl\":\"https:\/\/librairie7l.com\/wp-content\/uploads\/2022\/08\/logo-1.png\",\"width\":227,\"height\":301,\"caption\":\"Librairie 7L\"},\"image\":{\"@id\":\"https:\/\/librairie7l.com\/en\/#\/schema\/logo\/image\/\"}}]}<\/script>\n<!-- \/ Yoast SEO plugin. -->","yoast_head_json":{"title":"L'Art moderne des pays scandinaves : Danemark, Finlande, Islande, Norv\u00e8ge, Su\u00e8de - Librairie 7L","robots":{"index":"index","follow":"follow","max-snippet":"max-snippet:-1","max-image-preview":"max-image-preview:large","max-video-preview":"max-video-preview:-1"},"canonical":"https:\/\/librairie7l.com\/en\/produit\/lart-moderne-des-pays-scandinaves-danemark-finlande-islande-norvege-suede-2\/","og_locale":"en_US","og_type":"article","og_title":"L'Art moderne des pays scandinaves : Danemark, Finlande, Islande, Norv\u00e8ge, Su\u00e8de - Librairie 7L","og_description":"Sous l&#8217;appellation de \u00abscandinaves\u00bb, nous avons r\u00e9uni cinq pays, le Danemark, la Finlande, l&#8217;Islande, la Norv\u00e8ge et la Su\u00e8de, dont l&#8217;histoire, la culture, la langue et les moeurs sont aussi semblables que diff\u00e9rentes. Cet ouvrage propose une histoire compl\u00e8te de l&#8217;art plastique moderne de chaque pays selon son originalit\u00e9 propre et ses relations avec ses [&hellip;]","og_url":"https:\/\/librairie7l.com\/en\/produit\/lart-moderne-des-pays-scandinaves-danemark-finlande-islande-norvege-suede-2\/","og_site_name":"Librairie 7L","article_modified_time":"2026-04-12T13:36:18+00:00","og_image":[{"width":600,"height":808,"url":"https:\/\/librairie7l.com\/wp-content\/uploads\/2025\/06\/9782080467546_1_75.jpg","type":"image\/jpeg"}],"twitter_card":"summary_large_image","twitter_misc":{"Est. reading time":"1 minute"},"schema":{"@context":"https:\/\/schema.org","@graph":[{"@type":"WebPage","@id":"https:\/\/librairie7l.com\/en\/produit\/lart-moderne-des-pays-scandinaves-danemark-finlande-islande-norvege-suede-2\/","url":"https:\/\/librairie7l.com\/en\/produit\/lart-moderne-des-pays-scandinaves-danemark-finlande-islande-norvege-suede-2\/","name":"L'Art moderne des pays scandinaves : Danemark, Finlande, Islande, Norv\u00e8ge, Su\u00e8de - Librairie 7L","isPartOf":{"@id":"https:\/\/librairie7l.com\/en\/#website"},"datePublished":"2025-10-15T08:16:21+00:00","dateModified":"2026-04-12T13:36:18+00:00","breadcrumb":{"@id":"https:\/\/librairie7l.com\/en\/produit\/lart-moderne-des-pays-scandinaves-danemark-finlande-islande-norvege-suede-2\/#breadcrumb"},"inLanguage":"en-US","potentialAction":[{"@type":"ReadAction","target":["https:\/\/librairie7l.com\/en\/produit\/lart-moderne-des-pays-scandinaves-danemark-finlande-islande-norvege-suede-2\/"]}]},{"@type":"BreadcrumbList","@id":"https:\/\/librairie7l.com\/en\/produit\/lart-moderne-des-pays-scandinaves-danemark-finlande-islande-norvege-suede-2\/#breadcrumb","itemListElement":[{"@type":"ListItem","position":1,"name":"Accueil","item":"https:\/\/librairie7l.com\/en\/"},{"@type":"ListItem","position":2,"name":"Shop","item":"https:\/\/librairie7l.com\/en\/shop\/"},{"@type":"ListItem","position":3,"name":"L&#8217;ART MODERNE DES PAYS SCANDINAVES : DANEMARK, FINLANDE, ISLANDE, NORV\u00c8GE, SU\u00c8DE"}]},{"@type":"WebSite","@id":"https:\/\/librairie7l.com\/en\/#website","url":"https:\/\/librairie7l.com\/en\/","name":"Librairie 7L","description":"Librairie fond\u00e9e en 1999 par Karl Lagerfeld \u00e0 Paris","publisher":{"@id":"https:\/\/librairie7l.com\/en\/#organization"},"potentialAction":[{"@type":"SearchAction","target":{"@type":"EntryPoint","urlTemplate":"https:\/\/librairie7l.com\/en\/?s={search_term_string}"},"query-input":"required name=search_term_string"}],"inLanguage":"en-US"},{"@type":"Organization","@id":"https:\/\/librairie7l.com\/en\/#organization","name":"Librairie 7L","url":"https:\/\/librairie7l.com\/en\/","logo":{"@type":"ImageObject","inLanguage":"en-US","@id":"https:\/\/librairie7l.com\/en\/#\/schema\/logo\/image\/","url":"https:\/\/librairie7l.com\/wp-content\/uploads\/2022\/08\/logo-1.png","contentUrl":"https:\/\/librairie7l.com\/wp-content\/uploads\/2022\/08\/logo-1.png","width":227,"height":301,"caption":"Librairie 7L"},"image":{"@id":"https:\/\/librairie7l.com\/en\/#\/schema\/logo\/image\/"}}]}},"_links":{"self":[{"href":"https:\/\/librairie7l.com\/en\/wp-json\/wp\/v2\/product\/51422"}],"collection":[{"href":"https:\/\/librairie7l.com\/en\/wp-json\/wp\/v2\/product"}],"about":[{"href":"https:\/\/librairie7l.com\/en\/wp-json\/wp\/v2\/types\/product"}],"wp:featuredmedia":[{"embeddable":true,"href":"https:\/\/librairie7l.com\/en\/wp-json\/wp\/v2\/media\/51420"}],"wp:attachment":[{"href":"https:\/\/librairie7l.com\/en\/wp-json\/wp\/v2\/media?parent=51422"}],"wp:term":[{"taxonomy":"product_cat","embeddable":true,"href":"https:\/\/librairie7l.com\/en\/wp-json\/wp\/v2\/product_cat?post=51422"},{"taxonomy":"product_tag","embeddable":true,"href":"https:\/\/librairie7l.com\/en\/wp-json\/wp\/v2\/product_tag?post=51422"}],"curies":[{"name":"wp","href":"https:\/\/api.w.org\/{rel}","templated":true}]}}