{"id":51434,"date":"2025-10-15T20:37:57","date_gmt":"2025-10-15T18:37:57","guid":{"rendered":"https:\/\/librairie7l.com\/?post_type=product&#038;p=51434"},"modified":"2026-04-04T21:09:04","modified_gmt":"2026-04-04T19:09:04","slug":"depeche-mode-by-anton-corbijn-3","status":"publish","type":"product","link":"https:\/\/librairie7l.com\/en\/produit\/depeche-mode-by-anton-corbijn-3\/","title":{"rendered":"DEPECHE MODE BY ANTON CORBIJN"},"content":{"rendered":"<p>En novembre 2020, Depeche Mode entrait au Rock &amp; Roll Hall of Fame<br \/>\net Dave Gahan recevait cet hommage avec ces mots: \u00abJe voudrais remercier<br \/>\n Anton Corbijn qui, gr\u00e2ce \u00e0 Dieu, est mont\u00e9 \u00e0 bord au bon moment pour<br \/>\nnous donner l&#8217;air vraiment cool.\u00bb \u00c0 l&#8217;automne 2020, TASCHEN avait publi\u00e9<br \/>\n Depeche Mode by Anton Corbijn (81-18) en \u00e9dition limit\u00e9e<br \/>\nsign\u00e9e par Depeche Mode et Anton Corbijn, une des \u00e9ditions collector qui<br \/>\n s&#8217;est vendue le plus vite de toute l&#8217;histoire de notre maison. Cette nouvelle \u00e9dition de poche, \u00e9conomique, t\u00e9moigne<br \/>\nde la vision unique de Corbijn et de cette image \u00abcool\u00bb pour laquelle<br \/>\nGahan a exprim\u00e9 sa touchante reconnaissance dans son discours. C&#8217;est une<br \/>\n histoire illustr\u00e9e du parcours Corbijn, qui, devenu le<br \/>\ndirecteur artistique de facto du groupe en 1986, a particip\u00e9 \u00e0 fa\u00e7onner<br \/>\nla r\u00e9putation de Depeche Mode, groupe culte dans le monde entier.<\/p>\n<p>Cette \u00e9dition  pr\u00e9sente plus de 150 photos issues des foisonnantes archives de Corbijn, parmi lesquelles des portraits officiels<br \/>\nou plus intimes saisis \u00e0 Madrid, \u00e0 Hambourg, dans le d\u00e9sert californien,<br \/>\n \u00e0 Prague ou \u00e0 Marrakech; une<br \/>\nmultitude de clich\u00e9s spontan\u00e9s, pris sur le vif, et de captivantes photos du groupe prises sur sc\u00e8ne lors de toutes ses tourn\u00e9es de 1988 \u00e0 2023. <\/p>\n<p>Con\u00e7u en collaboration \u00e9troite avec le groupe, qui raconte aussi son travail avec Corbjin, Depeche Mode. Anton Corbijn raconte comment l&#8217;esth\u00e9tique originale<br \/>\n d&#8217;un homme, qui engloba toute leur iconographie, les photos, la plupart<br \/>\n des clips, le graphisme des couvertures d&#8217;album, ainsi que les d\u00e9cors<br \/>\net la sc\u00e9nographie des tourn\u00e9es, a aid\u00e9 \u00e0 b\u00e2tir la popularit\u00e9<br \/>\ninalt\u00e9rable du groupe. Dans l&#8217;introduction du livre, Corbijn d\u00e9crit son<br \/>\nr\u00f4le aupr\u00e8s de DM ainsi: \u00abBeaucoup de d\u00e9cisions me revenaient et je<br \/>\nvoulais prendre les meilleures pour eux. Je voulais penser pour eux.<br \/>\n\u00catre grandiose pour eux.\u00bb Ce livre est un hommage \u00e0 la profondeur et \u00e0<br \/>\nl&#8217;envergure de cette grandeur, qui c\u00e9l\u00e8bre une des collaborations les<br \/>\nplus riches et durables de l&#8217;histoire du rock.<\/p>\n","protected":false},"excerpt":{"rendered":"<p>En novembre 2020, Depeche Mode entrait au Rock &amp; Roll Hall of Fame et Dave Gahan recevait cet hommage avec ces mots: \u00abJe voudrais remercier Anton Corbijn qui, gr\u00e2ce \u00e0 Dieu, est mont\u00e9 \u00e0 bord au bon moment pour nous donner l&#8217;air vraiment cool.\u00bb \u00c0 l&#8217;automne 2020, TASCHEN avait publi\u00e9 Depeche Mode by Anton Corbijn [&hellip;]<\/p>\n","protected":false},"featured_media":51432,"template":"","meta":[],"product_cat":[7364,2948],"product_tag":[],"acf":[],"yoast_head":"<!-- This site is optimized with the Yoast SEO plugin v20.11 - https:\/\/yoast.com\/wordpress\/plugins\/seo\/ -->\n<title>Depeche Mode by Anton Corbijn - Librairie 7L<\/title>\n<meta name=\"robots\" content=\"index, follow, max-snippet:-1, max-image-preview:large, max-video-preview:-1\" \/>\n<link rel=\"canonical\" href=\"https:\/\/librairie7l.com\/en\/produit\/depeche-mode-by-anton-corbijn-3\/\" \/>\n<meta property=\"og:locale\" content=\"en_US\" \/>\n<meta property=\"og:type\" content=\"article\" \/>\n<meta property=\"og:title\" content=\"Depeche Mode by Anton Corbijn - Librairie 7L\" \/>\n<meta property=\"og:description\" content=\"En novembre 2020, Depeche Mode entrait au Rock &amp; Roll Hall of Fame et Dave Gahan recevait cet hommage avec ces mots: \u00abJe voudrais remercier Anton Corbijn qui, gr\u00e2ce \u00e0 Dieu, est mont\u00e9 \u00e0 bord au bon moment pour nous donner l&#8217;air vraiment cool.\u00bb \u00c0 l&#8217;automne 2020, TASCHEN avait publi\u00e9 Depeche Mode by Anton Corbijn [&hellip;]\" \/>\n<meta property=\"og:url\" content=\"https:\/\/librairie7l.com\/en\/produit\/depeche-mode-by-anton-corbijn-3\/\" \/>\n<meta property=\"og:site_name\" content=\"Librairie 7L\" \/>\n<meta property=\"article:modified_time\" content=\"2026-04-04T19:09:04+00:00\" \/>\n<meta property=\"og:image\" content=\"https:\/\/librairie7l.com\/wp-content\/uploads\/2023\/11\/9783836597999_1_75.jpg\" \/>\n\t<meta property=\"og:image:width\" content=\"600\" \/>\n\t<meta property=\"og:image:height\" content=\"802\" \/>\n\t<meta property=\"og:image:type\" content=\"image\/jpeg\" \/>\n<meta name=\"twitter:card\" content=\"summary_large_image\" \/>\n<meta name=\"twitter:label1\" content=\"Est. reading time\" \/>\n\t<meta name=\"twitter:data1\" content=\"2 minutes\" \/>\n<script type=\"application\/ld+json\" class=\"yoast-schema-graph\">{\"@context\":\"https:\/\/schema.org\",\"@graph\":[{\"@type\":\"WebPage\",\"@id\":\"https:\/\/librairie7l.com\/en\/produit\/depeche-mode-by-anton-corbijn-3\/\",\"url\":\"https:\/\/librairie7l.com\/en\/produit\/depeche-mode-by-anton-corbijn-3\/\",\"name\":\"Depeche Mode by Anton Corbijn - Librairie 7L\",\"isPartOf\":{\"@id\":\"https:\/\/librairie7l.com\/en\/#website\"},\"datePublished\":\"2025-10-15T18:37:57+00:00\",\"dateModified\":\"2026-04-04T19:09:04+00:00\",\"breadcrumb\":{\"@id\":\"https:\/\/librairie7l.com\/en\/produit\/depeche-mode-by-anton-corbijn-3\/#breadcrumb\"},\"inLanguage\":\"en-US\",\"potentialAction\":[{\"@type\":\"ReadAction\",\"target\":[\"https:\/\/librairie7l.com\/en\/produit\/depeche-mode-by-anton-corbijn-3\/\"]}]},{\"@type\":\"BreadcrumbList\",\"@id\":\"https:\/\/librairie7l.com\/en\/produit\/depeche-mode-by-anton-corbijn-3\/#breadcrumb\",\"itemListElement\":[{\"@type\":\"ListItem\",\"position\":1,\"name\":\"Accueil\",\"item\":\"https:\/\/librairie7l.com\/en\/\"},{\"@type\":\"ListItem\",\"position\":2,\"name\":\"Shop\",\"item\":\"https:\/\/librairie7l.com\/en\/shop\/\"},{\"@type\":\"ListItem\",\"position\":3,\"name\":\"DEPECHE MODE BY ANTON CORBIJN\"}]},{\"@type\":\"WebSite\",\"@id\":\"https:\/\/librairie7l.com\/en\/#website\",\"url\":\"https:\/\/librairie7l.com\/en\/\",\"name\":\"Librairie 7L\",\"description\":\"Librairie fond\u00e9e en 1999 par Karl Lagerfeld \u00e0 Paris\",\"publisher\":{\"@id\":\"https:\/\/librairie7l.com\/en\/#organization\"},\"potentialAction\":[{\"@type\":\"SearchAction\",\"target\":{\"@type\":\"EntryPoint\",\"urlTemplate\":\"https:\/\/librairie7l.com\/en\/?s={search_term_string}\"},\"query-input\":\"required name=search_term_string\"}],\"inLanguage\":\"en-US\"},{\"@type\":\"Organization\",\"@id\":\"https:\/\/librairie7l.com\/en\/#organization\",\"name\":\"Librairie 7L\",\"url\":\"https:\/\/librairie7l.com\/en\/\",\"logo\":{\"@type\":\"ImageObject\",\"inLanguage\":\"en-US\",\"@id\":\"https:\/\/librairie7l.com\/en\/#\/schema\/logo\/image\/\",\"url\":\"https:\/\/librairie7l.com\/wp-content\/uploads\/2022\/08\/logo-1.png\",\"contentUrl\":\"https:\/\/librairie7l.com\/wp-content\/uploads\/2022\/08\/logo-1.png\",\"width\":227,\"height\":301,\"caption\":\"Librairie 7L\"},\"image\":{\"@id\":\"https:\/\/librairie7l.com\/en\/#\/schema\/logo\/image\/\"}}]}<\/script>\n<!-- \/ Yoast SEO plugin. -->","yoast_head_json":{"title":"Depeche Mode by Anton Corbijn - Librairie 7L","robots":{"index":"index","follow":"follow","max-snippet":"max-snippet:-1","max-image-preview":"max-image-preview:large","max-video-preview":"max-video-preview:-1"},"canonical":"https:\/\/librairie7l.com\/en\/produit\/depeche-mode-by-anton-corbijn-3\/","og_locale":"en_US","og_type":"article","og_title":"Depeche Mode by Anton Corbijn - Librairie 7L","og_description":"En novembre 2020, Depeche Mode entrait au Rock &amp; Roll Hall of Fame et Dave Gahan recevait cet hommage avec ces mots: \u00abJe voudrais remercier Anton Corbijn qui, gr\u00e2ce \u00e0 Dieu, est mont\u00e9 \u00e0 bord au bon moment pour nous donner l&#8217;air vraiment cool.\u00bb \u00c0 l&#8217;automne 2020, TASCHEN avait publi\u00e9 Depeche Mode by Anton Corbijn [&hellip;]","og_url":"https:\/\/librairie7l.com\/en\/produit\/depeche-mode-by-anton-corbijn-3\/","og_site_name":"Librairie 7L","article_modified_time":"2026-04-04T19:09:04+00:00","og_image":[{"width":600,"height":802,"url":"https:\/\/librairie7l.com\/wp-content\/uploads\/2023\/11\/9783836597999_1_75.jpg","type":"image\/jpeg"}],"twitter_card":"summary_large_image","twitter_misc":{"Est. reading time":"2 minutes"},"schema":{"@context":"https:\/\/schema.org","@graph":[{"@type":"WebPage","@id":"https:\/\/librairie7l.com\/en\/produit\/depeche-mode-by-anton-corbijn-3\/","url":"https:\/\/librairie7l.com\/en\/produit\/depeche-mode-by-anton-corbijn-3\/","name":"Depeche Mode by Anton Corbijn - Librairie 7L","isPartOf":{"@id":"https:\/\/librairie7l.com\/en\/#website"},"datePublished":"2025-10-15T18:37:57+00:00","dateModified":"2026-04-04T19:09:04+00:00","breadcrumb":{"@id":"https:\/\/librairie7l.com\/en\/produit\/depeche-mode-by-anton-corbijn-3\/#breadcrumb"},"inLanguage":"en-US","potentialAction":[{"@type":"ReadAction","target":["https:\/\/librairie7l.com\/en\/produit\/depeche-mode-by-anton-corbijn-3\/"]}]},{"@type":"BreadcrumbList","@id":"https:\/\/librairie7l.com\/en\/produit\/depeche-mode-by-anton-corbijn-3\/#breadcrumb","itemListElement":[{"@type":"ListItem","position":1,"name":"Accueil","item":"https:\/\/librairie7l.com\/en\/"},{"@type":"ListItem","position":2,"name":"Shop","item":"https:\/\/librairie7l.com\/en\/shop\/"},{"@type":"ListItem","position":3,"name":"DEPECHE MODE BY ANTON CORBIJN"}]},{"@type":"WebSite","@id":"https:\/\/librairie7l.com\/en\/#website","url":"https:\/\/librairie7l.com\/en\/","name":"Librairie 7L","description":"Librairie fond\u00e9e en 1999 par Karl Lagerfeld \u00e0 Paris","publisher":{"@id":"https:\/\/librairie7l.com\/en\/#organization"},"potentialAction":[{"@type":"SearchAction","target":{"@type":"EntryPoint","urlTemplate":"https:\/\/librairie7l.com\/en\/?s={search_term_string}"},"query-input":"required name=search_term_string"}],"inLanguage":"en-US"},{"@type":"Organization","@id":"https:\/\/librairie7l.com\/en\/#organization","name":"Librairie 7L","url":"https:\/\/librairie7l.com\/en\/","logo":{"@type":"ImageObject","inLanguage":"en-US","@id":"https:\/\/librairie7l.com\/en\/#\/schema\/logo\/image\/","url":"https:\/\/librairie7l.com\/wp-content\/uploads\/2022\/08\/logo-1.png","contentUrl":"https:\/\/librairie7l.com\/wp-content\/uploads\/2022\/08\/logo-1.png","width":227,"height":301,"caption":"Librairie 7L"},"image":{"@id":"https:\/\/librairie7l.com\/en\/#\/schema\/logo\/image\/"}}]}},"_links":{"self":[{"href":"https:\/\/librairie7l.com\/en\/wp-json\/wp\/v2\/product\/51434"}],"collection":[{"href":"https:\/\/librairie7l.com\/en\/wp-json\/wp\/v2\/product"}],"about":[{"href":"https:\/\/librairie7l.com\/en\/wp-json\/wp\/v2\/types\/product"}],"wp:featuredmedia":[{"embeddable":true,"href":"https:\/\/librairie7l.com\/en\/wp-json\/wp\/v2\/media\/51432"}],"wp:attachment":[{"href":"https:\/\/librairie7l.com\/en\/wp-json\/wp\/v2\/media?parent=51434"}],"wp:term":[{"taxonomy":"product_cat","embeddable":true,"href":"https:\/\/librairie7l.com\/en\/wp-json\/wp\/v2\/product_cat?post=51434"},{"taxonomy":"product_tag","embeddable":true,"href":"https:\/\/librairie7l.com\/en\/wp-json\/wp\/v2\/product_tag?post=51434"}],"curies":[{"name":"wp","href":"https:\/\/api.w.org\/{rel}","templated":true}]}}