{"id":51442,"date":"2025-10-16T09:18:01","date_gmt":"2025-10-16T07:18:01","guid":{"rendered":"https:\/\/librairie7l.com\/?post_type=product&#038;p=51442"},"modified":"2026-04-22T02:23:17","modified_gmt":"2026-04-22T00:23:17","slug":"des-hommes-amoureux-2","status":"publish","type":"product","link":"https:\/\/librairie7l.com\/en\/produit\/des-hommes-amoureux-2\/","title":{"rendered":"DES HOMMES AMOUREUX"},"content":{"rendered":"<p>Une \u00e9tonnante s\u00e9rie de photographies anciennes de couples masculins romantiques, provenant de la collection Nini-Treadwell. Ces images intimes nous font entrevoir des histoires secr\u00e8tes d&#8217;amour et de r\u00e9silience. Autrefois cach\u00e9es, ces photographies t\u00e9moignent aujourd&#8217;hui de la force d&#8217;endurance de l&#8217;affection que se portent deux \u00eatres.<br \/>\nILS S&#8217;AIMENT : Un si\u00e8cle de photographies d&#8217;hommes amoureux, 1850 &#8211; 1950 (\u00c9ditions Les Ar\u00e8nes) est paru en 2020, en plein pic de la pand\u00e9mie. Le livre \u00e9tait n\u00e9anmoins disponible en cinq langues, et la premi\u00e8re \u00e9dition a \u00e9t\u00e9 \u00e9puis\u00e9e en six semaines aux \u00c9tats-Unis. La r\u00e9action du public a \u00e9t\u00e9 si enthousiaste que l&#8217;album est toujours, cinq ans et quelques r\u00e9impressions plus tard, un best-seller. Pour le r\u00e9aliser les, auteurs ont choisi 320 photographies parmi les quelque 2 000 en leur possession ; aujourd&#8217;hui, plus d&#8217;un quart de si\u00e8cle apr\u00e8s l&#8217;achat de la toute premi\u00e8re pi\u00e8ce de leur collection, celle-ci en compte plus de 4 000. Il semblait d\u00e8s lors logique- et m\u00eame n\u00e9cessaire &#8211; de publier un second volume comprenant une s\u00e9lection op\u00e9r\u00e9e parmi ces nouvelles acquisitions. DES HOMMES AMOUREUX propose donc une autre \u00e9tonnante s\u00e9rie de photographies vernaculaires de couples masculins romantiques, dont la force \u00e9motionnelle ne le c\u00e8de en rien \u00e0 celle du premier. Ce second tome prolonge le r\u00e9cit de la joie inalt\u00e9r\u00e9e &#8211; \u00e0 laquelle chacun de nous aspire et que chacun reconna\u00eetra &#8211; que procure l&#8217;\u00e9tat amoureux.<br \/>\nComme pour le premier volume, ces images et ce qu&#8217;elles expriment, soit directement dans l&#8217;\u00e9treinte, soit plus subtilement dans un contact furtif, \u00e9meuvent &#8211; et m\u00eame changent &#8211; ceux qui se trouvent face \u00e0 elle. En v\u00e9rit\u00e9, quiconque a d\u00e9j\u00e0 aim\u00e9 s&#8217;identifiera \u00e0 l&#8217;exaltation &#8211; et \u00e0 la s\u00e9r\u00e9nit\u00e9 &#8211; que ces couples partagent. Les crit\u00e8res de collecte n&#8217;ont pas chang\u00e9 : depuis les premi\u00e8res ann\u00e9es de la photographie jusqu&#8217;aux ann\u00e9es 1950, les archives Nini-Treadwell comprennent des daguerr\u00e9otypes, des tirages argentiques \u00e0 la g\u00e9latine, des plaques d&#8217;\u00e9tain, des ambrotypes, des instantan\u00e9s, et bien d&#8217;autres choses encore &#8211; le r\u00e9sum\u00e9 de tout un si\u00e8cle de techniques photographiques. Les sujets viennent de tous les milieux : soldats, fermiers, \u00e9tudiants, jeunes et vieux, pauvres et riches, ce sont des couples d&#8217;hommes amoureux du monde entier, chaque photo \u00e9tant l&#8217;histoire de deux \u00eatres, saisie dans l&#8217;instant.<br \/>\n&#8211; L&#8217;ouvrage est la suite, tr\u00e8s attendue, de ILS S&#8217;AIMENT : Un si\u00e8cle de photographies d&#8217;hommes amoureux, 1850 &#8211; 1950, qui fut salu\u00e9 par la critique.<br \/>\n&#8211; Importance historique : le livre documente au passage un si\u00e8cle d&#8217;\u00e9volution des techniques photographiques, depuis les daguerr\u00e9otypes jusqu&#8217;aux instantan\u00e9s, et offre une perspective historique unique sur l&#8217;histoire des personnes LGBTQ+.<br \/>\n&#8211; Repr\u00e9sentation diversifi\u00e9e : le livre contient des photographies de couples de tous milieux, soulignant ainsi l&#8217;universalit\u00e9 de l&#8217;amour par-del\u00e0 les contextes sociaux et \u00e9conomiques.<br \/>\n&#8211; Dimension \u00e9motionnelle : le livre suscite des \u00e9motions puissantes en montrant la joie, la tendresse et l&#8217;intimit\u00e9 partag\u00e9es par ces couples.<\/p>\n","protected":false},"excerpt":{"rendered":"<p>Une \u00e9tonnante s\u00e9rie de photographies anciennes de couples masculins romantiques, provenant de la collection Nini-Treadwell. Ces images intimes nous font entrevoir des histoires secr\u00e8tes d&#8217;amour et de r\u00e9silience. Autrefois cach\u00e9es, ces photographies t\u00e9moignent aujourd&#8217;hui de la force d&#8217;endurance de l&#8217;affection que se portent deux \u00eatres. ILS S&#8217;AIMENT : Un si\u00e8cle de photographies d&#8217;hommes amoureux, 1850 [&hellip;]<\/p>\n","protected":false},"featured_media":51440,"template":"","meta":[],"product_cat":[2948,2958],"product_tag":[],"acf":[],"yoast_head":"<!-- This site is optimized with the Yoast SEO plugin v20.11 - https:\/\/yoast.com\/wordpress\/plugins\/seo\/ -->\n<title>Des hommes amoureux - Librairie 7L<\/title>\n<meta name=\"robots\" content=\"index, follow, max-snippet:-1, max-image-preview:large, max-video-preview:-1\" \/>\n<link rel=\"canonical\" href=\"https:\/\/librairie7l.com\/en\/produit\/des-hommes-amoureux-2\/\" \/>\n<meta property=\"og:locale\" content=\"en_US\" \/>\n<meta property=\"og:type\" content=\"article\" \/>\n<meta property=\"og:title\" content=\"Des hommes amoureux - Librairie 7L\" \/>\n<meta property=\"og:description\" content=\"Une \u00e9tonnante s\u00e9rie de photographies anciennes de couples masculins romantiques, provenant de la collection Nini-Treadwell. Ces images intimes nous font entrevoir des histoires secr\u00e8tes d&#8217;amour et de r\u00e9silience. Autrefois cach\u00e9es, ces photographies t\u00e9moignent aujourd&#8217;hui de la force d&#8217;endurance de l&#8217;affection que se portent deux \u00eatres. ILS S&#8217;AIMENT : Un si\u00e8cle de photographies d&#8217;hommes amoureux, 1850 [&hellip;]\" \/>\n<meta property=\"og:url\" content=\"https:\/\/librairie7l.com\/en\/produit\/des-hommes-amoureux-2\/\" \/>\n<meta property=\"og:site_name\" content=\"Librairie 7L\" \/>\n<meta property=\"article:modified_time\" content=\"2026-04-22T00:23:17+00:00\" \/>\n<meta property=\"og:image\" content=\"https:\/\/librairie7l.com\/wp-content\/uploads\/2025\/03\/9788874394470_1_75.jpg\" \/>\n\t<meta property=\"og:image:width\" content=\"600\" \/>\n\t<meta property=\"og:image:height\" content=\"757\" \/>\n\t<meta property=\"og:image:type\" content=\"image\/jpeg\" \/>\n<meta name=\"twitter:card\" content=\"summary_large_image\" \/>\n<meta name=\"twitter:label1\" content=\"Est. reading time\" \/>\n\t<meta name=\"twitter:data1\" content=\"3 minutes\" \/>\n<script type=\"application\/ld+json\" class=\"yoast-schema-graph\">{\"@context\":\"https:\/\/schema.org\",\"@graph\":[{\"@type\":\"WebPage\",\"@id\":\"https:\/\/librairie7l.com\/en\/produit\/des-hommes-amoureux-2\/\",\"url\":\"https:\/\/librairie7l.com\/en\/produit\/des-hommes-amoureux-2\/\",\"name\":\"Des hommes amoureux - Librairie 7L\",\"isPartOf\":{\"@id\":\"https:\/\/librairie7l.com\/en\/#website\"},\"datePublished\":\"2025-10-16T07:18:01+00:00\",\"dateModified\":\"2026-04-22T00:23:17+00:00\",\"breadcrumb\":{\"@id\":\"https:\/\/librairie7l.com\/en\/produit\/des-hommes-amoureux-2\/#breadcrumb\"},\"inLanguage\":\"en-US\",\"potentialAction\":[{\"@type\":\"ReadAction\",\"target\":[\"https:\/\/librairie7l.com\/en\/produit\/des-hommes-amoureux-2\/\"]}]},{\"@type\":\"BreadcrumbList\",\"@id\":\"https:\/\/librairie7l.com\/en\/produit\/des-hommes-amoureux-2\/#breadcrumb\",\"itemListElement\":[{\"@type\":\"ListItem\",\"position\":1,\"name\":\"Accueil\",\"item\":\"https:\/\/librairie7l.com\/en\/\"},{\"@type\":\"ListItem\",\"position\":2,\"name\":\"Shop\",\"item\":\"https:\/\/librairie7l.com\/en\/shop\/\"},{\"@type\":\"ListItem\",\"position\":3,\"name\":\"DES HOMMES AMOUREUX\"}]},{\"@type\":\"WebSite\",\"@id\":\"https:\/\/librairie7l.com\/en\/#website\",\"url\":\"https:\/\/librairie7l.com\/en\/\",\"name\":\"Librairie 7L\",\"description\":\"Librairie fond\u00e9e en 1999 par Karl Lagerfeld \u00e0 Paris\",\"publisher\":{\"@id\":\"https:\/\/librairie7l.com\/en\/#organization\"},\"potentialAction\":[{\"@type\":\"SearchAction\",\"target\":{\"@type\":\"EntryPoint\",\"urlTemplate\":\"https:\/\/librairie7l.com\/en\/?s={search_term_string}\"},\"query-input\":\"required name=search_term_string\"}],\"inLanguage\":\"en-US\"},{\"@type\":\"Organization\",\"@id\":\"https:\/\/librairie7l.com\/en\/#organization\",\"name\":\"Librairie 7L\",\"url\":\"https:\/\/librairie7l.com\/en\/\",\"logo\":{\"@type\":\"ImageObject\",\"inLanguage\":\"en-US\",\"@id\":\"https:\/\/librairie7l.com\/en\/#\/schema\/logo\/image\/\",\"url\":\"https:\/\/librairie7l.com\/wp-content\/uploads\/2022\/08\/logo-1.png\",\"contentUrl\":\"https:\/\/librairie7l.com\/wp-content\/uploads\/2022\/08\/logo-1.png\",\"width\":227,\"height\":301,\"caption\":\"Librairie 7L\"},\"image\":{\"@id\":\"https:\/\/librairie7l.com\/en\/#\/schema\/logo\/image\/\"}}]}<\/script>\n<!-- \/ Yoast SEO plugin. -->","yoast_head_json":{"title":"Des hommes amoureux - Librairie 7L","robots":{"index":"index","follow":"follow","max-snippet":"max-snippet:-1","max-image-preview":"max-image-preview:large","max-video-preview":"max-video-preview:-1"},"canonical":"https:\/\/librairie7l.com\/en\/produit\/des-hommes-amoureux-2\/","og_locale":"en_US","og_type":"article","og_title":"Des hommes amoureux - Librairie 7L","og_description":"Une \u00e9tonnante s\u00e9rie de photographies anciennes de couples masculins romantiques, provenant de la collection Nini-Treadwell. Ces images intimes nous font entrevoir des histoires secr\u00e8tes d&#8217;amour et de r\u00e9silience. Autrefois cach\u00e9es, ces photographies t\u00e9moignent aujourd&#8217;hui de la force d&#8217;endurance de l&#8217;affection que se portent deux \u00eatres. ILS S&#8217;AIMENT : Un si\u00e8cle de photographies d&#8217;hommes amoureux, 1850 [&hellip;]","og_url":"https:\/\/librairie7l.com\/en\/produit\/des-hommes-amoureux-2\/","og_site_name":"Librairie 7L","article_modified_time":"2026-04-22T00:23:17+00:00","og_image":[{"width":600,"height":757,"url":"https:\/\/librairie7l.com\/wp-content\/uploads\/2025\/03\/9788874394470_1_75.jpg","type":"image\/jpeg"}],"twitter_card":"summary_large_image","twitter_misc":{"Est. reading time":"3 minutes"},"schema":{"@context":"https:\/\/schema.org","@graph":[{"@type":"WebPage","@id":"https:\/\/librairie7l.com\/en\/produit\/des-hommes-amoureux-2\/","url":"https:\/\/librairie7l.com\/en\/produit\/des-hommes-amoureux-2\/","name":"Des hommes amoureux - Librairie 7L","isPartOf":{"@id":"https:\/\/librairie7l.com\/en\/#website"},"datePublished":"2025-10-16T07:18:01+00:00","dateModified":"2026-04-22T00:23:17+00:00","breadcrumb":{"@id":"https:\/\/librairie7l.com\/en\/produit\/des-hommes-amoureux-2\/#breadcrumb"},"inLanguage":"en-US","potentialAction":[{"@type":"ReadAction","target":["https:\/\/librairie7l.com\/en\/produit\/des-hommes-amoureux-2\/"]}]},{"@type":"BreadcrumbList","@id":"https:\/\/librairie7l.com\/en\/produit\/des-hommes-amoureux-2\/#breadcrumb","itemListElement":[{"@type":"ListItem","position":1,"name":"Accueil","item":"https:\/\/librairie7l.com\/en\/"},{"@type":"ListItem","position":2,"name":"Shop","item":"https:\/\/librairie7l.com\/en\/shop\/"},{"@type":"ListItem","position":3,"name":"DES HOMMES AMOUREUX"}]},{"@type":"WebSite","@id":"https:\/\/librairie7l.com\/en\/#website","url":"https:\/\/librairie7l.com\/en\/","name":"Librairie 7L","description":"Librairie fond\u00e9e en 1999 par Karl Lagerfeld \u00e0 Paris","publisher":{"@id":"https:\/\/librairie7l.com\/en\/#organization"},"potentialAction":[{"@type":"SearchAction","target":{"@type":"EntryPoint","urlTemplate":"https:\/\/librairie7l.com\/en\/?s={search_term_string}"},"query-input":"required name=search_term_string"}],"inLanguage":"en-US"},{"@type":"Organization","@id":"https:\/\/librairie7l.com\/en\/#organization","name":"Librairie 7L","url":"https:\/\/librairie7l.com\/en\/","logo":{"@type":"ImageObject","inLanguage":"en-US","@id":"https:\/\/librairie7l.com\/en\/#\/schema\/logo\/image\/","url":"https:\/\/librairie7l.com\/wp-content\/uploads\/2022\/08\/logo-1.png","contentUrl":"https:\/\/librairie7l.com\/wp-content\/uploads\/2022\/08\/logo-1.png","width":227,"height":301,"caption":"Librairie 7L"},"image":{"@id":"https:\/\/librairie7l.com\/en\/#\/schema\/logo\/image\/"}}]}},"_links":{"self":[{"href":"https:\/\/librairie7l.com\/en\/wp-json\/wp\/v2\/product\/51442"}],"collection":[{"href":"https:\/\/librairie7l.com\/en\/wp-json\/wp\/v2\/product"}],"about":[{"href":"https:\/\/librairie7l.com\/en\/wp-json\/wp\/v2\/types\/product"}],"wp:featuredmedia":[{"embeddable":true,"href":"https:\/\/librairie7l.com\/en\/wp-json\/wp\/v2\/media\/51440"}],"wp:attachment":[{"href":"https:\/\/librairie7l.com\/en\/wp-json\/wp\/v2\/media?parent=51442"}],"wp:term":[{"taxonomy":"product_cat","embeddable":true,"href":"https:\/\/librairie7l.com\/en\/wp-json\/wp\/v2\/product_cat?post=51442"},{"taxonomy":"product_tag","embeddable":true,"href":"https:\/\/librairie7l.com\/en\/wp-json\/wp\/v2\/product_tag?post=51442"}],"curies":[{"name":"wp","href":"https:\/\/api.w.org\/{rel}","templated":true}]}}