{"id":51450,"date":"2025-10-16T09:18:08","date_gmt":"2025-10-16T07:18:08","guid":{"rendered":"https:\/\/librairie7l.com\/?post_type=product&#038;p=51450"},"modified":"2026-04-17T07:39:32","modified_gmt":"2026-04-17T05:39:32","slug":"les-arts-decoratifs-2","status":"publish","type":"product","link":"https:\/\/librairie7l.com\/en\/produit\/les-arts-decoratifs-2\/","title":{"rendered":"LES ARTS D\u00c9CORATIFS"},"content":{"rendered":"<p>L&#8217;art de vivre \u00e0 travers les \u00e2ges. Explorez le raffinement des arts d\u00e9coratifs europ\u00e9ens dans le catalogue de la Fondation Gandur pour l&#8217;Art. Un ouvrage richement illustr\u00e9 pour les passionn\u00e9s d&#8217;histoire et d&#8217;art.<br \/>\nApr\u00e8s un premier volume consacr\u00e9 aux objets et sculptures profanes et sacr\u00e9s du XIIe au XVIIIe si\u00e8cle, ce deuxi\u00e8me catalogue de la collection arts d\u00e9coratifs de la Fondation Gandur pour l&#8217;Art s&#8217;int\u00e9resse plus sp\u00e9cifiquement \u00e0 l&#8217;art d&#8217;habiter. De l&#8217;aube de la Renaissance \u00e0 la fin du si\u00e8cle des Lumi\u00e8res, meubles, coffrets, bo\u00eetes, horloges, luminaires, ivoires tourn\u00e9s et coupes en orf\u00e8vrerie dressent un panorama de la cr\u00e9ation europ\u00e9enne dans sa dimension proprement d\u00e9corative.<br \/>\nDirig\u00e9 par Fabienne Fravalo, conservatrice de la collection arts d\u00e9coratifs \u00e0 la Fondation Gandur pour l&#8217;Art, ce catalogue est introduit par deux essais, \u00e9crits respectivement par Sophie Mouquin, ma\u00eetresse de conf\u00e9rence \u00e0 l&#8217;Universit\u00e9 de Lille, et Caroline Heering, professeure \u00e0 l&#8217;Universit\u00e9 catholique de Louvain. Il pr\u00e9sente les objets majeurs de la collection, \u00e9tudi\u00e9s et analys\u00e9s par des conservateurs et des chercheurs travaillant dans des institutions allemandes, am\u00e9ricaines, anglaises, belges, fran\u00e7aises et suisses.<br \/>\n&#8211; Ce deuxi\u00e8me catalogue de la Fondation Gandur pour l&#8217;Art se concentre sur l&#8217;art d&#8217;habiter et offre un aper\u00e7u unique de la cr\u00e9ation europ\u00e9enne dans ce domaine sp\u00e9cifique.<br \/>\n&#8211; P\u00e9riode historique riche : le catalogue couvre une p\u00e9riode allant de l&#8217;aube de la Renaissance \u00e0 la fin du si\u00e8cle des Lumi\u00e8res.<br \/>\n&#8211; Chaque objet est replac\u00e9 dans son contexte social, culturel et religieux, permettant une meilleure compr\u00e9hension de sa signification et de sa fonction.<br \/>\n&#8211; \u00c9dition bilingue : le catalogue est disponible en fran\u00e7ais et en anglais, ce qui le rend accessible \u00e0 un public international.<br \/>\n&#8211; Cet ouvrage de r\u00e9f\u00e9rence est un outil pr\u00e9cieux pour les chercheurs, les collectionneurs et les amateurs d&#8217;art int\u00e9ress\u00e9s par les arts d\u00e9coratifs europ\u00e9ens.<\/p>\n","protected":false},"excerpt":{"rendered":"<p>L&#8217;art de vivre \u00e0 travers les \u00e2ges. Explorez le raffinement des arts d\u00e9coratifs europ\u00e9ens dans le catalogue de la Fondation Gandur pour l&#8217;Art. Un ouvrage richement illustr\u00e9 pour les passionn\u00e9s d&#8217;histoire et d&#8217;art. Apr\u00e8s un premier volume consacr\u00e9 aux objets et sculptures profanes et sacr\u00e9s du XIIe au XVIIIe si\u00e8cle, ce deuxi\u00e8me catalogue de la [&hellip;]<\/p>\n","protected":false},"featured_media":51448,"template":"","meta":[],"product_cat":[2948,2952],"product_tag":[],"acf":[],"yoast_head":"<!-- This site is optimized with the Yoast SEO plugin v20.11 - https:\/\/yoast.com\/wordpress\/plugins\/seo\/ -->\n<title>Les arts d\u00e9coratifs - Librairie 7L<\/title>\n<meta name=\"robots\" content=\"index, follow, max-snippet:-1, max-image-preview:large, max-video-preview:-1\" \/>\n<link rel=\"canonical\" href=\"https:\/\/librairie7l.com\/en\/produit\/les-arts-decoratifs-2\/\" \/>\n<meta property=\"og:locale\" content=\"en_US\" \/>\n<meta property=\"og:type\" content=\"article\" \/>\n<meta property=\"og:title\" content=\"Les arts d\u00e9coratifs - Librairie 7L\" \/>\n<meta property=\"og:description\" content=\"L&#8217;art de vivre \u00e0 travers les \u00e2ges. Explorez le raffinement des arts d\u00e9coratifs europ\u00e9ens dans le catalogue de la Fondation Gandur pour l&#8217;Art. Un ouvrage richement illustr\u00e9 pour les passionn\u00e9s d&#8217;histoire et d&#8217;art. Apr\u00e8s un premier volume consacr\u00e9 aux objets et sculptures profanes et sacr\u00e9s du XIIe au XVIIIe si\u00e8cle, ce deuxi\u00e8me catalogue de la [&hellip;]\" \/>\n<meta property=\"og:url\" content=\"https:\/\/librairie7l.com\/en\/produit\/les-arts-decoratifs-2\/\" \/>\n<meta property=\"og:site_name\" content=\"Librairie 7L\" \/>\n<meta property=\"article:modified_time\" content=\"2026-04-17T05:39:32+00:00\" \/>\n<meta property=\"og:image\" content=\"https:\/\/librairie7l.com\/wp-content\/uploads\/2025\/03\/9791254600931_1_75.jpg\" \/>\n\t<meta property=\"og:image:width\" content=\"600\" \/>\n\t<meta property=\"og:image:height\" content=\"656\" \/>\n\t<meta property=\"og:image:type\" content=\"image\/jpeg\" \/>\n<meta name=\"twitter:card\" content=\"summary_large_image\" \/>\n<meta name=\"twitter:label1\" content=\"Est. reading time\" \/>\n\t<meta name=\"twitter:data1\" content=\"2 minutes\" \/>\n<script type=\"application\/ld+json\" class=\"yoast-schema-graph\">{\"@context\":\"https:\/\/schema.org\",\"@graph\":[{\"@type\":\"WebPage\",\"@id\":\"https:\/\/librairie7l.com\/en\/produit\/les-arts-decoratifs-2\/\",\"url\":\"https:\/\/librairie7l.com\/en\/produit\/les-arts-decoratifs-2\/\",\"name\":\"Les arts d\u00e9coratifs - Librairie 7L\",\"isPartOf\":{\"@id\":\"https:\/\/librairie7l.com\/en\/#website\"},\"datePublished\":\"2025-10-16T07:18:08+00:00\",\"dateModified\":\"2026-04-17T05:39:32+00:00\",\"breadcrumb\":{\"@id\":\"https:\/\/librairie7l.com\/en\/produit\/les-arts-decoratifs-2\/#breadcrumb\"},\"inLanguage\":\"en-US\",\"potentialAction\":[{\"@type\":\"ReadAction\",\"target\":[\"https:\/\/librairie7l.com\/en\/produit\/les-arts-decoratifs-2\/\"]}]},{\"@type\":\"BreadcrumbList\",\"@id\":\"https:\/\/librairie7l.com\/en\/produit\/les-arts-decoratifs-2\/#breadcrumb\",\"itemListElement\":[{\"@type\":\"ListItem\",\"position\":1,\"name\":\"Accueil\",\"item\":\"https:\/\/librairie7l.com\/en\/\"},{\"@type\":\"ListItem\",\"position\":2,\"name\":\"Shop\",\"item\":\"https:\/\/librairie7l.com\/en\/shop\/\"},{\"@type\":\"ListItem\",\"position\":3,\"name\":\"LES ARTS D\u00c9CORATIFS\"}]},{\"@type\":\"WebSite\",\"@id\":\"https:\/\/librairie7l.com\/en\/#website\",\"url\":\"https:\/\/librairie7l.com\/en\/\",\"name\":\"Librairie 7L\",\"description\":\"Librairie fond\u00e9e en 1999 par Karl Lagerfeld \u00e0 Paris\",\"publisher\":{\"@id\":\"https:\/\/librairie7l.com\/en\/#organization\"},\"potentialAction\":[{\"@type\":\"SearchAction\",\"target\":{\"@type\":\"EntryPoint\",\"urlTemplate\":\"https:\/\/librairie7l.com\/en\/?s={search_term_string}\"},\"query-input\":\"required name=search_term_string\"}],\"inLanguage\":\"en-US\"},{\"@type\":\"Organization\",\"@id\":\"https:\/\/librairie7l.com\/en\/#organization\",\"name\":\"Librairie 7L\",\"url\":\"https:\/\/librairie7l.com\/en\/\",\"logo\":{\"@type\":\"ImageObject\",\"inLanguage\":\"en-US\",\"@id\":\"https:\/\/librairie7l.com\/en\/#\/schema\/logo\/image\/\",\"url\":\"https:\/\/librairie7l.com\/wp-content\/uploads\/2022\/08\/logo-1.png\",\"contentUrl\":\"https:\/\/librairie7l.com\/wp-content\/uploads\/2022\/08\/logo-1.png\",\"width\":227,\"height\":301,\"caption\":\"Librairie 7L\"},\"image\":{\"@id\":\"https:\/\/librairie7l.com\/en\/#\/schema\/logo\/image\/\"}}]}<\/script>\n<!-- \/ Yoast SEO plugin. -->","yoast_head_json":{"title":"Les arts d\u00e9coratifs - Librairie 7L","robots":{"index":"index","follow":"follow","max-snippet":"max-snippet:-1","max-image-preview":"max-image-preview:large","max-video-preview":"max-video-preview:-1"},"canonical":"https:\/\/librairie7l.com\/en\/produit\/les-arts-decoratifs-2\/","og_locale":"en_US","og_type":"article","og_title":"Les arts d\u00e9coratifs - Librairie 7L","og_description":"L&#8217;art de vivre \u00e0 travers les \u00e2ges. Explorez le raffinement des arts d\u00e9coratifs europ\u00e9ens dans le catalogue de la Fondation Gandur pour l&#8217;Art. Un ouvrage richement illustr\u00e9 pour les passionn\u00e9s d&#8217;histoire et d&#8217;art. Apr\u00e8s un premier volume consacr\u00e9 aux objets et sculptures profanes et sacr\u00e9s du XIIe au XVIIIe si\u00e8cle, ce deuxi\u00e8me catalogue de la [&hellip;]","og_url":"https:\/\/librairie7l.com\/en\/produit\/les-arts-decoratifs-2\/","og_site_name":"Librairie 7L","article_modified_time":"2026-04-17T05:39:32+00:00","og_image":[{"width":600,"height":656,"url":"https:\/\/librairie7l.com\/wp-content\/uploads\/2025\/03\/9791254600931_1_75.jpg","type":"image\/jpeg"}],"twitter_card":"summary_large_image","twitter_misc":{"Est. reading time":"2 minutes"},"schema":{"@context":"https:\/\/schema.org","@graph":[{"@type":"WebPage","@id":"https:\/\/librairie7l.com\/en\/produit\/les-arts-decoratifs-2\/","url":"https:\/\/librairie7l.com\/en\/produit\/les-arts-decoratifs-2\/","name":"Les arts d\u00e9coratifs - Librairie 7L","isPartOf":{"@id":"https:\/\/librairie7l.com\/en\/#website"},"datePublished":"2025-10-16T07:18:08+00:00","dateModified":"2026-04-17T05:39:32+00:00","breadcrumb":{"@id":"https:\/\/librairie7l.com\/en\/produit\/les-arts-decoratifs-2\/#breadcrumb"},"inLanguage":"en-US","potentialAction":[{"@type":"ReadAction","target":["https:\/\/librairie7l.com\/en\/produit\/les-arts-decoratifs-2\/"]}]},{"@type":"BreadcrumbList","@id":"https:\/\/librairie7l.com\/en\/produit\/les-arts-decoratifs-2\/#breadcrumb","itemListElement":[{"@type":"ListItem","position":1,"name":"Accueil","item":"https:\/\/librairie7l.com\/en\/"},{"@type":"ListItem","position":2,"name":"Shop","item":"https:\/\/librairie7l.com\/en\/shop\/"},{"@type":"ListItem","position":3,"name":"LES ARTS D\u00c9CORATIFS"}]},{"@type":"WebSite","@id":"https:\/\/librairie7l.com\/en\/#website","url":"https:\/\/librairie7l.com\/en\/","name":"Librairie 7L","description":"Librairie fond\u00e9e en 1999 par Karl Lagerfeld \u00e0 Paris","publisher":{"@id":"https:\/\/librairie7l.com\/en\/#organization"},"potentialAction":[{"@type":"SearchAction","target":{"@type":"EntryPoint","urlTemplate":"https:\/\/librairie7l.com\/en\/?s={search_term_string}"},"query-input":"required name=search_term_string"}],"inLanguage":"en-US"},{"@type":"Organization","@id":"https:\/\/librairie7l.com\/en\/#organization","name":"Librairie 7L","url":"https:\/\/librairie7l.com\/en\/","logo":{"@type":"ImageObject","inLanguage":"en-US","@id":"https:\/\/librairie7l.com\/en\/#\/schema\/logo\/image\/","url":"https:\/\/librairie7l.com\/wp-content\/uploads\/2022\/08\/logo-1.png","contentUrl":"https:\/\/librairie7l.com\/wp-content\/uploads\/2022\/08\/logo-1.png","width":227,"height":301,"caption":"Librairie 7L"},"image":{"@id":"https:\/\/librairie7l.com\/en\/#\/schema\/logo\/image\/"}}]}},"_links":{"self":[{"href":"https:\/\/librairie7l.com\/en\/wp-json\/wp\/v2\/product\/51450"}],"collection":[{"href":"https:\/\/librairie7l.com\/en\/wp-json\/wp\/v2\/product"}],"about":[{"href":"https:\/\/librairie7l.com\/en\/wp-json\/wp\/v2\/types\/product"}],"wp:featuredmedia":[{"embeddable":true,"href":"https:\/\/librairie7l.com\/en\/wp-json\/wp\/v2\/media\/51448"}],"wp:attachment":[{"href":"https:\/\/librairie7l.com\/en\/wp-json\/wp\/v2\/media?parent=51450"}],"wp:term":[{"taxonomy":"product_cat","embeddable":true,"href":"https:\/\/librairie7l.com\/en\/wp-json\/wp\/v2\/product_cat?post=51450"},{"taxonomy":"product_tag","embeddable":true,"href":"https:\/\/librairie7l.com\/en\/wp-json\/wp\/v2\/product_tag?post=51450"}],"curies":[{"name":"wp","href":"https:\/\/api.w.org\/{rel}","templated":true}]}}