{"id":51458,"date":"2025-10-16T09:18:14","date_gmt":"2025-10-16T07:18:14","guid":{"rendered":"https:\/\/librairie7l.com\/?post_type=product&#038;p=51458"},"modified":"2026-04-21T01:07:06","modified_gmt":"2026-04-20T23:07:06","slug":"art-deco-le-grand-livre-2","status":"publish","type":"product","link":"https:\/\/librairie7l.com\/en\/produit\/art-deco-le-grand-livre-2\/","title":{"rendered":"ART D\u00c9CO LE GRAND LIVRE"},"content":{"rendered":"<p>ARGUMENTAIRE<br \/>\nPubli\u00e9 \u00e0 l&#8217;occasion du centenaire de l&#8217;Exposition internationale de Paris 1925, ce livre richement illustr\u00e9 pr\u00e9sente des grands moments et des artistes li\u00e9s \u00e0 cet \u00e9v\u00e9nement qui influen\u00e7a les arts dans le monde entier. Neuf th\u00e8mes sont explor\u00e9s : l&#8217;architecture (Hoffmann, Saarinen, Sauvage, Garnier, Wright&#8230;), la sculpture (Bourdelle, Pompon, Zadkine, Janniot, Landowski&#8230;), la peinture (Marval, Pascin, Laurencin, Van Dongen, Delorme, Zarraga, Depero, Kahlo&#8230;), le m\u00e9tal (Linossier, Rateau, Gargallo, Brandt, Kiss, Subes&#8230;), l&#8217;\u00e9b\u00e9nisterie (Ruhlmann, Printz, Chareau, Dufet, Adnet&#8230;), la c\u00e9ramique (Mayodon, Buthaud, Heiligenstein, Dufy, Cliff&#8230;), la laque (Suisse, Dunand&#8230;), le verre (Barillet, Buthaud, Champigneulle, Lalique, Marinot, Sabino&#8230;), l&#8217;illustration (Ert\u00e9, Marty, Lepape, Dupas, Colin, Cassandre, Pico &#8230;), et la mode (les Soeurs Callot, Lanvin, Paquin, Poiret, Vionnet, Patou, Chanel&#8230;).<\/p>\n","protected":false},"excerpt":{"rendered":"<p>ARGUMENTAIRE Publi\u00e9 \u00e0 l&#8217;occasion du centenaire de l&#8217;Exposition internationale de Paris 1925, ce livre richement illustr\u00e9 pr\u00e9sente des grands moments et des artistes li\u00e9s \u00e0 cet \u00e9v\u00e9nement qui influen\u00e7a les arts dans le monde entier. Neuf th\u00e8mes sont explor\u00e9s : l&#8217;architecture (Hoffmann, Saarinen, Sauvage, Garnier, Wright&#8230;), la sculpture (Bourdelle, Pompon, Zadkine, Janniot, Landowski&#8230;), la peinture [&hellip;]<\/p>\n","protected":false},"featured_media":51456,"template":"","meta":[],"product_cat":[2948,2952],"product_tag":[],"acf":[],"yoast_head":"<!-- This site is optimized with the Yoast SEO plugin v20.11 - https:\/\/yoast.com\/wordpress\/plugins\/seo\/ -->\n<title>Art D\u00e9co Le grand livre - Librairie 7L<\/title>\n<meta name=\"robots\" content=\"index, follow, max-snippet:-1, max-image-preview:large, max-video-preview:-1\" \/>\n<link rel=\"canonical\" href=\"https:\/\/librairie7l.com\/en\/produit\/art-deco-le-grand-livre-2\/\" \/>\n<meta property=\"og:locale\" content=\"en_US\" \/>\n<meta property=\"og:type\" content=\"article\" \/>\n<meta property=\"og:title\" content=\"Art D\u00e9co Le grand livre - Librairie 7L\" \/>\n<meta property=\"og:description\" content=\"ARGUMENTAIRE Publi\u00e9 \u00e0 l&#8217;occasion du centenaire de l&#8217;Exposition internationale de Paris 1925, ce livre richement illustr\u00e9 pr\u00e9sente des grands moments et des artistes li\u00e9s \u00e0 cet \u00e9v\u00e9nement qui influen\u00e7a les arts dans le monde entier. Neuf th\u00e8mes sont explor\u00e9s : l&#8217;architecture (Hoffmann, Saarinen, Sauvage, Garnier, Wright&#8230;), la sculpture (Bourdelle, Pompon, Zadkine, Janniot, Landowski&#8230;), la peinture [&hellip;]\" \/>\n<meta property=\"og:url\" content=\"https:\/\/librairie7l.com\/en\/produit\/art-deco-le-grand-livre-2\/\" \/>\n<meta property=\"og:site_name\" content=\"Librairie 7L\" \/>\n<meta property=\"article:modified_time\" content=\"2026-04-20T23:07:06+00:00\" \/>\n<meta property=\"og:image\" content=\"https:\/\/librairie7l.com\/wp-content\/uploads\/2025\/06\/9782488271035_1_75.jpg\" \/>\n\t<meta property=\"og:image:width\" content=\"600\" \/>\n\t<meta property=\"og:image:height\" content=\"786\" \/>\n\t<meta property=\"og:image:type\" content=\"image\/jpeg\" \/>\n<meta name=\"twitter:card\" content=\"summary_large_image\" \/>\n<meta name=\"twitter:label1\" content=\"Est. reading time\" \/>\n\t<meta name=\"twitter:data1\" content=\"1 minute\" \/>\n<script type=\"application\/ld+json\" class=\"yoast-schema-graph\">{\"@context\":\"https:\/\/schema.org\",\"@graph\":[{\"@type\":\"WebPage\",\"@id\":\"https:\/\/librairie7l.com\/en\/produit\/art-deco-le-grand-livre-2\/\",\"url\":\"https:\/\/librairie7l.com\/en\/produit\/art-deco-le-grand-livre-2\/\",\"name\":\"Art D\u00e9co Le grand livre - Librairie 7L\",\"isPartOf\":{\"@id\":\"https:\/\/librairie7l.com\/en\/#website\"},\"datePublished\":\"2025-10-16T07:18:14+00:00\",\"dateModified\":\"2026-04-20T23:07:06+00:00\",\"breadcrumb\":{\"@id\":\"https:\/\/librairie7l.com\/en\/produit\/art-deco-le-grand-livre-2\/#breadcrumb\"},\"inLanguage\":\"en-US\",\"potentialAction\":[{\"@type\":\"ReadAction\",\"target\":[\"https:\/\/librairie7l.com\/en\/produit\/art-deco-le-grand-livre-2\/\"]}]},{\"@type\":\"BreadcrumbList\",\"@id\":\"https:\/\/librairie7l.com\/en\/produit\/art-deco-le-grand-livre-2\/#breadcrumb\",\"itemListElement\":[{\"@type\":\"ListItem\",\"position\":1,\"name\":\"Accueil\",\"item\":\"https:\/\/librairie7l.com\/en\/\"},{\"@type\":\"ListItem\",\"position\":2,\"name\":\"Shop\",\"item\":\"https:\/\/librairie7l.com\/en\/shop\/\"},{\"@type\":\"ListItem\",\"position\":3,\"name\":\"ART D\u00c9CO LE GRAND LIVRE\"}]},{\"@type\":\"WebSite\",\"@id\":\"https:\/\/librairie7l.com\/en\/#website\",\"url\":\"https:\/\/librairie7l.com\/en\/\",\"name\":\"Librairie 7L\",\"description\":\"Librairie fond\u00e9e en 1999 par Karl Lagerfeld \u00e0 Paris\",\"publisher\":{\"@id\":\"https:\/\/librairie7l.com\/en\/#organization\"},\"potentialAction\":[{\"@type\":\"SearchAction\",\"target\":{\"@type\":\"EntryPoint\",\"urlTemplate\":\"https:\/\/librairie7l.com\/en\/?s={search_term_string}\"},\"query-input\":\"required name=search_term_string\"}],\"inLanguage\":\"en-US\"},{\"@type\":\"Organization\",\"@id\":\"https:\/\/librairie7l.com\/en\/#organization\",\"name\":\"Librairie 7L\",\"url\":\"https:\/\/librairie7l.com\/en\/\",\"logo\":{\"@type\":\"ImageObject\",\"inLanguage\":\"en-US\",\"@id\":\"https:\/\/librairie7l.com\/en\/#\/schema\/logo\/image\/\",\"url\":\"https:\/\/librairie7l.com\/wp-content\/uploads\/2022\/08\/logo-1.png\",\"contentUrl\":\"https:\/\/librairie7l.com\/wp-content\/uploads\/2022\/08\/logo-1.png\",\"width\":227,\"height\":301,\"caption\":\"Librairie 7L\"},\"image\":{\"@id\":\"https:\/\/librairie7l.com\/en\/#\/schema\/logo\/image\/\"}}]}<\/script>\n<!-- \/ Yoast SEO plugin. -->","yoast_head_json":{"title":"Art D\u00e9co Le grand livre - Librairie 7L","robots":{"index":"index","follow":"follow","max-snippet":"max-snippet:-1","max-image-preview":"max-image-preview:large","max-video-preview":"max-video-preview:-1"},"canonical":"https:\/\/librairie7l.com\/en\/produit\/art-deco-le-grand-livre-2\/","og_locale":"en_US","og_type":"article","og_title":"Art D\u00e9co Le grand livre - Librairie 7L","og_description":"ARGUMENTAIRE Publi\u00e9 \u00e0 l&#8217;occasion du centenaire de l&#8217;Exposition internationale de Paris 1925, ce livre richement illustr\u00e9 pr\u00e9sente des grands moments et des artistes li\u00e9s \u00e0 cet \u00e9v\u00e9nement qui influen\u00e7a les arts dans le monde entier. Neuf th\u00e8mes sont explor\u00e9s : l&#8217;architecture (Hoffmann, Saarinen, Sauvage, Garnier, Wright&#8230;), la sculpture (Bourdelle, Pompon, Zadkine, Janniot, Landowski&#8230;), la peinture [&hellip;]","og_url":"https:\/\/librairie7l.com\/en\/produit\/art-deco-le-grand-livre-2\/","og_site_name":"Librairie 7L","article_modified_time":"2026-04-20T23:07:06+00:00","og_image":[{"width":600,"height":786,"url":"https:\/\/librairie7l.com\/wp-content\/uploads\/2025\/06\/9782488271035_1_75.jpg","type":"image\/jpeg"}],"twitter_card":"summary_large_image","twitter_misc":{"Est. reading time":"1 minute"},"schema":{"@context":"https:\/\/schema.org","@graph":[{"@type":"WebPage","@id":"https:\/\/librairie7l.com\/en\/produit\/art-deco-le-grand-livre-2\/","url":"https:\/\/librairie7l.com\/en\/produit\/art-deco-le-grand-livre-2\/","name":"Art D\u00e9co Le grand livre - Librairie 7L","isPartOf":{"@id":"https:\/\/librairie7l.com\/en\/#website"},"datePublished":"2025-10-16T07:18:14+00:00","dateModified":"2026-04-20T23:07:06+00:00","breadcrumb":{"@id":"https:\/\/librairie7l.com\/en\/produit\/art-deco-le-grand-livre-2\/#breadcrumb"},"inLanguage":"en-US","potentialAction":[{"@type":"ReadAction","target":["https:\/\/librairie7l.com\/en\/produit\/art-deco-le-grand-livre-2\/"]}]},{"@type":"BreadcrumbList","@id":"https:\/\/librairie7l.com\/en\/produit\/art-deco-le-grand-livre-2\/#breadcrumb","itemListElement":[{"@type":"ListItem","position":1,"name":"Accueil","item":"https:\/\/librairie7l.com\/en\/"},{"@type":"ListItem","position":2,"name":"Shop","item":"https:\/\/librairie7l.com\/en\/shop\/"},{"@type":"ListItem","position":3,"name":"ART D\u00c9CO LE GRAND LIVRE"}]},{"@type":"WebSite","@id":"https:\/\/librairie7l.com\/en\/#website","url":"https:\/\/librairie7l.com\/en\/","name":"Librairie 7L","description":"Librairie fond\u00e9e en 1999 par Karl Lagerfeld \u00e0 Paris","publisher":{"@id":"https:\/\/librairie7l.com\/en\/#organization"},"potentialAction":[{"@type":"SearchAction","target":{"@type":"EntryPoint","urlTemplate":"https:\/\/librairie7l.com\/en\/?s={search_term_string}"},"query-input":"required name=search_term_string"}],"inLanguage":"en-US"},{"@type":"Organization","@id":"https:\/\/librairie7l.com\/en\/#organization","name":"Librairie 7L","url":"https:\/\/librairie7l.com\/en\/","logo":{"@type":"ImageObject","inLanguage":"en-US","@id":"https:\/\/librairie7l.com\/en\/#\/schema\/logo\/image\/","url":"https:\/\/librairie7l.com\/wp-content\/uploads\/2022\/08\/logo-1.png","contentUrl":"https:\/\/librairie7l.com\/wp-content\/uploads\/2022\/08\/logo-1.png","width":227,"height":301,"caption":"Librairie 7L"},"image":{"@id":"https:\/\/librairie7l.com\/en\/#\/schema\/logo\/image\/"}}]}},"_links":{"self":[{"href":"https:\/\/librairie7l.com\/en\/wp-json\/wp\/v2\/product\/51458"}],"collection":[{"href":"https:\/\/librairie7l.com\/en\/wp-json\/wp\/v2\/product"}],"about":[{"href":"https:\/\/librairie7l.com\/en\/wp-json\/wp\/v2\/types\/product"}],"wp:featuredmedia":[{"embeddable":true,"href":"https:\/\/librairie7l.com\/en\/wp-json\/wp\/v2\/media\/51456"}],"wp:attachment":[{"href":"https:\/\/librairie7l.com\/en\/wp-json\/wp\/v2\/media?parent=51458"}],"wp:term":[{"taxonomy":"product_cat","embeddable":true,"href":"https:\/\/librairie7l.com\/en\/wp-json\/wp\/v2\/product_cat?post=51458"},{"taxonomy":"product_tag","embeddable":true,"href":"https:\/\/librairie7l.com\/en\/wp-json\/wp\/v2\/product_tag?post=51458"}],"curies":[{"name":"wp","href":"https:\/\/api.w.org\/{rel}","templated":true}]}}