{"id":51466,"date":"2025-10-16T09:18:20","date_gmt":"2025-10-16T07:18:20","guid":{"rendered":"https:\/\/librairie7l.com\/?post_type=product&#038;p=51466"},"modified":"2026-04-22T16:07:03","modified_gmt":"2026-04-22T14:07:03","slug":"nuees-2","status":"publish","type":"product","link":"https:\/\/librairie7l.com\/en\/produit\/nuees-2\/","title":{"rendered":"NU\u00c9ES"},"content":{"rendered":"<p>\u00c0 tout le moins pourra-t-on dire qu&#8217;\u00c9mile-Allain S\u00e9guy (1877-1951)<br \/>\nsait jouer de cette ambigu\u00eft\u00e9 qui voudrait qu&#8217;il existe une diff\u00e9rence de nature entre les Beaux-Arts et les Arts appliqu\u00e9s. Peintre et d\u00e9corateur de formation, S\u00e9guy r\u00e9alisera des illustrations de plantes, d&#8217;insectes, de papillons, qui s&#8217;inscrivent dans les styles Art nouveau et Art d\u00e9co ; illustrations d&#8217;une richesse \u00e9poustouflante, qui se trouveront \u00eatre les mod\u00e8les de motifs ornementaux et de compositions graphiques, destin\u00e9s \u00e0 l&#8217;industrie du textile et du papier peint. C&#8217;est tr\u00e8s pr\u00e9cis\u00e9ment ce mouvement m\u00eame d&#8217;un art vers son application que d\u00e9sire mettre en valeur le pr\u00e9sent ouvrage, afin de r\u00e9v\u00e9ler combien les cr\u00e9ations d&#8217;\u00c9mile-Allain S\u00e9guy, loin de se r\u00e9duire \u00e0 une simple application pratique, doivent \u00eatre regard\u00e9es comme des oeuvres d&#8217;art \u00e0 part enti\u00e8re, au point de pouvoir y d\u00e9celer, r\u00e9v\u00e9l\u00e9s, des compositions, des rythmes et des tonalit\u00e9s qui ne seraient pas sans nous rappeler des univers de musicalit\u00e9s nous conduisant \u00e0 supposer que ces r\u00e9alisations sont en leur fond comme en leur forme un art total.<\/p>\n","protected":false},"excerpt":{"rendered":"<p>\u00c0 tout le moins pourra-t-on dire qu&#8217;\u00c9mile-Allain S\u00e9guy (1877-1951) sait jouer de cette ambigu\u00eft\u00e9 qui voudrait qu&#8217;il existe une diff\u00e9rence de nature entre les Beaux-Arts et les Arts appliqu\u00e9s. Peintre et d\u00e9corateur de formation, S\u00e9guy r\u00e9alisera des illustrations de plantes, d&#8217;insectes, de papillons, qui s&#8217;inscrivent dans les styles Art nouveau et Art d\u00e9co ; illustrations [&hellip;]<\/p>\n","protected":false},"featured_media":51464,"template":"","meta":[],"product_cat":[2948,2956],"product_tag":[],"acf":[],"yoast_head":"<!-- This site is optimized with the Yoast SEO plugin v20.11 - https:\/\/yoast.com\/wordpress\/plugins\/seo\/ -->\n<title>Nu\u00e9es - Librairie 7L<\/title>\n<meta name=\"robots\" content=\"index, follow, max-snippet:-1, max-image-preview:large, max-video-preview:-1\" \/>\n<link rel=\"canonical\" href=\"https:\/\/librairie7l.com\/en\/produit\/nuees-2\/\" \/>\n<meta property=\"og:locale\" content=\"en_US\" \/>\n<meta property=\"og:type\" content=\"article\" \/>\n<meta property=\"og:title\" content=\"Nu\u00e9es - Librairie 7L\" \/>\n<meta property=\"og:description\" content=\"\u00c0 tout le moins pourra-t-on dire qu&#8217;\u00c9mile-Allain S\u00e9guy (1877-1951) sait jouer de cette ambigu\u00eft\u00e9 qui voudrait qu&#8217;il existe une diff\u00e9rence de nature entre les Beaux-Arts et les Arts appliqu\u00e9s. Peintre et d\u00e9corateur de formation, S\u00e9guy r\u00e9alisera des illustrations de plantes, d&#8217;insectes, de papillons, qui s&#8217;inscrivent dans les styles Art nouveau et Art d\u00e9co ; illustrations [&hellip;]\" \/>\n<meta property=\"og:url\" content=\"https:\/\/librairie7l.com\/en\/produit\/nuees-2\/\" \/>\n<meta property=\"og:site_name\" content=\"Librairie 7L\" \/>\n<meta property=\"article:modified_time\" content=\"2026-04-22T14:07:03+00:00\" \/>\n<meta property=\"og:image\" content=\"https:\/\/librairie7l.com\/wp-content\/uploads\/2025\/06\/9782493282712_1_75.jpg\" \/>\n\t<meta property=\"og:image:width\" content=\"600\" \/>\n\t<meta property=\"og:image:height\" content=\"859\" \/>\n\t<meta property=\"og:image:type\" content=\"image\/jpeg\" \/>\n<meta name=\"twitter:card\" content=\"summary_large_image\" \/>\n<meta name=\"twitter:label1\" content=\"Est. reading time\" \/>\n\t<meta name=\"twitter:data1\" content=\"1 minute\" \/>\n<script type=\"application\/ld+json\" class=\"yoast-schema-graph\">{\"@context\":\"https:\/\/schema.org\",\"@graph\":[{\"@type\":\"WebPage\",\"@id\":\"https:\/\/librairie7l.com\/en\/produit\/nuees-2\/\",\"url\":\"https:\/\/librairie7l.com\/en\/produit\/nuees-2\/\",\"name\":\"Nu\u00e9es - Librairie 7L\",\"isPartOf\":{\"@id\":\"https:\/\/librairie7l.com\/en\/#website\"},\"datePublished\":\"2025-10-16T07:18:20+00:00\",\"dateModified\":\"2026-04-22T14:07:03+00:00\",\"breadcrumb\":{\"@id\":\"https:\/\/librairie7l.com\/en\/produit\/nuees-2\/#breadcrumb\"},\"inLanguage\":\"en-US\",\"potentialAction\":[{\"@type\":\"ReadAction\",\"target\":[\"https:\/\/librairie7l.com\/en\/produit\/nuees-2\/\"]}]},{\"@type\":\"BreadcrumbList\",\"@id\":\"https:\/\/librairie7l.com\/en\/produit\/nuees-2\/#breadcrumb\",\"itemListElement\":[{\"@type\":\"ListItem\",\"position\":1,\"name\":\"Accueil\",\"item\":\"https:\/\/librairie7l.com\/en\/\"},{\"@type\":\"ListItem\",\"position\":2,\"name\":\"Shop\",\"item\":\"https:\/\/librairie7l.com\/en\/shop\/\"},{\"@type\":\"ListItem\",\"position\":3,\"name\":\"NU\u00c9ES\"}]},{\"@type\":\"WebSite\",\"@id\":\"https:\/\/librairie7l.com\/en\/#website\",\"url\":\"https:\/\/librairie7l.com\/en\/\",\"name\":\"Librairie 7L\",\"description\":\"Librairie fond\u00e9e en 1999 par Karl Lagerfeld \u00e0 Paris\",\"publisher\":{\"@id\":\"https:\/\/librairie7l.com\/en\/#organization\"},\"potentialAction\":[{\"@type\":\"SearchAction\",\"target\":{\"@type\":\"EntryPoint\",\"urlTemplate\":\"https:\/\/librairie7l.com\/en\/?s={search_term_string}\"},\"query-input\":\"required name=search_term_string\"}],\"inLanguage\":\"en-US\"},{\"@type\":\"Organization\",\"@id\":\"https:\/\/librairie7l.com\/en\/#organization\",\"name\":\"Librairie 7L\",\"url\":\"https:\/\/librairie7l.com\/en\/\",\"logo\":{\"@type\":\"ImageObject\",\"inLanguage\":\"en-US\",\"@id\":\"https:\/\/librairie7l.com\/en\/#\/schema\/logo\/image\/\",\"url\":\"https:\/\/librairie7l.com\/wp-content\/uploads\/2022\/08\/logo-1.png\",\"contentUrl\":\"https:\/\/librairie7l.com\/wp-content\/uploads\/2022\/08\/logo-1.png\",\"width\":227,\"height\":301,\"caption\":\"Librairie 7L\"},\"image\":{\"@id\":\"https:\/\/librairie7l.com\/en\/#\/schema\/logo\/image\/\"}}]}<\/script>\n<!-- \/ Yoast SEO plugin. -->","yoast_head_json":{"title":"Nu\u00e9es - Librairie 7L","robots":{"index":"index","follow":"follow","max-snippet":"max-snippet:-1","max-image-preview":"max-image-preview:large","max-video-preview":"max-video-preview:-1"},"canonical":"https:\/\/librairie7l.com\/en\/produit\/nuees-2\/","og_locale":"en_US","og_type":"article","og_title":"Nu\u00e9es - Librairie 7L","og_description":"\u00c0 tout le moins pourra-t-on dire qu&#8217;\u00c9mile-Allain S\u00e9guy (1877-1951) sait jouer de cette ambigu\u00eft\u00e9 qui voudrait qu&#8217;il existe une diff\u00e9rence de nature entre les Beaux-Arts et les Arts appliqu\u00e9s. Peintre et d\u00e9corateur de formation, S\u00e9guy r\u00e9alisera des illustrations de plantes, d&#8217;insectes, de papillons, qui s&#8217;inscrivent dans les styles Art nouveau et Art d\u00e9co ; illustrations [&hellip;]","og_url":"https:\/\/librairie7l.com\/en\/produit\/nuees-2\/","og_site_name":"Librairie 7L","article_modified_time":"2026-04-22T14:07:03+00:00","og_image":[{"width":600,"height":859,"url":"https:\/\/librairie7l.com\/wp-content\/uploads\/2025\/06\/9782493282712_1_75.jpg","type":"image\/jpeg"}],"twitter_card":"summary_large_image","twitter_misc":{"Est. reading time":"1 minute"},"schema":{"@context":"https:\/\/schema.org","@graph":[{"@type":"WebPage","@id":"https:\/\/librairie7l.com\/en\/produit\/nuees-2\/","url":"https:\/\/librairie7l.com\/en\/produit\/nuees-2\/","name":"Nu\u00e9es - Librairie 7L","isPartOf":{"@id":"https:\/\/librairie7l.com\/en\/#website"},"datePublished":"2025-10-16T07:18:20+00:00","dateModified":"2026-04-22T14:07:03+00:00","breadcrumb":{"@id":"https:\/\/librairie7l.com\/en\/produit\/nuees-2\/#breadcrumb"},"inLanguage":"en-US","potentialAction":[{"@type":"ReadAction","target":["https:\/\/librairie7l.com\/en\/produit\/nuees-2\/"]}]},{"@type":"BreadcrumbList","@id":"https:\/\/librairie7l.com\/en\/produit\/nuees-2\/#breadcrumb","itemListElement":[{"@type":"ListItem","position":1,"name":"Accueil","item":"https:\/\/librairie7l.com\/en\/"},{"@type":"ListItem","position":2,"name":"Shop","item":"https:\/\/librairie7l.com\/en\/shop\/"},{"@type":"ListItem","position":3,"name":"NU\u00c9ES"}]},{"@type":"WebSite","@id":"https:\/\/librairie7l.com\/en\/#website","url":"https:\/\/librairie7l.com\/en\/","name":"Librairie 7L","description":"Librairie fond\u00e9e en 1999 par Karl Lagerfeld \u00e0 Paris","publisher":{"@id":"https:\/\/librairie7l.com\/en\/#organization"},"potentialAction":[{"@type":"SearchAction","target":{"@type":"EntryPoint","urlTemplate":"https:\/\/librairie7l.com\/en\/?s={search_term_string}"},"query-input":"required name=search_term_string"}],"inLanguage":"en-US"},{"@type":"Organization","@id":"https:\/\/librairie7l.com\/en\/#organization","name":"Librairie 7L","url":"https:\/\/librairie7l.com\/en\/","logo":{"@type":"ImageObject","inLanguage":"en-US","@id":"https:\/\/librairie7l.com\/en\/#\/schema\/logo\/image\/","url":"https:\/\/librairie7l.com\/wp-content\/uploads\/2022\/08\/logo-1.png","contentUrl":"https:\/\/librairie7l.com\/wp-content\/uploads\/2022\/08\/logo-1.png","width":227,"height":301,"caption":"Librairie 7L"},"image":{"@id":"https:\/\/librairie7l.com\/en\/#\/schema\/logo\/image\/"}}]}},"_links":{"self":[{"href":"https:\/\/librairie7l.com\/en\/wp-json\/wp\/v2\/product\/51466"}],"collection":[{"href":"https:\/\/librairie7l.com\/en\/wp-json\/wp\/v2\/product"}],"about":[{"href":"https:\/\/librairie7l.com\/en\/wp-json\/wp\/v2\/types\/product"}],"wp:featuredmedia":[{"embeddable":true,"href":"https:\/\/librairie7l.com\/en\/wp-json\/wp\/v2\/media\/51464"}],"wp:attachment":[{"href":"https:\/\/librairie7l.com\/en\/wp-json\/wp\/v2\/media?parent=51466"}],"wp:term":[{"taxonomy":"product_cat","embeddable":true,"href":"https:\/\/librairie7l.com\/en\/wp-json\/wp\/v2\/product_cat?post=51466"},{"taxonomy":"product_tag","embeddable":true,"href":"https:\/\/librairie7l.com\/en\/wp-json\/wp\/v2\/product_tag?post=51466"}],"curies":[{"name":"wp","href":"https:\/\/api.w.org\/{rel}","templated":true}]}}