{"id":51468,"date":"2025-10-16T09:18:23","date_gmt":"2025-10-16T07:18:23","guid":{"rendered":"https:\/\/librairie7l.com\/?post_type=product&#038;p=51468"},"modified":"2026-04-04T20:52:59","modified_gmt":"2026-04-04T18:52:59","slug":"villa-cavrois-chroniques-dune-renaissance-1932-1986-2015-2","status":"publish","type":"product","link":"https:\/\/librairie7l.com\/en\/produit\/villa-cavrois-chroniques-dune-renaissance-1932-1986-2015-2\/","title":{"rendered":"VILLA CAVROIS : CHRONIQUES D&#8217;UNE RENAISSANCE (1932-1986-2015)"},"content":{"rendered":"<p>Devenue une ic\u00f4ne mondiale de l&#8217;architecture moderne de l&#8217;entre-deux-guerres, la Villa Cavrois n&#8217;a pas toujours connu cet \u00e9clat. Habit\u00e9e par la famille \u00e9ponyme jusqu&#8217;au milieu des ann\u00e9es 1980, elle fut c\u00e9d\u00e9e \u00e0 un voisin plus pr\u00e9occup\u00e9 de promotion immobili\u00e8re que de protection du patrimoine. Pendant une quinzaine d&#8217;ann\u00e9es, elle subit les affres d&#8217;une lente et profonde d\u00e9gradation due \u00e0 son abandon et \u00e0 son occupation ill\u00e9gitime. Elle fut victime de vols et de saccages.Plannin<br \/>\nM\u00eame si elle fut class\u00e9e monument historique en 1990 par un d\u00e9cret du Premier ministre de l&#8217;\u00e9poque, son propri\u00e9taire en bloqua la protection. En janvier 1991, \u00e0 l&#8217;initiative de quelques personnalit\u00e9s architecturales et culturelles se cr\u00e9a l&#8217;Association de sauvegarde de la Villa Cavrois, qui milita avec passion pour la restauration de la demeure. Ce chantier d\u00e9buta apr\u00e8s l&#8217;acquisition de la propri\u00e9t\u00e9 par l&#8217;\u00c9tat en 2001 et se termina en juin 2015.<br \/>\nCe livre raconte l&#8217;histoire de ce sauvetage exceptionnel et de la lutte men\u00e9e par des passionn\u00e9s. Fond\u00e9 sur des t\u00e9moignages et documents rares, rassemblant des images m\u00e9connues, il d\u00e9crit les \u00e9tapes de cette renaissance unique dans l&#8217;histoire de l&#8217;architecture moderne en France.<\/p>\n","protected":false},"excerpt":{"rendered":"<p>Devenue une ic\u00f4ne mondiale de l&#8217;architecture moderne de l&#8217;entre-deux-guerres, la Villa Cavrois n&#8217;a pas toujours connu cet \u00e9clat. Habit\u00e9e par la famille \u00e9ponyme jusqu&#8217;au milieu des ann\u00e9es 1980, elle fut c\u00e9d\u00e9e \u00e0 un voisin plus pr\u00e9occup\u00e9 de promotion immobili\u00e8re que de protection du patrimoine. Pendant une quinzaine d&#8217;ann\u00e9es, elle subit les affres d&#8217;une lente et [&hellip;]<\/p>\n","protected":false},"featured_media":51609,"template":"","meta":[],"product_cat":[2948,2950],"product_tag":[],"acf":[],"yoast_head":"<!-- This site is optimized with the Yoast SEO plugin v20.11 - https:\/\/yoast.com\/wordpress\/plugins\/seo\/ -->\n<title>Villa Cavrois : Chroniques d&#039;une renaissance (1932-1986-2015) - Librairie 7L<\/title>\n<meta name=\"robots\" content=\"index, follow, max-snippet:-1, max-image-preview:large, max-video-preview:-1\" \/>\n<link rel=\"canonical\" href=\"https:\/\/librairie7l.com\/en\/produit\/villa-cavrois-chroniques-dune-renaissance-1932-1986-2015-2\/\" \/>\n<meta property=\"og:locale\" content=\"en_US\" \/>\n<meta property=\"og:type\" content=\"article\" \/>\n<meta property=\"og:title\" content=\"Villa Cavrois : Chroniques d&#039;une renaissance (1932-1986-2015) - Librairie 7L\" \/>\n<meta property=\"og:description\" content=\"Devenue une ic\u00f4ne mondiale de l&#8217;architecture moderne de l&#8217;entre-deux-guerres, la Villa Cavrois n&#8217;a pas toujours connu cet \u00e9clat. Habit\u00e9e par la famille \u00e9ponyme jusqu&#8217;au milieu des ann\u00e9es 1980, elle fut c\u00e9d\u00e9e \u00e0 un voisin plus pr\u00e9occup\u00e9 de promotion immobili\u00e8re que de protection du patrimoine. Pendant une quinzaine d&#8217;ann\u00e9es, elle subit les affres d&#8217;une lente et [&hellip;]\" \/>\n<meta property=\"og:url\" content=\"https:\/\/librairie7l.com\/en\/produit\/villa-cavrois-chroniques-dune-renaissance-1932-1986-2015-2\/\" \/>\n<meta property=\"og:site_name\" content=\"Librairie 7L\" \/>\n<meta property=\"article:modified_time\" content=\"2026-04-04T18:52:59+00:00\" \/>\n<meta name=\"twitter:card\" content=\"summary_large_image\" \/>\n<meta name=\"twitter:label1\" content=\"Est. reading time\" \/>\n\t<meta name=\"twitter:data1\" content=\"1 minute\" \/>\n<script type=\"application\/ld+json\" class=\"yoast-schema-graph\">{\"@context\":\"https:\/\/schema.org\",\"@graph\":[{\"@type\":\"WebPage\",\"@id\":\"https:\/\/librairie7l.com\/en\/produit\/villa-cavrois-chroniques-dune-renaissance-1932-1986-2015-2\/\",\"url\":\"https:\/\/librairie7l.com\/en\/produit\/villa-cavrois-chroniques-dune-renaissance-1932-1986-2015-2\/\",\"name\":\"Villa Cavrois : Chroniques d'une renaissance (1932-1986-2015) - Librairie 7L\",\"isPartOf\":{\"@id\":\"https:\/\/librairie7l.com\/en\/#website\"},\"datePublished\":\"2025-10-16T07:18:23+00:00\",\"dateModified\":\"2026-04-04T18:52:59+00:00\",\"breadcrumb\":{\"@id\":\"https:\/\/librairie7l.com\/en\/produit\/villa-cavrois-chroniques-dune-renaissance-1932-1986-2015-2\/#breadcrumb\"},\"inLanguage\":\"en-US\",\"potentialAction\":[{\"@type\":\"ReadAction\",\"target\":[\"https:\/\/librairie7l.com\/en\/produit\/villa-cavrois-chroniques-dune-renaissance-1932-1986-2015-2\/\"]}]},{\"@type\":\"BreadcrumbList\",\"@id\":\"https:\/\/librairie7l.com\/en\/produit\/villa-cavrois-chroniques-dune-renaissance-1932-1986-2015-2\/#breadcrumb\",\"itemListElement\":[{\"@type\":\"ListItem\",\"position\":1,\"name\":\"Accueil\",\"item\":\"https:\/\/librairie7l.com\/en\/\"},{\"@type\":\"ListItem\",\"position\":2,\"name\":\"Shop\",\"item\":\"https:\/\/librairie7l.com\/en\/shop\/\"},{\"@type\":\"ListItem\",\"position\":3,\"name\":\"VILLA CAVROIS : CHRONIQUES D&#8217;UNE RENAISSANCE (1932-1986-2015)\"}]},{\"@type\":\"WebSite\",\"@id\":\"https:\/\/librairie7l.com\/en\/#website\",\"url\":\"https:\/\/librairie7l.com\/en\/\",\"name\":\"Librairie 7L\",\"description\":\"Librairie fond\u00e9e en 1999 par Karl Lagerfeld \u00e0 Paris\",\"publisher\":{\"@id\":\"https:\/\/librairie7l.com\/en\/#organization\"},\"potentialAction\":[{\"@type\":\"SearchAction\",\"target\":{\"@type\":\"EntryPoint\",\"urlTemplate\":\"https:\/\/librairie7l.com\/en\/?s={search_term_string}\"},\"query-input\":\"required name=search_term_string\"}],\"inLanguage\":\"en-US\"},{\"@type\":\"Organization\",\"@id\":\"https:\/\/librairie7l.com\/en\/#organization\",\"name\":\"Librairie 7L\",\"url\":\"https:\/\/librairie7l.com\/en\/\",\"logo\":{\"@type\":\"ImageObject\",\"inLanguage\":\"en-US\",\"@id\":\"https:\/\/librairie7l.com\/en\/#\/schema\/logo\/image\/\",\"url\":\"https:\/\/librairie7l.com\/wp-content\/uploads\/2022\/08\/logo-1.png\",\"contentUrl\":\"https:\/\/librairie7l.com\/wp-content\/uploads\/2022\/08\/logo-1.png\",\"width\":227,\"height\":301,\"caption\":\"Librairie 7L\"},\"image\":{\"@id\":\"https:\/\/librairie7l.com\/en\/#\/schema\/logo\/image\/\"}}]}<\/script>\n<!-- \/ Yoast SEO plugin. -->","yoast_head_json":{"title":"Villa Cavrois : Chroniques d'une renaissance (1932-1986-2015) - Librairie 7L","robots":{"index":"index","follow":"follow","max-snippet":"max-snippet:-1","max-image-preview":"max-image-preview:large","max-video-preview":"max-video-preview:-1"},"canonical":"https:\/\/librairie7l.com\/en\/produit\/villa-cavrois-chroniques-dune-renaissance-1932-1986-2015-2\/","og_locale":"en_US","og_type":"article","og_title":"Villa Cavrois : Chroniques d'une renaissance (1932-1986-2015) - Librairie 7L","og_description":"Devenue une ic\u00f4ne mondiale de l&#8217;architecture moderne de l&#8217;entre-deux-guerres, la Villa Cavrois n&#8217;a pas toujours connu cet \u00e9clat. Habit\u00e9e par la famille \u00e9ponyme jusqu&#8217;au milieu des ann\u00e9es 1980, elle fut c\u00e9d\u00e9e \u00e0 un voisin plus pr\u00e9occup\u00e9 de promotion immobili\u00e8re que de protection du patrimoine. Pendant une quinzaine d&#8217;ann\u00e9es, elle subit les affres d&#8217;une lente et [&hellip;]","og_url":"https:\/\/librairie7l.com\/en\/produit\/villa-cavrois-chroniques-dune-renaissance-1932-1986-2015-2\/","og_site_name":"Librairie 7L","article_modified_time":"2026-04-04T18:52:59+00:00","twitter_card":"summary_large_image","twitter_misc":{"Est. reading time":"1 minute"},"schema":{"@context":"https:\/\/schema.org","@graph":[{"@type":"WebPage","@id":"https:\/\/librairie7l.com\/en\/produit\/villa-cavrois-chroniques-dune-renaissance-1932-1986-2015-2\/","url":"https:\/\/librairie7l.com\/en\/produit\/villa-cavrois-chroniques-dune-renaissance-1932-1986-2015-2\/","name":"Villa Cavrois : Chroniques d'une renaissance (1932-1986-2015) - Librairie 7L","isPartOf":{"@id":"https:\/\/librairie7l.com\/en\/#website"},"datePublished":"2025-10-16T07:18:23+00:00","dateModified":"2026-04-04T18:52:59+00:00","breadcrumb":{"@id":"https:\/\/librairie7l.com\/en\/produit\/villa-cavrois-chroniques-dune-renaissance-1932-1986-2015-2\/#breadcrumb"},"inLanguage":"en-US","potentialAction":[{"@type":"ReadAction","target":["https:\/\/librairie7l.com\/en\/produit\/villa-cavrois-chroniques-dune-renaissance-1932-1986-2015-2\/"]}]},{"@type":"BreadcrumbList","@id":"https:\/\/librairie7l.com\/en\/produit\/villa-cavrois-chroniques-dune-renaissance-1932-1986-2015-2\/#breadcrumb","itemListElement":[{"@type":"ListItem","position":1,"name":"Accueil","item":"https:\/\/librairie7l.com\/en\/"},{"@type":"ListItem","position":2,"name":"Shop","item":"https:\/\/librairie7l.com\/en\/shop\/"},{"@type":"ListItem","position":3,"name":"VILLA CAVROIS : CHRONIQUES D&#8217;UNE RENAISSANCE (1932-1986-2015)"}]},{"@type":"WebSite","@id":"https:\/\/librairie7l.com\/en\/#website","url":"https:\/\/librairie7l.com\/en\/","name":"Librairie 7L","description":"Librairie fond\u00e9e en 1999 par Karl Lagerfeld \u00e0 Paris","publisher":{"@id":"https:\/\/librairie7l.com\/en\/#organization"},"potentialAction":[{"@type":"SearchAction","target":{"@type":"EntryPoint","urlTemplate":"https:\/\/librairie7l.com\/en\/?s={search_term_string}"},"query-input":"required name=search_term_string"}],"inLanguage":"en-US"},{"@type":"Organization","@id":"https:\/\/librairie7l.com\/en\/#organization","name":"Librairie 7L","url":"https:\/\/librairie7l.com\/en\/","logo":{"@type":"ImageObject","inLanguage":"en-US","@id":"https:\/\/librairie7l.com\/en\/#\/schema\/logo\/image\/","url":"https:\/\/librairie7l.com\/wp-content\/uploads\/2022\/08\/logo-1.png","contentUrl":"https:\/\/librairie7l.com\/wp-content\/uploads\/2022\/08\/logo-1.png","width":227,"height":301,"caption":"Librairie 7L"},"image":{"@id":"https:\/\/librairie7l.com\/en\/#\/schema\/logo\/image\/"}}]}},"_links":{"self":[{"href":"https:\/\/librairie7l.com\/en\/wp-json\/wp\/v2\/product\/51468"}],"collection":[{"href":"https:\/\/librairie7l.com\/en\/wp-json\/wp\/v2\/product"}],"about":[{"href":"https:\/\/librairie7l.com\/en\/wp-json\/wp\/v2\/types\/product"}],"wp:featuredmedia":[{"embeddable":true,"href":"https:\/\/librairie7l.com\/en\/wp-json\/wp\/v2\/media\/51609"}],"wp:attachment":[{"href":"https:\/\/librairie7l.com\/en\/wp-json\/wp\/v2\/media?parent=51468"}],"wp:term":[{"taxonomy":"product_cat","embeddable":true,"href":"https:\/\/librairie7l.com\/en\/wp-json\/wp\/v2\/product_cat?post=51468"},{"taxonomy":"product_tag","embeddable":true,"href":"https:\/\/librairie7l.com\/en\/wp-json\/wp\/v2\/product_tag?post=51468"}],"curies":[{"name":"wp","href":"https:\/\/api.w.org\/{rel}","templated":true}]}}