{"id":51472,"date":"2025-10-16T10:16:07","date_gmt":"2025-10-16T08:16:07","guid":{"rendered":"https:\/\/librairie7l.com\/?post_type=product&#038;p=51472"},"modified":"2026-04-12T14:43:22","modified_gmt":"2026-04-12T12:43:22","slug":"letat-contre-la-norme-institutions-publiques-et-art-davant-garde-2","status":"publish","type":"product","link":"https:\/\/librairie7l.com\/en\/produit\/letat-contre-la-norme-institutions-publiques-et-art-davant-garde-2\/","title":{"rendered":"L&#8217;\u00c9TAT CONTRE LA NORME : INSTITUTIONS PUBLIQUES ET ART D&#8217;AVANT-GARDE"},"content":{"rendered":"<p>&#8203;L&#8217;\u00c9tat contre la norme<br \/>\nInstitutions publiques et art d&#8217;avant-garde<br \/>\nAu tournant des ann\u00e9es 1960, le champ artistique conna\u00eet un profond bouleversement : l&#8217;art d&#8217;avant-garde, n\u00e9 au XIXe&#8239;si\u00e8cle d&#8217;une rupture avec toute forme d&#8217;art officiel, commence \u00e0 b\u00e9n\u00e9ficier d&#8217;une reconnaissance et d&#8217;un soutien in\u00e9dits de la part des institutions publiques.<br \/>\nUne telle alliance n&#8217;avait pourtant rien d&#8217;\u00e9vident : les avant-gardes s&#8217;opposent aux traditions mus\u00e9ales, leurs exp\u00e9rimentations parfois herm\u00e9tiques s&#8217;accordent mal avec les projets de d\u00e9mocratisation culturelle et le caract\u00e8re souvent transgressif de leurs oeuvres ne les pr\u00e9dispose gu\u00e8re \u00e0 une cons\u00e9cration officielle. Le soutien public \u00e0 un art anti-conventionnel nourrit ainsi des tensions, toujours tr\u00e8s actuelles, entre la libert\u00e9 artistique et l&#8217;horizon d&#8217;attente du public. Comment expliquer alors ce renversement ?<br \/>\nDu Centre Pompidou \u00e0 la documenta de Cassel en passant par les espaces alternatifs new-yorkais, ce livre retrace l&#8217;histoire agit\u00e9e des relations entre \u00c9tats, mus\u00e9es et avant-gardes entre&#8239;1945 et&#8239;1980, dans trois pays au coeur du syst\u00e8me artistique international : la France, les \u00c9tats-Unis et l&#8217;Allemagne. Un \u00e9clairage unique sur l&#8217;\u00e9mergence du champ de l&#8217;art contemporain.<\/p>\n<p>Prix de th\u00e8se &#8220;&#8239;Valois&#8239;&#8221; jeunes chercheuses et chercheurs<br \/>\ndu minist\u00e8re de la Culture.<\/p>\n","protected":false},"excerpt":{"rendered":"<p>&#8203;L&#8217;\u00c9tat contre la norme Institutions publiques et art d&#8217;avant-garde Au tournant des ann\u00e9es 1960, le champ artistique conna\u00eet un profond bouleversement : l&#8217;art d&#8217;avant-garde, n\u00e9 au XIXe&#8239;si\u00e8cle d&#8217;une rupture avec toute forme d&#8217;art officiel, commence \u00e0 b\u00e9n\u00e9ficier d&#8217;une reconnaissance et d&#8217;un soutien in\u00e9dits de la part des institutions publiques. Une telle alliance n&#8217;avait pourtant rien [&hellip;]<\/p>\n","protected":false},"featured_media":51470,"template":"","meta":[],"product_cat":[2948,2953],"product_tag":[],"acf":[],"yoast_head":"<!-- This site is optimized with the Yoast SEO plugin v20.11 - https:\/\/yoast.com\/wordpress\/plugins\/seo\/ -->\n<title>L&#039;\u00c9tat contre la norme : Institutions publiques et art d&#039;avant-garde - Librairie 7L<\/title>\n<meta name=\"robots\" content=\"index, follow, max-snippet:-1, max-image-preview:large, max-video-preview:-1\" \/>\n<link rel=\"canonical\" href=\"https:\/\/librairie7l.com\/en\/produit\/letat-contre-la-norme-institutions-publiques-et-art-davant-garde-2\/\" \/>\n<meta property=\"og:locale\" content=\"en_US\" \/>\n<meta property=\"og:type\" content=\"article\" \/>\n<meta property=\"og:title\" content=\"L&#039;\u00c9tat contre la norme : Institutions publiques et art d&#039;avant-garde - Librairie 7L\" \/>\n<meta property=\"og:description\" content=\"&#8203;L&#8217;\u00c9tat contre la norme Institutions publiques et art d&#8217;avant-garde Au tournant des ann\u00e9es 1960, le champ artistique conna\u00eet un profond bouleversement : l&#8217;art d&#8217;avant-garde, n\u00e9 au XIXe&#8239;si\u00e8cle d&#8217;une rupture avec toute forme d&#8217;art officiel, commence \u00e0 b\u00e9n\u00e9ficier d&#8217;une reconnaissance et d&#8217;un soutien in\u00e9dits de la part des institutions publiques. Une telle alliance n&#8217;avait pourtant rien [&hellip;]\" \/>\n<meta property=\"og:url\" content=\"https:\/\/librairie7l.com\/en\/produit\/letat-contre-la-norme-institutions-publiques-et-art-davant-garde-2\/\" \/>\n<meta property=\"og:site_name\" content=\"Librairie 7L\" \/>\n<meta property=\"article:modified_time\" content=\"2026-04-12T12:43:22+00:00\" \/>\n<meta property=\"og:image\" content=\"https:\/\/librairie7l.com\/wp-content\/uploads\/2025\/06\/9782271152169_1_75.jpg\" \/>\n\t<meta property=\"og:image:width\" content=\"600\" \/>\n\t<meta property=\"og:image:height\" content=\"920\" \/>\n\t<meta property=\"og:image:type\" content=\"image\/jpeg\" \/>\n<meta name=\"twitter:card\" content=\"summary_large_image\" \/>\n<meta name=\"twitter:label1\" content=\"Est. reading time\" \/>\n\t<meta name=\"twitter:data1\" content=\"1 minute\" \/>\n<script type=\"application\/ld+json\" class=\"yoast-schema-graph\">{\"@context\":\"https:\/\/schema.org\",\"@graph\":[{\"@type\":\"WebPage\",\"@id\":\"https:\/\/librairie7l.com\/en\/produit\/letat-contre-la-norme-institutions-publiques-et-art-davant-garde-2\/\",\"url\":\"https:\/\/librairie7l.com\/en\/produit\/letat-contre-la-norme-institutions-publiques-et-art-davant-garde-2\/\",\"name\":\"L'\u00c9tat contre la norme : Institutions publiques et art d'avant-garde - Librairie 7L\",\"isPartOf\":{\"@id\":\"https:\/\/librairie7l.com\/en\/#website\"},\"datePublished\":\"2025-10-16T08:16:07+00:00\",\"dateModified\":\"2026-04-12T12:43:22+00:00\",\"breadcrumb\":{\"@id\":\"https:\/\/librairie7l.com\/en\/produit\/letat-contre-la-norme-institutions-publiques-et-art-davant-garde-2\/#breadcrumb\"},\"inLanguage\":\"en-US\",\"potentialAction\":[{\"@type\":\"ReadAction\",\"target\":[\"https:\/\/librairie7l.com\/en\/produit\/letat-contre-la-norme-institutions-publiques-et-art-davant-garde-2\/\"]}]},{\"@type\":\"BreadcrumbList\",\"@id\":\"https:\/\/librairie7l.com\/en\/produit\/letat-contre-la-norme-institutions-publiques-et-art-davant-garde-2\/#breadcrumb\",\"itemListElement\":[{\"@type\":\"ListItem\",\"position\":1,\"name\":\"Accueil\",\"item\":\"https:\/\/librairie7l.com\/en\/\"},{\"@type\":\"ListItem\",\"position\":2,\"name\":\"Shop\",\"item\":\"https:\/\/librairie7l.com\/en\/shop\/\"},{\"@type\":\"ListItem\",\"position\":3,\"name\":\"L&#8217;\u00c9TAT CONTRE LA NORME : INSTITUTIONS PUBLIQUES ET ART D&#8217;AVANT-GARDE\"}]},{\"@type\":\"WebSite\",\"@id\":\"https:\/\/librairie7l.com\/en\/#website\",\"url\":\"https:\/\/librairie7l.com\/en\/\",\"name\":\"Librairie 7L\",\"description\":\"Librairie fond\u00e9e en 1999 par Karl Lagerfeld \u00e0 Paris\",\"publisher\":{\"@id\":\"https:\/\/librairie7l.com\/en\/#organization\"},\"potentialAction\":[{\"@type\":\"SearchAction\",\"target\":{\"@type\":\"EntryPoint\",\"urlTemplate\":\"https:\/\/librairie7l.com\/en\/?s={search_term_string}\"},\"query-input\":\"required name=search_term_string\"}],\"inLanguage\":\"en-US\"},{\"@type\":\"Organization\",\"@id\":\"https:\/\/librairie7l.com\/en\/#organization\",\"name\":\"Librairie 7L\",\"url\":\"https:\/\/librairie7l.com\/en\/\",\"logo\":{\"@type\":\"ImageObject\",\"inLanguage\":\"en-US\",\"@id\":\"https:\/\/librairie7l.com\/en\/#\/schema\/logo\/image\/\",\"url\":\"https:\/\/librairie7l.com\/wp-content\/uploads\/2022\/08\/logo-1.png\",\"contentUrl\":\"https:\/\/librairie7l.com\/wp-content\/uploads\/2022\/08\/logo-1.png\",\"width\":227,\"height\":301,\"caption\":\"Librairie 7L\"},\"image\":{\"@id\":\"https:\/\/librairie7l.com\/en\/#\/schema\/logo\/image\/\"}}]}<\/script>\n<!-- \/ Yoast SEO plugin. -->","yoast_head_json":{"title":"L'\u00c9tat contre la norme : Institutions publiques et art d'avant-garde - Librairie 7L","robots":{"index":"index","follow":"follow","max-snippet":"max-snippet:-1","max-image-preview":"max-image-preview:large","max-video-preview":"max-video-preview:-1"},"canonical":"https:\/\/librairie7l.com\/en\/produit\/letat-contre-la-norme-institutions-publiques-et-art-davant-garde-2\/","og_locale":"en_US","og_type":"article","og_title":"L'\u00c9tat contre la norme : Institutions publiques et art d'avant-garde - Librairie 7L","og_description":"&#8203;L&#8217;\u00c9tat contre la norme Institutions publiques et art d&#8217;avant-garde Au tournant des ann\u00e9es 1960, le champ artistique conna\u00eet un profond bouleversement : l&#8217;art d&#8217;avant-garde, n\u00e9 au XIXe&#8239;si\u00e8cle d&#8217;une rupture avec toute forme d&#8217;art officiel, commence \u00e0 b\u00e9n\u00e9ficier d&#8217;une reconnaissance et d&#8217;un soutien in\u00e9dits de la part des institutions publiques. Une telle alliance n&#8217;avait pourtant rien [&hellip;]","og_url":"https:\/\/librairie7l.com\/en\/produit\/letat-contre-la-norme-institutions-publiques-et-art-davant-garde-2\/","og_site_name":"Librairie 7L","article_modified_time":"2026-04-12T12:43:22+00:00","og_image":[{"width":600,"height":920,"url":"https:\/\/librairie7l.com\/wp-content\/uploads\/2025\/06\/9782271152169_1_75.jpg","type":"image\/jpeg"}],"twitter_card":"summary_large_image","twitter_misc":{"Est. reading time":"1 minute"},"schema":{"@context":"https:\/\/schema.org","@graph":[{"@type":"WebPage","@id":"https:\/\/librairie7l.com\/en\/produit\/letat-contre-la-norme-institutions-publiques-et-art-davant-garde-2\/","url":"https:\/\/librairie7l.com\/en\/produit\/letat-contre-la-norme-institutions-publiques-et-art-davant-garde-2\/","name":"L'\u00c9tat contre la norme : Institutions publiques et art d'avant-garde - Librairie 7L","isPartOf":{"@id":"https:\/\/librairie7l.com\/en\/#website"},"datePublished":"2025-10-16T08:16:07+00:00","dateModified":"2026-04-12T12:43:22+00:00","breadcrumb":{"@id":"https:\/\/librairie7l.com\/en\/produit\/letat-contre-la-norme-institutions-publiques-et-art-davant-garde-2\/#breadcrumb"},"inLanguage":"en-US","potentialAction":[{"@type":"ReadAction","target":["https:\/\/librairie7l.com\/en\/produit\/letat-contre-la-norme-institutions-publiques-et-art-davant-garde-2\/"]}]},{"@type":"BreadcrumbList","@id":"https:\/\/librairie7l.com\/en\/produit\/letat-contre-la-norme-institutions-publiques-et-art-davant-garde-2\/#breadcrumb","itemListElement":[{"@type":"ListItem","position":1,"name":"Accueil","item":"https:\/\/librairie7l.com\/en\/"},{"@type":"ListItem","position":2,"name":"Shop","item":"https:\/\/librairie7l.com\/en\/shop\/"},{"@type":"ListItem","position":3,"name":"L&#8217;\u00c9TAT CONTRE LA NORME : INSTITUTIONS PUBLIQUES ET ART D&#8217;AVANT-GARDE"}]},{"@type":"WebSite","@id":"https:\/\/librairie7l.com\/en\/#website","url":"https:\/\/librairie7l.com\/en\/","name":"Librairie 7L","description":"Librairie fond\u00e9e en 1999 par Karl Lagerfeld \u00e0 Paris","publisher":{"@id":"https:\/\/librairie7l.com\/en\/#organization"},"potentialAction":[{"@type":"SearchAction","target":{"@type":"EntryPoint","urlTemplate":"https:\/\/librairie7l.com\/en\/?s={search_term_string}"},"query-input":"required name=search_term_string"}],"inLanguage":"en-US"},{"@type":"Organization","@id":"https:\/\/librairie7l.com\/en\/#organization","name":"Librairie 7L","url":"https:\/\/librairie7l.com\/en\/","logo":{"@type":"ImageObject","inLanguage":"en-US","@id":"https:\/\/librairie7l.com\/en\/#\/schema\/logo\/image\/","url":"https:\/\/librairie7l.com\/wp-content\/uploads\/2022\/08\/logo-1.png","contentUrl":"https:\/\/librairie7l.com\/wp-content\/uploads\/2022\/08\/logo-1.png","width":227,"height":301,"caption":"Librairie 7L"},"image":{"@id":"https:\/\/librairie7l.com\/en\/#\/schema\/logo\/image\/"}}]}},"_links":{"self":[{"href":"https:\/\/librairie7l.com\/en\/wp-json\/wp\/v2\/product\/51472"}],"collection":[{"href":"https:\/\/librairie7l.com\/en\/wp-json\/wp\/v2\/product"}],"about":[{"href":"https:\/\/librairie7l.com\/en\/wp-json\/wp\/v2\/types\/product"}],"wp:featuredmedia":[{"embeddable":true,"href":"https:\/\/librairie7l.com\/en\/wp-json\/wp\/v2\/media\/51470"}],"wp:attachment":[{"href":"https:\/\/librairie7l.com\/en\/wp-json\/wp\/v2\/media?parent=51472"}],"wp:term":[{"taxonomy":"product_cat","embeddable":true,"href":"https:\/\/librairie7l.com\/en\/wp-json\/wp\/v2\/product_cat?post=51472"},{"taxonomy":"product_tag","embeddable":true,"href":"https:\/\/librairie7l.com\/en\/wp-json\/wp\/v2\/product_tag?post=51472"}],"curies":[{"name":"wp","href":"https:\/\/api.w.org\/{rel}","templated":true}]}}