{"id":51476,"date":"2025-10-16T10:16:10","date_gmt":"2025-10-16T08:16:10","guid":{"rendered":"https:\/\/librairie7l.com\/?post_type=product&#038;p=51476"},"modified":"2026-04-12T14:44:33","modified_gmt":"2026-04-12T12:44:33","slug":"bernar-venet-paintings-2","status":"publish","type":"product","link":"https:\/\/librairie7l.com\/en\/produit\/bernar-venet-paintings-2\/","title":{"rendered":"BERNAR VENET &#8211; PAINTINGS"},"content":{"rendered":"<p>Bernar Venet &#8211; Paintings propose une exploration approfondie de l&#8217;oeuvre r\u00e9volutionnaire de l&#8217;artiste au cours des six derni\u00e8res d\u00e9cennies. \u00c0 la crois\u00e9e des chemins entre science, math\u00e9matiques et art visuel, Venet transforme des concepts abstraits en peintures saisissantes et stimulantes.<br \/>\nBernar Venet &#8211; Paintings propose une exploration approfondie de l&#8217;oeuvre r\u00e9volutionnaire de l&#8217;artiste au cours des six derni\u00e8res d\u00e9cennies. \u00c0 la crois\u00e9e des chemins entre science, math\u00e9matiques et art visuel, Venet transforme des concepts abstraits en peintures saisissantes et stimulantes. Cette compilation met en lumi\u00e8re sa capacit\u00e9 unique \u00e0 brouiller les fronti\u00e8res entre les disciplines, donnant vie \u00e0 des id\u00e9es intellectuelles pures sous la forme d&#8217;oeuvres d&#8217;art captivantes.<\/p>\n<p>Bernar Venet : : N\u00e9 en 1941 \u00e0 Ch\u00e2teau-Arnoux-Saint-Auban (France), il s&#8217;impose d\u00e8s la fin des ann\u00e9es soixante sur la sc\u00e8ne artistique avant-gardiste de New York. Il joue un r\u00f4le cl\u00e9 dans l&#8217;\u00e9mergence d&#8217;une nouvelle proposition radicale m\u00ealant art, math\u00e9matiques et langage scientifique. Il vit et travaille aujourd&#8217;hui \u00e0 Le Muy, en France.<br \/>\nExpositions \u00e0 venir : Guangdong Museum of Art, Canton, Chine &#8211; Waddington Custot, Londres, Royaume-Uni &#8211; Mus\u00e9e Picasso, Antibes<\/p>\n<p>Olivier Schefer : Professeur d&#8217;Esth\u00e9tique et de Philosophie de l&#8217;Art \u00e0 l&#8217;\u00c9cole des Arts de la Sorbonne. Philosophe, \u00e9crivain et critique d&#8217;art, il est sp\u00e9cialiste de la p\u00e9riode romantique et de ses r\u00e9sonances modernes et contemporaines. Il a notamment traduit de l&#8217;allemand et \u00e9dit\u00e9 Le Brouillon g\u00e9n\u00e9ral de Novalis (\u00e9ditions Allia, 2015), il est l&#8217;auteur d&#8217;essais sur le romantisme (M\u00e9langes romantiques. H\u00e9r\u00e9sies, r\u00eaves et fragments, Le F\u00e9lin, 2015), d&#8217;ouvrages sur le cin\u00e9ma de revenants et les figures somnambuliques (Variations nocturnes, Vrin, 2008 ; Figures de l&#8217;errance et de l&#8217;exil. Cin\u00e9ma, art et anthropologie, Rouge Profond, 2013). On lui doit de nombreux catalogues d&#8217;exposition sur des artistes contemporains tels que Bernar Venet, Anish Kapoor, Claude L\u00e9v\u00eaque et St\u00e9phane Thidet. Il a en outre publi\u00e9 deux r\u00e9cits sur le voyage et la m\u00e9moire, Une tache d&#8217;encre (Arl\u00e9a, 2017), Un Seul souvenir (Arl\u00e9a, 2016).<\/p>\n","protected":false},"excerpt":{"rendered":"<p>Bernar Venet &#8211; Paintings propose une exploration approfondie de l&#8217;oeuvre r\u00e9volutionnaire de l&#8217;artiste au cours des six derni\u00e8res d\u00e9cennies. \u00c0 la crois\u00e9e des chemins entre science, math\u00e9matiques et art visuel, Venet transforme des concepts abstraits en peintures saisissantes et stimulantes. Bernar Venet &#8211; Paintings propose une exploration approfondie de l&#8217;oeuvre r\u00e9volutionnaire de l&#8217;artiste au cours [&hellip;]<\/p>\n","protected":false},"featured_media":51474,"template":"","meta":[],"product_cat":[2948,2953],"product_tag":[],"acf":[],"yoast_head":"<!-- This site is optimized with the Yoast SEO plugin v20.11 - https:\/\/yoast.com\/wordpress\/plugins\/seo\/ -->\n<title>Bernar Venet - Paintings - Librairie 7L<\/title>\n<meta name=\"robots\" content=\"index, follow, max-snippet:-1, max-image-preview:large, max-video-preview:-1\" \/>\n<link rel=\"canonical\" href=\"https:\/\/librairie7l.com\/en\/produit\/bernar-venet-paintings-2\/\" \/>\n<meta property=\"og:locale\" content=\"en_US\" \/>\n<meta property=\"og:type\" content=\"article\" \/>\n<meta property=\"og:title\" content=\"Bernar Venet - Paintings - Librairie 7L\" \/>\n<meta property=\"og:description\" content=\"Bernar Venet &#8211; Paintings propose une exploration approfondie de l&#8217;oeuvre r\u00e9volutionnaire de l&#8217;artiste au cours des six derni\u00e8res d\u00e9cennies. \u00c0 la crois\u00e9e des chemins entre science, math\u00e9matiques et art visuel, Venet transforme des concepts abstraits en peintures saisissantes et stimulantes. Bernar Venet &#8211; Paintings propose une exploration approfondie de l&#8217;oeuvre r\u00e9volutionnaire de l&#8217;artiste au cours [&hellip;]\" \/>\n<meta property=\"og:url\" content=\"https:\/\/librairie7l.com\/en\/produit\/bernar-venet-paintings-2\/\" \/>\n<meta property=\"og:site_name\" content=\"Librairie 7L\" \/>\n<meta property=\"article:modified_time\" content=\"2026-04-12T12:44:33+00:00\" \/>\n<meta property=\"og:image\" content=\"https:\/\/librairie7l.com\/wp-content\/uploads\/2025\/06\/9782841054428_1_75.jpg\" \/>\n\t<meta property=\"og:image:width\" content=\"600\" \/>\n\t<meta property=\"og:image:height\" content=\"712\" \/>\n\t<meta property=\"og:image:type\" content=\"image\/jpeg\" \/>\n<meta name=\"twitter:card\" content=\"summary_large_image\" \/>\n<meta name=\"twitter:label1\" content=\"Est. reading time\" \/>\n\t<meta name=\"twitter:data1\" content=\"2 minutes\" \/>\n<script type=\"application\/ld+json\" class=\"yoast-schema-graph\">{\"@context\":\"https:\/\/schema.org\",\"@graph\":[{\"@type\":\"WebPage\",\"@id\":\"https:\/\/librairie7l.com\/en\/produit\/bernar-venet-paintings-2\/\",\"url\":\"https:\/\/librairie7l.com\/en\/produit\/bernar-venet-paintings-2\/\",\"name\":\"Bernar Venet - Paintings - Librairie 7L\",\"isPartOf\":{\"@id\":\"https:\/\/librairie7l.com\/en\/#website\"},\"datePublished\":\"2025-10-16T08:16:10+00:00\",\"dateModified\":\"2026-04-12T12:44:33+00:00\",\"breadcrumb\":{\"@id\":\"https:\/\/librairie7l.com\/en\/produit\/bernar-venet-paintings-2\/#breadcrumb\"},\"inLanguage\":\"en-US\",\"potentialAction\":[{\"@type\":\"ReadAction\",\"target\":[\"https:\/\/librairie7l.com\/en\/produit\/bernar-venet-paintings-2\/\"]}]},{\"@type\":\"BreadcrumbList\",\"@id\":\"https:\/\/librairie7l.com\/en\/produit\/bernar-venet-paintings-2\/#breadcrumb\",\"itemListElement\":[{\"@type\":\"ListItem\",\"position\":1,\"name\":\"Accueil\",\"item\":\"https:\/\/librairie7l.com\/en\/\"},{\"@type\":\"ListItem\",\"position\":2,\"name\":\"Shop\",\"item\":\"https:\/\/librairie7l.com\/en\/shop\/\"},{\"@type\":\"ListItem\",\"position\":3,\"name\":\"BERNAR VENET &#8211; PAINTINGS\"}]},{\"@type\":\"WebSite\",\"@id\":\"https:\/\/librairie7l.com\/en\/#website\",\"url\":\"https:\/\/librairie7l.com\/en\/\",\"name\":\"Librairie 7L\",\"description\":\"Librairie fond\u00e9e en 1999 par Karl Lagerfeld \u00e0 Paris\",\"publisher\":{\"@id\":\"https:\/\/librairie7l.com\/en\/#organization\"},\"potentialAction\":[{\"@type\":\"SearchAction\",\"target\":{\"@type\":\"EntryPoint\",\"urlTemplate\":\"https:\/\/librairie7l.com\/en\/?s={search_term_string}\"},\"query-input\":\"required name=search_term_string\"}],\"inLanguage\":\"en-US\"},{\"@type\":\"Organization\",\"@id\":\"https:\/\/librairie7l.com\/en\/#organization\",\"name\":\"Librairie 7L\",\"url\":\"https:\/\/librairie7l.com\/en\/\",\"logo\":{\"@type\":\"ImageObject\",\"inLanguage\":\"en-US\",\"@id\":\"https:\/\/librairie7l.com\/en\/#\/schema\/logo\/image\/\",\"url\":\"https:\/\/librairie7l.com\/wp-content\/uploads\/2022\/08\/logo-1.png\",\"contentUrl\":\"https:\/\/librairie7l.com\/wp-content\/uploads\/2022\/08\/logo-1.png\",\"width\":227,\"height\":301,\"caption\":\"Librairie 7L\"},\"image\":{\"@id\":\"https:\/\/librairie7l.com\/en\/#\/schema\/logo\/image\/\"}}]}<\/script>\n<!-- \/ Yoast SEO plugin. -->","yoast_head_json":{"title":"Bernar Venet - Paintings - Librairie 7L","robots":{"index":"index","follow":"follow","max-snippet":"max-snippet:-1","max-image-preview":"max-image-preview:large","max-video-preview":"max-video-preview:-1"},"canonical":"https:\/\/librairie7l.com\/en\/produit\/bernar-venet-paintings-2\/","og_locale":"en_US","og_type":"article","og_title":"Bernar Venet - Paintings - Librairie 7L","og_description":"Bernar Venet &#8211; Paintings propose une exploration approfondie de l&#8217;oeuvre r\u00e9volutionnaire de l&#8217;artiste au cours des six derni\u00e8res d\u00e9cennies. \u00c0 la crois\u00e9e des chemins entre science, math\u00e9matiques et art visuel, Venet transforme des concepts abstraits en peintures saisissantes et stimulantes. Bernar Venet &#8211; Paintings propose une exploration approfondie de l&#8217;oeuvre r\u00e9volutionnaire de l&#8217;artiste au cours [&hellip;]","og_url":"https:\/\/librairie7l.com\/en\/produit\/bernar-venet-paintings-2\/","og_site_name":"Librairie 7L","article_modified_time":"2026-04-12T12:44:33+00:00","og_image":[{"width":600,"height":712,"url":"https:\/\/librairie7l.com\/wp-content\/uploads\/2025\/06\/9782841054428_1_75.jpg","type":"image\/jpeg"}],"twitter_card":"summary_large_image","twitter_misc":{"Est. reading time":"2 minutes"},"schema":{"@context":"https:\/\/schema.org","@graph":[{"@type":"WebPage","@id":"https:\/\/librairie7l.com\/en\/produit\/bernar-venet-paintings-2\/","url":"https:\/\/librairie7l.com\/en\/produit\/bernar-venet-paintings-2\/","name":"Bernar Venet - Paintings - Librairie 7L","isPartOf":{"@id":"https:\/\/librairie7l.com\/en\/#website"},"datePublished":"2025-10-16T08:16:10+00:00","dateModified":"2026-04-12T12:44:33+00:00","breadcrumb":{"@id":"https:\/\/librairie7l.com\/en\/produit\/bernar-venet-paintings-2\/#breadcrumb"},"inLanguage":"en-US","potentialAction":[{"@type":"ReadAction","target":["https:\/\/librairie7l.com\/en\/produit\/bernar-venet-paintings-2\/"]}]},{"@type":"BreadcrumbList","@id":"https:\/\/librairie7l.com\/en\/produit\/bernar-venet-paintings-2\/#breadcrumb","itemListElement":[{"@type":"ListItem","position":1,"name":"Accueil","item":"https:\/\/librairie7l.com\/en\/"},{"@type":"ListItem","position":2,"name":"Shop","item":"https:\/\/librairie7l.com\/en\/shop\/"},{"@type":"ListItem","position":3,"name":"BERNAR VENET &#8211; PAINTINGS"}]},{"@type":"WebSite","@id":"https:\/\/librairie7l.com\/en\/#website","url":"https:\/\/librairie7l.com\/en\/","name":"Librairie 7L","description":"Librairie fond\u00e9e en 1999 par Karl Lagerfeld \u00e0 Paris","publisher":{"@id":"https:\/\/librairie7l.com\/en\/#organization"},"potentialAction":[{"@type":"SearchAction","target":{"@type":"EntryPoint","urlTemplate":"https:\/\/librairie7l.com\/en\/?s={search_term_string}"},"query-input":"required name=search_term_string"}],"inLanguage":"en-US"},{"@type":"Organization","@id":"https:\/\/librairie7l.com\/en\/#organization","name":"Librairie 7L","url":"https:\/\/librairie7l.com\/en\/","logo":{"@type":"ImageObject","inLanguage":"en-US","@id":"https:\/\/librairie7l.com\/en\/#\/schema\/logo\/image\/","url":"https:\/\/librairie7l.com\/wp-content\/uploads\/2022\/08\/logo-1.png","contentUrl":"https:\/\/librairie7l.com\/wp-content\/uploads\/2022\/08\/logo-1.png","width":227,"height":301,"caption":"Librairie 7L"},"image":{"@id":"https:\/\/librairie7l.com\/en\/#\/schema\/logo\/image\/"}}]}},"_links":{"self":[{"href":"https:\/\/librairie7l.com\/en\/wp-json\/wp\/v2\/product\/51476"}],"collection":[{"href":"https:\/\/librairie7l.com\/en\/wp-json\/wp\/v2\/product"}],"about":[{"href":"https:\/\/librairie7l.com\/en\/wp-json\/wp\/v2\/types\/product"}],"wp:featuredmedia":[{"embeddable":true,"href":"https:\/\/librairie7l.com\/en\/wp-json\/wp\/v2\/media\/51474"}],"wp:attachment":[{"href":"https:\/\/librairie7l.com\/en\/wp-json\/wp\/v2\/media?parent=51476"}],"wp:term":[{"taxonomy":"product_cat","embeddable":true,"href":"https:\/\/librairie7l.com\/en\/wp-json\/wp\/v2\/product_cat?post=51476"},{"taxonomy":"product_tag","embeddable":true,"href":"https:\/\/librairie7l.com\/en\/wp-json\/wp\/v2\/product_tag?post=51476"}],"curies":[{"name":"wp","href":"https:\/\/api.w.org\/{rel}","templated":true}]}}