{"id":51478,"date":"2025-10-16T10:16:13","date_gmt":"2025-10-16T08:16:13","guid":{"rendered":"https:\/\/librairie7l.com\/?post_type=product&#038;p=51478"},"modified":"2026-04-14T10:46:10","modified_gmt":"2026-04-14T08:46:10","slug":"radio-ballast-2","status":"publish","type":"product","link":"https:\/\/librairie7l.com\/en\/produit\/radio-ballast-2\/","title":{"rendered":"RADIO BALLAST"},"content":{"rendered":"<p>Pendant plus d&#8217;un an, Fran\u00e7ois-Xavier Gbr\u00e9 a parcouru les territoires travers\u00e9s par la voie de chemin de fer, photographiant wagons, gares, ateliers de maintenance, mais \u00e9galement la diversit\u00e9 des paysages.<br \/>\nPhotographe ivoirien, Fran\u00e7ois-Xavier Gbr\u00e9 d\u00e9veloppe une pratique artistique qui explore les territoires et revisite l&#8217;histoire. Son travail s&#8217;int\u00e9resse particuli\u00e8rement au langage de l&#8217;architecture comme t\u00e9moin de m\u00e9moire et des changements sociaux. Dans le cadre du programme &#8221; Latitudes &#8221; dont il est laur\u00e9at, il a choisi d&#8217;embarquer \u00e0 bord de la ligne de chemin de fer qui relie Abidjan au Niger. Construite dans l&#8217;ancienne Afrique occidentale fran\u00e7aise (AOF), la ligne autrefois d\u00e9di\u00e9e au transport des mati\u00e8res premi\u00e8res ivoiriennes, burkinab\u00e9s et nig\u00e9riennes dans une d\u00e9marche extractiviste, ainsi qu&#8217;aux transports de voyageurs reste aujourd&#8217;hui active mais est uniquement r\u00e9serv\u00e9e aux marchandises. Les petites gares, typiques de l&#8217;architecture moderniste coloniale, et certains tron\u00e7ons ferroviaires sont d\u00e9sormais abandonn\u00e9s : la nature luxuriante des r\u00e9gions travers\u00e9es s&#8217;est peu \u00e0 peu infiltr\u00e9e, envahissant salles d&#8217;attente, hangars et ballasts v\u00e9tustes&#8230; Pendant plus d&#8217;un an, Fran\u00e7ois-Xavier Gbr\u00e9 a parcouru les territoires travers\u00e9s par la voie de chemin de fer, photographiant wagons, gares, ateliers de maintenance, mais \u00e9galement la diversit\u00e9 des paysages. Ses images sont charg\u00e9es d&#8217;une certaine m\u00e9lancolie : celle d&#8217;un regard port\u00e9 sur le passage du temps sur la mati\u00e8re. En contrepoint aux photographies de paysages, baign\u00e9s de lumi\u00e8re et d&#8217;o\u00f9 s&#8217;exhale l&#8217;humidit\u00e9 de la terre, r\u00e9pond un ensemble d&#8217;images de fragments de mati\u00e8re : surfaces pel\u00e9es par le passage du temps ou rong\u00e9es par la rouille&#8230; Peu \u00e0 peu il se d\u00e9gage des lieux une atmosph\u00e8re surann\u00e9e, la sensation d&#8217;un temps suspendu : le voyage auquel nous convie le photographe parle d&#8217;une histoire certes r\u00e9volue mais dont les \u00e9chos r\u00e9sonnent encore sur des territoires longtemps morcel\u00e9s par la pr\u00e9sence coloniale et dont l&#8217;empreinte de cette derni\u00e8re perdure malgr\u00e9 les al\u00e9as de la nature et des hommes.<\/p>\n","protected":false},"excerpt":{"rendered":"<p>Pendant plus d&#8217;un an, Fran\u00e7ois-Xavier Gbr\u00e9 a parcouru les territoires travers\u00e9s par la voie de chemin de fer, photographiant wagons, gares, ateliers de maintenance, mais \u00e9galement la diversit\u00e9 des paysages. Photographe ivoirien, Fran\u00e7ois-Xavier Gbr\u00e9 d\u00e9veloppe une pratique artistique qui explore les territoires et revisite l&#8217;histoire. Son travail s&#8217;int\u00e9resse particuli\u00e8rement au langage de l&#8217;architecture comme t\u00e9moin [&hellip;]<\/p>\n","protected":false},"featured_media":51769,"template":"","meta":[],"product_cat":[2948,2958],"product_tag":[],"acf":[],"yoast_head":"<!-- This site is optimized with the Yoast SEO plugin v20.11 - https:\/\/yoast.com\/wordpress\/plugins\/seo\/ -->\n<title>Radio Ballast - Librairie 7L<\/title>\n<meta name=\"robots\" content=\"index, follow, max-snippet:-1, max-image-preview:large, max-video-preview:-1\" \/>\n<link rel=\"canonical\" href=\"https:\/\/librairie7l.com\/en\/produit\/radio-ballast-2\/\" \/>\n<meta property=\"og:locale\" content=\"en_US\" \/>\n<meta property=\"og:type\" content=\"article\" \/>\n<meta property=\"og:title\" content=\"Radio Ballast - Librairie 7L\" \/>\n<meta property=\"og:description\" content=\"Pendant plus d&#8217;un an, Fran\u00e7ois-Xavier Gbr\u00e9 a parcouru les territoires travers\u00e9s par la voie de chemin de fer, photographiant wagons, gares, ateliers de maintenance, mais \u00e9galement la diversit\u00e9 des paysages. Photographe ivoirien, Fran\u00e7ois-Xavier Gbr\u00e9 d\u00e9veloppe une pratique artistique qui explore les territoires et revisite l&#8217;histoire. Son travail s&#8217;int\u00e9resse particuli\u00e8rement au langage de l&#8217;architecture comme t\u00e9moin [&hellip;]\" \/>\n<meta property=\"og:url\" content=\"https:\/\/librairie7l.com\/en\/produit\/radio-ballast-2\/\" \/>\n<meta property=\"og:site_name\" content=\"Librairie 7L\" \/>\n<meta property=\"article:modified_time\" content=\"2026-04-14T08:46:10+00:00\" \/>\n<meta name=\"twitter:card\" content=\"summary_large_image\" \/>\n<meta name=\"twitter:label1\" content=\"Est. reading time\" \/>\n\t<meta name=\"twitter:data1\" content=\"2 minutes\" \/>\n<script type=\"application\/ld+json\" class=\"yoast-schema-graph\">{\"@context\":\"https:\/\/schema.org\",\"@graph\":[{\"@type\":\"WebPage\",\"@id\":\"https:\/\/librairie7l.com\/en\/produit\/radio-ballast-2\/\",\"url\":\"https:\/\/librairie7l.com\/en\/produit\/radio-ballast-2\/\",\"name\":\"Radio Ballast - Librairie 7L\",\"isPartOf\":{\"@id\":\"https:\/\/librairie7l.com\/en\/#website\"},\"datePublished\":\"2025-10-16T08:16:13+00:00\",\"dateModified\":\"2026-04-14T08:46:10+00:00\",\"breadcrumb\":{\"@id\":\"https:\/\/librairie7l.com\/en\/produit\/radio-ballast-2\/#breadcrumb\"},\"inLanguage\":\"en-US\",\"potentialAction\":[{\"@type\":\"ReadAction\",\"target\":[\"https:\/\/librairie7l.com\/en\/produit\/radio-ballast-2\/\"]}]},{\"@type\":\"BreadcrumbList\",\"@id\":\"https:\/\/librairie7l.com\/en\/produit\/radio-ballast-2\/#breadcrumb\",\"itemListElement\":[{\"@type\":\"ListItem\",\"position\":1,\"name\":\"Accueil\",\"item\":\"https:\/\/librairie7l.com\/en\/\"},{\"@type\":\"ListItem\",\"position\":2,\"name\":\"Shop\",\"item\":\"https:\/\/librairie7l.com\/en\/shop\/\"},{\"@type\":\"ListItem\",\"position\":3,\"name\":\"RADIO BALLAST\"}]},{\"@type\":\"WebSite\",\"@id\":\"https:\/\/librairie7l.com\/en\/#website\",\"url\":\"https:\/\/librairie7l.com\/en\/\",\"name\":\"Librairie 7L\",\"description\":\"Librairie fond\u00e9e en 1999 par Karl Lagerfeld \u00e0 Paris\",\"publisher\":{\"@id\":\"https:\/\/librairie7l.com\/en\/#organization\"},\"potentialAction\":[{\"@type\":\"SearchAction\",\"target\":{\"@type\":\"EntryPoint\",\"urlTemplate\":\"https:\/\/librairie7l.com\/en\/?s={search_term_string}\"},\"query-input\":\"required name=search_term_string\"}],\"inLanguage\":\"en-US\"},{\"@type\":\"Organization\",\"@id\":\"https:\/\/librairie7l.com\/en\/#organization\",\"name\":\"Librairie 7L\",\"url\":\"https:\/\/librairie7l.com\/en\/\",\"logo\":{\"@type\":\"ImageObject\",\"inLanguage\":\"en-US\",\"@id\":\"https:\/\/librairie7l.com\/en\/#\/schema\/logo\/image\/\",\"url\":\"https:\/\/librairie7l.com\/wp-content\/uploads\/2022\/08\/logo-1.png\",\"contentUrl\":\"https:\/\/librairie7l.com\/wp-content\/uploads\/2022\/08\/logo-1.png\",\"width\":227,\"height\":301,\"caption\":\"Librairie 7L\"},\"image\":{\"@id\":\"https:\/\/librairie7l.com\/en\/#\/schema\/logo\/image\/\"}}]}<\/script>\n<!-- \/ Yoast SEO plugin. -->","yoast_head_json":{"title":"Radio Ballast - Librairie 7L","robots":{"index":"index","follow":"follow","max-snippet":"max-snippet:-1","max-image-preview":"max-image-preview:large","max-video-preview":"max-video-preview:-1"},"canonical":"https:\/\/librairie7l.com\/en\/produit\/radio-ballast-2\/","og_locale":"en_US","og_type":"article","og_title":"Radio Ballast - Librairie 7L","og_description":"Pendant plus d&#8217;un an, Fran\u00e7ois-Xavier Gbr\u00e9 a parcouru les territoires travers\u00e9s par la voie de chemin de fer, photographiant wagons, gares, ateliers de maintenance, mais \u00e9galement la diversit\u00e9 des paysages. Photographe ivoirien, Fran\u00e7ois-Xavier Gbr\u00e9 d\u00e9veloppe une pratique artistique qui explore les territoires et revisite l&#8217;histoire. Son travail s&#8217;int\u00e9resse particuli\u00e8rement au langage de l&#8217;architecture comme t\u00e9moin [&hellip;]","og_url":"https:\/\/librairie7l.com\/en\/produit\/radio-ballast-2\/","og_site_name":"Librairie 7L","article_modified_time":"2026-04-14T08:46:10+00:00","twitter_card":"summary_large_image","twitter_misc":{"Est. reading time":"2 minutes"},"schema":{"@context":"https:\/\/schema.org","@graph":[{"@type":"WebPage","@id":"https:\/\/librairie7l.com\/en\/produit\/radio-ballast-2\/","url":"https:\/\/librairie7l.com\/en\/produit\/radio-ballast-2\/","name":"Radio Ballast - Librairie 7L","isPartOf":{"@id":"https:\/\/librairie7l.com\/en\/#website"},"datePublished":"2025-10-16T08:16:13+00:00","dateModified":"2026-04-14T08:46:10+00:00","breadcrumb":{"@id":"https:\/\/librairie7l.com\/en\/produit\/radio-ballast-2\/#breadcrumb"},"inLanguage":"en-US","potentialAction":[{"@type":"ReadAction","target":["https:\/\/librairie7l.com\/en\/produit\/radio-ballast-2\/"]}]},{"@type":"BreadcrumbList","@id":"https:\/\/librairie7l.com\/en\/produit\/radio-ballast-2\/#breadcrumb","itemListElement":[{"@type":"ListItem","position":1,"name":"Accueil","item":"https:\/\/librairie7l.com\/en\/"},{"@type":"ListItem","position":2,"name":"Shop","item":"https:\/\/librairie7l.com\/en\/shop\/"},{"@type":"ListItem","position":3,"name":"RADIO BALLAST"}]},{"@type":"WebSite","@id":"https:\/\/librairie7l.com\/en\/#website","url":"https:\/\/librairie7l.com\/en\/","name":"Librairie 7L","description":"Librairie fond\u00e9e en 1999 par Karl Lagerfeld \u00e0 Paris","publisher":{"@id":"https:\/\/librairie7l.com\/en\/#organization"},"potentialAction":[{"@type":"SearchAction","target":{"@type":"EntryPoint","urlTemplate":"https:\/\/librairie7l.com\/en\/?s={search_term_string}"},"query-input":"required name=search_term_string"}],"inLanguage":"en-US"},{"@type":"Organization","@id":"https:\/\/librairie7l.com\/en\/#organization","name":"Librairie 7L","url":"https:\/\/librairie7l.com\/en\/","logo":{"@type":"ImageObject","inLanguage":"en-US","@id":"https:\/\/librairie7l.com\/en\/#\/schema\/logo\/image\/","url":"https:\/\/librairie7l.com\/wp-content\/uploads\/2022\/08\/logo-1.png","contentUrl":"https:\/\/librairie7l.com\/wp-content\/uploads\/2022\/08\/logo-1.png","width":227,"height":301,"caption":"Librairie 7L"},"image":{"@id":"https:\/\/librairie7l.com\/en\/#\/schema\/logo\/image\/"}}]}},"_links":{"self":[{"href":"https:\/\/librairie7l.com\/en\/wp-json\/wp\/v2\/product\/51478"}],"collection":[{"href":"https:\/\/librairie7l.com\/en\/wp-json\/wp\/v2\/product"}],"about":[{"href":"https:\/\/librairie7l.com\/en\/wp-json\/wp\/v2\/types\/product"}],"wp:featuredmedia":[{"embeddable":true,"href":"https:\/\/librairie7l.com\/en\/wp-json\/wp\/v2\/media\/51769"}],"wp:attachment":[{"href":"https:\/\/librairie7l.com\/en\/wp-json\/wp\/v2\/media?parent=51478"}],"wp:term":[{"taxonomy":"product_cat","embeddable":true,"href":"https:\/\/librairie7l.com\/en\/wp-json\/wp\/v2\/product_cat?post=51478"},{"taxonomy":"product_tag","embeddable":true,"href":"https:\/\/librairie7l.com\/en\/wp-json\/wp\/v2\/product_tag?post=51478"}],"curies":[{"name":"wp","href":"https:\/\/api.w.org\/{rel}","templated":true}]}}