{"id":51482,"date":"2025-10-16T10:16:16","date_gmt":"2025-10-16T08:16:16","guid":{"rendered":"https:\/\/librairie7l.com\/?post_type=product&#038;p=51482"},"modified":"2026-04-20T03:35:43","modified_gmt":"2026-04-20T01:35:43","slug":"elle-1945-2025-un-siecle-au-feminin-2","status":"publish","type":"product","link":"https:\/\/librairie7l.com\/en\/produit\/elle-1945-2025-un-siecle-au-feminin-2\/","title":{"rendered":"ELLE 1945-2025, UN SI\u00c8CLE AU F\u00c9MININ"},"content":{"rendered":"<p>\u00c0 l&#8217;occasion des 80 ans du ELLE, un beau livre aux allures d&#8217;encyclop\u00e9die retra\u00e7ant l&#8217;histoire de ce magazine aux photographies embl\u00e9matiques et aux prises de position audacieuses.<br \/>\n1945. ELLE FAIT PARA\u00ceTRE SON PREMIER NUM\u00c9RO. Moderne, cr\u00e9atif, engag\u00e9, le journal fond\u00e9 par H\u00e9l\u00e8ne Lazareff se tient aux c\u00f4t\u00e9s des femmes dans leur nouvelle vie.<\/p>\n<p>2O25. DEPUIS \ud83d\ude2f ANS, ELLE SE R\u00c9INVENTE. T\u00e9moinet acteur de l&#8217;\u00e9volution de notre soci\u00e9t\u00e9, le magazine accompagne les femmes dans leurs envies, leurs aventures, leurs aspirations, leurs combats.<\/p>\n<p>POUR C\u00c9L\u00c9BRER CET ANNIVERSAIRE, ce livre \u00e0 l&#8217;allure d&#8217;encyclop\u00e9die visuelle traverse les \u00e9poques et rend hommage \u00e0 l&#8217;importance culturelle et historique du magazine : voici, r\u00e9unies en un volume, les photos et les couvertures qui ont fait le<br \/>\nELLE depuis quatre-vingts ans.<br \/>\nIc\u00f4nes, top-mod\u00e8les, artistes, actrices, \u00e9crivaines, toutes sont l\u00e0. L\u00e9g\u00e8ret\u00e9, sororit\u00e9, beaut\u00e9, rire, mode, tout y est. Et vingt grandes plumes nous disent pourquoi, avec<br \/>\n ELLE, nous vivons un si\u00e8cle au f\u00e9minin.<\/p>\n","protected":false},"excerpt":{"rendered":"<p>\u00c0 l&#8217;occasion des 80 ans du ELLE, un beau livre aux allures d&#8217;encyclop\u00e9die retra\u00e7ant l&#8217;histoire de ce magazine aux photographies embl\u00e9matiques et aux prises de position audacieuses. 1945. ELLE FAIT PARA\u00ceTRE SON PREMIER NUM\u00c9RO. Moderne, cr\u00e9atif, engag\u00e9, le journal fond\u00e9 par H\u00e9l\u00e8ne Lazareff se tient aux c\u00f4t\u00e9s des femmes dans leur nouvelle vie. 2O25. DEPUIS [&hellip;]<\/p>\n","protected":false},"featured_media":51480,"template":"","meta":[],"product_cat":[2948,2957],"product_tag":[],"acf":[],"yoast_head":"<!-- This site is optimized with the Yoast SEO plugin v20.11 - https:\/\/yoast.com\/wordpress\/plugins\/seo\/ -->\n<title>ELLE 1945-2025, un si\u00e8cle au f\u00e9minin - Librairie 7L<\/title>\n<meta name=\"robots\" content=\"index, follow, max-snippet:-1, max-image-preview:large, max-video-preview:-1\" \/>\n<link rel=\"canonical\" href=\"https:\/\/librairie7l.com\/en\/produit\/elle-1945-2025-un-siecle-au-feminin-2\/\" \/>\n<meta property=\"og:locale\" content=\"en_US\" \/>\n<meta property=\"og:type\" content=\"article\" \/>\n<meta property=\"og:title\" content=\"ELLE 1945-2025, un si\u00e8cle au f\u00e9minin - Librairie 7L\" \/>\n<meta property=\"og:description\" content=\"\u00c0 l&#8217;occasion des 80 ans du ELLE, un beau livre aux allures d&#8217;encyclop\u00e9die retra\u00e7ant l&#8217;histoire de ce magazine aux photographies embl\u00e9matiques et aux prises de position audacieuses. 1945. ELLE FAIT PARA\u00ceTRE SON PREMIER NUM\u00c9RO. Moderne, cr\u00e9atif, engag\u00e9, le journal fond\u00e9 par H\u00e9l\u00e8ne Lazareff se tient aux c\u00f4t\u00e9s des femmes dans leur nouvelle vie. 2O25. DEPUIS [&hellip;]\" \/>\n<meta property=\"og:url\" content=\"https:\/\/librairie7l.com\/en\/produit\/elle-1945-2025-un-siecle-au-feminin-2\/\" \/>\n<meta property=\"og:site_name\" content=\"Librairie 7L\" \/>\n<meta property=\"article:modified_time\" content=\"2026-04-20T01:35:43+00:00\" \/>\n<meta property=\"og:image\" content=\"https:\/\/librairie7l.com\/wp-content\/uploads\/2025\/06\/9782232148712_1_75.jpg\" \/>\n\t<meta property=\"og:image:width\" content=\"600\" \/>\n\t<meta property=\"og:image:height\" content=\"765\" \/>\n\t<meta property=\"og:image:type\" content=\"image\/jpeg\" \/>\n<meta name=\"twitter:card\" content=\"summary_large_image\" \/>\n<meta name=\"twitter:label1\" content=\"Est. reading time\" \/>\n\t<meta name=\"twitter:data1\" content=\"1 minute\" \/>\n<script type=\"application\/ld+json\" class=\"yoast-schema-graph\">{\"@context\":\"https:\/\/schema.org\",\"@graph\":[{\"@type\":\"WebPage\",\"@id\":\"https:\/\/librairie7l.com\/en\/produit\/elle-1945-2025-un-siecle-au-feminin-2\/\",\"url\":\"https:\/\/librairie7l.com\/en\/produit\/elle-1945-2025-un-siecle-au-feminin-2\/\",\"name\":\"ELLE 1945-2025, un si\u00e8cle au f\u00e9minin - Librairie 7L\",\"isPartOf\":{\"@id\":\"https:\/\/librairie7l.com\/en\/#website\"},\"datePublished\":\"2025-10-16T08:16:16+00:00\",\"dateModified\":\"2026-04-20T01:35:43+00:00\",\"breadcrumb\":{\"@id\":\"https:\/\/librairie7l.com\/en\/produit\/elle-1945-2025-un-siecle-au-feminin-2\/#breadcrumb\"},\"inLanguage\":\"en-US\",\"potentialAction\":[{\"@type\":\"ReadAction\",\"target\":[\"https:\/\/librairie7l.com\/en\/produit\/elle-1945-2025-un-siecle-au-feminin-2\/\"]}]},{\"@type\":\"BreadcrumbList\",\"@id\":\"https:\/\/librairie7l.com\/en\/produit\/elle-1945-2025-un-siecle-au-feminin-2\/#breadcrumb\",\"itemListElement\":[{\"@type\":\"ListItem\",\"position\":1,\"name\":\"Accueil\",\"item\":\"https:\/\/librairie7l.com\/en\/\"},{\"@type\":\"ListItem\",\"position\":2,\"name\":\"Shop\",\"item\":\"https:\/\/librairie7l.com\/en\/shop\/\"},{\"@type\":\"ListItem\",\"position\":3,\"name\":\"ELLE 1945-2025, UN SI\u00c8CLE AU F\u00c9MININ\"}]},{\"@type\":\"WebSite\",\"@id\":\"https:\/\/librairie7l.com\/en\/#website\",\"url\":\"https:\/\/librairie7l.com\/en\/\",\"name\":\"Librairie 7L\",\"description\":\"Librairie fond\u00e9e en 1999 par Karl Lagerfeld \u00e0 Paris\",\"publisher\":{\"@id\":\"https:\/\/librairie7l.com\/en\/#organization\"},\"potentialAction\":[{\"@type\":\"SearchAction\",\"target\":{\"@type\":\"EntryPoint\",\"urlTemplate\":\"https:\/\/librairie7l.com\/en\/?s={search_term_string}\"},\"query-input\":\"required name=search_term_string\"}],\"inLanguage\":\"en-US\"},{\"@type\":\"Organization\",\"@id\":\"https:\/\/librairie7l.com\/en\/#organization\",\"name\":\"Librairie 7L\",\"url\":\"https:\/\/librairie7l.com\/en\/\",\"logo\":{\"@type\":\"ImageObject\",\"inLanguage\":\"en-US\",\"@id\":\"https:\/\/librairie7l.com\/en\/#\/schema\/logo\/image\/\",\"url\":\"https:\/\/librairie7l.com\/wp-content\/uploads\/2022\/08\/logo-1.png\",\"contentUrl\":\"https:\/\/librairie7l.com\/wp-content\/uploads\/2022\/08\/logo-1.png\",\"width\":227,\"height\":301,\"caption\":\"Librairie 7L\"},\"image\":{\"@id\":\"https:\/\/librairie7l.com\/en\/#\/schema\/logo\/image\/\"}}]}<\/script>\n<!-- \/ Yoast SEO plugin. -->","yoast_head_json":{"title":"ELLE 1945-2025, un si\u00e8cle au f\u00e9minin - Librairie 7L","robots":{"index":"index","follow":"follow","max-snippet":"max-snippet:-1","max-image-preview":"max-image-preview:large","max-video-preview":"max-video-preview:-1"},"canonical":"https:\/\/librairie7l.com\/en\/produit\/elle-1945-2025-un-siecle-au-feminin-2\/","og_locale":"en_US","og_type":"article","og_title":"ELLE 1945-2025, un si\u00e8cle au f\u00e9minin - Librairie 7L","og_description":"\u00c0 l&#8217;occasion des 80 ans du ELLE, un beau livre aux allures d&#8217;encyclop\u00e9die retra\u00e7ant l&#8217;histoire de ce magazine aux photographies embl\u00e9matiques et aux prises de position audacieuses. 1945. ELLE FAIT PARA\u00ceTRE SON PREMIER NUM\u00c9RO. Moderne, cr\u00e9atif, engag\u00e9, le journal fond\u00e9 par H\u00e9l\u00e8ne Lazareff se tient aux c\u00f4t\u00e9s des femmes dans leur nouvelle vie. 2O25. DEPUIS [&hellip;]","og_url":"https:\/\/librairie7l.com\/en\/produit\/elle-1945-2025-un-siecle-au-feminin-2\/","og_site_name":"Librairie 7L","article_modified_time":"2026-04-20T01:35:43+00:00","og_image":[{"width":600,"height":765,"url":"https:\/\/librairie7l.com\/wp-content\/uploads\/2025\/06\/9782232148712_1_75.jpg","type":"image\/jpeg"}],"twitter_card":"summary_large_image","twitter_misc":{"Est. reading time":"1 minute"},"schema":{"@context":"https:\/\/schema.org","@graph":[{"@type":"WebPage","@id":"https:\/\/librairie7l.com\/en\/produit\/elle-1945-2025-un-siecle-au-feminin-2\/","url":"https:\/\/librairie7l.com\/en\/produit\/elle-1945-2025-un-siecle-au-feminin-2\/","name":"ELLE 1945-2025, un si\u00e8cle au f\u00e9minin - Librairie 7L","isPartOf":{"@id":"https:\/\/librairie7l.com\/en\/#website"},"datePublished":"2025-10-16T08:16:16+00:00","dateModified":"2026-04-20T01:35:43+00:00","breadcrumb":{"@id":"https:\/\/librairie7l.com\/en\/produit\/elle-1945-2025-un-siecle-au-feminin-2\/#breadcrumb"},"inLanguage":"en-US","potentialAction":[{"@type":"ReadAction","target":["https:\/\/librairie7l.com\/en\/produit\/elle-1945-2025-un-siecle-au-feminin-2\/"]}]},{"@type":"BreadcrumbList","@id":"https:\/\/librairie7l.com\/en\/produit\/elle-1945-2025-un-siecle-au-feminin-2\/#breadcrumb","itemListElement":[{"@type":"ListItem","position":1,"name":"Accueil","item":"https:\/\/librairie7l.com\/en\/"},{"@type":"ListItem","position":2,"name":"Shop","item":"https:\/\/librairie7l.com\/en\/shop\/"},{"@type":"ListItem","position":3,"name":"ELLE 1945-2025, UN SI\u00c8CLE AU F\u00c9MININ"}]},{"@type":"WebSite","@id":"https:\/\/librairie7l.com\/en\/#website","url":"https:\/\/librairie7l.com\/en\/","name":"Librairie 7L","description":"Librairie fond\u00e9e en 1999 par Karl Lagerfeld \u00e0 Paris","publisher":{"@id":"https:\/\/librairie7l.com\/en\/#organization"},"potentialAction":[{"@type":"SearchAction","target":{"@type":"EntryPoint","urlTemplate":"https:\/\/librairie7l.com\/en\/?s={search_term_string}"},"query-input":"required name=search_term_string"}],"inLanguage":"en-US"},{"@type":"Organization","@id":"https:\/\/librairie7l.com\/en\/#organization","name":"Librairie 7L","url":"https:\/\/librairie7l.com\/en\/","logo":{"@type":"ImageObject","inLanguage":"en-US","@id":"https:\/\/librairie7l.com\/en\/#\/schema\/logo\/image\/","url":"https:\/\/librairie7l.com\/wp-content\/uploads\/2022\/08\/logo-1.png","contentUrl":"https:\/\/librairie7l.com\/wp-content\/uploads\/2022\/08\/logo-1.png","width":227,"height":301,"caption":"Librairie 7L"},"image":{"@id":"https:\/\/librairie7l.com\/en\/#\/schema\/logo\/image\/"}}]}},"_links":{"self":[{"href":"https:\/\/librairie7l.com\/en\/wp-json\/wp\/v2\/product\/51482"}],"collection":[{"href":"https:\/\/librairie7l.com\/en\/wp-json\/wp\/v2\/product"}],"about":[{"href":"https:\/\/librairie7l.com\/en\/wp-json\/wp\/v2\/types\/product"}],"wp:featuredmedia":[{"embeddable":true,"href":"https:\/\/librairie7l.com\/en\/wp-json\/wp\/v2\/media\/51480"}],"wp:attachment":[{"href":"https:\/\/librairie7l.com\/en\/wp-json\/wp\/v2\/media?parent=51482"}],"wp:term":[{"taxonomy":"product_cat","embeddable":true,"href":"https:\/\/librairie7l.com\/en\/wp-json\/wp\/v2\/product_cat?post=51482"},{"taxonomy":"product_tag","embeddable":true,"href":"https:\/\/librairie7l.com\/en\/wp-json\/wp\/v2\/product_tag?post=51482"}],"curies":[{"name":"wp","href":"https:\/\/api.w.org\/{rel}","templated":true}]}}