{"id":51492,"date":"2025-10-16T10:16:23","date_gmt":"2025-10-16T08:16:23","guid":{"rendered":"https:\/\/librairie7l.com\/?post_type=product&#038;p=51492"},"modified":"2026-04-12T14:43:08","modified_gmt":"2026-04-12T12:43:08","slug":"purismes-2","status":"publish","type":"product","link":"https:\/\/librairie7l.com\/en\/produit\/purismes-2\/","title":{"rendered":"PURISME(S)"},"content":{"rendered":"<p>En 1917, Le Corbusier et Am\u00e9d\u00e9e Ozenfant cr\u00e9ent le mouvement d&#8217;avant-garde qu&#8217;ils baptisent le Purisme.<\/p>\n<p>Ses deux inventeurs publient leur manifeste \u00ab Apr\u00e8s le Cubisme \u00bb en 1918. Le cubisme, qu&#8217;ils admirent pour sa modernit\u00e9, leur semble devenu abscond et parfois d\u00e9coratif. Le purisme se donne donc pour objectif non pas de d\u00e9former les objets &#8211; comme a pu le faire le Cubisme &#8211; mais au contraire d&#8217;en capter l&#8217;essence-m\u00eame. Le credo des deux fondateurs se caract\u00e9rise par une repr\u00e9sentation ultra-lisible, des proportions respect\u00e9es, le partage des contours, des lignes dessin\u00e9es avec application et une remise en cause des codes de la perspective. Les oeuvres puristes sont remarquables par leur rigueur graphique qui apparente les compositions au dessin technique, tout en utilisant une gamme de couleurs reconnaissable : orange, marron, bleu gris &#8230;<\/p>\n<p>Le mouvement a s\u00e9duit par sa rigueur un ensemble important d&#8217;artistes fran\u00e7ais et internationaux, attir\u00e9s par son approche quasi-scientifique. Mais chacun d&#8217;entre eux a produit un purisme personnel, qui s&#8217;est parfois affranchi des pr\u00e9ceptes des fondateurs, \u00e0 l&#8217;instar notamment des femmes artistes, parties prenantes du mouvement, comme Franciska Clausen et Marcelle Cahn mais \u00e9galement des artistes d\u00e9j\u00e0 connus comme Willi Baumeister et Fernand L\u00e9ger. S&#8217;\u00e9teignant au d\u00e9but des ann\u00e9es 1930, le purisme a marqu\u00e9 les avant-gardes par sa fascination pour les modes de production standardis\u00e9s caract\u00e9ristiques du XX\u00e8me si\u00e8cle et par son d\u00e9sir de capter l&#8217;essence des choses, en v\u00e9ritable pr\u00e9curseur de l&#8217;art conceptuel.<\/p>\n<p>Les textes des auteurs permettent de replacer ce courant artistique dans l&#8217;histoire de l&#8217;art du XXe si\u00e8cle et son influence dans le monde, du mouvement De Stijl aux Pays-Bas au du Bauhaus en Allemagne.<\/p>\n","protected":false},"excerpt":{"rendered":"<p>En 1917, Le Corbusier et Am\u00e9d\u00e9e Ozenfant cr\u00e9ent le mouvement d&#8217;avant-garde qu&#8217;ils baptisent le Purisme. Ses deux inventeurs publient leur manifeste \u00ab Apr\u00e8s le Cubisme \u00bb en 1918. Le cubisme, qu&#8217;ils admirent pour sa modernit\u00e9, leur semble devenu abscond et parfois d\u00e9coratif. Le purisme se donne donc pour objectif non pas de d\u00e9former les objets [&hellip;]<\/p>\n","protected":false},"featured_media":51490,"template":"","meta":[],"product_cat":[2948,2953],"product_tag":[],"acf":[],"yoast_head":"<!-- This site is optimized with the Yoast SEO plugin v20.11 - https:\/\/yoast.com\/wordpress\/plugins\/seo\/ -->\n<title>Purisme(s) - Librairie 7L<\/title>\n<meta name=\"robots\" content=\"index, follow, max-snippet:-1, max-image-preview:large, max-video-preview:-1\" \/>\n<link rel=\"canonical\" href=\"https:\/\/librairie7l.com\/en\/produit\/purismes-2\/\" \/>\n<meta property=\"og:locale\" content=\"en_US\" \/>\n<meta property=\"og:type\" content=\"article\" \/>\n<meta property=\"og:title\" content=\"Purisme(s) - Librairie 7L\" \/>\n<meta property=\"og:description\" content=\"En 1917, Le Corbusier et Am\u00e9d\u00e9e Ozenfant cr\u00e9ent le mouvement d&#8217;avant-garde qu&#8217;ils baptisent le Purisme. Ses deux inventeurs publient leur manifeste \u00ab Apr\u00e8s le Cubisme \u00bb en 1918. Le cubisme, qu&#8217;ils admirent pour sa modernit\u00e9, leur semble devenu abscond et parfois d\u00e9coratif. Le purisme se donne donc pour objectif non pas de d\u00e9former les objets [&hellip;]\" \/>\n<meta property=\"og:url\" content=\"https:\/\/librairie7l.com\/en\/produit\/purismes-2\/\" \/>\n<meta property=\"og:site_name\" content=\"Librairie 7L\" \/>\n<meta property=\"article:modified_time\" content=\"2026-04-12T12:43:08+00:00\" \/>\n<meta property=\"og:image\" content=\"https:\/\/librairie7l.com\/wp-content\/uploads\/2025\/06\/9782490393435_1_75.jpg\" \/>\n\t<meta property=\"og:image:width\" content=\"600\" \/>\n\t<meta property=\"og:image:height\" content=\"600\" \/>\n\t<meta property=\"og:image:type\" content=\"image\/jpeg\" \/>\n<meta name=\"twitter:card\" content=\"summary_large_image\" \/>\n<meta name=\"twitter:label1\" content=\"Est. reading time\" \/>\n\t<meta name=\"twitter:data1\" content=\"1 minute\" \/>\n<script type=\"application\/ld+json\" class=\"yoast-schema-graph\">{\"@context\":\"https:\/\/schema.org\",\"@graph\":[{\"@type\":\"WebPage\",\"@id\":\"https:\/\/librairie7l.com\/en\/produit\/purismes-2\/\",\"url\":\"https:\/\/librairie7l.com\/en\/produit\/purismes-2\/\",\"name\":\"Purisme(s) - Librairie 7L\",\"isPartOf\":{\"@id\":\"https:\/\/librairie7l.com\/en\/#website\"},\"datePublished\":\"2025-10-16T08:16:23+00:00\",\"dateModified\":\"2026-04-12T12:43:08+00:00\",\"breadcrumb\":{\"@id\":\"https:\/\/librairie7l.com\/en\/produit\/purismes-2\/#breadcrumb\"},\"inLanguage\":\"en-US\",\"potentialAction\":[{\"@type\":\"ReadAction\",\"target\":[\"https:\/\/librairie7l.com\/en\/produit\/purismes-2\/\"]}]},{\"@type\":\"BreadcrumbList\",\"@id\":\"https:\/\/librairie7l.com\/en\/produit\/purismes-2\/#breadcrumb\",\"itemListElement\":[{\"@type\":\"ListItem\",\"position\":1,\"name\":\"Accueil\",\"item\":\"https:\/\/librairie7l.com\/en\/\"},{\"@type\":\"ListItem\",\"position\":2,\"name\":\"Shop\",\"item\":\"https:\/\/librairie7l.com\/en\/shop\/\"},{\"@type\":\"ListItem\",\"position\":3,\"name\":\"PURISME(S)\"}]},{\"@type\":\"WebSite\",\"@id\":\"https:\/\/librairie7l.com\/en\/#website\",\"url\":\"https:\/\/librairie7l.com\/en\/\",\"name\":\"Librairie 7L\",\"description\":\"Librairie fond\u00e9e en 1999 par Karl Lagerfeld \u00e0 Paris\",\"publisher\":{\"@id\":\"https:\/\/librairie7l.com\/en\/#organization\"},\"potentialAction\":[{\"@type\":\"SearchAction\",\"target\":{\"@type\":\"EntryPoint\",\"urlTemplate\":\"https:\/\/librairie7l.com\/en\/?s={search_term_string}\"},\"query-input\":\"required name=search_term_string\"}],\"inLanguage\":\"en-US\"},{\"@type\":\"Organization\",\"@id\":\"https:\/\/librairie7l.com\/en\/#organization\",\"name\":\"Librairie 7L\",\"url\":\"https:\/\/librairie7l.com\/en\/\",\"logo\":{\"@type\":\"ImageObject\",\"inLanguage\":\"en-US\",\"@id\":\"https:\/\/librairie7l.com\/en\/#\/schema\/logo\/image\/\",\"url\":\"https:\/\/librairie7l.com\/wp-content\/uploads\/2022\/08\/logo-1.png\",\"contentUrl\":\"https:\/\/librairie7l.com\/wp-content\/uploads\/2022\/08\/logo-1.png\",\"width\":227,\"height\":301,\"caption\":\"Librairie 7L\"},\"image\":{\"@id\":\"https:\/\/librairie7l.com\/en\/#\/schema\/logo\/image\/\"}}]}<\/script>\n<!-- \/ Yoast SEO plugin. -->","yoast_head_json":{"title":"Purisme(s) - Librairie 7L","robots":{"index":"index","follow":"follow","max-snippet":"max-snippet:-1","max-image-preview":"max-image-preview:large","max-video-preview":"max-video-preview:-1"},"canonical":"https:\/\/librairie7l.com\/en\/produit\/purismes-2\/","og_locale":"en_US","og_type":"article","og_title":"Purisme(s) - Librairie 7L","og_description":"En 1917, Le Corbusier et Am\u00e9d\u00e9e Ozenfant cr\u00e9ent le mouvement d&#8217;avant-garde qu&#8217;ils baptisent le Purisme. Ses deux inventeurs publient leur manifeste \u00ab Apr\u00e8s le Cubisme \u00bb en 1918. Le cubisme, qu&#8217;ils admirent pour sa modernit\u00e9, leur semble devenu abscond et parfois d\u00e9coratif. Le purisme se donne donc pour objectif non pas de d\u00e9former les objets [&hellip;]","og_url":"https:\/\/librairie7l.com\/en\/produit\/purismes-2\/","og_site_name":"Librairie 7L","article_modified_time":"2026-04-12T12:43:08+00:00","og_image":[{"width":600,"height":600,"url":"https:\/\/librairie7l.com\/wp-content\/uploads\/2025\/06\/9782490393435_1_75.jpg","type":"image\/jpeg"}],"twitter_card":"summary_large_image","twitter_misc":{"Est. reading time":"1 minute"},"schema":{"@context":"https:\/\/schema.org","@graph":[{"@type":"WebPage","@id":"https:\/\/librairie7l.com\/en\/produit\/purismes-2\/","url":"https:\/\/librairie7l.com\/en\/produit\/purismes-2\/","name":"Purisme(s) - Librairie 7L","isPartOf":{"@id":"https:\/\/librairie7l.com\/en\/#website"},"datePublished":"2025-10-16T08:16:23+00:00","dateModified":"2026-04-12T12:43:08+00:00","breadcrumb":{"@id":"https:\/\/librairie7l.com\/en\/produit\/purismes-2\/#breadcrumb"},"inLanguage":"en-US","potentialAction":[{"@type":"ReadAction","target":["https:\/\/librairie7l.com\/en\/produit\/purismes-2\/"]}]},{"@type":"BreadcrumbList","@id":"https:\/\/librairie7l.com\/en\/produit\/purismes-2\/#breadcrumb","itemListElement":[{"@type":"ListItem","position":1,"name":"Accueil","item":"https:\/\/librairie7l.com\/en\/"},{"@type":"ListItem","position":2,"name":"Shop","item":"https:\/\/librairie7l.com\/en\/shop\/"},{"@type":"ListItem","position":3,"name":"PURISME(S)"}]},{"@type":"WebSite","@id":"https:\/\/librairie7l.com\/en\/#website","url":"https:\/\/librairie7l.com\/en\/","name":"Librairie 7L","description":"Librairie fond\u00e9e en 1999 par Karl Lagerfeld \u00e0 Paris","publisher":{"@id":"https:\/\/librairie7l.com\/en\/#organization"},"potentialAction":[{"@type":"SearchAction","target":{"@type":"EntryPoint","urlTemplate":"https:\/\/librairie7l.com\/en\/?s={search_term_string}"},"query-input":"required name=search_term_string"}],"inLanguage":"en-US"},{"@type":"Organization","@id":"https:\/\/librairie7l.com\/en\/#organization","name":"Librairie 7L","url":"https:\/\/librairie7l.com\/en\/","logo":{"@type":"ImageObject","inLanguage":"en-US","@id":"https:\/\/librairie7l.com\/en\/#\/schema\/logo\/image\/","url":"https:\/\/librairie7l.com\/wp-content\/uploads\/2022\/08\/logo-1.png","contentUrl":"https:\/\/librairie7l.com\/wp-content\/uploads\/2022\/08\/logo-1.png","width":227,"height":301,"caption":"Librairie 7L"},"image":{"@id":"https:\/\/librairie7l.com\/en\/#\/schema\/logo\/image\/"}}]}},"_links":{"self":[{"href":"https:\/\/librairie7l.com\/en\/wp-json\/wp\/v2\/product\/51492"}],"collection":[{"href":"https:\/\/librairie7l.com\/en\/wp-json\/wp\/v2\/product"}],"about":[{"href":"https:\/\/librairie7l.com\/en\/wp-json\/wp\/v2\/types\/product"}],"wp:featuredmedia":[{"embeddable":true,"href":"https:\/\/librairie7l.com\/en\/wp-json\/wp\/v2\/media\/51490"}],"wp:attachment":[{"href":"https:\/\/librairie7l.com\/en\/wp-json\/wp\/v2\/media?parent=51492"}],"wp:term":[{"taxonomy":"product_cat","embeddable":true,"href":"https:\/\/librairie7l.com\/en\/wp-json\/wp\/v2\/product_cat?post=51492"},{"taxonomy":"product_tag","embeddable":true,"href":"https:\/\/librairie7l.com\/en\/wp-json\/wp\/v2\/product_tag?post=51492"}],"curies":[{"name":"wp","href":"https:\/\/api.w.org\/{rel}","templated":true}]}}