{"id":51496,"date":"2025-10-16T10:16:25","date_gmt":"2025-10-16T08:16:25","guid":{"rendered":"https:\/\/librairie7l.com\/?post_type=product&#038;p=51496"},"modified":"2026-04-12T14:58:22","modified_gmt":"2026-04-12T12:58:22","slug":"noir-cest-noir-les-corbeaux-dans-lart-le-folkore-2","status":"publish","type":"product","link":"https:\/\/librairie7l.com\/en\/produit\/noir-cest-noir-les-corbeaux-dans-lart-le-folkore-2\/","title":{"rendered":"NOIR C&#8217;EST NOIR : LES CORBEAUX DANS L&#8217;ART &AMP; LE FOLKORE"},"content":{"rendered":"<p>Oiseaux particuli\u00e8rement fascinants et intelligents, le corbeau et ses acolytes (la corneille, la pie&#8230;) occupent une place de choix dans la culture populaire, et ce depuis les premiers mythes de l&#8217;humanit\u00e9. Cet ouvrage rend hommage aux corvid\u00e9s \u00e0 travers leur repr\u00e9sentation dans l&#8217;art et le folklore.<\/p>\n<p>Tableaux, gravures, dessins et photographies alternent avec des extraits de romans, des strophes de chansons populaires et des textes in\u00e9dits. Des informations scientifiques sur les incroyables facult\u00e9s des corbeaux c\u00f4toient ainsi des anecdotes de tournages hollywoodiens faisant des oiseaux des stars, ou des r\u00e9cits mythologiques vikings ou romains.<\/p>\n<p>Une plong\u00e9e \u00e9tonnante dans un univers \u00e0 la fois gothique et \u00e9mouvant !<\/p>\n","protected":false},"excerpt":{"rendered":"<p>Oiseaux particuli\u00e8rement fascinants et intelligents, le corbeau et ses acolytes (la corneille, la pie&#8230;) occupent une place de choix dans la culture populaire, et ce depuis les premiers mythes de l&#8217;humanit\u00e9. Cet ouvrage rend hommage aux corvid\u00e9s \u00e0 travers leur repr\u00e9sentation dans l&#8217;art et le folklore. Tableaux, gravures, dessins et photographies alternent avec des extraits [&hellip;]<\/p>\n","protected":false},"featured_media":51494,"template":"","meta":[],"product_cat":[2948,2953],"product_tag":[],"acf":[],"yoast_head":"<!-- This site is optimized with the Yoast SEO plugin v20.11 - https:\/\/yoast.com\/wordpress\/plugins\/seo\/ -->\n<title>Noir c&#039;est noir : Les corbeaux dans l&#039;art &amp; le folkore - Librairie 7L<\/title>\n<meta name=\"robots\" content=\"index, follow, max-snippet:-1, max-image-preview:large, max-video-preview:-1\" \/>\n<link rel=\"canonical\" href=\"https:\/\/librairie7l.com\/en\/produit\/noir-cest-noir-les-corbeaux-dans-lart-le-folkore-2\/\" \/>\n<meta property=\"og:locale\" content=\"en_US\" \/>\n<meta property=\"og:type\" content=\"article\" \/>\n<meta property=\"og:title\" content=\"Noir c&#039;est noir : Les corbeaux dans l&#039;art &amp; le folkore - Librairie 7L\" \/>\n<meta property=\"og:description\" content=\"Oiseaux particuli\u00e8rement fascinants et intelligents, le corbeau et ses acolytes (la corneille, la pie&#8230;) occupent une place de choix dans la culture populaire, et ce depuis les premiers mythes de l&#8217;humanit\u00e9. Cet ouvrage rend hommage aux corvid\u00e9s \u00e0 travers leur repr\u00e9sentation dans l&#8217;art et le folklore. Tableaux, gravures, dessins et photographies alternent avec des extraits [&hellip;]\" \/>\n<meta property=\"og:url\" content=\"https:\/\/librairie7l.com\/en\/produit\/noir-cest-noir-les-corbeaux-dans-lart-le-folkore-2\/\" \/>\n<meta property=\"og:site_name\" content=\"Librairie 7L\" \/>\n<meta property=\"article:modified_time\" content=\"2026-04-12T12:58:22+00:00\" \/>\n<meta property=\"og:image\" content=\"https:\/\/librairie7l.com\/wp-content\/uploads\/2025\/06\/9782350176246_1_75.jpg\" \/>\n\t<meta property=\"og:image:width\" content=\"600\" \/>\n\t<meta property=\"og:image:height\" content=\"768\" \/>\n\t<meta property=\"og:image:type\" content=\"image\/jpeg\" \/>\n<meta name=\"twitter:card\" content=\"summary_large_image\" \/>\n<meta name=\"twitter:label1\" content=\"Est. reading time\" \/>\n\t<meta name=\"twitter:data1\" content=\"1 minute\" \/>\n<script type=\"application\/ld+json\" class=\"yoast-schema-graph\">{\"@context\":\"https:\/\/schema.org\",\"@graph\":[{\"@type\":\"WebPage\",\"@id\":\"https:\/\/librairie7l.com\/en\/produit\/noir-cest-noir-les-corbeaux-dans-lart-le-folkore-2\/\",\"url\":\"https:\/\/librairie7l.com\/en\/produit\/noir-cest-noir-les-corbeaux-dans-lart-le-folkore-2\/\",\"name\":\"Noir c'est noir : Les corbeaux dans l'art &amp; le folkore - Librairie 7L\",\"isPartOf\":{\"@id\":\"https:\/\/librairie7l.com\/en\/#website\"},\"datePublished\":\"2025-10-16T08:16:25+00:00\",\"dateModified\":\"2026-04-12T12:58:22+00:00\",\"breadcrumb\":{\"@id\":\"https:\/\/librairie7l.com\/en\/produit\/noir-cest-noir-les-corbeaux-dans-lart-le-folkore-2\/#breadcrumb\"},\"inLanguage\":\"en-US\",\"potentialAction\":[{\"@type\":\"ReadAction\",\"target\":[\"https:\/\/librairie7l.com\/en\/produit\/noir-cest-noir-les-corbeaux-dans-lart-le-folkore-2\/\"]}]},{\"@type\":\"BreadcrumbList\",\"@id\":\"https:\/\/librairie7l.com\/en\/produit\/noir-cest-noir-les-corbeaux-dans-lart-le-folkore-2\/#breadcrumb\",\"itemListElement\":[{\"@type\":\"ListItem\",\"position\":1,\"name\":\"Accueil\",\"item\":\"https:\/\/librairie7l.com\/en\/\"},{\"@type\":\"ListItem\",\"position\":2,\"name\":\"Shop\",\"item\":\"https:\/\/librairie7l.com\/en\/shop\/\"},{\"@type\":\"ListItem\",\"position\":3,\"name\":\"NOIR C&#8217;EST NOIR : LES CORBEAUX DANS L&#8217;ART &AMP; LE FOLKORE\"}]},{\"@type\":\"WebSite\",\"@id\":\"https:\/\/librairie7l.com\/en\/#website\",\"url\":\"https:\/\/librairie7l.com\/en\/\",\"name\":\"Librairie 7L\",\"description\":\"Librairie fond\u00e9e en 1999 par Karl Lagerfeld \u00e0 Paris\",\"publisher\":{\"@id\":\"https:\/\/librairie7l.com\/en\/#organization\"},\"potentialAction\":[{\"@type\":\"SearchAction\",\"target\":{\"@type\":\"EntryPoint\",\"urlTemplate\":\"https:\/\/librairie7l.com\/en\/?s={search_term_string}\"},\"query-input\":\"required name=search_term_string\"}],\"inLanguage\":\"en-US\"},{\"@type\":\"Organization\",\"@id\":\"https:\/\/librairie7l.com\/en\/#organization\",\"name\":\"Librairie 7L\",\"url\":\"https:\/\/librairie7l.com\/en\/\",\"logo\":{\"@type\":\"ImageObject\",\"inLanguage\":\"en-US\",\"@id\":\"https:\/\/librairie7l.com\/en\/#\/schema\/logo\/image\/\",\"url\":\"https:\/\/librairie7l.com\/wp-content\/uploads\/2022\/08\/logo-1.png\",\"contentUrl\":\"https:\/\/librairie7l.com\/wp-content\/uploads\/2022\/08\/logo-1.png\",\"width\":227,\"height\":301,\"caption\":\"Librairie 7L\"},\"image\":{\"@id\":\"https:\/\/librairie7l.com\/en\/#\/schema\/logo\/image\/\"}}]}<\/script>\n<!-- \/ Yoast SEO plugin. -->","yoast_head_json":{"title":"Noir c'est noir : Les corbeaux dans l'art &amp; le folkore - Librairie 7L","robots":{"index":"index","follow":"follow","max-snippet":"max-snippet:-1","max-image-preview":"max-image-preview:large","max-video-preview":"max-video-preview:-1"},"canonical":"https:\/\/librairie7l.com\/en\/produit\/noir-cest-noir-les-corbeaux-dans-lart-le-folkore-2\/","og_locale":"en_US","og_type":"article","og_title":"Noir c'est noir : Les corbeaux dans l'art &amp; le folkore - Librairie 7L","og_description":"Oiseaux particuli\u00e8rement fascinants et intelligents, le corbeau et ses acolytes (la corneille, la pie&#8230;) occupent une place de choix dans la culture populaire, et ce depuis les premiers mythes de l&#8217;humanit\u00e9. Cet ouvrage rend hommage aux corvid\u00e9s \u00e0 travers leur repr\u00e9sentation dans l&#8217;art et le folklore. Tableaux, gravures, dessins et photographies alternent avec des extraits [&hellip;]","og_url":"https:\/\/librairie7l.com\/en\/produit\/noir-cest-noir-les-corbeaux-dans-lart-le-folkore-2\/","og_site_name":"Librairie 7L","article_modified_time":"2026-04-12T12:58:22+00:00","og_image":[{"width":600,"height":768,"url":"https:\/\/librairie7l.com\/wp-content\/uploads\/2025\/06\/9782350176246_1_75.jpg","type":"image\/jpeg"}],"twitter_card":"summary_large_image","twitter_misc":{"Est. reading time":"1 minute"},"schema":{"@context":"https:\/\/schema.org","@graph":[{"@type":"WebPage","@id":"https:\/\/librairie7l.com\/en\/produit\/noir-cest-noir-les-corbeaux-dans-lart-le-folkore-2\/","url":"https:\/\/librairie7l.com\/en\/produit\/noir-cest-noir-les-corbeaux-dans-lart-le-folkore-2\/","name":"Noir c'est noir : Les corbeaux dans l'art &amp; le folkore - Librairie 7L","isPartOf":{"@id":"https:\/\/librairie7l.com\/en\/#website"},"datePublished":"2025-10-16T08:16:25+00:00","dateModified":"2026-04-12T12:58:22+00:00","breadcrumb":{"@id":"https:\/\/librairie7l.com\/en\/produit\/noir-cest-noir-les-corbeaux-dans-lart-le-folkore-2\/#breadcrumb"},"inLanguage":"en-US","potentialAction":[{"@type":"ReadAction","target":["https:\/\/librairie7l.com\/en\/produit\/noir-cest-noir-les-corbeaux-dans-lart-le-folkore-2\/"]}]},{"@type":"BreadcrumbList","@id":"https:\/\/librairie7l.com\/en\/produit\/noir-cest-noir-les-corbeaux-dans-lart-le-folkore-2\/#breadcrumb","itemListElement":[{"@type":"ListItem","position":1,"name":"Accueil","item":"https:\/\/librairie7l.com\/en\/"},{"@type":"ListItem","position":2,"name":"Shop","item":"https:\/\/librairie7l.com\/en\/shop\/"},{"@type":"ListItem","position":3,"name":"NOIR C&#8217;EST NOIR : LES CORBEAUX DANS L&#8217;ART &AMP; LE FOLKORE"}]},{"@type":"WebSite","@id":"https:\/\/librairie7l.com\/en\/#website","url":"https:\/\/librairie7l.com\/en\/","name":"Librairie 7L","description":"Librairie fond\u00e9e en 1999 par Karl Lagerfeld \u00e0 Paris","publisher":{"@id":"https:\/\/librairie7l.com\/en\/#organization"},"potentialAction":[{"@type":"SearchAction","target":{"@type":"EntryPoint","urlTemplate":"https:\/\/librairie7l.com\/en\/?s={search_term_string}"},"query-input":"required name=search_term_string"}],"inLanguage":"en-US"},{"@type":"Organization","@id":"https:\/\/librairie7l.com\/en\/#organization","name":"Librairie 7L","url":"https:\/\/librairie7l.com\/en\/","logo":{"@type":"ImageObject","inLanguage":"en-US","@id":"https:\/\/librairie7l.com\/en\/#\/schema\/logo\/image\/","url":"https:\/\/librairie7l.com\/wp-content\/uploads\/2022\/08\/logo-1.png","contentUrl":"https:\/\/librairie7l.com\/wp-content\/uploads\/2022\/08\/logo-1.png","width":227,"height":301,"caption":"Librairie 7L"},"image":{"@id":"https:\/\/librairie7l.com\/en\/#\/schema\/logo\/image\/"}}]}},"_links":{"self":[{"href":"https:\/\/librairie7l.com\/en\/wp-json\/wp\/v2\/product\/51496"}],"collection":[{"href":"https:\/\/librairie7l.com\/en\/wp-json\/wp\/v2\/product"}],"about":[{"href":"https:\/\/librairie7l.com\/en\/wp-json\/wp\/v2\/types\/product"}],"wp:featuredmedia":[{"embeddable":true,"href":"https:\/\/librairie7l.com\/en\/wp-json\/wp\/v2\/media\/51494"}],"wp:attachment":[{"href":"https:\/\/librairie7l.com\/en\/wp-json\/wp\/v2\/media?parent=51496"}],"wp:term":[{"taxonomy":"product_cat","embeddable":true,"href":"https:\/\/librairie7l.com\/en\/wp-json\/wp\/v2\/product_cat?post=51496"},{"taxonomy":"product_tag","embeddable":true,"href":"https:\/\/librairie7l.com\/en\/wp-json\/wp\/v2\/product_tag?post=51496"}],"curies":[{"name":"wp","href":"https:\/\/api.w.org\/{rel}","templated":true}]}}