{"id":51504,"date":"2025-10-16T10:16:31","date_gmt":"2025-10-16T08:16:31","guid":{"rendered":"https:\/\/librairie7l.com\/?post_type=product&#038;p=51504"},"modified":"2026-04-14T10:46:06","modified_gmt":"2026-04-14T08:46:06","slug":"alfred-eisenstaedt-2","status":"publish","type":"product","link":"https:\/\/librairie7l.com\/en\/produit\/alfred-eisenstaedt-2\/","title":{"rendered":"ALFRED EISENSTAEDT"},"content":{"rendered":"<p>Alfred Eisenstaedt, consid\u00e9r\u00e9 comme un des p\u00e8res du photojournalisme, a travers\u00e9 le xxe si\u00e8cle avec l&#8217;enthousiasme d&#8217;un homme qui avait pleinement confiance dans le pouvoir de la photographie de t\u00e9moigner de son \u00e9poque. Apr\u00e8s avoir fait ses d\u00e9buts en collaborant avec les principaux magazines allemands des premi\u00e8res d\u00e9cennies du si\u00e8cle, il rejoint en 1936 la r\u00e9daction du c\u00e9l\u00e8bre magazine Life, pour lequel il signera plus de deux mille reportages et quatre-vingt-dix couvertures. Avec son appareil photo, il documente la d\u00e9cadence de l&#8217;aristocratie europ\u00e9enne, la mont\u00e9e du fascisme et du nazisme, la vie fr\u00e9n\u00e9tique et pleine de contrastes de la soci\u00e9t\u00e9 am\u00e9ricaine, l&#8217;\u00c9thiopie avant et apr\u00e8s le conflit d\u00e9clench\u00e9 par l&#8217;Italie et le Japon post-atomique. Pendant toute sa carri\u00e8re, il immortalise aussi des vedettes de cin\u00e9ma et des personnalit\u00e9s des mondes de la politique et de la science, construisant ainsi un \u00ab\u00a0atlas\u00a0\u00bb riche d&#8217;histoires et d&#8217;exp\u00e9riences humaines.<\/p>\n","protected":false},"excerpt":{"rendered":"<p>Alfred Eisenstaedt, consid\u00e9r\u00e9 comme un des p\u00e8res du photojournalisme, a travers\u00e9 le xxe si\u00e8cle avec l&#8217;enthousiasme d&#8217;un homme qui avait pleinement confiance dans le pouvoir de la photographie de t\u00e9moigner de son \u00e9poque. Apr\u00e8s avoir fait ses d\u00e9buts en collaborant avec les principaux magazines allemands des premi\u00e8res d\u00e9cennies du si\u00e8cle, il rejoint en 1936 la [&hellip;]<\/p>\n","protected":false},"featured_media":51502,"template":"","meta":[],"product_cat":[2948,2958],"product_tag":[],"acf":[],"yoast_head":"<!-- This site is optimized with the Yoast SEO plugin v20.11 - https:\/\/yoast.com\/wordpress\/plugins\/seo\/ -->\n<title>Alfred Eisenstaedt - Librairie 7L<\/title>\n<meta name=\"robots\" content=\"index, follow, max-snippet:-1, max-image-preview:large, max-video-preview:-1\" \/>\n<link rel=\"canonical\" href=\"https:\/\/librairie7l.com\/en\/produit\/alfred-eisenstaedt-2\/\" \/>\n<meta property=\"og:locale\" content=\"en_US\" \/>\n<meta property=\"og:type\" content=\"article\" \/>\n<meta property=\"og:title\" content=\"Alfred Eisenstaedt - Librairie 7L\" \/>\n<meta property=\"og:description\" content=\"Alfred Eisenstaedt, consid\u00e9r\u00e9 comme un des p\u00e8res du photojournalisme, a travers\u00e9 le xxe si\u00e8cle avec l&#8217;enthousiasme d&#8217;un homme qui avait pleinement confiance dans le pouvoir de la photographie de t\u00e9moigner de son \u00e9poque. Apr\u00e8s avoir fait ses d\u00e9buts en collaborant avec les principaux magazines allemands des premi\u00e8res d\u00e9cennies du si\u00e8cle, il rejoint en 1936 la [&hellip;]\" \/>\n<meta property=\"og:url\" content=\"https:\/\/librairie7l.com\/en\/produit\/alfred-eisenstaedt-2\/\" \/>\n<meta property=\"og:site_name\" content=\"Librairie 7L\" \/>\n<meta property=\"article:modified_time\" content=\"2026-04-14T08:46:06+00:00\" \/>\n<meta property=\"og:image\" content=\"https:\/\/librairie7l.com\/wp-content\/uploads\/2025\/06\/9791255611684_1_75.jpg\" \/>\n\t<meta property=\"og:image:width\" content=\"600\" \/>\n\t<meta property=\"og:image:height\" content=\"730\" \/>\n\t<meta property=\"og:image:type\" content=\"image\/jpeg\" \/>\n<meta name=\"twitter:card\" content=\"summary_large_image\" \/>\n<meta name=\"twitter:label1\" content=\"Est. reading time\" \/>\n\t<meta name=\"twitter:data1\" content=\"1 minute\" \/>\n<script type=\"application\/ld+json\" class=\"yoast-schema-graph\">{\"@context\":\"https:\/\/schema.org\",\"@graph\":[{\"@type\":\"WebPage\",\"@id\":\"https:\/\/librairie7l.com\/en\/produit\/alfred-eisenstaedt-2\/\",\"url\":\"https:\/\/librairie7l.com\/en\/produit\/alfred-eisenstaedt-2\/\",\"name\":\"Alfred Eisenstaedt - Librairie 7L\",\"isPartOf\":{\"@id\":\"https:\/\/librairie7l.com\/en\/#website\"},\"datePublished\":\"2025-10-16T08:16:31+00:00\",\"dateModified\":\"2026-04-14T08:46:06+00:00\",\"breadcrumb\":{\"@id\":\"https:\/\/librairie7l.com\/en\/produit\/alfred-eisenstaedt-2\/#breadcrumb\"},\"inLanguage\":\"en-US\",\"potentialAction\":[{\"@type\":\"ReadAction\",\"target\":[\"https:\/\/librairie7l.com\/en\/produit\/alfred-eisenstaedt-2\/\"]}]},{\"@type\":\"BreadcrumbList\",\"@id\":\"https:\/\/librairie7l.com\/en\/produit\/alfred-eisenstaedt-2\/#breadcrumb\",\"itemListElement\":[{\"@type\":\"ListItem\",\"position\":1,\"name\":\"Accueil\",\"item\":\"https:\/\/librairie7l.com\/en\/\"},{\"@type\":\"ListItem\",\"position\":2,\"name\":\"Shop\",\"item\":\"https:\/\/librairie7l.com\/en\/shop\/\"},{\"@type\":\"ListItem\",\"position\":3,\"name\":\"ALFRED EISENSTAEDT\"}]},{\"@type\":\"WebSite\",\"@id\":\"https:\/\/librairie7l.com\/en\/#website\",\"url\":\"https:\/\/librairie7l.com\/en\/\",\"name\":\"Librairie 7L\",\"description\":\"Librairie fond\u00e9e en 1999 par Karl Lagerfeld \u00e0 Paris\",\"publisher\":{\"@id\":\"https:\/\/librairie7l.com\/en\/#organization\"},\"potentialAction\":[{\"@type\":\"SearchAction\",\"target\":{\"@type\":\"EntryPoint\",\"urlTemplate\":\"https:\/\/librairie7l.com\/en\/?s={search_term_string}\"},\"query-input\":\"required name=search_term_string\"}],\"inLanguage\":\"en-US\"},{\"@type\":\"Organization\",\"@id\":\"https:\/\/librairie7l.com\/en\/#organization\",\"name\":\"Librairie 7L\",\"url\":\"https:\/\/librairie7l.com\/en\/\",\"logo\":{\"@type\":\"ImageObject\",\"inLanguage\":\"en-US\",\"@id\":\"https:\/\/librairie7l.com\/en\/#\/schema\/logo\/image\/\",\"url\":\"https:\/\/librairie7l.com\/wp-content\/uploads\/2022\/08\/logo-1.png\",\"contentUrl\":\"https:\/\/librairie7l.com\/wp-content\/uploads\/2022\/08\/logo-1.png\",\"width\":227,\"height\":301,\"caption\":\"Librairie 7L\"},\"image\":{\"@id\":\"https:\/\/librairie7l.com\/en\/#\/schema\/logo\/image\/\"}}]}<\/script>\n<!-- \/ Yoast SEO plugin. -->","yoast_head_json":{"title":"Alfred Eisenstaedt - Librairie 7L","robots":{"index":"index","follow":"follow","max-snippet":"max-snippet:-1","max-image-preview":"max-image-preview:large","max-video-preview":"max-video-preview:-1"},"canonical":"https:\/\/librairie7l.com\/en\/produit\/alfred-eisenstaedt-2\/","og_locale":"en_US","og_type":"article","og_title":"Alfred Eisenstaedt - Librairie 7L","og_description":"Alfred Eisenstaedt, consid\u00e9r\u00e9 comme un des p\u00e8res du photojournalisme, a travers\u00e9 le xxe si\u00e8cle avec l&#8217;enthousiasme d&#8217;un homme qui avait pleinement confiance dans le pouvoir de la photographie de t\u00e9moigner de son \u00e9poque. Apr\u00e8s avoir fait ses d\u00e9buts en collaborant avec les principaux magazines allemands des premi\u00e8res d\u00e9cennies du si\u00e8cle, il rejoint en 1936 la [&hellip;]","og_url":"https:\/\/librairie7l.com\/en\/produit\/alfred-eisenstaedt-2\/","og_site_name":"Librairie 7L","article_modified_time":"2026-04-14T08:46:06+00:00","og_image":[{"width":600,"height":730,"url":"https:\/\/librairie7l.com\/wp-content\/uploads\/2025\/06\/9791255611684_1_75.jpg","type":"image\/jpeg"}],"twitter_card":"summary_large_image","twitter_misc":{"Est. reading time":"1 minute"},"schema":{"@context":"https:\/\/schema.org","@graph":[{"@type":"WebPage","@id":"https:\/\/librairie7l.com\/en\/produit\/alfred-eisenstaedt-2\/","url":"https:\/\/librairie7l.com\/en\/produit\/alfred-eisenstaedt-2\/","name":"Alfred Eisenstaedt - Librairie 7L","isPartOf":{"@id":"https:\/\/librairie7l.com\/en\/#website"},"datePublished":"2025-10-16T08:16:31+00:00","dateModified":"2026-04-14T08:46:06+00:00","breadcrumb":{"@id":"https:\/\/librairie7l.com\/en\/produit\/alfred-eisenstaedt-2\/#breadcrumb"},"inLanguage":"en-US","potentialAction":[{"@type":"ReadAction","target":["https:\/\/librairie7l.com\/en\/produit\/alfred-eisenstaedt-2\/"]}]},{"@type":"BreadcrumbList","@id":"https:\/\/librairie7l.com\/en\/produit\/alfred-eisenstaedt-2\/#breadcrumb","itemListElement":[{"@type":"ListItem","position":1,"name":"Accueil","item":"https:\/\/librairie7l.com\/en\/"},{"@type":"ListItem","position":2,"name":"Shop","item":"https:\/\/librairie7l.com\/en\/shop\/"},{"@type":"ListItem","position":3,"name":"ALFRED EISENSTAEDT"}]},{"@type":"WebSite","@id":"https:\/\/librairie7l.com\/en\/#website","url":"https:\/\/librairie7l.com\/en\/","name":"Librairie 7L","description":"Librairie fond\u00e9e en 1999 par Karl Lagerfeld \u00e0 Paris","publisher":{"@id":"https:\/\/librairie7l.com\/en\/#organization"},"potentialAction":[{"@type":"SearchAction","target":{"@type":"EntryPoint","urlTemplate":"https:\/\/librairie7l.com\/en\/?s={search_term_string}"},"query-input":"required name=search_term_string"}],"inLanguage":"en-US"},{"@type":"Organization","@id":"https:\/\/librairie7l.com\/en\/#organization","name":"Librairie 7L","url":"https:\/\/librairie7l.com\/en\/","logo":{"@type":"ImageObject","inLanguage":"en-US","@id":"https:\/\/librairie7l.com\/en\/#\/schema\/logo\/image\/","url":"https:\/\/librairie7l.com\/wp-content\/uploads\/2022\/08\/logo-1.png","contentUrl":"https:\/\/librairie7l.com\/wp-content\/uploads\/2022\/08\/logo-1.png","width":227,"height":301,"caption":"Librairie 7L"},"image":{"@id":"https:\/\/librairie7l.com\/en\/#\/schema\/logo\/image\/"}}]}},"_links":{"self":[{"href":"https:\/\/librairie7l.com\/en\/wp-json\/wp\/v2\/product\/51504"}],"collection":[{"href":"https:\/\/librairie7l.com\/en\/wp-json\/wp\/v2\/product"}],"about":[{"href":"https:\/\/librairie7l.com\/en\/wp-json\/wp\/v2\/types\/product"}],"wp:featuredmedia":[{"embeddable":true,"href":"https:\/\/librairie7l.com\/en\/wp-json\/wp\/v2\/media\/51502"}],"wp:attachment":[{"href":"https:\/\/librairie7l.com\/en\/wp-json\/wp\/v2\/media?parent=51504"}],"wp:term":[{"taxonomy":"product_cat","embeddable":true,"href":"https:\/\/librairie7l.com\/en\/wp-json\/wp\/v2\/product_cat?post=51504"},{"taxonomy":"product_tag","embeddable":true,"href":"https:\/\/librairie7l.com\/en\/wp-json\/wp\/v2\/product_tag?post=51504"}],"curies":[{"name":"wp","href":"https:\/\/api.w.org\/{rel}","templated":true}]}}