{"id":51506,"date":"2025-10-16T10:16:33","date_gmt":"2025-10-16T08:16:33","guid":{"rendered":"https:\/\/librairie7l.com\/?post_type=product&#038;p=51506"},"modified":"2026-04-14T10:46:05","modified_gmt":"2026-04-14T08:46:05","slug":"gestes-et-rituels-de-la-chambre-noire-2","status":"publish","type":"product","link":"https:\/\/librairie7l.com\/en\/produit\/gestes-et-rituels-de-la-chambre-noire-2\/","title":{"rendered":"GESTES ET RITUELS DE LA CHAMBRE NOIRE"},"content":{"rendered":"<p>Michel Campeau est un de ces photographes qui, outre leur propre cr\u00e9ation d&#8217;images, ont toujours \u00e9t\u00e9 passionn\u00e9s par une photographie dite \u00ab vernaculaire \u00bb, anonyme ou de famille. Il fait partie de cette g\u00e9n\u00e9ration de photographes qui pourrait r\u00e9unir Martin Parr, Erik Kessel, Joachim Schmidt et d&#8217;autres, qui ont cr\u00e9\u00e9 par leur attention sur ces images d\u00e9laiss\u00e9es avant eux, un genre \u00e0 part enti\u00e8re&#8230;<br \/>\nDepuis de nombreuses ann\u00e9es, Michel Campeau traque dans l&#8217;immensit\u00e9 d&#8217;une production d&#8217;images mondialis\u00e9e, les tirages photographiques amateurs ou de professionnels qui vont nourrir les diff\u00e9rentes collections qu&#8217;il a \u00e9tablies. Ainsi les chambres noires, que l&#8217;on pourrait consid\u00e9rer comme une sorte de caverne originelle de la photographie, ont toujours \u00e9t\u00e9, pour lui, l&#8217;un des plus importants objet de collection, certainement parce qu&#8217;elles contribuent \u00e0 lui renvoyer sa propre image, l&#8217;autoportrait d&#8217;un cr\u00e9ateur dont le regard a \u00e9t\u00e9 forg\u00e9 par cette photographie argentique qui apparaissait dans la nuit de la chambre, pleine de magie et de mati\u00e8re, que le passage \u00e0 la photographie num\u00e9rique a chass\u00e9.<br \/>\n\u00c0 partir de centaines d&#8217;images qu&#8217;il a r\u00e9unies, Michel Campeau dans Gestes et rituels de la chambre noire, cr\u00e9e une v\u00e9ritable encyclop\u00e9die, traversant plus d&#8217;un si\u00e8cle de photographie, organis\u00e9e par th\u00e8mes, d\u00e9construisant ce qui compose la chambre noire : l&#8217;agrandisseur, les minuteurs, les lampes, les retouches, les photographes ambulants&#8230;<br \/>\nLe livre joue avec maestria d&#8217;un montage d&#8217;images et est parcouru de textes de l&#8217;artiste.<\/p>\n","protected":false},"excerpt":{"rendered":"<p>Michel Campeau est un de ces photographes qui, outre leur propre cr\u00e9ation d&#8217;images, ont toujours \u00e9t\u00e9 passionn\u00e9s par une photographie dite \u00ab vernaculaire \u00bb, anonyme ou de famille. Il fait partie de cette g\u00e9n\u00e9ration de photographes qui pourrait r\u00e9unir Martin Parr, Erik Kessel, Joachim Schmidt et d&#8217;autres, qui ont cr\u00e9\u00e9 par leur attention sur ces [&hellip;]<\/p>\n","protected":false},"featured_media":51785,"template":"","meta":[],"product_cat":[2948,2958],"product_tag":[],"acf":[],"yoast_head":"<!-- This site is optimized with the Yoast SEO plugin v20.11 - https:\/\/yoast.com\/wordpress\/plugins\/seo\/ -->\n<title>Gestes et rituels de la chambre noire - Librairie 7L<\/title>\n<meta name=\"robots\" content=\"index, follow, max-snippet:-1, max-image-preview:large, max-video-preview:-1\" \/>\n<link rel=\"canonical\" href=\"https:\/\/librairie7l.com\/en\/produit\/gestes-et-rituels-de-la-chambre-noire-2\/\" \/>\n<meta property=\"og:locale\" content=\"en_US\" \/>\n<meta property=\"og:type\" content=\"article\" \/>\n<meta property=\"og:title\" content=\"Gestes et rituels de la chambre noire - Librairie 7L\" \/>\n<meta property=\"og:description\" content=\"Michel Campeau est un de ces photographes qui, outre leur propre cr\u00e9ation d&#8217;images, ont toujours \u00e9t\u00e9 passionn\u00e9s par une photographie dite \u00ab vernaculaire \u00bb, anonyme ou de famille. Il fait partie de cette g\u00e9n\u00e9ration de photographes qui pourrait r\u00e9unir Martin Parr, Erik Kessel, Joachim Schmidt et d&#8217;autres, qui ont cr\u00e9\u00e9 par leur attention sur ces [&hellip;]\" \/>\n<meta property=\"og:url\" content=\"https:\/\/librairie7l.com\/en\/produit\/gestes-et-rituels-de-la-chambre-noire-2\/\" \/>\n<meta property=\"og:site_name\" content=\"Librairie 7L\" \/>\n<meta property=\"article:modified_time\" content=\"2026-04-14T08:46:05+00:00\" \/>\n<meta name=\"twitter:card\" content=\"summary_large_image\" \/>\n<meta name=\"twitter:label1\" content=\"Est. reading time\" \/>\n\t<meta name=\"twitter:data1\" content=\"1 minute\" \/>\n<script type=\"application\/ld+json\" class=\"yoast-schema-graph\">{\"@context\":\"https:\/\/schema.org\",\"@graph\":[{\"@type\":\"WebPage\",\"@id\":\"https:\/\/librairie7l.com\/en\/produit\/gestes-et-rituels-de-la-chambre-noire-2\/\",\"url\":\"https:\/\/librairie7l.com\/en\/produit\/gestes-et-rituels-de-la-chambre-noire-2\/\",\"name\":\"Gestes et rituels de la chambre noire - Librairie 7L\",\"isPartOf\":{\"@id\":\"https:\/\/librairie7l.com\/en\/#website\"},\"datePublished\":\"2025-10-16T08:16:33+00:00\",\"dateModified\":\"2026-04-14T08:46:05+00:00\",\"breadcrumb\":{\"@id\":\"https:\/\/librairie7l.com\/en\/produit\/gestes-et-rituels-de-la-chambre-noire-2\/#breadcrumb\"},\"inLanguage\":\"en-US\",\"potentialAction\":[{\"@type\":\"ReadAction\",\"target\":[\"https:\/\/librairie7l.com\/en\/produit\/gestes-et-rituels-de-la-chambre-noire-2\/\"]}]},{\"@type\":\"BreadcrumbList\",\"@id\":\"https:\/\/librairie7l.com\/en\/produit\/gestes-et-rituels-de-la-chambre-noire-2\/#breadcrumb\",\"itemListElement\":[{\"@type\":\"ListItem\",\"position\":1,\"name\":\"Accueil\",\"item\":\"https:\/\/librairie7l.com\/en\/\"},{\"@type\":\"ListItem\",\"position\":2,\"name\":\"Shop\",\"item\":\"https:\/\/librairie7l.com\/en\/shop\/\"},{\"@type\":\"ListItem\",\"position\":3,\"name\":\"GESTES ET RITUELS DE LA CHAMBRE NOIRE\"}]},{\"@type\":\"WebSite\",\"@id\":\"https:\/\/librairie7l.com\/en\/#website\",\"url\":\"https:\/\/librairie7l.com\/en\/\",\"name\":\"Librairie 7L\",\"description\":\"Librairie fond\u00e9e en 1999 par Karl Lagerfeld \u00e0 Paris\",\"publisher\":{\"@id\":\"https:\/\/librairie7l.com\/en\/#organization\"},\"potentialAction\":[{\"@type\":\"SearchAction\",\"target\":{\"@type\":\"EntryPoint\",\"urlTemplate\":\"https:\/\/librairie7l.com\/en\/?s={search_term_string}\"},\"query-input\":\"required name=search_term_string\"}],\"inLanguage\":\"en-US\"},{\"@type\":\"Organization\",\"@id\":\"https:\/\/librairie7l.com\/en\/#organization\",\"name\":\"Librairie 7L\",\"url\":\"https:\/\/librairie7l.com\/en\/\",\"logo\":{\"@type\":\"ImageObject\",\"inLanguage\":\"en-US\",\"@id\":\"https:\/\/librairie7l.com\/en\/#\/schema\/logo\/image\/\",\"url\":\"https:\/\/librairie7l.com\/wp-content\/uploads\/2022\/08\/logo-1.png\",\"contentUrl\":\"https:\/\/librairie7l.com\/wp-content\/uploads\/2022\/08\/logo-1.png\",\"width\":227,\"height\":301,\"caption\":\"Librairie 7L\"},\"image\":{\"@id\":\"https:\/\/librairie7l.com\/en\/#\/schema\/logo\/image\/\"}}]}<\/script>\n<!-- \/ Yoast SEO plugin. -->","yoast_head_json":{"title":"Gestes et rituels de la chambre noire - Librairie 7L","robots":{"index":"index","follow":"follow","max-snippet":"max-snippet:-1","max-image-preview":"max-image-preview:large","max-video-preview":"max-video-preview:-1"},"canonical":"https:\/\/librairie7l.com\/en\/produit\/gestes-et-rituels-de-la-chambre-noire-2\/","og_locale":"en_US","og_type":"article","og_title":"Gestes et rituels de la chambre noire - Librairie 7L","og_description":"Michel Campeau est un de ces photographes qui, outre leur propre cr\u00e9ation d&#8217;images, ont toujours \u00e9t\u00e9 passionn\u00e9s par une photographie dite \u00ab vernaculaire \u00bb, anonyme ou de famille. Il fait partie de cette g\u00e9n\u00e9ration de photographes qui pourrait r\u00e9unir Martin Parr, Erik Kessel, Joachim Schmidt et d&#8217;autres, qui ont cr\u00e9\u00e9 par leur attention sur ces [&hellip;]","og_url":"https:\/\/librairie7l.com\/en\/produit\/gestes-et-rituels-de-la-chambre-noire-2\/","og_site_name":"Librairie 7L","article_modified_time":"2026-04-14T08:46:05+00:00","twitter_card":"summary_large_image","twitter_misc":{"Est. reading time":"1 minute"},"schema":{"@context":"https:\/\/schema.org","@graph":[{"@type":"WebPage","@id":"https:\/\/librairie7l.com\/en\/produit\/gestes-et-rituels-de-la-chambre-noire-2\/","url":"https:\/\/librairie7l.com\/en\/produit\/gestes-et-rituels-de-la-chambre-noire-2\/","name":"Gestes et rituels de la chambre noire - Librairie 7L","isPartOf":{"@id":"https:\/\/librairie7l.com\/en\/#website"},"datePublished":"2025-10-16T08:16:33+00:00","dateModified":"2026-04-14T08:46:05+00:00","breadcrumb":{"@id":"https:\/\/librairie7l.com\/en\/produit\/gestes-et-rituels-de-la-chambre-noire-2\/#breadcrumb"},"inLanguage":"en-US","potentialAction":[{"@type":"ReadAction","target":["https:\/\/librairie7l.com\/en\/produit\/gestes-et-rituels-de-la-chambre-noire-2\/"]}]},{"@type":"BreadcrumbList","@id":"https:\/\/librairie7l.com\/en\/produit\/gestes-et-rituels-de-la-chambre-noire-2\/#breadcrumb","itemListElement":[{"@type":"ListItem","position":1,"name":"Accueil","item":"https:\/\/librairie7l.com\/en\/"},{"@type":"ListItem","position":2,"name":"Shop","item":"https:\/\/librairie7l.com\/en\/shop\/"},{"@type":"ListItem","position":3,"name":"GESTES ET RITUELS DE LA CHAMBRE NOIRE"}]},{"@type":"WebSite","@id":"https:\/\/librairie7l.com\/en\/#website","url":"https:\/\/librairie7l.com\/en\/","name":"Librairie 7L","description":"Librairie fond\u00e9e en 1999 par Karl Lagerfeld \u00e0 Paris","publisher":{"@id":"https:\/\/librairie7l.com\/en\/#organization"},"potentialAction":[{"@type":"SearchAction","target":{"@type":"EntryPoint","urlTemplate":"https:\/\/librairie7l.com\/en\/?s={search_term_string}"},"query-input":"required name=search_term_string"}],"inLanguage":"en-US"},{"@type":"Organization","@id":"https:\/\/librairie7l.com\/en\/#organization","name":"Librairie 7L","url":"https:\/\/librairie7l.com\/en\/","logo":{"@type":"ImageObject","inLanguage":"en-US","@id":"https:\/\/librairie7l.com\/en\/#\/schema\/logo\/image\/","url":"https:\/\/librairie7l.com\/wp-content\/uploads\/2022\/08\/logo-1.png","contentUrl":"https:\/\/librairie7l.com\/wp-content\/uploads\/2022\/08\/logo-1.png","width":227,"height":301,"caption":"Librairie 7L"},"image":{"@id":"https:\/\/librairie7l.com\/en\/#\/schema\/logo\/image\/"}}]}},"_links":{"self":[{"href":"https:\/\/librairie7l.com\/en\/wp-json\/wp\/v2\/product\/51506"}],"collection":[{"href":"https:\/\/librairie7l.com\/en\/wp-json\/wp\/v2\/product"}],"about":[{"href":"https:\/\/librairie7l.com\/en\/wp-json\/wp\/v2\/types\/product"}],"wp:featuredmedia":[{"embeddable":true,"href":"https:\/\/librairie7l.com\/en\/wp-json\/wp\/v2\/media\/51785"}],"wp:attachment":[{"href":"https:\/\/librairie7l.com\/en\/wp-json\/wp\/v2\/media?parent=51506"}],"wp:term":[{"taxonomy":"product_cat","embeddable":true,"href":"https:\/\/librairie7l.com\/en\/wp-json\/wp\/v2\/product_cat?post=51506"},{"taxonomy":"product_tag","embeddable":true,"href":"https:\/\/librairie7l.com\/en\/wp-json\/wp\/v2\/product_tag?post=51506"}],"curies":[{"name":"wp","href":"https:\/\/api.w.org\/{rel}","templated":true}]}}