{"id":51508,"date":"2025-10-16T10:16:35","date_gmt":"2025-10-16T08:16:35","guid":{"rendered":"https:\/\/librairie7l.com\/?post_type=product&#038;p=51508"},"modified":"2026-04-14T10:46:05","modified_gmt":"2026-04-14T08:46:05","slug":"rio-praia-2","status":"publish","type":"product","link":"https:\/\/librairie7l.com\/en\/produit\/rio-praia-2\/","title":{"rendered":"RIO PRAIA"},"content":{"rendered":"<p>Comme toutes les villes c\u00e9l\u00e8bres, fantasm\u00e9es et caricatur\u00e9es, Rio (inutile d&#8217;ajouter \u00ab de Janeiro \u00bb) transporte une imagerie populaire obs\u00e9dante. Des maillots de bain minimalistes \u00e0 la samba, du football de rue aux ca\u00efpirinhas, du Christ R\u00e9dempteur aux inqui\u00e9tantes Favelas&#8230;<br \/>\nJean-Christophe B\u00e9chet d\u00e9couvre la ville en mars 2023 et la photographie intens\u00e9ment, en jonglant intuitivement avec diverses techniques. Il y d\u00e9c\u00e8le une forme de douceur m\u00e9lancolique, la \u00ab saudade \u00bb, des lumi\u00e8res grises somptueuses, des instants suspendus&#8230; En particulier au petit matin, o\u00f9 les lumi\u00e8res sont les plus belles et \u00e9nigmatiques.<br \/>\nRio Praia, un des deux volumes d&#8217;un diptyque d\u00e9di\u00e9 \u00e0 Rio, se consacre \u00e0 ces \u00e9tendues de sable infinies, de Copacabana, la plus populaire, \u00e0 Prainha, paradis des surfeurs \u00e0 l&#8217;\u00e9cart de la ville. Les plages \u00e0 Rio sont une v\u00e9ritable agora o\u00f9 l&#8217;on fait aussi bien la f\u00eate que du sport, o\u00f9 tout se m\u00eale et s&#8217;entrem\u00eale dans une atmosph\u00e8re accueillante. Elles sont un v\u00e9ritable creuset social o\u00f9 tout le monde se retrouve : le bourgeois de Leblon comme le gamin des Favelas, l&#8217;employ\u00e9 municipal comme les couples qui sirotent une noix de coco \u00e0 la fin d&#8217;une journ\u00e9e de travail&#8230;<br \/>\nRio se pr\u00eate bien \u00e0 l&#8217;\u00e9criture photographique de Jean-Christophe B\u00e9chet, dans laquelle l&#8217;esprit documentaire s&#8217;\u00e9vade vers une forme de po\u00e9sie cin\u00e9matographique qui laisse la r\u00e9alit\u00e9 en suspension&#8230;<\/p>\n","protected":false},"excerpt":{"rendered":"<p>Comme toutes les villes c\u00e9l\u00e8bres, fantasm\u00e9es et caricatur\u00e9es, Rio (inutile d&#8217;ajouter \u00ab de Janeiro \u00bb) transporte une imagerie populaire obs\u00e9dante. Des maillots de bain minimalistes \u00e0 la samba, du football de rue aux ca\u00efpirinhas, du Christ R\u00e9dempteur aux inqui\u00e9tantes Favelas&#8230; Jean-Christophe B\u00e9chet d\u00e9couvre la ville en mars 2023 et la photographie intens\u00e9ment, en jonglant intuitivement [&hellip;]<\/p>\n","protected":false},"featured_media":51560,"template":"","meta":[],"product_cat":[2948,2958],"product_tag":[],"acf":[],"yoast_head":"<!-- This site is optimized with the Yoast SEO plugin v20.11 - https:\/\/yoast.com\/wordpress\/plugins\/seo\/ -->\n<title>Rio Praia - Librairie 7L<\/title>\n<meta name=\"robots\" content=\"index, follow, max-snippet:-1, max-image-preview:large, max-video-preview:-1\" \/>\n<link rel=\"canonical\" href=\"https:\/\/librairie7l.com\/en\/produit\/rio-praia-2\/\" \/>\n<meta property=\"og:locale\" content=\"en_US\" \/>\n<meta property=\"og:type\" content=\"article\" \/>\n<meta property=\"og:title\" content=\"Rio Praia - Librairie 7L\" \/>\n<meta property=\"og:description\" content=\"Comme toutes les villes c\u00e9l\u00e8bres, fantasm\u00e9es et caricatur\u00e9es, Rio (inutile d&#8217;ajouter \u00ab de Janeiro \u00bb) transporte une imagerie populaire obs\u00e9dante. Des maillots de bain minimalistes \u00e0 la samba, du football de rue aux ca\u00efpirinhas, du Christ R\u00e9dempteur aux inqui\u00e9tantes Favelas&#8230; Jean-Christophe B\u00e9chet d\u00e9couvre la ville en mars 2023 et la photographie intens\u00e9ment, en jonglant intuitivement [&hellip;]\" \/>\n<meta property=\"og:url\" content=\"https:\/\/librairie7l.com\/en\/produit\/rio-praia-2\/\" \/>\n<meta property=\"og:site_name\" content=\"Librairie 7L\" \/>\n<meta property=\"article:modified_time\" content=\"2026-04-14T08:46:05+00:00\" \/>\n<meta name=\"twitter:card\" content=\"summary_large_image\" \/>\n<meta name=\"twitter:label1\" content=\"Est. reading time\" \/>\n\t<meta name=\"twitter:data1\" content=\"1 minute\" \/>\n<script type=\"application\/ld+json\" class=\"yoast-schema-graph\">{\"@context\":\"https:\/\/schema.org\",\"@graph\":[{\"@type\":\"WebPage\",\"@id\":\"https:\/\/librairie7l.com\/en\/produit\/rio-praia-2\/\",\"url\":\"https:\/\/librairie7l.com\/en\/produit\/rio-praia-2\/\",\"name\":\"Rio Praia - Librairie 7L\",\"isPartOf\":{\"@id\":\"https:\/\/librairie7l.com\/en\/#website\"},\"datePublished\":\"2025-10-16T08:16:35+00:00\",\"dateModified\":\"2026-04-14T08:46:05+00:00\",\"breadcrumb\":{\"@id\":\"https:\/\/librairie7l.com\/en\/produit\/rio-praia-2\/#breadcrumb\"},\"inLanguage\":\"en-US\",\"potentialAction\":[{\"@type\":\"ReadAction\",\"target\":[\"https:\/\/librairie7l.com\/en\/produit\/rio-praia-2\/\"]}]},{\"@type\":\"BreadcrumbList\",\"@id\":\"https:\/\/librairie7l.com\/en\/produit\/rio-praia-2\/#breadcrumb\",\"itemListElement\":[{\"@type\":\"ListItem\",\"position\":1,\"name\":\"Accueil\",\"item\":\"https:\/\/librairie7l.com\/en\/\"},{\"@type\":\"ListItem\",\"position\":2,\"name\":\"Shop\",\"item\":\"https:\/\/librairie7l.com\/en\/shop\/\"},{\"@type\":\"ListItem\",\"position\":3,\"name\":\"RIO PRAIA\"}]},{\"@type\":\"WebSite\",\"@id\":\"https:\/\/librairie7l.com\/en\/#website\",\"url\":\"https:\/\/librairie7l.com\/en\/\",\"name\":\"Librairie 7L\",\"description\":\"Librairie fond\u00e9e en 1999 par Karl Lagerfeld \u00e0 Paris\",\"publisher\":{\"@id\":\"https:\/\/librairie7l.com\/en\/#organization\"},\"potentialAction\":[{\"@type\":\"SearchAction\",\"target\":{\"@type\":\"EntryPoint\",\"urlTemplate\":\"https:\/\/librairie7l.com\/en\/?s={search_term_string}\"},\"query-input\":\"required name=search_term_string\"}],\"inLanguage\":\"en-US\"},{\"@type\":\"Organization\",\"@id\":\"https:\/\/librairie7l.com\/en\/#organization\",\"name\":\"Librairie 7L\",\"url\":\"https:\/\/librairie7l.com\/en\/\",\"logo\":{\"@type\":\"ImageObject\",\"inLanguage\":\"en-US\",\"@id\":\"https:\/\/librairie7l.com\/en\/#\/schema\/logo\/image\/\",\"url\":\"https:\/\/librairie7l.com\/wp-content\/uploads\/2022\/08\/logo-1.png\",\"contentUrl\":\"https:\/\/librairie7l.com\/wp-content\/uploads\/2022\/08\/logo-1.png\",\"width\":227,\"height\":301,\"caption\":\"Librairie 7L\"},\"image\":{\"@id\":\"https:\/\/librairie7l.com\/en\/#\/schema\/logo\/image\/\"}}]}<\/script>\n<!-- \/ Yoast SEO plugin. -->","yoast_head_json":{"title":"Rio Praia - Librairie 7L","robots":{"index":"index","follow":"follow","max-snippet":"max-snippet:-1","max-image-preview":"max-image-preview:large","max-video-preview":"max-video-preview:-1"},"canonical":"https:\/\/librairie7l.com\/en\/produit\/rio-praia-2\/","og_locale":"en_US","og_type":"article","og_title":"Rio Praia - Librairie 7L","og_description":"Comme toutes les villes c\u00e9l\u00e8bres, fantasm\u00e9es et caricatur\u00e9es, Rio (inutile d&#8217;ajouter \u00ab de Janeiro \u00bb) transporte une imagerie populaire obs\u00e9dante. Des maillots de bain minimalistes \u00e0 la samba, du football de rue aux ca\u00efpirinhas, du Christ R\u00e9dempteur aux inqui\u00e9tantes Favelas&#8230; Jean-Christophe B\u00e9chet d\u00e9couvre la ville en mars 2023 et la photographie intens\u00e9ment, en jonglant intuitivement [&hellip;]","og_url":"https:\/\/librairie7l.com\/en\/produit\/rio-praia-2\/","og_site_name":"Librairie 7L","article_modified_time":"2026-04-14T08:46:05+00:00","twitter_card":"summary_large_image","twitter_misc":{"Est. reading time":"1 minute"},"schema":{"@context":"https:\/\/schema.org","@graph":[{"@type":"WebPage","@id":"https:\/\/librairie7l.com\/en\/produit\/rio-praia-2\/","url":"https:\/\/librairie7l.com\/en\/produit\/rio-praia-2\/","name":"Rio Praia - Librairie 7L","isPartOf":{"@id":"https:\/\/librairie7l.com\/en\/#website"},"datePublished":"2025-10-16T08:16:35+00:00","dateModified":"2026-04-14T08:46:05+00:00","breadcrumb":{"@id":"https:\/\/librairie7l.com\/en\/produit\/rio-praia-2\/#breadcrumb"},"inLanguage":"en-US","potentialAction":[{"@type":"ReadAction","target":["https:\/\/librairie7l.com\/en\/produit\/rio-praia-2\/"]}]},{"@type":"BreadcrumbList","@id":"https:\/\/librairie7l.com\/en\/produit\/rio-praia-2\/#breadcrumb","itemListElement":[{"@type":"ListItem","position":1,"name":"Accueil","item":"https:\/\/librairie7l.com\/en\/"},{"@type":"ListItem","position":2,"name":"Shop","item":"https:\/\/librairie7l.com\/en\/shop\/"},{"@type":"ListItem","position":3,"name":"RIO PRAIA"}]},{"@type":"WebSite","@id":"https:\/\/librairie7l.com\/en\/#website","url":"https:\/\/librairie7l.com\/en\/","name":"Librairie 7L","description":"Librairie fond\u00e9e en 1999 par Karl Lagerfeld \u00e0 Paris","publisher":{"@id":"https:\/\/librairie7l.com\/en\/#organization"},"potentialAction":[{"@type":"SearchAction","target":{"@type":"EntryPoint","urlTemplate":"https:\/\/librairie7l.com\/en\/?s={search_term_string}"},"query-input":"required name=search_term_string"}],"inLanguage":"en-US"},{"@type":"Organization","@id":"https:\/\/librairie7l.com\/en\/#organization","name":"Librairie 7L","url":"https:\/\/librairie7l.com\/en\/","logo":{"@type":"ImageObject","inLanguage":"en-US","@id":"https:\/\/librairie7l.com\/en\/#\/schema\/logo\/image\/","url":"https:\/\/librairie7l.com\/wp-content\/uploads\/2022\/08\/logo-1.png","contentUrl":"https:\/\/librairie7l.com\/wp-content\/uploads\/2022\/08\/logo-1.png","width":227,"height":301,"caption":"Librairie 7L"},"image":{"@id":"https:\/\/librairie7l.com\/en\/#\/schema\/logo\/image\/"}}]}},"_links":{"self":[{"href":"https:\/\/librairie7l.com\/en\/wp-json\/wp\/v2\/product\/51508"}],"collection":[{"href":"https:\/\/librairie7l.com\/en\/wp-json\/wp\/v2\/product"}],"about":[{"href":"https:\/\/librairie7l.com\/en\/wp-json\/wp\/v2\/types\/product"}],"wp:featuredmedia":[{"embeddable":true,"href":"https:\/\/librairie7l.com\/en\/wp-json\/wp\/v2\/media\/51560"}],"wp:attachment":[{"href":"https:\/\/librairie7l.com\/en\/wp-json\/wp\/v2\/media?parent=51508"}],"wp:term":[{"taxonomy":"product_cat","embeddable":true,"href":"https:\/\/librairie7l.com\/en\/wp-json\/wp\/v2\/product_cat?post=51508"},{"taxonomy":"product_tag","embeddable":true,"href":"https:\/\/librairie7l.com\/en\/wp-json\/wp\/v2\/product_tag?post=51508"}],"curies":[{"name":"wp","href":"https:\/\/api.w.org\/{rel}","templated":true}]}}