{"id":51514,"date":"2025-10-17T09:18:00","date_gmt":"2025-10-17T07:18:00","guid":{"rendered":"https:\/\/librairie7l.com\/?post_type=product&#038;p=51514"},"modified":"2026-04-16T08:05:57","modified_gmt":"2026-04-16T06:05:57","slug":"dialogue-2","status":"publish","type":"product","link":"https:\/\/librairie7l.com\/en\/produit\/dialogue-2\/","title":{"rendered":"DIALOGUE"},"content":{"rendered":"<p>Ce \u00ab Dialogue \u00bb visuel entre Yohji Yamamoto et Sarah Moon est un livre d&#8217;exception con\u00e7u par les deux artistes. Sous une couverture noire minimaliste, il pr\u00e9sente 45 photographies, la plupart in\u00e9dites.<\/p>\n<p>Dans les photographies de mode de Sarah Moon, c&#8217;est la femme qui a le premier r\u00f4le, et c&#8217;est du v\u00eatement que na\u00eet le personnage qu&#8217;elle incarne. La photographe capture les collections de Yohji Yamamoto depuis la fin des ann\u00e9es 1990, fascin\u00e9e par sa d\u00e9marche. Ce livre, fruit de leur longue collaboration, d\u00e9bute par un dialogue entre les artistes qui met en avant la similitude de leurs d\u00e9marches artistiques, l&#8217;importance de l&#8217;instant suspendu, du don de la cr\u00e9ation et leur qu\u00eate permanente de la surprise. Les mots don et chance, celle qu&#8217;il faut saisir \u00e0 force de travail, reviennent souvent. Tous deux se retrouvent \u00e9galement dans leur choix de ne jamais suivre les tendances.<\/p>\n<p>La premi\u00e8re partie de l&#8217;ouvrage s&#8217;ouvre sur un portrait du couturier par la photographe et se poursuit avec des images des collections des ann\u00e9es 90 devenues des ic\u00f4nes. D&#8217;un coup de ciseaux, on passe au pr\u00e9sent. Les photographies in\u00e9dites, tant\u00f4t en couleur, tant\u00f4t en noir et blanc, d\u00e9voilent les collections printemps-\u00e9t\u00e9 et automnehiver des cinq derni\u00e8res ann\u00e9es. La maquette, imagin\u00e9e \u00e0 quatre mains, est rythm\u00e9e par les mots f\u00e9tiches de Yohji Yamamoto, les images myst\u00e9rieuses de Sarah Moon et se conclue par un croquis du couturier.<\/p>\n<p>Cet ouvrage, qui n&#8217;est pas un livre de mode comme les autres, r\u00e9v\u00e8le une complicit\u00e9 de plus de 30 ans.<\/p>\n","protected":false},"excerpt":{"rendered":"<p>Ce \u00ab Dialogue \u00bb visuel entre Yohji Yamamoto et Sarah Moon est un livre d&#8217;exception con\u00e7u par les deux artistes. Sous une couverture noire minimaliste, il pr\u00e9sente 45 photographies, la plupart in\u00e9dites. Dans les photographies de mode de Sarah Moon, c&#8217;est la femme qui a le premier r\u00f4le, et c&#8217;est du v\u00eatement que na\u00eet le [&hellip;]<\/p>\n","protected":false},"featured_media":51512,"template":"","meta":[],"product_cat":[2948,2958],"product_tag":[],"acf":[],"yoast_head":"<!-- This site is optimized with the Yoast SEO plugin v20.11 - https:\/\/yoast.com\/wordpress\/plugins\/seo\/ -->\n<title>Dialogue - Librairie 7L<\/title>\n<meta name=\"robots\" content=\"index, follow, max-snippet:-1, max-image-preview:large, max-video-preview:-1\" \/>\n<link rel=\"canonical\" href=\"https:\/\/librairie7l.com\/en\/produit\/dialogue-2\/\" \/>\n<meta property=\"og:locale\" content=\"en_US\" \/>\n<meta property=\"og:type\" content=\"article\" \/>\n<meta property=\"og:title\" content=\"Dialogue - Librairie 7L\" \/>\n<meta property=\"og:description\" content=\"Ce \u00ab Dialogue \u00bb visuel entre Yohji Yamamoto et Sarah Moon est un livre d&#8217;exception con\u00e7u par les deux artistes. Sous une couverture noire minimaliste, il pr\u00e9sente 45 photographies, la plupart in\u00e9dites. Dans les photographies de mode de Sarah Moon, c&#8217;est la femme qui a le premier r\u00f4le, et c&#8217;est du v\u00eatement que na\u00eet le [&hellip;]\" \/>\n<meta property=\"og:url\" content=\"https:\/\/librairie7l.com\/en\/produit\/dialogue-2\/\" \/>\n<meta property=\"og:site_name\" content=\"Librairie 7L\" \/>\n<meta property=\"article:modified_time\" content=\"2026-04-16T06:05:57+00:00\" \/>\n<meta property=\"og:image\" content=\"https:\/\/librairie7l.com\/wp-content\/uploads\/2024\/09\/9791095821694_1_75.jpg\" \/>\n\t<meta property=\"og:image:width\" content=\"400\" \/>\n\t<meta property=\"og:image:height\" content=\"500\" \/>\n\t<meta property=\"og:image:type\" content=\"image\/jpeg\" \/>\n<meta name=\"twitter:card\" content=\"summary_large_image\" \/>\n<meta name=\"twitter:label1\" content=\"Est. reading time\" \/>\n\t<meta name=\"twitter:data1\" content=\"1 minute\" \/>\n<script type=\"application\/ld+json\" class=\"yoast-schema-graph\">{\"@context\":\"https:\/\/schema.org\",\"@graph\":[{\"@type\":\"WebPage\",\"@id\":\"https:\/\/librairie7l.com\/en\/produit\/dialogue-2\/\",\"url\":\"https:\/\/librairie7l.com\/en\/produit\/dialogue-2\/\",\"name\":\"Dialogue - Librairie 7L\",\"isPartOf\":{\"@id\":\"https:\/\/librairie7l.com\/en\/#website\"},\"datePublished\":\"2025-10-17T07:18:00+00:00\",\"dateModified\":\"2026-04-16T06:05:57+00:00\",\"breadcrumb\":{\"@id\":\"https:\/\/librairie7l.com\/en\/produit\/dialogue-2\/#breadcrumb\"},\"inLanguage\":\"en-US\",\"potentialAction\":[{\"@type\":\"ReadAction\",\"target\":[\"https:\/\/librairie7l.com\/en\/produit\/dialogue-2\/\"]}]},{\"@type\":\"BreadcrumbList\",\"@id\":\"https:\/\/librairie7l.com\/en\/produit\/dialogue-2\/#breadcrumb\",\"itemListElement\":[{\"@type\":\"ListItem\",\"position\":1,\"name\":\"Accueil\",\"item\":\"https:\/\/librairie7l.com\/en\/\"},{\"@type\":\"ListItem\",\"position\":2,\"name\":\"Shop\",\"item\":\"https:\/\/librairie7l.com\/en\/shop\/\"},{\"@type\":\"ListItem\",\"position\":3,\"name\":\"DIALOGUE\"}]},{\"@type\":\"WebSite\",\"@id\":\"https:\/\/librairie7l.com\/en\/#website\",\"url\":\"https:\/\/librairie7l.com\/en\/\",\"name\":\"Librairie 7L\",\"description\":\"Librairie fond\u00e9e en 1999 par Karl Lagerfeld \u00e0 Paris\",\"publisher\":{\"@id\":\"https:\/\/librairie7l.com\/en\/#organization\"},\"potentialAction\":[{\"@type\":\"SearchAction\",\"target\":{\"@type\":\"EntryPoint\",\"urlTemplate\":\"https:\/\/librairie7l.com\/en\/?s={search_term_string}\"},\"query-input\":\"required name=search_term_string\"}],\"inLanguage\":\"en-US\"},{\"@type\":\"Organization\",\"@id\":\"https:\/\/librairie7l.com\/en\/#organization\",\"name\":\"Librairie 7L\",\"url\":\"https:\/\/librairie7l.com\/en\/\",\"logo\":{\"@type\":\"ImageObject\",\"inLanguage\":\"en-US\",\"@id\":\"https:\/\/librairie7l.com\/en\/#\/schema\/logo\/image\/\",\"url\":\"https:\/\/librairie7l.com\/wp-content\/uploads\/2022\/08\/logo-1.png\",\"contentUrl\":\"https:\/\/librairie7l.com\/wp-content\/uploads\/2022\/08\/logo-1.png\",\"width\":227,\"height\":301,\"caption\":\"Librairie 7L\"},\"image\":{\"@id\":\"https:\/\/librairie7l.com\/en\/#\/schema\/logo\/image\/\"}}]}<\/script>\n<!-- \/ Yoast SEO plugin. -->","yoast_head_json":{"title":"Dialogue - Librairie 7L","robots":{"index":"index","follow":"follow","max-snippet":"max-snippet:-1","max-image-preview":"max-image-preview:large","max-video-preview":"max-video-preview:-1"},"canonical":"https:\/\/librairie7l.com\/en\/produit\/dialogue-2\/","og_locale":"en_US","og_type":"article","og_title":"Dialogue - Librairie 7L","og_description":"Ce \u00ab Dialogue \u00bb visuel entre Yohji Yamamoto et Sarah Moon est un livre d&#8217;exception con\u00e7u par les deux artistes. Sous une couverture noire minimaliste, il pr\u00e9sente 45 photographies, la plupart in\u00e9dites. Dans les photographies de mode de Sarah Moon, c&#8217;est la femme qui a le premier r\u00f4le, et c&#8217;est du v\u00eatement que na\u00eet le [&hellip;]","og_url":"https:\/\/librairie7l.com\/en\/produit\/dialogue-2\/","og_site_name":"Librairie 7L","article_modified_time":"2026-04-16T06:05:57+00:00","og_image":[{"width":400,"height":500,"url":"https:\/\/librairie7l.com\/wp-content\/uploads\/2024\/09\/9791095821694_1_75.jpg","type":"image\/jpeg"}],"twitter_card":"summary_large_image","twitter_misc":{"Est. reading time":"1 minute"},"schema":{"@context":"https:\/\/schema.org","@graph":[{"@type":"WebPage","@id":"https:\/\/librairie7l.com\/en\/produit\/dialogue-2\/","url":"https:\/\/librairie7l.com\/en\/produit\/dialogue-2\/","name":"Dialogue - Librairie 7L","isPartOf":{"@id":"https:\/\/librairie7l.com\/en\/#website"},"datePublished":"2025-10-17T07:18:00+00:00","dateModified":"2026-04-16T06:05:57+00:00","breadcrumb":{"@id":"https:\/\/librairie7l.com\/en\/produit\/dialogue-2\/#breadcrumb"},"inLanguage":"en-US","potentialAction":[{"@type":"ReadAction","target":["https:\/\/librairie7l.com\/en\/produit\/dialogue-2\/"]}]},{"@type":"BreadcrumbList","@id":"https:\/\/librairie7l.com\/en\/produit\/dialogue-2\/#breadcrumb","itemListElement":[{"@type":"ListItem","position":1,"name":"Accueil","item":"https:\/\/librairie7l.com\/en\/"},{"@type":"ListItem","position":2,"name":"Shop","item":"https:\/\/librairie7l.com\/en\/shop\/"},{"@type":"ListItem","position":3,"name":"DIALOGUE"}]},{"@type":"WebSite","@id":"https:\/\/librairie7l.com\/en\/#website","url":"https:\/\/librairie7l.com\/en\/","name":"Librairie 7L","description":"Librairie fond\u00e9e en 1999 par Karl Lagerfeld \u00e0 Paris","publisher":{"@id":"https:\/\/librairie7l.com\/en\/#organization"},"potentialAction":[{"@type":"SearchAction","target":{"@type":"EntryPoint","urlTemplate":"https:\/\/librairie7l.com\/en\/?s={search_term_string}"},"query-input":"required name=search_term_string"}],"inLanguage":"en-US"},{"@type":"Organization","@id":"https:\/\/librairie7l.com\/en\/#organization","name":"Librairie 7L","url":"https:\/\/librairie7l.com\/en\/","logo":{"@type":"ImageObject","inLanguage":"en-US","@id":"https:\/\/librairie7l.com\/en\/#\/schema\/logo\/image\/","url":"https:\/\/librairie7l.com\/wp-content\/uploads\/2022\/08\/logo-1.png","contentUrl":"https:\/\/librairie7l.com\/wp-content\/uploads\/2022\/08\/logo-1.png","width":227,"height":301,"caption":"Librairie 7L"},"image":{"@id":"https:\/\/librairie7l.com\/en\/#\/schema\/logo\/image\/"}}]}},"_links":{"self":[{"href":"https:\/\/librairie7l.com\/en\/wp-json\/wp\/v2\/product\/51514"}],"collection":[{"href":"https:\/\/librairie7l.com\/en\/wp-json\/wp\/v2\/product"}],"about":[{"href":"https:\/\/librairie7l.com\/en\/wp-json\/wp\/v2\/types\/product"}],"wp:featuredmedia":[{"embeddable":true,"href":"https:\/\/librairie7l.com\/en\/wp-json\/wp\/v2\/media\/51512"}],"wp:attachment":[{"href":"https:\/\/librairie7l.com\/en\/wp-json\/wp\/v2\/media?parent=51514"}],"wp:term":[{"taxonomy":"product_cat","embeddable":true,"href":"https:\/\/librairie7l.com\/en\/wp-json\/wp\/v2\/product_cat?post=51514"},{"taxonomy":"product_tag","embeddable":true,"href":"https:\/\/librairie7l.com\/en\/wp-json\/wp\/v2\/product_tag?post=51514"}],"curies":[{"name":"wp","href":"https:\/\/api.w.org\/{rel}","templated":true}]}}