{"id":51527,"date":"2025-10-18T09:17:57","date_gmt":"2025-10-18T07:17:57","guid":{"rendered":"https:\/\/librairie7l.com\/?post_type=product&#038;p=51527"},"modified":"2026-04-04T20:52:15","modified_gmt":"2026-04-04T18:52:15","slug":"stephan-vanfleteren-transcripts-of-a-sea-2","status":"publish","type":"product","link":"https:\/\/librairie7l.com\/en\/produit\/stephan-vanfleteren-transcripts-of-a-sea-2\/","title":{"rendered":"STEPHAN VANFLETEREN TRANSCRIPTS OF A SEA"},"content":{"rendered":"<p>Dans cet ouvrage qui accompagne une exposition au MSK \u00e0 Gand de septembre 2025 \u00e0 JANVIER 2026, Stephan Vanfleteren revient pour la premi\u00e8re fois sur toutes ses images des 5 derni\u00e8res ann\u00e9es qui se concentrent sur la mer dans tous ses \u00e9tats. Entre attrait pour le danger, travail de la lumi\u00e8re et des reflets, il explore toutes les facettes de son sujet, qu&#8217;elle soit calme et miroitante ou temp\u00e9tueuse.<\/p>\n","protected":false},"excerpt":{"rendered":"<p>Dans cet ouvrage qui accompagne une exposition au MSK \u00e0 Gand de septembre 2025 \u00e0 JANVIER 2026, Stephan Vanfleteren revient pour la premi\u00e8re fois sur toutes ses images des 5 derni\u00e8res ann\u00e9es qui se concentrent sur la mer dans tous ses \u00e9tats. Entre attrait pour le danger, travail de la lumi\u00e8re et des reflets, il [&hellip;]<\/p>\n","protected":false},"featured_media":51525,"template":"","meta":[],"product_cat":[2948,2958],"product_tag":[],"acf":[],"yoast_head":"<!-- This site is optimized with the Yoast SEO plugin v20.11 - https:\/\/yoast.com\/wordpress\/plugins\/seo\/ -->\n<title>Stephan Vanfleteren Transcripts of a Sea - Librairie 7L<\/title>\n<meta name=\"robots\" content=\"index, follow, max-snippet:-1, max-image-preview:large, max-video-preview:-1\" \/>\n<link rel=\"canonical\" href=\"https:\/\/librairie7l.com\/en\/produit\/stephan-vanfleteren-transcripts-of-a-sea-2\/\" \/>\n<meta property=\"og:locale\" content=\"en_US\" \/>\n<meta property=\"og:type\" content=\"article\" \/>\n<meta property=\"og:title\" content=\"Stephan Vanfleteren Transcripts of a Sea - Librairie 7L\" \/>\n<meta property=\"og:description\" content=\"Dans cet ouvrage qui accompagne une exposition au MSK \u00e0 Gand de septembre 2025 \u00e0 JANVIER 2026, Stephan Vanfleteren revient pour la premi\u00e8re fois sur toutes ses images des 5 derni\u00e8res ann\u00e9es qui se concentrent sur la mer dans tous ses \u00e9tats. Entre attrait pour le danger, travail de la lumi\u00e8re et des reflets, il [&hellip;]\" \/>\n<meta property=\"og:url\" content=\"https:\/\/librairie7l.com\/en\/produit\/stephan-vanfleteren-transcripts-of-a-sea-2\/\" \/>\n<meta property=\"og:site_name\" content=\"Librairie 7L\" \/>\n<meta property=\"article:modified_time\" content=\"2026-04-04T18:52:15+00:00\" \/>\n<meta property=\"og:image\" content=\"https:\/\/librairie7l.com\/wp-content\/uploads\/2025\/07\/9789493416215_1_75.jpg\" \/>\n\t<meta property=\"og:image:width\" content=\"600\" \/>\n\t<meta property=\"og:image:height\" content=\"833\" \/>\n\t<meta property=\"og:image:type\" content=\"image\/jpeg\" \/>\n<meta name=\"twitter:card\" content=\"summary_large_image\" \/>\n<script type=\"application\/ld+json\" class=\"yoast-schema-graph\">{\"@context\":\"https:\/\/schema.org\",\"@graph\":[{\"@type\":\"WebPage\",\"@id\":\"https:\/\/librairie7l.com\/en\/produit\/stephan-vanfleteren-transcripts-of-a-sea-2\/\",\"url\":\"https:\/\/librairie7l.com\/en\/produit\/stephan-vanfleteren-transcripts-of-a-sea-2\/\",\"name\":\"Stephan Vanfleteren Transcripts of a Sea - Librairie 7L\",\"isPartOf\":{\"@id\":\"https:\/\/librairie7l.com\/en\/#website\"},\"datePublished\":\"2025-10-18T07:17:57+00:00\",\"dateModified\":\"2026-04-04T18:52:15+00:00\",\"breadcrumb\":{\"@id\":\"https:\/\/librairie7l.com\/en\/produit\/stephan-vanfleteren-transcripts-of-a-sea-2\/#breadcrumb\"},\"inLanguage\":\"en-US\",\"potentialAction\":[{\"@type\":\"ReadAction\",\"target\":[\"https:\/\/librairie7l.com\/en\/produit\/stephan-vanfleteren-transcripts-of-a-sea-2\/\"]}]},{\"@type\":\"BreadcrumbList\",\"@id\":\"https:\/\/librairie7l.com\/en\/produit\/stephan-vanfleteren-transcripts-of-a-sea-2\/#breadcrumb\",\"itemListElement\":[{\"@type\":\"ListItem\",\"position\":1,\"name\":\"Accueil\",\"item\":\"https:\/\/librairie7l.com\/en\/\"},{\"@type\":\"ListItem\",\"position\":2,\"name\":\"Shop\",\"item\":\"https:\/\/librairie7l.com\/en\/shop\/\"},{\"@type\":\"ListItem\",\"position\":3,\"name\":\"STEPHAN VANFLETEREN TRANSCRIPTS OF A SEA\"}]},{\"@type\":\"WebSite\",\"@id\":\"https:\/\/librairie7l.com\/en\/#website\",\"url\":\"https:\/\/librairie7l.com\/en\/\",\"name\":\"Librairie 7L\",\"description\":\"Librairie fond\u00e9e en 1999 par Karl Lagerfeld \u00e0 Paris\",\"publisher\":{\"@id\":\"https:\/\/librairie7l.com\/en\/#organization\"},\"potentialAction\":[{\"@type\":\"SearchAction\",\"target\":{\"@type\":\"EntryPoint\",\"urlTemplate\":\"https:\/\/librairie7l.com\/en\/?s={search_term_string}\"},\"query-input\":\"required name=search_term_string\"}],\"inLanguage\":\"en-US\"},{\"@type\":\"Organization\",\"@id\":\"https:\/\/librairie7l.com\/en\/#organization\",\"name\":\"Librairie 7L\",\"url\":\"https:\/\/librairie7l.com\/en\/\",\"logo\":{\"@type\":\"ImageObject\",\"inLanguage\":\"en-US\",\"@id\":\"https:\/\/librairie7l.com\/en\/#\/schema\/logo\/image\/\",\"url\":\"https:\/\/librairie7l.com\/wp-content\/uploads\/2022\/08\/logo-1.png\",\"contentUrl\":\"https:\/\/librairie7l.com\/wp-content\/uploads\/2022\/08\/logo-1.png\",\"width\":227,\"height\":301,\"caption\":\"Librairie 7L\"},\"image\":{\"@id\":\"https:\/\/librairie7l.com\/en\/#\/schema\/logo\/image\/\"}}]}<\/script>\n<!-- \/ Yoast SEO plugin. -->","yoast_head_json":{"title":"Stephan Vanfleteren Transcripts of a Sea - Librairie 7L","robots":{"index":"index","follow":"follow","max-snippet":"max-snippet:-1","max-image-preview":"max-image-preview:large","max-video-preview":"max-video-preview:-1"},"canonical":"https:\/\/librairie7l.com\/en\/produit\/stephan-vanfleteren-transcripts-of-a-sea-2\/","og_locale":"en_US","og_type":"article","og_title":"Stephan Vanfleteren Transcripts of a Sea - Librairie 7L","og_description":"Dans cet ouvrage qui accompagne une exposition au MSK \u00e0 Gand de septembre 2025 \u00e0 JANVIER 2026, Stephan Vanfleteren revient pour la premi\u00e8re fois sur toutes ses images des 5 derni\u00e8res ann\u00e9es qui se concentrent sur la mer dans tous ses \u00e9tats. Entre attrait pour le danger, travail de la lumi\u00e8re et des reflets, il [&hellip;]","og_url":"https:\/\/librairie7l.com\/en\/produit\/stephan-vanfleteren-transcripts-of-a-sea-2\/","og_site_name":"Librairie 7L","article_modified_time":"2026-04-04T18:52:15+00:00","og_image":[{"width":600,"height":833,"url":"https:\/\/librairie7l.com\/wp-content\/uploads\/2025\/07\/9789493416215_1_75.jpg","type":"image\/jpeg"}],"twitter_card":"summary_large_image","schema":{"@context":"https:\/\/schema.org","@graph":[{"@type":"WebPage","@id":"https:\/\/librairie7l.com\/en\/produit\/stephan-vanfleteren-transcripts-of-a-sea-2\/","url":"https:\/\/librairie7l.com\/en\/produit\/stephan-vanfleteren-transcripts-of-a-sea-2\/","name":"Stephan Vanfleteren Transcripts of a Sea - Librairie 7L","isPartOf":{"@id":"https:\/\/librairie7l.com\/en\/#website"},"datePublished":"2025-10-18T07:17:57+00:00","dateModified":"2026-04-04T18:52:15+00:00","breadcrumb":{"@id":"https:\/\/librairie7l.com\/en\/produit\/stephan-vanfleteren-transcripts-of-a-sea-2\/#breadcrumb"},"inLanguage":"en-US","potentialAction":[{"@type":"ReadAction","target":["https:\/\/librairie7l.com\/en\/produit\/stephan-vanfleteren-transcripts-of-a-sea-2\/"]}]},{"@type":"BreadcrumbList","@id":"https:\/\/librairie7l.com\/en\/produit\/stephan-vanfleteren-transcripts-of-a-sea-2\/#breadcrumb","itemListElement":[{"@type":"ListItem","position":1,"name":"Accueil","item":"https:\/\/librairie7l.com\/en\/"},{"@type":"ListItem","position":2,"name":"Shop","item":"https:\/\/librairie7l.com\/en\/shop\/"},{"@type":"ListItem","position":3,"name":"STEPHAN VANFLETEREN TRANSCRIPTS OF A SEA"}]},{"@type":"WebSite","@id":"https:\/\/librairie7l.com\/en\/#website","url":"https:\/\/librairie7l.com\/en\/","name":"Librairie 7L","description":"Librairie fond\u00e9e en 1999 par Karl Lagerfeld \u00e0 Paris","publisher":{"@id":"https:\/\/librairie7l.com\/en\/#organization"},"potentialAction":[{"@type":"SearchAction","target":{"@type":"EntryPoint","urlTemplate":"https:\/\/librairie7l.com\/en\/?s={search_term_string}"},"query-input":"required name=search_term_string"}],"inLanguage":"en-US"},{"@type":"Organization","@id":"https:\/\/librairie7l.com\/en\/#organization","name":"Librairie 7L","url":"https:\/\/librairie7l.com\/en\/","logo":{"@type":"ImageObject","inLanguage":"en-US","@id":"https:\/\/librairie7l.com\/en\/#\/schema\/logo\/image\/","url":"https:\/\/librairie7l.com\/wp-content\/uploads\/2022\/08\/logo-1.png","contentUrl":"https:\/\/librairie7l.com\/wp-content\/uploads\/2022\/08\/logo-1.png","width":227,"height":301,"caption":"Librairie 7L"},"image":{"@id":"https:\/\/librairie7l.com\/en\/#\/schema\/logo\/image\/"}}]}},"_links":{"self":[{"href":"https:\/\/librairie7l.com\/en\/wp-json\/wp\/v2\/product\/51527"}],"collection":[{"href":"https:\/\/librairie7l.com\/en\/wp-json\/wp\/v2\/product"}],"about":[{"href":"https:\/\/librairie7l.com\/en\/wp-json\/wp\/v2\/types\/product"}],"wp:featuredmedia":[{"embeddable":true,"href":"https:\/\/librairie7l.com\/en\/wp-json\/wp\/v2\/media\/51525"}],"wp:attachment":[{"href":"https:\/\/librairie7l.com\/en\/wp-json\/wp\/v2\/media?parent=51527"}],"wp:term":[{"taxonomy":"product_cat","embeddable":true,"href":"https:\/\/librairie7l.com\/en\/wp-json\/wp\/v2\/product_cat?post=51527"},{"taxonomy":"product_tag","embeddable":true,"href":"https:\/\/librairie7l.com\/en\/wp-json\/wp\/v2\/product_tag?post=51527"}],"curies":[{"name":"wp","href":"https:\/\/api.w.org\/{rel}","templated":true}]}}