{"id":51531,"date":"2025-10-18T09:18:00","date_gmt":"2025-10-18T07:18:00","guid":{"rendered":"https:\/\/librairie7l.com\/?post_type=product&#038;p=51531"},"modified":"2026-04-12T14:54:55","modified_gmt":"2026-04-12T12:54:55","slug":"erwin-olaf-freedom-2","status":"publish","type":"product","link":"https:\/\/librairie7l.com\/en\/produit\/erwin-olaf-freedom-2\/","title":{"rendered":"ERWIN OLAF FREEDOM"},"content":{"rendered":"<p>Erwin Olaf &#8211; Freedom offre un regard unique sur l&#8217;oeuvre et la vie d&#8217;Erwin Olaf (1959-2023), l&#8217;une des personnalit\u00e9s artistiques les plus c\u00e9l\u00e8bres des Pays-Bas. M\u00e9langeant images c\u00e9l\u00e8bres et in\u00e9dites,ce livre est un hommage impressionnant \u00e0 un artiste qui red\u00e9finit sans cesse le medium photographique. Ce livre complet et richement illustr\u00e9, qui accompagne la grande exposition r\u00e9trospective au Stedelijk Museum d&#8217;Amsterdam du 10 octobre 2025 au 1er mars 2026, apporte un nouvel \u00e9clairage sur son h\u00e9ritage artistique. Avec des contributions textuelles de Paco Barragan, Charlotte Cotton, Jonathan Turner, entre autres.<\/p>\n","protected":false},"excerpt":{"rendered":"<p>Erwin Olaf &#8211; Freedom offre un regard unique sur l&#8217;oeuvre et la vie d&#8217;Erwin Olaf (1959-2023), l&#8217;une des personnalit\u00e9s artistiques les plus c\u00e9l\u00e8bres des Pays-Bas. M\u00e9langeant images c\u00e9l\u00e8bres et in\u00e9dites,ce livre est un hommage impressionnant \u00e0 un artiste qui red\u00e9finit sans cesse le medium photographique. Ce livre complet et richement illustr\u00e9, qui accompagne la grande [&hellip;]<\/p>\n","protected":false},"featured_media":51529,"template":"","meta":[],"product_cat":[2948,2953],"product_tag":[],"acf":[],"yoast_head":"<!-- This site is optimized with the Yoast SEO plugin v20.11 - https:\/\/yoast.com\/wordpress\/plugins\/seo\/ -->\n<title>Erwin Olaf Freedom - Librairie 7L<\/title>\n<meta name=\"robots\" content=\"index, follow, max-snippet:-1, max-image-preview:large, max-video-preview:-1\" \/>\n<link rel=\"canonical\" href=\"https:\/\/librairie7l.com\/en\/produit\/erwin-olaf-freedom-2\/\" \/>\n<meta property=\"og:locale\" content=\"en_US\" \/>\n<meta property=\"og:type\" content=\"article\" \/>\n<meta property=\"og:title\" content=\"Erwin Olaf Freedom - Librairie 7L\" \/>\n<meta property=\"og:description\" content=\"Erwin Olaf &#8211; Freedom offre un regard unique sur l&#8217;oeuvre et la vie d&#8217;Erwin Olaf (1959-2023), l&#8217;une des personnalit\u00e9s artistiques les plus c\u00e9l\u00e8bres des Pays-Bas. M\u00e9langeant images c\u00e9l\u00e8bres et in\u00e9dites,ce livre est un hommage impressionnant \u00e0 un artiste qui red\u00e9finit sans cesse le medium photographique. Ce livre complet et richement illustr\u00e9, qui accompagne la grande [&hellip;]\" \/>\n<meta property=\"og:url\" content=\"https:\/\/librairie7l.com\/en\/produit\/erwin-olaf-freedom-2\/\" \/>\n<meta property=\"og:site_name\" content=\"Librairie 7L\" \/>\n<meta property=\"article:modified_time\" content=\"2026-04-12T12:54:55+00:00\" \/>\n<meta property=\"og:image\" content=\"https:\/\/librairie7l.com\/wp-content\/uploads\/2025\/03\/9789493416185_1_75.jpg\" \/>\n\t<meta property=\"og:image:width\" content=\"354\" \/>\n\t<meta property=\"og:image:height\" content=\"500\" \/>\n\t<meta property=\"og:image:type\" content=\"image\/jpeg\" \/>\n<meta name=\"twitter:card\" content=\"summary_large_image\" \/>\n<script type=\"application\/ld+json\" class=\"yoast-schema-graph\">{\"@context\":\"https:\/\/schema.org\",\"@graph\":[{\"@type\":\"WebPage\",\"@id\":\"https:\/\/librairie7l.com\/en\/produit\/erwin-olaf-freedom-2\/\",\"url\":\"https:\/\/librairie7l.com\/en\/produit\/erwin-olaf-freedom-2\/\",\"name\":\"Erwin Olaf Freedom - Librairie 7L\",\"isPartOf\":{\"@id\":\"https:\/\/librairie7l.com\/en\/#website\"},\"datePublished\":\"2025-10-18T07:18:00+00:00\",\"dateModified\":\"2026-04-12T12:54:55+00:00\",\"breadcrumb\":{\"@id\":\"https:\/\/librairie7l.com\/en\/produit\/erwin-olaf-freedom-2\/#breadcrumb\"},\"inLanguage\":\"en-US\",\"potentialAction\":[{\"@type\":\"ReadAction\",\"target\":[\"https:\/\/librairie7l.com\/en\/produit\/erwin-olaf-freedom-2\/\"]}]},{\"@type\":\"BreadcrumbList\",\"@id\":\"https:\/\/librairie7l.com\/en\/produit\/erwin-olaf-freedom-2\/#breadcrumb\",\"itemListElement\":[{\"@type\":\"ListItem\",\"position\":1,\"name\":\"Accueil\",\"item\":\"https:\/\/librairie7l.com\/en\/\"},{\"@type\":\"ListItem\",\"position\":2,\"name\":\"Shop\",\"item\":\"https:\/\/librairie7l.com\/en\/shop\/\"},{\"@type\":\"ListItem\",\"position\":3,\"name\":\"ERWIN OLAF FREEDOM\"}]},{\"@type\":\"WebSite\",\"@id\":\"https:\/\/librairie7l.com\/en\/#website\",\"url\":\"https:\/\/librairie7l.com\/en\/\",\"name\":\"Librairie 7L\",\"description\":\"Librairie fond\u00e9e en 1999 par Karl Lagerfeld \u00e0 Paris\",\"publisher\":{\"@id\":\"https:\/\/librairie7l.com\/en\/#organization\"},\"potentialAction\":[{\"@type\":\"SearchAction\",\"target\":{\"@type\":\"EntryPoint\",\"urlTemplate\":\"https:\/\/librairie7l.com\/en\/?s={search_term_string}\"},\"query-input\":\"required name=search_term_string\"}],\"inLanguage\":\"en-US\"},{\"@type\":\"Organization\",\"@id\":\"https:\/\/librairie7l.com\/en\/#organization\",\"name\":\"Librairie 7L\",\"url\":\"https:\/\/librairie7l.com\/en\/\",\"logo\":{\"@type\":\"ImageObject\",\"inLanguage\":\"en-US\",\"@id\":\"https:\/\/librairie7l.com\/en\/#\/schema\/logo\/image\/\",\"url\":\"https:\/\/librairie7l.com\/wp-content\/uploads\/2022\/08\/logo-1.png\",\"contentUrl\":\"https:\/\/librairie7l.com\/wp-content\/uploads\/2022\/08\/logo-1.png\",\"width\":227,\"height\":301,\"caption\":\"Librairie 7L\"},\"image\":{\"@id\":\"https:\/\/librairie7l.com\/en\/#\/schema\/logo\/image\/\"}}]}<\/script>\n<!-- \/ Yoast SEO plugin. -->","yoast_head_json":{"title":"Erwin Olaf Freedom - Librairie 7L","robots":{"index":"index","follow":"follow","max-snippet":"max-snippet:-1","max-image-preview":"max-image-preview:large","max-video-preview":"max-video-preview:-1"},"canonical":"https:\/\/librairie7l.com\/en\/produit\/erwin-olaf-freedom-2\/","og_locale":"en_US","og_type":"article","og_title":"Erwin Olaf Freedom - Librairie 7L","og_description":"Erwin Olaf &#8211; Freedom offre un regard unique sur l&#8217;oeuvre et la vie d&#8217;Erwin Olaf (1959-2023), l&#8217;une des personnalit\u00e9s artistiques les plus c\u00e9l\u00e8bres des Pays-Bas. M\u00e9langeant images c\u00e9l\u00e8bres et in\u00e9dites,ce livre est un hommage impressionnant \u00e0 un artiste qui red\u00e9finit sans cesse le medium photographique. Ce livre complet et richement illustr\u00e9, qui accompagne la grande [&hellip;]","og_url":"https:\/\/librairie7l.com\/en\/produit\/erwin-olaf-freedom-2\/","og_site_name":"Librairie 7L","article_modified_time":"2026-04-12T12:54:55+00:00","og_image":[{"width":354,"height":500,"url":"https:\/\/librairie7l.com\/wp-content\/uploads\/2025\/03\/9789493416185_1_75.jpg","type":"image\/jpeg"}],"twitter_card":"summary_large_image","schema":{"@context":"https:\/\/schema.org","@graph":[{"@type":"WebPage","@id":"https:\/\/librairie7l.com\/en\/produit\/erwin-olaf-freedom-2\/","url":"https:\/\/librairie7l.com\/en\/produit\/erwin-olaf-freedom-2\/","name":"Erwin Olaf Freedom - Librairie 7L","isPartOf":{"@id":"https:\/\/librairie7l.com\/en\/#website"},"datePublished":"2025-10-18T07:18:00+00:00","dateModified":"2026-04-12T12:54:55+00:00","breadcrumb":{"@id":"https:\/\/librairie7l.com\/en\/produit\/erwin-olaf-freedom-2\/#breadcrumb"},"inLanguage":"en-US","potentialAction":[{"@type":"ReadAction","target":["https:\/\/librairie7l.com\/en\/produit\/erwin-olaf-freedom-2\/"]}]},{"@type":"BreadcrumbList","@id":"https:\/\/librairie7l.com\/en\/produit\/erwin-olaf-freedom-2\/#breadcrumb","itemListElement":[{"@type":"ListItem","position":1,"name":"Accueil","item":"https:\/\/librairie7l.com\/en\/"},{"@type":"ListItem","position":2,"name":"Shop","item":"https:\/\/librairie7l.com\/en\/shop\/"},{"@type":"ListItem","position":3,"name":"ERWIN OLAF FREEDOM"}]},{"@type":"WebSite","@id":"https:\/\/librairie7l.com\/en\/#website","url":"https:\/\/librairie7l.com\/en\/","name":"Librairie 7L","description":"Librairie fond\u00e9e en 1999 par Karl Lagerfeld \u00e0 Paris","publisher":{"@id":"https:\/\/librairie7l.com\/en\/#organization"},"potentialAction":[{"@type":"SearchAction","target":{"@type":"EntryPoint","urlTemplate":"https:\/\/librairie7l.com\/en\/?s={search_term_string}"},"query-input":"required name=search_term_string"}],"inLanguage":"en-US"},{"@type":"Organization","@id":"https:\/\/librairie7l.com\/en\/#organization","name":"Librairie 7L","url":"https:\/\/librairie7l.com\/en\/","logo":{"@type":"ImageObject","inLanguage":"en-US","@id":"https:\/\/librairie7l.com\/en\/#\/schema\/logo\/image\/","url":"https:\/\/librairie7l.com\/wp-content\/uploads\/2022\/08\/logo-1.png","contentUrl":"https:\/\/librairie7l.com\/wp-content\/uploads\/2022\/08\/logo-1.png","width":227,"height":301,"caption":"Librairie 7L"},"image":{"@id":"https:\/\/librairie7l.com\/en\/#\/schema\/logo\/image\/"}}]}},"_links":{"self":[{"href":"https:\/\/librairie7l.com\/en\/wp-json\/wp\/v2\/product\/51531"}],"collection":[{"href":"https:\/\/librairie7l.com\/en\/wp-json\/wp\/v2\/product"}],"about":[{"href":"https:\/\/librairie7l.com\/en\/wp-json\/wp\/v2\/types\/product"}],"wp:featuredmedia":[{"embeddable":true,"href":"https:\/\/librairie7l.com\/en\/wp-json\/wp\/v2\/media\/51529"}],"wp:attachment":[{"href":"https:\/\/librairie7l.com\/en\/wp-json\/wp\/v2\/media?parent=51531"}],"wp:term":[{"taxonomy":"product_cat","embeddable":true,"href":"https:\/\/librairie7l.com\/en\/wp-json\/wp\/v2\/product_cat?post=51531"},{"taxonomy":"product_tag","embeddable":true,"href":"https:\/\/librairie7l.com\/en\/wp-json\/wp\/v2\/product_tag?post=51531"}],"curies":[{"name":"wp","href":"https:\/\/api.w.org\/{rel}","templated":true}]}}