{"id":51535,"date":"2025-10-18T09:18:04","date_gmt":"2025-10-18T07:18:04","guid":{"rendered":"https:\/\/librairie7l.com\/?post_type=product&#038;p=51535"},"modified":"2026-04-12T14:45:45","modified_gmt":"2026-04-12T12:45:45","slug":"donas-archipenko-and-la-section-dor-enchanting-modernism-2","status":"publish","type":"product","link":"https:\/\/librairie7l.com\/en\/produit\/donas-archipenko-and-la-section-dor-enchanting-modernism-2\/","title":{"rendered":"DONAS, ARCHIPENKO AND LA SECTION D&#8217;OR : ENCHANTING MODERNISM"},"content":{"rendered":"<p>Ce livre c\u00e9l\u00e8bre la vie et loeuvre de Marthe Donas, la premi\u00e8re artiste f\u00e9minine n\u00e9e \u00e0 Anvers ayant acquis une reconnaissance internationale au sein de l&#8217;avant-garde. Sa notori\u00e9t\u00e9 est venue avec une exposition solo en 1919 \u00e0 Gen\u00e8ve, o\u00f9 son style fait de formes innovantes dans des nuances nacr\u00e9es, a \u00e9t\u00e9 remarqu\u00e9 imm\u00e9diatement. En tant que membre \u00e9minente du collectif cubiste La Section dOr, Marthe Donas a travaill\u00e9 main dans la main avec le sculpteur Alexander Archipenko et s&#8217;est int\u00e9gr\u00e9e dans un groupe cosmopolite comprenant Georges Braque, Fernand L\u00e9ger et Constantin Brancusi, mais aussi que Natalia Goncharova et Marie Vassilieff. Cette publication place Donas et Archipenko au sein du contexte international et met en \u00e9vidence leurs liens avec les autres artistes. Catalogue de l&#8217;exposition du m\u00eame nom au KMSKA \u00e0 Anvers du 4au 11<\/p>\n","protected":false},"excerpt":{"rendered":"<p>Ce livre c\u00e9l\u00e8bre la vie et loeuvre de Marthe Donas, la premi\u00e8re artiste f\u00e9minine n\u00e9e \u00e0 Anvers ayant acquis une reconnaissance internationale au sein de l&#8217;avant-garde. Sa notori\u00e9t\u00e9 est venue avec une exposition solo en 1919 \u00e0 Gen\u00e8ve, o\u00f9 son style fait de formes innovantes dans des nuances nacr\u00e9es, a \u00e9t\u00e9 remarqu\u00e9 imm\u00e9diatement. En tant [&hellip;]<\/p>\n","protected":false},"featured_media":51533,"template":"","meta":[],"product_cat":[2948,2953],"product_tag":[],"acf":[],"yoast_head":"<!-- This site is optimized with the Yoast SEO plugin v20.11 - https:\/\/yoast.com\/wordpress\/plugins\/seo\/ -->\n<title>Donas, Archipenko and La Section d&#039;Or : Enchanting Modernism - Librairie 7L<\/title>\n<meta name=\"robots\" content=\"index, follow, max-snippet:-1, max-image-preview:large, max-video-preview:-1\" \/>\n<link rel=\"canonical\" href=\"https:\/\/librairie7l.com\/en\/produit\/donas-archipenko-and-la-section-dor-enchanting-modernism-2\/\" \/>\n<meta property=\"og:locale\" content=\"en_US\" \/>\n<meta property=\"og:type\" content=\"article\" \/>\n<meta property=\"og:title\" content=\"Donas, Archipenko and La Section d&#039;Or : Enchanting Modernism - Librairie 7L\" \/>\n<meta property=\"og:description\" content=\"Ce livre c\u00e9l\u00e8bre la vie et loeuvre de Marthe Donas, la premi\u00e8re artiste f\u00e9minine n\u00e9e \u00e0 Anvers ayant acquis une reconnaissance internationale au sein de l&#8217;avant-garde. Sa notori\u00e9t\u00e9 est venue avec une exposition solo en 1919 \u00e0 Gen\u00e8ve, o\u00f9 son style fait de formes innovantes dans des nuances nacr\u00e9es, a \u00e9t\u00e9 remarqu\u00e9 imm\u00e9diatement. En tant [&hellip;]\" \/>\n<meta property=\"og:url\" content=\"https:\/\/librairie7l.com\/en\/produit\/donas-archipenko-and-la-section-dor-enchanting-modernism-2\/\" \/>\n<meta property=\"og:site_name\" content=\"Librairie 7L\" \/>\n<meta property=\"article:modified_time\" content=\"2026-04-12T12:45:45+00:00\" \/>\n<meta property=\"og:image\" content=\"https:\/\/librairie7l.com\/wp-content\/uploads\/2025\/08\/9789493416406_1_75.jpg\" \/>\n\t<meta property=\"og:image:width\" content=\"437\" \/>\n\t<meta property=\"og:image:height\" content=\"500\" \/>\n\t<meta property=\"og:image:type\" content=\"image\/jpeg\" \/>\n<meta name=\"twitter:card\" content=\"summary_large_image\" \/>\n<meta name=\"twitter:label1\" content=\"Est. reading time\" \/>\n\t<meta name=\"twitter:data1\" content=\"1 minute\" \/>\n<script type=\"application\/ld+json\" class=\"yoast-schema-graph\">{\"@context\":\"https:\/\/schema.org\",\"@graph\":[{\"@type\":\"WebPage\",\"@id\":\"https:\/\/librairie7l.com\/en\/produit\/donas-archipenko-and-la-section-dor-enchanting-modernism-2\/\",\"url\":\"https:\/\/librairie7l.com\/en\/produit\/donas-archipenko-and-la-section-dor-enchanting-modernism-2\/\",\"name\":\"Donas, Archipenko and La Section d'Or : Enchanting Modernism - Librairie 7L\",\"isPartOf\":{\"@id\":\"https:\/\/librairie7l.com\/en\/#website\"},\"datePublished\":\"2025-10-18T07:18:04+00:00\",\"dateModified\":\"2026-04-12T12:45:45+00:00\",\"breadcrumb\":{\"@id\":\"https:\/\/librairie7l.com\/en\/produit\/donas-archipenko-and-la-section-dor-enchanting-modernism-2\/#breadcrumb\"},\"inLanguage\":\"en-US\",\"potentialAction\":[{\"@type\":\"ReadAction\",\"target\":[\"https:\/\/librairie7l.com\/en\/produit\/donas-archipenko-and-la-section-dor-enchanting-modernism-2\/\"]}]},{\"@type\":\"BreadcrumbList\",\"@id\":\"https:\/\/librairie7l.com\/en\/produit\/donas-archipenko-and-la-section-dor-enchanting-modernism-2\/#breadcrumb\",\"itemListElement\":[{\"@type\":\"ListItem\",\"position\":1,\"name\":\"Accueil\",\"item\":\"https:\/\/librairie7l.com\/en\/\"},{\"@type\":\"ListItem\",\"position\":2,\"name\":\"Shop\",\"item\":\"https:\/\/librairie7l.com\/en\/shop\/\"},{\"@type\":\"ListItem\",\"position\":3,\"name\":\"DONAS, ARCHIPENKO AND LA SECTION D&#8217;OR : ENCHANTING MODERNISM\"}]},{\"@type\":\"WebSite\",\"@id\":\"https:\/\/librairie7l.com\/en\/#website\",\"url\":\"https:\/\/librairie7l.com\/en\/\",\"name\":\"Librairie 7L\",\"description\":\"Librairie fond\u00e9e en 1999 par Karl Lagerfeld \u00e0 Paris\",\"publisher\":{\"@id\":\"https:\/\/librairie7l.com\/en\/#organization\"},\"potentialAction\":[{\"@type\":\"SearchAction\",\"target\":{\"@type\":\"EntryPoint\",\"urlTemplate\":\"https:\/\/librairie7l.com\/en\/?s={search_term_string}\"},\"query-input\":\"required name=search_term_string\"}],\"inLanguage\":\"en-US\"},{\"@type\":\"Organization\",\"@id\":\"https:\/\/librairie7l.com\/en\/#organization\",\"name\":\"Librairie 7L\",\"url\":\"https:\/\/librairie7l.com\/en\/\",\"logo\":{\"@type\":\"ImageObject\",\"inLanguage\":\"en-US\",\"@id\":\"https:\/\/librairie7l.com\/en\/#\/schema\/logo\/image\/\",\"url\":\"https:\/\/librairie7l.com\/wp-content\/uploads\/2022\/08\/logo-1.png\",\"contentUrl\":\"https:\/\/librairie7l.com\/wp-content\/uploads\/2022\/08\/logo-1.png\",\"width\":227,\"height\":301,\"caption\":\"Librairie 7L\"},\"image\":{\"@id\":\"https:\/\/librairie7l.com\/en\/#\/schema\/logo\/image\/\"}}]}<\/script>\n<!-- \/ Yoast SEO plugin. -->","yoast_head_json":{"title":"Donas, Archipenko and La Section d'Or : Enchanting Modernism - Librairie 7L","robots":{"index":"index","follow":"follow","max-snippet":"max-snippet:-1","max-image-preview":"max-image-preview:large","max-video-preview":"max-video-preview:-1"},"canonical":"https:\/\/librairie7l.com\/en\/produit\/donas-archipenko-and-la-section-dor-enchanting-modernism-2\/","og_locale":"en_US","og_type":"article","og_title":"Donas, Archipenko and La Section d'Or : Enchanting Modernism - Librairie 7L","og_description":"Ce livre c\u00e9l\u00e8bre la vie et loeuvre de Marthe Donas, la premi\u00e8re artiste f\u00e9minine n\u00e9e \u00e0 Anvers ayant acquis une reconnaissance internationale au sein de l&#8217;avant-garde. Sa notori\u00e9t\u00e9 est venue avec une exposition solo en 1919 \u00e0 Gen\u00e8ve, o\u00f9 son style fait de formes innovantes dans des nuances nacr\u00e9es, a \u00e9t\u00e9 remarqu\u00e9 imm\u00e9diatement. En tant [&hellip;]","og_url":"https:\/\/librairie7l.com\/en\/produit\/donas-archipenko-and-la-section-dor-enchanting-modernism-2\/","og_site_name":"Librairie 7L","article_modified_time":"2026-04-12T12:45:45+00:00","og_image":[{"width":437,"height":500,"url":"https:\/\/librairie7l.com\/wp-content\/uploads\/2025\/08\/9789493416406_1_75.jpg","type":"image\/jpeg"}],"twitter_card":"summary_large_image","twitter_misc":{"Est. reading time":"1 minute"},"schema":{"@context":"https:\/\/schema.org","@graph":[{"@type":"WebPage","@id":"https:\/\/librairie7l.com\/en\/produit\/donas-archipenko-and-la-section-dor-enchanting-modernism-2\/","url":"https:\/\/librairie7l.com\/en\/produit\/donas-archipenko-and-la-section-dor-enchanting-modernism-2\/","name":"Donas, Archipenko and La Section d'Or : Enchanting Modernism - Librairie 7L","isPartOf":{"@id":"https:\/\/librairie7l.com\/en\/#website"},"datePublished":"2025-10-18T07:18:04+00:00","dateModified":"2026-04-12T12:45:45+00:00","breadcrumb":{"@id":"https:\/\/librairie7l.com\/en\/produit\/donas-archipenko-and-la-section-dor-enchanting-modernism-2\/#breadcrumb"},"inLanguage":"en-US","potentialAction":[{"@type":"ReadAction","target":["https:\/\/librairie7l.com\/en\/produit\/donas-archipenko-and-la-section-dor-enchanting-modernism-2\/"]}]},{"@type":"BreadcrumbList","@id":"https:\/\/librairie7l.com\/en\/produit\/donas-archipenko-and-la-section-dor-enchanting-modernism-2\/#breadcrumb","itemListElement":[{"@type":"ListItem","position":1,"name":"Accueil","item":"https:\/\/librairie7l.com\/en\/"},{"@type":"ListItem","position":2,"name":"Shop","item":"https:\/\/librairie7l.com\/en\/shop\/"},{"@type":"ListItem","position":3,"name":"DONAS, ARCHIPENKO AND LA SECTION D&#8217;OR : ENCHANTING MODERNISM"}]},{"@type":"WebSite","@id":"https:\/\/librairie7l.com\/en\/#website","url":"https:\/\/librairie7l.com\/en\/","name":"Librairie 7L","description":"Librairie fond\u00e9e en 1999 par Karl Lagerfeld \u00e0 Paris","publisher":{"@id":"https:\/\/librairie7l.com\/en\/#organization"},"potentialAction":[{"@type":"SearchAction","target":{"@type":"EntryPoint","urlTemplate":"https:\/\/librairie7l.com\/en\/?s={search_term_string}"},"query-input":"required name=search_term_string"}],"inLanguage":"en-US"},{"@type":"Organization","@id":"https:\/\/librairie7l.com\/en\/#organization","name":"Librairie 7L","url":"https:\/\/librairie7l.com\/en\/","logo":{"@type":"ImageObject","inLanguage":"en-US","@id":"https:\/\/librairie7l.com\/en\/#\/schema\/logo\/image\/","url":"https:\/\/librairie7l.com\/wp-content\/uploads\/2022\/08\/logo-1.png","contentUrl":"https:\/\/librairie7l.com\/wp-content\/uploads\/2022\/08\/logo-1.png","width":227,"height":301,"caption":"Librairie 7L"},"image":{"@id":"https:\/\/librairie7l.com\/en\/#\/schema\/logo\/image\/"}}]}},"_links":{"self":[{"href":"https:\/\/librairie7l.com\/en\/wp-json\/wp\/v2\/product\/51535"}],"collection":[{"href":"https:\/\/librairie7l.com\/en\/wp-json\/wp\/v2\/product"}],"about":[{"href":"https:\/\/librairie7l.com\/en\/wp-json\/wp\/v2\/types\/product"}],"wp:featuredmedia":[{"embeddable":true,"href":"https:\/\/librairie7l.com\/en\/wp-json\/wp\/v2\/media\/51533"}],"wp:attachment":[{"href":"https:\/\/librairie7l.com\/en\/wp-json\/wp\/v2\/media?parent=51535"}],"wp:term":[{"taxonomy":"product_cat","embeddable":true,"href":"https:\/\/librairie7l.com\/en\/wp-json\/wp\/v2\/product_cat?post=51535"},{"taxonomy":"product_tag","embeddable":true,"href":"https:\/\/librairie7l.com\/en\/wp-json\/wp\/v2\/product_tag?post=51535"}],"curies":[{"name":"wp","href":"https:\/\/api.w.org\/{rel}","templated":true}]}}