{"id":51559,"date":"2025-10-18T09:18:21","date_gmt":"2025-10-18T07:18:21","guid":{"rendered":"https:\/\/librairie7l.com\/?post_type=product&#038;p=51559"},"modified":"2026-04-10T11:03:26","modified_gmt":"2026-04-10T09:03:26","slug":"le-fil-dans-lart-contemporain-125-artistes-au-coeur-de-la-creation-2","status":"publish","type":"product","link":"https:\/\/librairie7l.com\/en\/produit\/le-fil-dans-lart-contemporain-125-artistes-au-coeur-de-la-creation-2\/","title":{"rendered":"LE FIL DANS L&#8217;ART CONTEMPORAIN : 125 ARTISTES AU COEUR DE LA CR\u00c9ATION"},"content":{"rendered":"<p>Ces derni\u00e8res ann\u00e9es, le fil est plus que jamais sur le devant de la sc\u00e8ne de l&#8217;art contemporain. Qu&#8217;il soit cousu, brod\u00e9, tiss\u00e9, tuft\u00e9, tricot\u00e9, crochet\u00e9 ou encore nou\u00e9, il inspire de nombreux artistes.<br \/>\nCet ouvrage ambitieux et foisonnant pr\u00e9sente 125 cr\u00e9atrices et cr\u00e9ateurs du monde entier, \u00e0 travers une s\u00e9lection in\u00e9dite de leurs oeuvres. Des sculptures abstraites monumentales c\u00f4toient des portraits faussement pixellis\u00e9s. Des pi\u00e8ces de linge familiales sont recycl\u00e9es au sein de cr\u00e9ations rendant hommage aux g\u00e9n\u00e9rations pr\u00e9c\u00e9dentes. Des murs entiers sont habill\u00e9s de couleurs, des textes po\u00e9tiques ou militants sont brod\u00e9s d\u00e9licatement, des masques faussement tribaux semblent porteurs de secrets.<br \/>\nEn nous ouvrant la porte de leur atelier, ces artistes nous d\u00e9voilent leur parcours singulier, leurs influences et leur vision.<\/p>\n","protected":false},"excerpt":{"rendered":"<p>Ces derni\u00e8res ann\u00e9es, le fil est plus que jamais sur le devant de la sc\u00e8ne de l&#8217;art contemporain. Qu&#8217;il soit cousu, brod\u00e9, tiss\u00e9, tuft\u00e9, tricot\u00e9, crochet\u00e9 ou encore nou\u00e9, il inspire de nombreux artistes. Cet ouvrage ambitieux et foisonnant pr\u00e9sente 125 cr\u00e9atrices et cr\u00e9ateurs du monde entier, \u00e0 travers une s\u00e9lection in\u00e9dite de leurs oeuvres. [&hellip;]<\/p>\n","protected":false},"featured_media":51557,"template":"","meta":[],"product_cat":[2948,2953],"product_tag":[],"acf":[],"yoast_head":"<!-- This site is optimized with the Yoast SEO plugin v20.11 - https:\/\/yoast.com\/wordpress\/plugins\/seo\/ -->\n<title>Le fil dans l&#039;art contemporain : 125 artistes au coeur de la cr\u00e9ation - Librairie 7L<\/title>\n<meta name=\"robots\" content=\"index, follow, max-snippet:-1, max-image-preview:large, max-video-preview:-1\" \/>\n<link rel=\"canonical\" href=\"https:\/\/librairie7l.com\/en\/produit\/le-fil-dans-lart-contemporain-125-artistes-au-coeur-de-la-creation-2\/\" \/>\n<meta property=\"og:locale\" content=\"en_US\" \/>\n<meta property=\"og:type\" content=\"article\" \/>\n<meta property=\"og:title\" content=\"Le fil dans l&#039;art contemporain : 125 artistes au coeur de la cr\u00e9ation - Librairie 7L\" \/>\n<meta property=\"og:description\" content=\"Ces derni\u00e8res ann\u00e9es, le fil est plus que jamais sur le devant de la sc\u00e8ne de l&#8217;art contemporain. Qu&#8217;il soit cousu, brod\u00e9, tiss\u00e9, tuft\u00e9, tricot\u00e9, crochet\u00e9 ou encore nou\u00e9, il inspire de nombreux artistes. Cet ouvrage ambitieux et foisonnant pr\u00e9sente 125 cr\u00e9atrices et cr\u00e9ateurs du monde entier, \u00e0 travers une s\u00e9lection in\u00e9dite de leurs oeuvres. [&hellip;]\" \/>\n<meta property=\"og:url\" content=\"https:\/\/librairie7l.com\/en\/produit\/le-fil-dans-lart-contemporain-125-artistes-au-coeur-de-la-creation-2\/\" \/>\n<meta property=\"og:site_name\" content=\"Librairie 7L\" \/>\n<meta property=\"article:modified_time\" content=\"2026-04-10T09:03:26+00:00\" \/>\n<meta property=\"og:image\" content=\"https:\/\/librairie7l.com\/wp-content\/uploads\/2025\/04\/9782350176093_1_75.jpg\" \/>\n\t<meta property=\"og:image:width\" content=\"600\" \/>\n\t<meta property=\"og:image:height\" content=\"712\" \/>\n\t<meta property=\"og:image:type\" content=\"image\/jpeg\" \/>\n<meta name=\"twitter:card\" content=\"summary_large_image\" \/>\n<meta name=\"twitter:label1\" content=\"Est. reading time\" \/>\n\t<meta name=\"twitter:data1\" content=\"1 minute\" \/>\n<script type=\"application\/ld+json\" class=\"yoast-schema-graph\">{\"@context\":\"https:\/\/schema.org\",\"@graph\":[{\"@type\":\"WebPage\",\"@id\":\"https:\/\/librairie7l.com\/en\/produit\/le-fil-dans-lart-contemporain-125-artistes-au-coeur-de-la-creation-2\/\",\"url\":\"https:\/\/librairie7l.com\/en\/produit\/le-fil-dans-lart-contemporain-125-artistes-au-coeur-de-la-creation-2\/\",\"name\":\"Le fil dans l'art contemporain : 125 artistes au coeur de la cr\u00e9ation - Librairie 7L\",\"isPartOf\":{\"@id\":\"https:\/\/librairie7l.com\/en\/#website\"},\"datePublished\":\"2025-10-18T07:18:21+00:00\",\"dateModified\":\"2026-04-10T09:03:26+00:00\",\"breadcrumb\":{\"@id\":\"https:\/\/librairie7l.com\/en\/produit\/le-fil-dans-lart-contemporain-125-artistes-au-coeur-de-la-creation-2\/#breadcrumb\"},\"inLanguage\":\"en-US\",\"potentialAction\":[{\"@type\":\"ReadAction\",\"target\":[\"https:\/\/librairie7l.com\/en\/produit\/le-fil-dans-lart-contemporain-125-artistes-au-coeur-de-la-creation-2\/\"]}]},{\"@type\":\"BreadcrumbList\",\"@id\":\"https:\/\/librairie7l.com\/en\/produit\/le-fil-dans-lart-contemporain-125-artistes-au-coeur-de-la-creation-2\/#breadcrumb\",\"itemListElement\":[{\"@type\":\"ListItem\",\"position\":1,\"name\":\"Accueil\",\"item\":\"https:\/\/librairie7l.com\/en\/\"},{\"@type\":\"ListItem\",\"position\":2,\"name\":\"Shop\",\"item\":\"https:\/\/librairie7l.com\/en\/shop\/\"},{\"@type\":\"ListItem\",\"position\":3,\"name\":\"LE FIL DANS L&#8217;ART CONTEMPORAIN : 125 ARTISTES AU COEUR DE LA CR\u00c9ATION\"}]},{\"@type\":\"WebSite\",\"@id\":\"https:\/\/librairie7l.com\/en\/#website\",\"url\":\"https:\/\/librairie7l.com\/en\/\",\"name\":\"Librairie 7L\",\"description\":\"Librairie fond\u00e9e en 1999 par Karl Lagerfeld \u00e0 Paris\",\"publisher\":{\"@id\":\"https:\/\/librairie7l.com\/en\/#organization\"},\"potentialAction\":[{\"@type\":\"SearchAction\",\"target\":{\"@type\":\"EntryPoint\",\"urlTemplate\":\"https:\/\/librairie7l.com\/en\/?s={search_term_string}\"},\"query-input\":\"required name=search_term_string\"}],\"inLanguage\":\"en-US\"},{\"@type\":\"Organization\",\"@id\":\"https:\/\/librairie7l.com\/en\/#organization\",\"name\":\"Librairie 7L\",\"url\":\"https:\/\/librairie7l.com\/en\/\",\"logo\":{\"@type\":\"ImageObject\",\"inLanguage\":\"en-US\",\"@id\":\"https:\/\/librairie7l.com\/en\/#\/schema\/logo\/image\/\",\"url\":\"https:\/\/librairie7l.com\/wp-content\/uploads\/2022\/08\/logo-1.png\",\"contentUrl\":\"https:\/\/librairie7l.com\/wp-content\/uploads\/2022\/08\/logo-1.png\",\"width\":227,\"height\":301,\"caption\":\"Librairie 7L\"},\"image\":{\"@id\":\"https:\/\/librairie7l.com\/en\/#\/schema\/logo\/image\/\"}}]}<\/script>\n<!-- \/ Yoast SEO plugin. -->","yoast_head_json":{"title":"Le fil dans l'art contemporain : 125 artistes au coeur de la cr\u00e9ation - Librairie 7L","robots":{"index":"index","follow":"follow","max-snippet":"max-snippet:-1","max-image-preview":"max-image-preview:large","max-video-preview":"max-video-preview:-1"},"canonical":"https:\/\/librairie7l.com\/en\/produit\/le-fil-dans-lart-contemporain-125-artistes-au-coeur-de-la-creation-2\/","og_locale":"en_US","og_type":"article","og_title":"Le fil dans l'art contemporain : 125 artistes au coeur de la cr\u00e9ation - Librairie 7L","og_description":"Ces derni\u00e8res ann\u00e9es, le fil est plus que jamais sur le devant de la sc\u00e8ne de l&#8217;art contemporain. Qu&#8217;il soit cousu, brod\u00e9, tiss\u00e9, tuft\u00e9, tricot\u00e9, crochet\u00e9 ou encore nou\u00e9, il inspire de nombreux artistes. Cet ouvrage ambitieux et foisonnant pr\u00e9sente 125 cr\u00e9atrices et cr\u00e9ateurs du monde entier, \u00e0 travers une s\u00e9lection in\u00e9dite de leurs oeuvres. [&hellip;]","og_url":"https:\/\/librairie7l.com\/en\/produit\/le-fil-dans-lart-contemporain-125-artistes-au-coeur-de-la-creation-2\/","og_site_name":"Librairie 7L","article_modified_time":"2026-04-10T09:03:26+00:00","og_image":[{"width":600,"height":712,"url":"https:\/\/librairie7l.com\/wp-content\/uploads\/2025\/04\/9782350176093_1_75.jpg","type":"image\/jpeg"}],"twitter_card":"summary_large_image","twitter_misc":{"Est. reading time":"1 minute"},"schema":{"@context":"https:\/\/schema.org","@graph":[{"@type":"WebPage","@id":"https:\/\/librairie7l.com\/en\/produit\/le-fil-dans-lart-contemporain-125-artistes-au-coeur-de-la-creation-2\/","url":"https:\/\/librairie7l.com\/en\/produit\/le-fil-dans-lart-contemporain-125-artistes-au-coeur-de-la-creation-2\/","name":"Le fil dans l'art contemporain : 125 artistes au coeur de la cr\u00e9ation - Librairie 7L","isPartOf":{"@id":"https:\/\/librairie7l.com\/en\/#website"},"datePublished":"2025-10-18T07:18:21+00:00","dateModified":"2026-04-10T09:03:26+00:00","breadcrumb":{"@id":"https:\/\/librairie7l.com\/en\/produit\/le-fil-dans-lart-contemporain-125-artistes-au-coeur-de-la-creation-2\/#breadcrumb"},"inLanguage":"en-US","potentialAction":[{"@type":"ReadAction","target":["https:\/\/librairie7l.com\/en\/produit\/le-fil-dans-lart-contemporain-125-artistes-au-coeur-de-la-creation-2\/"]}]},{"@type":"BreadcrumbList","@id":"https:\/\/librairie7l.com\/en\/produit\/le-fil-dans-lart-contemporain-125-artistes-au-coeur-de-la-creation-2\/#breadcrumb","itemListElement":[{"@type":"ListItem","position":1,"name":"Accueil","item":"https:\/\/librairie7l.com\/en\/"},{"@type":"ListItem","position":2,"name":"Shop","item":"https:\/\/librairie7l.com\/en\/shop\/"},{"@type":"ListItem","position":3,"name":"LE FIL DANS L&#8217;ART CONTEMPORAIN : 125 ARTISTES AU COEUR DE LA CR\u00c9ATION"}]},{"@type":"WebSite","@id":"https:\/\/librairie7l.com\/en\/#website","url":"https:\/\/librairie7l.com\/en\/","name":"Librairie 7L","description":"Librairie fond\u00e9e en 1999 par Karl Lagerfeld \u00e0 Paris","publisher":{"@id":"https:\/\/librairie7l.com\/en\/#organization"},"potentialAction":[{"@type":"SearchAction","target":{"@type":"EntryPoint","urlTemplate":"https:\/\/librairie7l.com\/en\/?s={search_term_string}"},"query-input":"required name=search_term_string"}],"inLanguage":"en-US"},{"@type":"Organization","@id":"https:\/\/librairie7l.com\/en\/#organization","name":"Librairie 7L","url":"https:\/\/librairie7l.com\/en\/","logo":{"@type":"ImageObject","inLanguage":"en-US","@id":"https:\/\/librairie7l.com\/en\/#\/schema\/logo\/image\/","url":"https:\/\/librairie7l.com\/wp-content\/uploads\/2022\/08\/logo-1.png","contentUrl":"https:\/\/librairie7l.com\/wp-content\/uploads\/2022\/08\/logo-1.png","width":227,"height":301,"caption":"Librairie 7L"},"image":{"@id":"https:\/\/librairie7l.com\/en\/#\/schema\/logo\/image\/"}}]}},"_links":{"self":[{"href":"https:\/\/librairie7l.com\/en\/wp-json\/wp\/v2\/product\/51559"}],"collection":[{"href":"https:\/\/librairie7l.com\/en\/wp-json\/wp\/v2\/product"}],"about":[{"href":"https:\/\/librairie7l.com\/en\/wp-json\/wp\/v2\/types\/product"}],"wp:featuredmedia":[{"embeddable":true,"href":"https:\/\/librairie7l.com\/en\/wp-json\/wp\/v2\/media\/51557"}],"wp:attachment":[{"href":"https:\/\/librairie7l.com\/en\/wp-json\/wp\/v2\/media?parent=51559"}],"wp:term":[{"taxonomy":"product_cat","embeddable":true,"href":"https:\/\/librairie7l.com\/en\/wp-json\/wp\/v2\/product_cat?post=51559"},{"taxonomy":"product_tag","embeddable":true,"href":"https:\/\/librairie7l.com\/en\/wp-json\/wp\/v2\/product_tag?post=51559"}],"curies":[{"name":"wp","href":"https:\/\/api.w.org\/{rel}","templated":true}]}}