{"id":51574,"date":"2025-10-20T12:06:12","date_gmt":"2025-10-20T10:06:12","guid":{"rendered":"https:\/\/librairie7l.com\/?post_type=product&#038;p=51574"},"modified":"2026-04-05T01:06:19","modified_gmt":"2026-04-04T23:06:19","slug":"hubert-de-givenchy-3","status":"publish","type":"product","link":"https:\/\/librairie7l.com\/en\/produit\/hubert-de-givenchy-3\/","title":{"rendered":"HUBERT DE GIVENCHY"},"content":{"rendered":"<p>Hubert a grandi dans un ch\u00e2teau. Sa m\u00e8re y donnait des f\u00eates somptueuses o\u00f9 le petit gar\u00e7on se p\u00e2mait devant les robes des invit\u00e9es. Plus tard, il voulait devenir cr\u00e9ateur de mode. Il partit pour Paris o\u00f9 son r\u00eave devint r\u00e9alit\u00e9.<br \/>\nAudrey, elle, voulait devenir danseuse de ballet, mais elle avait plus de talent pour la com\u00e9die. Elle partit pour Londres o\u00f9 elle devint actrice.<br \/>\nLorsque tous deux se rencontr\u00e8rent, il leur sembla que les tenues dessin\u00e9es par Hubert avaient \u00e9t\u00e9 cr\u00e9\u00e9es pour Audrey&#8230;<br \/>\nDans ce magnifique album, Philip Hopman d\u00e9crit la naissance de l&#8217;amiti\u00e9 entre Hubert de Givenchy et Audrey Hepburn. Hubert de Givenchy est un vrai r\u00e9gal pour tous les adeptes de la mode et l&#8217;histoire d&#8217;une belle amiti\u00e9.<br \/>\nDeux expositions sur Givenchy sont pr\u00e9vues en 2017, une \u00e0 Calais et l&#8217;autre en Suisse.<\/p>\n","protected":false},"excerpt":{"rendered":"<p>Hubert a grandi dans un ch\u00e2teau. Sa m\u00e8re y donnait des f\u00eates somptueuses o\u00f9 le petit gar\u00e7on se p\u00e2mait devant les robes des invit\u00e9es. Plus tard, il voulait devenir cr\u00e9ateur de mode. Il partit pour Paris o\u00f9 son r\u00eave devint r\u00e9alit\u00e9. Audrey, elle, voulait devenir danseuse de ballet, mais elle avait plus de talent pour [&hellip;]<\/p>\n","protected":false},"featured_media":51572,"template":"","meta":[],"product_cat":[7364,2948],"product_tag":[],"acf":[],"yoast_head":"<!-- This site is optimized with the Yoast SEO plugin v20.11 - https:\/\/yoast.com\/wordpress\/plugins\/seo\/ -->\n<title>Hubert de Givenchy - Librairie 7L<\/title>\n<meta name=\"robots\" content=\"index, follow, max-snippet:-1, max-image-preview:large, max-video-preview:-1\" \/>\n<link rel=\"canonical\" href=\"https:\/\/librairie7l.com\/en\/produit\/hubert-de-givenchy-3\/\" \/>\n<meta property=\"og:locale\" content=\"en_US\" \/>\n<meta property=\"og:type\" content=\"article\" \/>\n<meta property=\"og:title\" content=\"Hubert de Givenchy - Librairie 7L\" \/>\n<meta property=\"og:description\" content=\"Hubert a grandi dans un ch\u00e2teau. Sa m\u00e8re y donnait des f\u00eates somptueuses o\u00f9 le petit gar\u00e7on se p\u00e2mait devant les robes des invit\u00e9es. Plus tard, il voulait devenir cr\u00e9ateur de mode. Il partit pour Paris o\u00f9 son r\u00eave devint r\u00e9alit\u00e9. Audrey, elle, voulait devenir danseuse de ballet, mais elle avait plus de talent pour [&hellip;]\" \/>\n<meta property=\"og:url\" content=\"https:\/\/librairie7l.com\/en\/produit\/hubert-de-givenchy-3\/\" \/>\n<meta property=\"og:site_name\" content=\"Librairie 7L\" \/>\n<meta property=\"article:modified_time\" content=\"2026-04-04T23:06:19+00:00\" \/>\n<meta property=\"og:image\" content=\"https:\/\/librairie7l.com\/wp-content\/uploads\/2016\/12\/9782930358833_1_75.jpg\" \/>\n\t<meta property=\"og:image:width\" content=\"464\" \/>\n\t<meta property=\"og:image:height\" content=\"594\" \/>\n\t<meta property=\"og:image:type\" content=\"image\/jpeg\" \/>\n<meta name=\"twitter:card\" content=\"summary_large_image\" \/>\n<meta name=\"twitter:label1\" content=\"Est. reading time\" \/>\n\t<meta name=\"twitter:data1\" content=\"1 minute\" \/>\n<script type=\"application\/ld+json\" class=\"yoast-schema-graph\">{\"@context\":\"https:\/\/schema.org\",\"@graph\":[{\"@type\":\"WebPage\",\"@id\":\"https:\/\/librairie7l.com\/en\/produit\/hubert-de-givenchy-3\/\",\"url\":\"https:\/\/librairie7l.com\/en\/produit\/hubert-de-givenchy-3\/\",\"name\":\"Hubert de Givenchy - Librairie 7L\",\"isPartOf\":{\"@id\":\"https:\/\/librairie7l.com\/en\/#website\"},\"datePublished\":\"2025-10-20T10:06:12+00:00\",\"dateModified\":\"2026-04-04T23:06:19+00:00\",\"breadcrumb\":{\"@id\":\"https:\/\/librairie7l.com\/en\/produit\/hubert-de-givenchy-3\/#breadcrumb\"},\"inLanguage\":\"en-US\",\"potentialAction\":[{\"@type\":\"ReadAction\",\"target\":[\"https:\/\/librairie7l.com\/en\/produit\/hubert-de-givenchy-3\/\"]}]},{\"@type\":\"BreadcrumbList\",\"@id\":\"https:\/\/librairie7l.com\/en\/produit\/hubert-de-givenchy-3\/#breadcrumb\",\"itemListElement\":[{\"@type\":\"ListItem\",\"position\":1,\"name\":\"Accueil\",\"item\":\"https:\/\/librairie7l.com\/en\/\"},{\"@type\":\"ListItem\",\"position\":2,\"name\":\"Shop\",\"item\":\"https:\/\/librairie7l.com\/en\/shop\/\"},{\"@type\":\"ListItem\",\"position\":3,\"name\":\"HUBERT DE GIVENCHY\"}]},{\"@type\":\"WebSite\",\"@id\":\"https:\/\/librairie7l.com\/en\/#website\",\"url\":\"https:\/\/librairie7l.com\/en\/\",\"name\":\"Librairie 7L\",\"description\":\"Librairie fond\u00e9e en 1999 par Karl Lagerfeld \u00e0 Paris\",\"publisher\":{\"@id\":\"https:\/\/librairie7l.com\/en\/#organization\"},\"potentialAction\":[{\"@type\":\"SearchAction\",\"target\":{\"@type\":\"EntryPoint\",\"urlTemplate\":\"https:\/\/librairie7l.com\/en\/?s={search_term_string}\"},\"query-input\":\"required name=search_term_string\"}],\"inLanguage\":\"en-US\"},{\"@type\":\"Organization\",\"@id\":\"https:\/\/librairie7l.com\/en\/#organization\",\"name\":\"Librairie 7L\",\"url\":\"https:\/\/librairie7l.com\/en\/\",\"logo\":{\"@type\":\"ImageObject\",\"inLanguage\":\"en-US\",\"@id\":\"https:\/\/librairie7l.com\/en\/#\/schema\/logo\/image\/\",\"url\":\"https:\/\/librairie7l.com\/wp-content\/uploads\/2022\/08\/logo-1.png\",\"contentUrl\":\"https:\/\/librairie7l.com\/wp-content\/uploads\/2022\/08\/logo-1.png\",\"width\":227,\"height\":301,\"caption\":\"Librairie 7L\"},\"image\":{\"@id\":\"https:\/\/librairie7l.com\/en\/#\/schema\/logo\/image\/\"}}]}<\/script>\n<!-- \/ Yoast SEO plugin. -->","yoast_head_json":{"title":"Hubert de Givenchy - Librairie 7L","robots":{"index":"index","follow":"follow","max-snippet":"max-snippet:-1","max-image-preview":"max-image-preview:large","max-video-preview":"max-video-preview:-1"},"canonical":"https:\/\/librairie7l.com\/en\/produit\/hubert-de-givenchy-3\/","og_locale":"en_US","og_type":"article","og_title":"Hubert de Givenchy - Librairie 7L","og_description":"Hubert a grandi dans un ch\u00e2teau. Sa m\u00e8re y donnait des f\u00eates somptueuses o\u00f9 le petit gar\u00e7on se p\u00e2mait devant les robes des invit\u00e9es. Plus tard, il voulait devenir cr\u00e9ateur de mode. Il partit pour Paris o\u00f9 son r\u00eave devint r\u00e9alit\u00e9. Audrey, elle, voulait devenir danseuse de ballet, mais elle avait plus de talent pour [&hellip;]","og_url":"https:\/\/librairie7l.com\/en\/produit\/hubert-de-givenchy-3\/","og_site_name":"Librairie 7L","article_modified_time":"2026-04-04T23:06:19+00:00","og_image":[{"width":464,"height":594,"url":"https:\/\/librairie7l.com\/wp-content\/uploads\/2016\/12\/9782930358833_1_75.jpg","type":"image\/jpeg"}],"twitter_card":"summary_large_image","twitter_misc":{"Est. reading time":"1 minute"},"schema":{"@context":"https:\/\/schema.org","@graph":[{"@type":"WebPage","@id":"https:\/\/librairie7l.com\/en\/produit\/hubert-de-givenchy-3\/","url":"https:\/\/librairie7l.com\/en\/produit\/hubert-de-givenchy-3\/","name":"Hubert de Givenchy - Librairie 7L","isPartOf":{"@id":"https:\/\/librairie7l.com\/en\/#website"},"datePublished":"2025-10-20T10:06:12+00:00","dateModified":"2026-04-04T23:06:19+00:00","breadcrumb":{"@id":"https:\/\/librairie7l.com\/en\/produit\/hubert-de-givenchy-3\/#breadcrumb"},"inLanguage":"en-US","potentialAction":[{"@type":"ReadAction","target":["https:\/\/librairie7l.com\/en\/produit\/hubert-de-givenchy-3\/"]}]},{"@type":"BreadcrumbList","@id":"https:\/\/librairie7l.com\/en\/produit\/hubert-de-givenchy-3\/#breadcrumb","itemListElement":[{"@type":"ListItem","position":1,"name":"Accueil","item":"https:\/\/librairie7l.com\/en\/"},{"@type":"ListItem","position":2,"name":"Shop","item":"https:\/\/librairie7l.com\/en\/shop\/"},{"@type":"ListItem","position":3,"name":"HUBERT DE GIVENCHY"}]},{"@type":"WebSite","@id":"https:\/\/librairie7l.com\/en\/#website","url":"https:\/\/librairie7l.com\/en\/","name":"Librairie 7L","description":"Librairie fond\u00e9e en 1999 par Karl Lagerfeld \u00e0 Paris","publisher":{"@id":"https:\/\/librairie7l.com\/en\/#organization"},"potentialAction":[{"@type":"SearchAction","target":{"@type":"EntryPoint","urlTemplate":"https:\/\/librairie7l.com\/en\/?s={search_term_string}"},"query-input":"required name=search_term_string"}],"inLanguage":"en-US"},{"@type":"Organization","@id":"https:\/\/librairie7l.com\/en\/#organization","name":"Librairie 7L","url":"https:\/\/librairie7l.com\/en\/","logo":{"@type":"ImageObject","inLanguage":"en-US","@id":"https:\/\/librairie7l.com\/en\/#\/schema\/logo\/image\/","url":"https:\/\/librairie7l.com\/wp-content\/uploads\/2022\/08\/logo-1.png","contentUrl":"https:\/\/librairie7l.com\/wp-content\/uploads\/2022\/08\/logo-1.png","width":227,"height":301,"caption":"Librairie 7L"},"image":{"@id":"https:\/\/librairie7l.com\/en\/#\/schema\/logo\/image\/"}}]}},"_links":{"self":[{"href":"https:\/\/librairie7l.com\/en\/wp-json\/wp\/v2\/product\/51574"}],"collection":[{"href":"https:\/\/librairie7l.com\/en\/wp-json\/wp\/v2\/product"}],"about":[{"href":"https:\/\/librairie7l.com\/en\/wp-json\/wp\/v2\/types\/product"}],"wp:featuredmedia":[{"embeddable":true,"href":"https:\/\/librairie7l.com\/en\/wp-json\/wp\/v2\/media\/51572"}],"wp:attachment":[{"href":"https:\/\/librairie7l.com\/en\/wp-json\/wp\/v2\/media?parent=51574"}],"wp:term":[{"taxonomy":"product_cat","embeddable":true,"href":"https:\/\/librairie7l.com\/en\/wp-json\/wp\/v2\/product_cat?post=51574"},{"taxonomy":"product_tag","embeddable":true,"href":"https:\/\/librairie7l.com\/en\/wp-json\/wp\/v2\/product_tag?post=51574"}],"curies":[{"name":"wp","href":"https:\/\/api.w.org\/{rel}","templated":true}]}}