{"id":51601,"date":"2025-10-21T17:43:32","date_gmt":"2025-10-21T15:43:32","guid":{"rendered":"https:\/\/librairie7l.com\/?post_type=product&#038;p=51601"},"modified":"2026-04-05T00:48:04","modified_gmt":"2026-04-04T22:48:04","slug":"journal-integral-1915-1941-2","status":"publish","type":"product","link":"https:\/\/librairie7l.com\/en\/produit\/journal-integral-1915-1941-2\/","title":{"rendered":"JOURNAL INT\u00c9GRAL : 1915-1941"},"content":{"rendered":"<p>La publication en un seul volume de cette somme foisonnante et captivante a pour but de lui restituer enfin sa coh\u00e9rence et sa place au sein de l&#8217;oeuvre woolfienne, au m\u00eame titre que la fiction, les essais, les biographies ou les nouvelles.<br \/>\nVirginia Woolf avait quinze ans lorsqu&#8217;elle a trac\u00e9 les premi\u00e8res lignes de ce qui sera son Journal d&#8217;adolescence. Apr\u00e8s de nombreuses interruptions, elle en reprend l&#8217;\u00e9criture en 1915, et le tiendra jusqu&#8217;\u00e0 son suicide en 1941. C&#8217;est dire combien le Journal a \u00e9volu\u00e9. Durant plusieurs d\u00e9cennies, elle y note avec finesse et humour ses sentiments, ses illuminations, les portraits de ses contemporains, les \u00e9volutions sociales et les errements de son \u00e9poque. \u00c9voquant son enfance tout comme elle commente la situation politique internationale (les deux guerres mondiales, la guerre d&#8217;Espagne).<br \/>\nOn ressent \u00e0 la lecture une libert\u00e9 de l&#8217;\u00e9criture au jour le jour. Ses cahiers la suivent dans tous ses d\u00e9placements et, quand en voyage elle les oublie, elle y colle \u00e0 son retour les pages volantes qu&#8217;elle a noircies. D\u00e8s lors le Journal sert-il \u00e0 consigner des indications purement mat\u00e9rielles, depuis les probl\u00e8mes de fuites d&#8217;eau jusqu&#8217;aux d\u00e9tails des repas ; mais aussi \u00e0 griffonner des notes de travail, sorte d&#8217;aide-m\u00e9moire \u00e0 l&#8217;\u00e9laboration de th\u00e9ories de lecture ou au travail d&#8217;\u00e9criture. En effet, Virginia Woolf utilise ce support comme un livre de bord d&#8217;\u00e9crivain, y inscrivant projets litt\u00e9raires, doutes, r\u00e9flexions sur son travail d&#8217;\u00e9criture, critiques des journaux, commentaires de ses amis sur son oeuvre. Accueillant encore la voix de Leonard qui, par endroits, annote les cahiers. Surtout, certaines id\u00e9es, certains projets sont \u00e9voqu\u00e9s, semblant m\u00eame na\u00eetre de l&#8217;\u00e9criture m\u00eame du Journal, comme sous les yeux du lecteur. De longs passages sont notamment consacr\u00e9s \u00e0 la r\u00e9daction de La promenade au phare ou des Vagues, \u00e9clairant leur gen\u00e8se et leur sens intrins\u00e8que avec une justesse incomparable.<\/p>\n","protected":false},"excerpt":{"rendered":"<p>La publication en un seul volume de cette somme foisonnante et captivante a pour but de lui restituer enfin sa coh\u00e9rence et sa place au sein de l&#8217;oeuvre woolfienne, au m\u00eame titre que la fiction, les essais, les biographies ou les nouvelles. Virginia Woolf avait quinze ans lorsqu&#8217;elle a trac\u00e9 les premi\u00e8res lignes de ce [&hellip;]<\/p>\n","protected":false},"featured_media":51599,"template":"","meta":[],"product_cat":[7364,2948],"product_tag":[],"acf":[],"yoast_head":"<!-- This site is optimized with the Yoast SEO plugin v20.11 - https:\/\/yoast.com\/wordpress\/plugins\/seo\/ -->\n<title>Journal int\u00e9gral : 1915-1941 - Librairie 7L<\/title>\n<meta name=\"robots\" content=\"index, follow, max-snippet:-1, max-image-preview:large, max-video-preview:-1\" \/>\n<link rel=\"canonical\" href=\"https:\/\/librairie7l.com\/en\/produit\/journal-integral-1915-1941-2\/\" \/>\n<meta property=\"og:locale\" content=\"en_US\" \/>\n<meta property=\"og:type\" content=\"article\" \/>\n<meta property=\"og:title\" content=\"Journal int\u00e9gral : 1915-1941 - Librairie 7L\" \/>\n<meta property=\"og:description\" content=\"La publication en un seul volume de cette somme foisonnante et captivante a pour but de lui restituer enfin sa coh\u00e9rence et sa place au sein de l&#8217;oeuvre woolfienne, au m\u00eame titre que la fiction, les essais, les biographies ou les nouvelles. Virginia Woolf avait quinze ans lorsqu&#8217;elle a trac\u00e9 les premi\u00e8res lignes de ce [&hellip;]\" \/>\n<meta property=\"og:url\" content=\"https:\/\/librairie7l.com\/en\/produit\/journal-integral-1915-1941-2\/\" \/>\n<meta property=\"og:site_name\" content=\"Librairie 7L\" \/>\n<meta property=\"article:modified_time\" content=\"2026-04-04T22:48:04+00:00\" \/>\n<meta property=\"og:image\" content=\"https:\/\/librairie7l.com\/wp-content\/uploads\/2008\/01\/9782234060302_1_75.jpg\" \/>\n\t<meta property=\"og:image:width\" content=\"600\" \/>\n\t<meta property=\"og:image:height\" content=\"937\" \/>\n\t<meta property=\"og:image:type\" content=\"image\/jpeg\" \/>\n<meta name=\"twitter:card\" content=\"summary_large_image\" \/>\n<meta name=\"twitter:label1\" content=\"Est. reading time\" \/>\n\t<meta name=\"twitter:data1\" content=\"2 minutes\" \/>\n<script type=\"application\/ld+json\" class=\"yoast-schema-graph\">{\"@context\":\"https:\/\/schema.org\",\"@graph\":[{\"@type\":\"WebPage\",\"@id\":\"https:\/\/librairie7l.com\/en\/produit\/journal-integral-1915-1941-2\/\",\"url\":\"https:\/\/librairie7l.com\/en\/produit\/journal-integral-1915-1941-2\/\",\"name\":\"Journal int\u00e9gral : 1915-1941 - Librairie 7L\",\"isPartOf\":{\"@id\":\"https:\/\/librairie7l.com\/en\/#website\"},\"datePublished\":\"2025-10-21T15:43:32+00:00\",\"dateModified\":\"2026-04-04T22:48:04+00:00\",\"breadcrumb\":{\"@id\":\"https:\/\/librairie7l.com\/en\/produit\/journal-integral-1915-1941-2\/#breadcrumb\"},\"inLanguage\":\"en-US\",\"potentialAction\":[{\"@type\":\"ReadAction\",\"target\":[\"https:\/\/librairie7l.com\/en\/produit\/journal-integral-1915-1941-2\/\"]}]},{\"@type\":\"BreadcrumbList\",\"@id\":\"https:\/\/librairie7l.com\/en\/produit\/journal-integral-1915-1941-2\/#breadcrumb\",\"itemListElement\":[{\"@type\":\"ListItem\",\"position\":1,\"name\":\"Accueil\",\"item\":\"https:\/\/librairie7l.com\/en\/\"},{\"@type\":\"ListItem\",\"position\":2,\"name\":\"Shop\",\"item\":\"https:\/\/librairie7l.com\/en\/shop\/\"},{\"@type\":\"ListItem\",\"position\":3,\"name\":\"JOURNAL INT\u00c9GRAL : 1915-1941\"}]},{\"@type\":\"WebSite\",\"@id\":\"https:\/\/librairie7l.com\/en\/#website\",\"url\":\"https:\/\/librairie7l.com\/en\/\",\"name\":\"Librairie 7L\",\"description\":\"Librairie fond\u00e9e en 1999 par Karl Lagerfeld \u00e0 Paris\",\"publisher\":{\"@id\":\"https:\/\/librairie7l.com\/en\/#organization\"},\"potentialAction\":[{\"@type\":\"SearchAction\",\"target\":{\"@type\":\"EntryPoint\",\"urlTemplate\":\"https:\/\/librairie7l.com\/en\/?s={search_term_string}\"},\"query-input\":\"required name=search_term_string\"}],\"inLanguage\":\"en-US\"},{\"@type\":\"Organization\",\"@id\":\"https:\/\/librairie7l.com\/en\/#organization\",\"name\":\"Librairie 7L\",\"url\":\"https:\/\/librairie7l.com\/en\/\",\"logo\":{\"@type\":\"ImageObject\",\"inLanguage\":\"en-US\",\"@id\":\"https:\/\/librairie7l.com\/en\/#\/schema\/logo\/image\/\",\"url\":\"https:\/\/librairie7l.com\/wp-content\/uploads\/2022\/08\/logo-1.png\",\"contentUrl\":\"https:\/\/librairie7l.com\/wp-content\/uploads\/2022\/08\/logo-1.png\",\"width\":227,\"height\":301,\"caption\":\"Librairie 7L\"},\"image\":{\"@id\":\"https:\/\/librairie7l.com\/en\/#\/schema\/logo\/image\/\"}}]}<\/script>\n<!-- \/ Yoast SEO plugin. -->","yoast_head_json":{"title":"Journal int\u00e9gral : 1915-1941 - Librairie 7L","robots":{"index":"index","follow":"follow","max-snippet":"max-snippet:-1","max-image-preview":"max-image-preview:large","max-video-preview":"max-video-preview:-1"},"canonical":"https:\/\/librairie7l.com\/en\/produit\/journal-integral-1915-1941-2\/","og_locale":"en_US","og_type":"article","og_title":"Journal int\u00e9gral : 1915-1941 - Librairie 7L","og_description":"La publication en un seul volume de cette somme foisonnante et captivante a pour but de lui restituer enfin sa coh\u00e9rence et sa place au sein de l&#8217;oeuvre woolfienne, au m\u00eame titre que la fiction, les essais, les biographies ou les nouvelles. Virginia Woolf avait quinze ans lorsqu&#8217;elle a trac\u00e9 les premi\u00e8res lignes de ce [&hellip;]","og_url":"https:\/\/librairie7l.com\/en\/produit\/journal-integral-1915-1941-2\/","og_site_name":"Librairie 7L","article_modified_time":"2026-04-04T22:48:04+00:00","og_image":[{"width":600,"height":937,"url":"https:\/\/librairie7l.com\/wp-content\/uploads\/2008\/01\/9782234060302_1_75.jpg","type":"image\/jpeg"}],"twitter_card":"summary_large_image","twitter_misc":{"Est. reading time":"2 minutes"},"schema":{"@context":"https:\/\/schema.org","@graph":[{"@type":"WebPage","@id":"https:\/\/librairie7l.com\/en\/produit\/journal-integral-1915-1941-2\/","url":"https:\/\/librairie7l.com\/en\/produit\/journal-integral-1915-1941-2\/","name":"Journal int\u00e9gral : 1915-1941 - Librairie 7L","isPartOf":{"@id":"https:\/\/librairie7l.com\/en\/#website"},"datePublished":"2025-10-21T15:43:32+00:00","dateModified":"2026-04-04T22:48:04+00:00","breadcrumb":{"@id":"https:\/\/librairie7l.com\/en\/produit\/journal-integral-1915-1941-2\/#breadcrumb"},"inLanguage":"en-US","potentialAction":[{"@type":"ReadAction","target":["https:\/\/librairie7l.com\/en\/produit\/journal-integral-1915-1941-2\/"]}]},{"@type":"BreadcrumbList","@id":"https:\/\/librairie7l.com\/en\/produit\/journal-integral-1915-1941-2\/#breadcrumb","itemListElement":[{"@type":"ListItem","position":1,"name":"Accueil","item":"https:\/\/librairie7l.com\/en\/"},{"@type":"ListItem","position":2,"name":"Shop","item":"https:\/\/librairie7l.com\/en\/shop\/"},{"@type":"ListItem","position":3,"name":"JOURNAL INT\u00c9GRAL : 1915-1941"}]},{"@type":"WebSite","@id":"https:\/\/librairie7l.com\/en\/#website","url":"https:\/\/librairie7l.com\/en\/","name":"Librairie 7L","description":"Librairie fond\u00e9e en 1999 par Karl Lagerfeld \u00e0 Paris","publisher":{"@id":"https:\/\/librairie7l.com\/en\/#organization"},"potentialAction":[{"@type":"SearchAction","target":{"@type":"EntryPoint","urlTemplate":"https:\/\/librairie7l.com\/en\/?s={search_term_string}"},"query-input":"required name=search_term_string"}],"inLanguage":"en-US"},{"@type":"Organization","@id":"https:\/\/librairie7l.com\/en\/#organization","name":"Librairie 7L","url":"https:\/\/librairie7l.com\/en\/","logo":{"@type":"ImageObject","inLanguage":"en-US","@id":"https:\/\/librairie7l.com\/en\/#\/schema\/logo\/image\/","url":"https:\/\/librairie7l.com\/wp-content\/uploads\/2022\/08\/logo-1.png","contentUrl":"https:\/\/librairie7l.com\/wp-content\/uploads\/2022\/08\/logo-1.png","width":227,"height":301,"caption":"Librairie 7L"},"image":{"@id":"https:\/\/librairie7l.com\/en\/#\/schema\/logo\/image\/"}}]}},"_links":{"self":[{"href":"https:\/\/librairie7l.com\/en\/wp-json\/wp\/v2\/product\/51601"}],"collection":[{"href":"https:\/\/librairie7l.com\/en\/wp-json\/wp\/v2\/product"}],"about":[{"href":"https:\/\/librairie7l.com\/en\/wp-json\/wp\/v2\/types\/product"}],"wp:featuredmedia":[{"embeddable":true,"href":"https:\/\/librairie7l.com\/en\/wp-json\/wp\/v2\/media\/51599"}],"wp:attachment":[{"href":"https:\/\/librairie7l.com\/en\/wp-json\/wp\/v2\/media?parent=51601"}],"wp:term":[{"taxonomy":"product_cat","embeddable":true,"href":"https:\/\/librairie7l.com\/en\/wp-json\/wp\/v2\/product_cat?post=51601"},{"taxonomy":"product_tag","embeddable":true,"href":"https:\/\/librairie7l.com\/en\/wp-json\/wp\/v2\/product_tag?post=51601"}],"curies":[{"name":"wp","href":"https:\/\/api.w.org\/{rel}","templated":true}]}}