{"id":51614,"date":"2025-10-22T09:17:56","date_gmt":"2025-10-22T07:17:56","guid":{"rendered":"https:\/\/librairie7l.com\/?post_type=product&#038;p=51614"},"modified":"2026-04-12T11:15:59","modified_gmt":"2026-04-12T09:15:59","slug":"ouattara-watts-2","status":"publish","type":"product","link":"https:\/\/librairie7l.com\/en\/produit\/ouattara-watts-2\/","title":{"rendered":"OUATTARA WATTS"},"content":{"rendered":"<p>Le peintre d&#8217;origine ivoirienne Ouattara Watts, qui a \u00e9tudi\u00e9 en France et vit depuis pr\u00e8s de quarante ans aux \u00c9tats-Unis, est un acteur majeur de la peinture contemporaine.<br \/>\nSon univers pictural<br \/>\nregorge de symboles, de signes et d&#8217;indices qui conduisent \u00e0 une<br \/>\nvision complexe et multiculturelle du monde. Charg\u00e9e de sens,<br \/>\ncette peinture puise sa signification dans les mythologies de<br \/>\nl&#8217;Afrique de l&#8217;Ouest et leurs anciennes croyances, d&#8217;o\u00f9 Watts est<br \/>\noriginaire. L&#8217;artiste explore les histoires, les contes et les langues<br \/>\nd&#8217;une cosmologie qu&#8217;il s&#8217;est invent\u00e9e, r\u00e9v\u00e9lant un monde sans<br \/>\nfronti\u00e8res, o\u00f9 tout est li\u00e9. Il puise dans ses souvenirs, les<br \/>\nmath\u00e9matiques et la musique pour peindre le monde du visible<br \/>\net de l&#8217;invisible. L&#8217;oeuvre de Ouattara Watts est d&#8217;une rare richesse<br \/>\nformelle, alliant une palette chromatique de tons directs \u00e0 des<br \/>\nformats gigantesques. Premi\u00e8re monographie consacr\u00e9e \u00e0<br \/>\nl&#8217;artiste, ce livre pr\u00e9sente un large corpus d&#8217;oeuvres de mani\u00e8re<br \/>\nchronologique, permettant d&#8217;observer les changements et les<br \/>\n\u00e9volutions de sa peinture. Les images sont accompagn\u00e9es de 3<br \/>\ntextes approfondis, abordant les questions cl\u00e9s pour comprendre<br \/>\ncette oeuvre : l&#8217;histoire de sa peinture et l&#8217;influence de ses \u00e9tudes<br \/>\nfran\u00e7aises, les liens avec l&#8217;Afrique et la place de son oeuvre sur la<br \/>\nsc\u00e8ne am\u00e9ricaine.<\/p>\n","protected":false},"excerpt":{"rendered":"<p>Le peintre d&#8217;origine ivoirienne Ouattara Watts, qui a \u00e9tudi\u00e9 en France et vit depuis pr\u00e8s de quarante ans aux \u00c9tats-Unis, est un acteur majeur de la peinture contemporaine. Son univers pictural regorge de symboles, de signes et d&#8217;indices qui conduisent \u00e0 une vision complexe et multiculturelle du monde. Charg\u00e9e de sens, cette peinture puise sa [&hellip;]<\/p>\n","protected":false},"featured_media":53027,"template":"","meta":[],"product_cat":[2948,2953],"product_tag":[],"acf":[],"yoast_head":"<!-- This site is optimized with the Yoast SEO plugin v20.11 - https:\/\/yoast.com\/wordpress\/plugins\/seo\/ -->\n<title>Ouattara Watts - Librairie 7L<\/title>\n<meta name=\"robots\" content=\"index, follow, max-snippet:-1, max-image-preview:large, max-video-preview:-1\" \/>\n<link rel=\"canonical\" href=\"https:\/\/librairie7l.com\/en\/produit\/ouattara-watts-2\/\" \/>\n<meta property=\"og:locale\" content=\"en_US\" \/>\n<meta property=\"og:type\" content=\"article\" \/>\n<meta property=\"og:title\" content=\"Ouattara Watts - Librairie 7L\" \/>\n<meta property=\"og:description\" content=\"Le peintre d&#8217;origine ivoirienne Ouattara Watts, qui a \u00e9tudi\u00e9 en France et vit depuis pr\u00e8s de quarante ans aux \u00c9tats-Unis, est un acteur majeur de la peinture contemporaine. Son univers pictural regorge de symboles, de signes et d&#8217;indices qui conduisent \u00e0 une vision complexe et multiculturelle du monde. Charg\u00e9e de sens, cette peinture puise sa [&hellip;]\" \/>\n<meta property=\"og:url\" content=\"https:\/\/librairie7l.com\/en\/produit\/ouattara-watts-2\/\" \/>\n<meta property=\"og:site_name\" content=\"Librairie 7L\" \/>\n<meta property=\"article:modified_time\" content=\"2026-04-12T09:15:59+00:00\" \/>\n<meta name=\"twitter:card\" content=\"summary_large_image\" \/>\n<meta name=\"twitter:label1\" content=\"Est. reading time\" \/>\n\t<meta name=\"twitter:data1\" content=\"1 minute\" \/>\n<script type=\"application\/ld+json\" class=\"yoast-schema-graph\">{\"@context\":\"https:\/\/schema.org\",\"@graph\":[{\"@type\":\"WebPage\",\"@id\":\"https:\/\/librairie7l.com\/en\/produit\/ouattara-watts-2\/\",\"url\":\"https:\/\/librairie7l.com\/en\/produit\/ouattara-watts-2\/\",\"name\":\"Ouattara Watts - Librairie 7L\",\"isPartOf\":{\"@id\":\"https:\/\/librairie7l.com\/en\/#website\"},\"datePublished\":\"2025-10-22T07:17:56+00:00\",\"dateModified\":\"2026-04-12T09:15:59+00:00\",\"breadcrumb\":{\"@id\":\"https:\/\/librairie7l.com\/en\/produit\/ouattara-watts-2\/#breadcrumb\"},\"inLanguage\":\"en-US\",\"potentialAction\":[{\"@type\":\"ReadAction\",\"target\":[\"https:\/\/librairie7l.com\/en\/produit\/ouattara-watts-2\/\"]}]},{\"@type\":\"BreadcrumbList\",\"@id\":\"https:\/\/librairie7l.com\/en\/produit\/ouattara-watts-2\/#breadcrumb\",\"itemListElement\":[{\"@type\":\"ListItem\",\"position\":1,\"name\":\"Accueil\",\"item\":\"https:\/\/librairie7l.com\/en\/\"},{\"@type\":\"ListItem\",\"position\":2,\"name\":\"Shop\",\"item\":\"https:\/\/librairie7l.com\/en\/shop\/\"},{\"@type\":\"ListItem\",\"position\":3,\"name\":\"OUATTARA WATTS\"}]},{\"@type\":\"WebSite\",\"@id\":\"https:\/\/librairie7l.com\/en\/#website\",\"url\":\"https:\/\/librairie7l.com\/en\/\",\"name\":\"Librairie 7L\",\"description\":\"Librairie fond\u00e9e en 1999 par Karl Lagerfeld \u00e0 Paris\",\"publisher\":{\"@id\":\"https:\/\/librairie7l.com\/en\/#organization\"},\"potentialAction\":[{\"@type\":\"SearchAction\",\"target\":{\"@type\":\"EntryPoint\",\"urlTemplate\":\"https:\/\/librairie7l.com\/en\/?s={search_term_string}\"},\"query-input\":\"required name=search_term_string\"}],\"inLanguage\":\"en-US\"},{\"@type\":\"Organization\",\"@id\":\"https:\/\/librairie7l.com\/en\/#organization\",\"name\":\"Librairie 7L\",\"url\":\"https:\/\/librairie7l.com\/en\/\",\"logo\":{\"@type\":\"ImageObject\",\"inLanguage\":\"en-US\",\"@id\":\"https:\/\/librairie7l.com\/en\/#\/schema\/logo\/image\/\",\"url\":\"https:\/\/librairie7l.com\/wp-content\/uploads\/2022\/08\/logo-1.png\",\"contentUrl\":\"https:\/\/librairie7l.com\/wp-content\/uploads\/2022\/08\/logo-1.png\",\"width\":227,\"height\":301,\"caption\":\"Librairie 7L\"},\"image\":{\"@id\":\"https:\/\/librairie7l.com\/en\/#\/schema\/logo\/image\/\"}}]}<\/script>\n<!-- \/ Yoast SEO plugin. -->","yoast_head_json":{"title":"Ouattara Watts - Librairie 7L","robots":{"index":"index","follow":"follow","max-snippet":"max-snippet:-1","max-image-preview":"max-image-preview:large","max-video-preview":"max-video-preview:-1"},"canonical":"https:\/\/librairie7l.com\/en\/produit\/ouattara-watts-2\/","og_locale":"en_US","og_type":"article","og_title":"Ouattara Watts - Librairie 7L","og_description":"Le peintre d&#8217;origine ivoirienne Ouattara Watts, qui a \u00e9tudi\u00e9 en France et vit depuis pr\u00e8s de quarante ans aux \u00c9tats-Unis, est un acteur majeur de la peinture contemporaine. Son univers pictural regorge de symboles, de signes et d&#8217;indices qui conduisent \u00e0 une vision complexe et multiculturelle du monde. Charg\u00e9e de sens, cette peinture puise sa [&hellip;]","og_url":"https:\/\/librairie7l.com\/en\/produit\/ouattara-watts-2\/","og_site_name":"Librairie 7L","article_modified_time":"2026-04-12T09:15:59+00:00","twitter_card":"summary_large_image","twitter_misc":{"Est. reading time":"1 minute"},"schema":{"@context":"https:\/\/schema.org","@graph":[{"@type":"WebPage","@id":"https:\/\/librairie7l.com\/en\/produit\/ouattara-watts-2\/","url":"https:\/\/librairie7l.com\/en\/produit\/ouattara-watts-2\/","name":"Ouattara Watts - Librairie 7L","isPartOf":{"@id":"https:\/\/librairie7l.com\/en\/#website"},"datePublished":"2025-10-22T07:17:56+00:00","dateModified":"2026-04-12T09:15:59+00:00","breadcrumb":{"@id":"https:\/\/librairie7l.com\/en\/produit\/ouattara-watts-2\/#breadcrumb"},"inLanguage":"en-US","potentialAction":[{"@type":"ReadAction","target":["https:\/\/librairie7l.com\/en\/produit\/ouattara-watts-2\/"]}]},{"@type":"BreadcrumbList","@id":"https:\/\/librairie7l.com\/en\/produit\/ouattara-watts-2\/#breadcrumb","itemListElement":[{"@type":"ListItem","position":1,"name":"Accueil","item":"https:\/\/librairie7l.com\/en\/"},{"@type":"ListItem","position":2,"name":"Shop","item":"https:\/\/librairie7l.com\/en\/shop\/"},{"@type":"ListItem","position":3,"name":"OUATTARA WATTS"}]},{"@type":"WebSite","@id":"https:\/\/librairie7l.com\/en\/#website","url":"https:\/\/librairie7l.com\/en\/","name":"Librairie 7L","description":"Librairie fond\u00e9e en 1999 par Karl Lagerfeld \u00e0 Paris","publisher":{"@id":"https:\/\/librairie7l.com\/en\/#organization"},"potentialAction":[{"@type":"SearchAction","target":{"@type":"EntryPoint","urlTemplate":"https:\/\/librairie7l.com\/en\/?s={search_term_string}"},"query-input":"required name=search_term_string"}],"inLanguage":"en-US"},{"@type":"Organization","@id":"https:\/\/librairie7l.com\/en\/#organization","name":"Librairie 7L","url":"https:\/\/librairie7l.com\/en\/","logo":{"@type":"ImageObject","inLanguage":"en-US","@id":"https:\/\/librairie7l.com\/en\/#\/schema\/logo\/image\/","url":"https:\/\/librairie7l.com\/wp-content\/uploads\/2022\/08\/logo-1.png","contentUrl":"https:\/\/librairie7l.com\/wp-content\/uploads\/2022\/08\/logo-1.png","width":227,"height":301,"caption":"Librairie 7L"},"image":{"@id":"https:\/\/librairie7l.com\/en\/#\/schema\/logo\/image\/"}}]}},"_links":{"self":[{"href":"https:\/\/librairie7l.com\/en\/wp-json\/wp\/v2\/product\/51614"}],"collection":[{"href":"https:\/\/librairie7l.com\/en\/wp-json\/wp\/v2\/product"}],"about":[{"href":"https:\/\/librairie7l.com\/en\/wp-json\/wp\/v2\/types\/product"}],"wp:featuredmedia":[{"embeddable":true,"href":"https:\/\/librairie7l.com\/en\/wp-json\/wp\/v2\/media\/53027"}],"wp:attachment":[{"href":"https:\/\/librairie7l.com\/en\/wp-json\/wp\/v2\/media?parent=51614"}],"wp:term":[{"taxonomy":"product_cat","embeddable":true,"href":"https:\/\/librairie7l.com\/en\/wp-json\/wp\/v2\/product_cat?post=51614"},{"taxonomy":"product_tag","embeddable":true,"href":"https:\/\/librairie7l.com\/en\/wp-json\/wp\/v2\/product_tag?post=51614"}],"curies":[{"name":"wp","href":"https:\/\/api.w.org\/{rel}","templated":true}]}}