{"id":51634,"date":"2025-10-22T09:18:08","date_gmt":"2025-10-22T07:18:08","guid":{"rendered":"https:\/\/librairie7l.com\/?post_type=product&#038;p=51634"},"modified":"2026-04-14T17:48:23","modified_gmt":"2026-04-14T15:48:23","slug":"flower-power-3","status":"publish","type":"product","link":"https:\/\/librairie7l.com\/en\/produit\/flower-power-3\/","title":{"rendered":"FLOWER POWER"},"content":{"rendered":"<p>Trente photographes contemporains offrent une relecture stimulante du motif de la fleur \u00e0 travers une approche exp\u00e9rimentale, \u00e9thique et \u00e9cologique. Cet ouvrage au fa\u00e7onnage japonais se d\u00e9ploie comme un p\u00e9tale, r\u00e9v\u00e9lant un bouquet de travaux d&#8217;une grande diversit\u00e9 stylistique. Ic\u00f4nes \u00e9cologiques, les fleurs ne sont pas \u00e0 la mode, elles sont d&#8217;actualit\u00e9.<\/p>\n","protected":false},"excerpt":{"rendered":"<p>Trente photographes contemporains offrent une relecture stimulante du motif de la fleur \u00e0 travers une approche exp\u00e9rimentale, \u00e9thique et \u00e9cologique. Cet ouvrage au fa\u00e7onnage japonais se d\u00e9ploie comme un p\u00e9tale, r\u00e9v\u00e9lant un bouquet de travaux d&#8217;une grande diversit\u00e9 stylistique. Ic\u00f4nes \u00e9cologiques, les fleurs ne sont pas \u00e0 la mode, elles sont d&#8217;actualit\u00e9.<\/p>\n","protected":false},"featured_media":51632,"template":"","meta":[],"product_cat":[2948,2956],"product_tag":[],"acf":[],"yoast_head":"<!-- This site is optimized with the Yoast SEO plugin v20.11 - https:\/\/yoast.com\/wordpress\/plugins\/seo\/ -->\n<title>Flower Power - Librairie 7L<\/title>\n<meta name=\"robots\" content=\"index, follow, max-snippet:-1, max-image-preview:large, max-video-preview:-1\" \/>\n<link rel=\"canonical\" href=\"https:\/\/librairie7l.com\/en\/produit\/flower-power-3\/\" \/>\n<meta property=\"og:locale\" content=\"en_US\" \/>\n<meta property=\"og:type\" content=\"article\" \/>\n<meta property=\"og:title\" content=\"Flower Power - Librairie 7L\" \/>\n<meta property=\"og:description\" content=\"Trente photographes contemporains offrent une relecture stimulante du motif de la fleur \u00e0 travers une approche exp\u00e9rimentale, \u00e9thique et \u00e9cologique. Cet ouvrage au fa\u00e7onnage japonais se d\u00e9ploie comme un p\u00e9tale, r\u00e9v\u00e9lant un bouquet de travaux d&#8217;une grande diversit\u00e9 stylistique. Ic\u00f4nes \u00e9cologiques, les fleurs ne sont pas \u00e0 la mode, elles sont d&#8217;actualit\u00e9.\" \/>\n<meta property=\"og:url\" content=\"https:\/\/librairie7l.com\/en\/produit\/flower-power-3\/\" \/>\n<meta property=\"og:site_name\" content=\"Librairie 7L\" \/>\n<meta property=\"article:modified_time\" content=\"2026-04-14T15:48:23+00:00\" \/>\n<meta property=\"og:image\" content=\"https:\/\/librairie7l.com\/wp-content\/uploads\/2025\/04\/9782386291029_1_75.jpg\" \/>\n\t<meta property=\"og:image:width\" content=\"600\" \/>\n\t<meta property=\"og:image:height\" content=\"947\" \/>\n\t<meta property=\"og:image:type\" content=\"image\/jpeg\" \/>\n<meta name=\"twitter:card\" content=\"summary_large_image\" \/>\n<script type=\"application\/ld+json\" class=\"yoast-schema-graph\">{\"@context\":\"https:\/\/schema.org\",\"@graph\":[{\"@type\":\"WebPage\",\"@id\":\"https:\/\/librairie7l.com\/en\/produit\/flower-power-3\/\",\"url\":\"https:\/\/librairie7l.com\/en\/produit\/flower-power-3\/\",\"name\":\"Flower Power - Librairie 7L\",\"isPartOf\":{\"@id\":\"https:\/\/librairie7l.com\/en\/#website\"},\"datePublished\":\"2025-10-22T07:18:08+00:00\",\"dateModified\":\"2026-04-14T15:48:23+00:00\",\"breadcrumb\":{\"@id\":\"https:\/\/librairie7l.com\/en\/produit\/flower-power-3\/#breadcrumb\"},\"inLanguage\":\"en-US\",\"potentialAction\":[{\"@type\":\"ReadAction\",\"target\":[\"https:\/\/librairie7l.com\/en\/produit\/flower-power-3\/\"]}]},{\"@type\":\"BreadcrumbList\",\"@id\":\"https:\/\/librairie7l.com\/en\/produit\/flower-power-3\/#breadcrumb\",\"itemListElement\":[{\"@type\":\"ListItem\",\"position\":1,\"name\":\"Accueil\",\"item\":\"https:\/\/librairie7l.com\/en\/\"},{\"@type\":\"ListItem\",\"position\":2,\"name\":\"Shop\",\"item\":\"https:\/\/librairie7l.com\/en\/shop\/\"},{\"@type\":\"ListItem\",\"position\":3,\"name\":\"FLOWER POWER\"}]},{\"@type\":\"WebSite\",\"@id\":\"https:\/\/librairie7l.com\/en\/#website\",\"url\":\"https:\/\/librairie7l.com\/en\/\",\"name\":\"Librairie 7L\",\"description\":\"Librairie fond\u00e9e en 1999 par Karl Lagerfeld \u00e0 Paris\",\"publisher\":{\"@id\":\"https:\/\/librairie7l.com\/en\/#organization\"},\"potentialAction\":[{\"@type\":\"SearchAction\",\"target\":{\"@type\":\"EntryPoint\",\"urlTemplate\":\"https:\/\/librairie7l.com\/en\/?s={search_term_string}\"},\"query-input\":\"required name=search_term_string\"}],\"inLanguage\":\"en-US\"},{\"@type\":\"Organization\",\"@id\":\"https:\/\/librairie7l.com\/en\/#organization\",\"name\":\"Librairie 7L\",\"url\":\"https:\/\/librairie7l.com\/en\/\",\"logo\":{\"@type\":\"ImageObject\",\"inLanguage\":\"en-US\",\"@id\":\"https:\/\/librairie7l.com\/en\/#\/schema\/logo\/image\/\",\"url\":\"https:\/\/librairie7l.com\/wp-content\/uploads\/2022\/08\/logo-1.png\",\"contentUrl\":\"https:\/\/librairie7l.com\/wp-content\/uploads\/2022\/08\/logo-1.png\",\"width\":227,\"height\":301,\"caption\":\"Librairie 7L\"},\"image\":{\"@id\":\"https:\/\/librairie7l.com\/en\/#\/schema\/logo\/image\/\"}}]}<\/script>\n<!-- \/ Yoast SEO plugin. -->","yoast_head_json":{"title":"Flower Power - Librairie 7L","robots":{"index":"index","follow":"follow","max-snippet":"max-snippet:-1","max-image-preview":"max-image-preview:large","max-video-preview":"max-video-preview:-1"},"canonical":"https:\/\/librairie7l.com\/en\/produit\/flower-power-3\/","og_locale":"en_US","og_type":"article","og_title":"Flower Power - Librairie 7L","og_description":"Trente photographes contemporains offrent une relecture stimulante du motif de la fleur \u00e0 travers une approche exp\u00e9rimentale, \u00e9thique et \u00e9cologique. Cet ouvrage au fa\u00e7onnage japonais se d\u00e9ploie comme un p\u00e9tale, r\u00e9v\u00e9lant un bouquet de travaux d&#8217;une grande diversit\u00e9 stylistique. Ic\u00f4nes \u00e9cologiques, les fleurs ne sont pas \u00e0 la mode, elles sont d&#8217;actualit\u00e9.","og_url":"https:\/\/librairie7l.com\/en\/produit\/flower-power-3\/","og_site_name":"Librairie 7L","article_modified_time":"2026-04-14T15:48:23+00:00","og_image":[{"width":600,"height":947,"url":"https:\/\/librairie7l.com\/wp-content\/uploads\/2025\/04\/9782386291029_1_75.jpg","type":"image\/jpeg"}],"twitter_card":"summary_large_image","schema":{"@context":"https:\/\/schema.org","@graph":[{"@type":"WebPage","@id":"https:\/\/librairie7l.com\/en\/produit\/flower-power-3\/","url":"https:\/\/librairie7l.com\/en\/produit\/flower-power-3\/","name":"Flower Power - Librairie 7L","isPartOf":{"@id":"https:\/\/librairie7l.com\/en\/#website"},"datePublished":"2025-10-22T07:18:08+00:00","dateModified":"2026-04-14T15:48:23+00:00","breadcrumb":{"@id":"https:\/\/librairie7l.com\/en\/produit\/flower-power-3\/#breadcrumb"},"inLanguage":"en-US","potentialAction":[{"@type":"ReadAction","target":["https:\/\/librairie7l.com\/en\/produit\/flower-power-3\/"]}]},{"@type":"BreadcrumbList","@id":"https:\/\/librairie7l.com\/en\/produit\/flower-power-3\/#breadcrumb","itemListElement":[{"@type":"ListItem","position":1,"name":"Accueil","item":"https:\/\/librairie7l.com\/en\/"},{"@type":"ListItem","position":2,"name":"Shop","item":"https:\/\/librairie7l.com\/en\/shop\/"},{"@type":"ListItem","position":3,"name":"FLOWER POWER"}]},{"@type":"WebSite","@id":"https:\/\/librairie7l.com\/en\/#website","url":"https:\/\/librairie7l.com\/en\/","name":"Librairie 7L","description":"Librairie fond\u00e9e en 1999 par Karl Lagerfeld \u00e0 Paris","publisher":{"@id":"https:\/\/librairie7l.com\/en\/#organization"},"potentialAction":[{"@type":"SearchAction","target":{"@type":"EntryPoint","urlTemplate":"https:\/\/librairie7l.com\/en\/?s={search_term_string}"},"query-input":"required name=search_term_string"}],"inLanguage":"en-US"},{"@type":"Organization","@id":"https:\/\/librairie7l.com\/en\/#organization","name":"Librairie 7L","url":"https:\/\/librairie7l.com\/en\/","logo":{"@type":"ImageObject","inLanguage":"en-US","@id":"https:\/\/librairie7l.com\/en\/#\/schema\/logo\/image\/","url":"https:\/\/librairie7l.com\/wp-content\/uploads\/2022\/08\/logo-1.png","contentUrl":"https:\/\/librairie7l.com\/wp-content\/uploads\/2022\/08\/logo-1.png","width":227,"height":301,"caption":"Librairie 7L"},"image":{"@id":"https:\/\/librairie7l.com\/en\/#\/schema\/logo\/image\/"}}]}},"_links":{"self":[{"href":"https:\/\/librairie7l.com\/en\/wp-json\/wp\/v2\/product\/51634"}],"collection":[{"href":"https:\/\/librairie7l.com\/en\/wp-json\/wp\/v2\/product"}],"about":[{"href":"https:\/\/librairie7l.com\/en\/wp-json\/wp\/v2\/types\/product"}],"wp:featuredmedia":[{"embeddable":true,"href":"https:\/\/librairie7l.com\/en\/wp-json\/wp\/v2\/media\/51632"}],"wp:attachment":[{"href":"https:\/\/librairie7l.com\/en\/wp-json\/wp\/v2\/media?parent=51634"}],"wp:term":[{"taxonomy":"product_cat","embeddable":true,"href":"https:\/\/librairie7l.com\/en\/wp-json\/wp\/v2\/product_cat?post=51634"},{"taxonomy":"product_tag","embeddable":true,"href":"https:\/\/librairie7l.com\/en\/wp-json\/wp\/v2\/product_tag?post=51634"}],"curies":[{"name":"wp","href":"https:\/\/api.w.org\/{rel}","templated":true}]}}