{"id":51638,"date":"2025-10-22T09:18:11","date_gmt":"2025-10-22T07:18:11","guid":{"rendered":"https:\/\/librairie7l.com\/?post_type=product&#038;p=51638"},"modified":"2026-04-14T17:48:51","modified_gmt":"2026-04-14T15:48:51","slug":"la-fondation-cartier-pour-lart-contemporain-par-jean-nouvel-2-place-du-palais-royal-paris-2","status":"publish","type":"product","link":"https:\/\/librairie7l.com\/en\/produit\/la-fondation-cartier-pour-lart-contemporain-par-jean-nouvel-2-place-du-palais-royal-paris-2\/","title":{"rendered":"LA FONDATION CARTIER POUR L&#8217;ART CONTEMPORAIN PAR JEAN NOUVEL : 2 PLACE DU PALAIS-ROYAL, PARIS"},"content":{"rendered":"<p>En octobre 2025, la Fondation Cartier pour l&#8217;art contemporain ouvre les portes de son nouvel espace d&#8217;expositions dans un immense immeuble haussmannien situ\u00e9 au coeur de Paris, au 2 place du Palais-Royal. Pour la Fondation Cartier, Jean Nouvel a repens\u00e9 les espaces int\u00e9rieurs du b\u00e2timent afin d&#8217;offrir une architecture modulaire au service de la cr\u00e9ativit\u00e9 artistique.<br \/>\n \u00c0 l&#8217;occasion de cette inauguration, la Fondation Cartier publie un ouvrage richement illustr\u00e9 consacr\u00e9 au projet architectural de Jean Nouvel. \u00c0 travers de nombreuses photographies des espaces int\u00e9rieurs et ext\u00e9rieurs du b\u00e2timent r\u00e9alis\u00e9es par Martin Argyroglo et Danica O. Kus, des textes des historiens de l&#8217;architecture Beatriz Colomina et Antoine Picon, de la commissaire B\u00e9atrice Grenier, et des architectes Mathieu Forest et Cyril Desroche, cet ouvrage retrace l&#8217;histoire singuli\u00e8re du b\u00e2timent et explore les sp\u00e9cificit\u00e9s techniques d&#8217;un dispositif architectural ambitieux.<\/p>\n","protected":false},"excerpt":{"rendered":"<p>En octobre 2025, la Fondation Cartier pour l&#8217;art contemporain ouvre les portes de son nouvel espace d&#8217;expositions dans un immense immeuble haussmannien situ\u00e9 au coeur de Paris, au 2 place du Palais-Royal. Pour la Fondation Cartier, Jean Nouvel a repens\u00e9 les espaces int\u00e9rieurs du b\u00e2timent afin d&#8217;offrir une architecture modulaire au service de la cr\u00e9ativit\u00e9 [&hellip;]<\/p>\n","protected":false},"featured_media":51636,"template":"","meta":[],"product_cat":[2948,2951],"product_tag":[],"acf":[],"yoast_head":"<!-- This site is optimized with the Yoast SEO plugin v20.11 - https:\/\/yoast.com\/wordpress\/plugins\/seo\/ -->\n<title>La fondation Cartier pour l&#039;art contemporain par Jean Nouvel : 2 place du Palais-Royal, Paris - Librairie 7L<\/title>\n<meta name=\"robots\" content=\"index, follow, max-snippet:-1, max-image-preview:large, max-video-preview:-1\" \/>\n<link rel=\"canonical\" href=\"https:\/\/librairie7l.com\/en\/produit\/la-fondation-cartier-pour-lart-contemporain-par-jean-nouvel-2-place-du-palais-royal-paris-2\/\" \/>\n<meta property=\"og:locale\" content=\"en_US\" \/>\n<meta property=\"og:type\" content=\"article\" \/>\n<meta property=\"og:title\" content=\"La fondation Cartier pour l&#039;art contemporain par Jean Nouvel : 2 place du Palais-Royal, Paris - Librairie 7L\" \/>\n<meta property=\"og:description\" content=\"En octobre 2025, la Fondation Cartier pour l&#8217;art contemporain ouvre les portes de son nouvel espace d&#8217;expositions dans un immense immeuble haussmannien situ\u00e9 au coeur de Paris, au 2 place du Palais-Royal. Pour la Fondation Cartier, Jean Nouvel a repens\u00e9 les espaces int\u00e9rieurs du b\u00e2timent afin d&#8217;offrir une architecture modulaire au service de la cr\u00e9ativit\u00e9 [&hellip;]\" \/>\n<meta property=\"og:url\" content=\"https:\/\/librairie7l.com\/en\/produit\/la-fondation-cartier-pour-lart-contemporain-par-jean-nouvel-2-place-du-palais-royal-paris-2\/\" \/>\n<meta property=\"og:site_name\" content=\"Librairie 7L\" \/>\n<meta property=\"article:modified_time\" content=\"2026-04-14T15:48:51+00:00\" \/>\n<meta property=\"og:image\" content=\"https:\/\/librairie7l.com\/wp-content\/uploads\/2025\/05\/9782869251939_1_75.jpg\" \/>\n\t<meta property=\"og:image:width\" content=\"600\" \/>\n\t<meta property=\"og:image:height\" content=\"927\" \/>\n\t<meta property=\"og:image:type\" content=\"image\/jpeg\" \/>\n<meta name=\"twitter:card\" content=\"summary_large_image\" \/>\n<meta name=\"twitter:label1\" content=\"Est. reading time\" \/>\n\t<meta name=\"twitter:data1\" content=\"1 minute\" \/>\n<script type=\"application\/ld+json\" class=\"yoast-schema-graph\">{\"@context\":\"https:\/\/schema.org\",\"@graph\":[{\"@type\":\"WebPage\",\"@id\":\"https:\/\/librairie7l.com\/en\/produit\/la-fondation-cartier-pour-lart-contemporain-par-jean-nouvel-2-place-du-palais-royal-paris-2\/\",\"url\":\"https:\/\/librairie7l.com\/en\/produit\/la-fondation-cartier-pour-lart-contemporain-par-jean-nouvel-2-place-du-palais-royal-paris-2\/\",\"name\":\"La fondation Cartier pour l'art contemporain par Jean Nouvel : 2 place du Palais-Royal, Paris - Librairie 7L\",\"isPartOf\":{\"@id\":\"https:\/\/librairie7l.com\/en\/#website\"},\"datePublished\":\"2025-10-22T07:18:11+00:00\",\"dateModified\":\"2026-04-14T15:48:51+00:00\",\"breadcrumb\":{\"@id\":\"https:\/\/librairie7l.com\/en\/produit\/la-fondation-cartier-pour-lart-contemporain-par-jean-nouvel-2-place-du-palais-royal-paris-2\/#breadcrumb\"},\"inLanguage\":\"en-US\",\"potentialAction\":[{\"@type\":\"ReadAction\",\"target\":[\"https:\/\/librairie7l.com\/en\/produit\/la-fondation-cartier-pour-lart-contemporain-par-jean-nouvel-2-place-du-palais-royal-paris-2\/\"]}]},{\"@type\":\"BreadcrumbList\",\"@id\":\"https:\/\/librairie7l.com\/en\/produit\/la-fondation-cartier-pour-lart-contemporain-par-jean-nouvel-2-place-du-palais-royal-paris-2\/#breadcrumb\",\"itemListElement\":[{\"@type\":\"ListItem\",\"position\":1,\"name\":\"Accueil\",\"item\":\"https:\/\/librairie7l.com\/en\/\"},{\"@type\":\"ListItem\",\"position\":2,\"name\":\"Shop\",\"item\":\"https:\/\/librairie7l.com\/en\/shop\/\"},{\"@type\":\"ListItem\",\"position\":3,\"name\":\"LA FONDATION CARTIER POUR L&#8217;ART CONTEMPORAIN PAR JEAN NOUVEL : 2 PLACE DU PALAIS-ROYAL, PARIS\"}]},{\"@type\":\"WebSite\",\"@id\":\"https:\/\/librairie7l.com\/en\/#website\",\"url\":\"https:\/\/librairie7l.com\/en\/\",\"name\":\"Librairie 7L\",\"description\":\"Librairie fond\u00e9e en 1999 par Karl Lagerfeld \u00e0 Paris\",\"publisher\":{\"@id\":\"https:\/\/librairie7l.com\/en\/#organization\"},\"potentialAction\":[{\"@type\":\"SearchAction\",\"target\":{\"@type\":\"EntryPoint\",\"urlTemplate\":\"https:\/\/librairie7l.com\/en\/?s={search_term_string}\"},\"query-input\":\"required name=search_term_string\"}],\"inLanguage\":\"en-US\"},{\"@type\":\"Organization\",\"@id\":\"https:\/\/librairie7l.com\/en\/#organization\",\"name\":\"Librairie 7L\",\"url\":\"https:\/\/librairie7l.com\/en\/\",\"logo\":{\"@type\":\"ImageObject\",\"inLanguage\":\"en-US\",\"@id\":\"https:\/\/librairie7l.com\/en\/#\/schema\/logo\/image\/\",\"url\":\"https:\/\/librairie7l.com\/wp-content\/uploads\/2022\/08\/logo-1.png\",\"contentUrl\":\"https:\/\/librairie7l.com\/wp-content\/uploads\/2022\/08\/logo-1.png\",\"width\":227,\"height\":301,\"caption\":\"Librairie 7L\"},\"image\":{\"@id\":\"https:\/\/librairie7l.com\/en\/#\/schema\/logo\/image\/\"}}]}<\/script>\n<!-- \/ Yoast SEO plugin. -->","yoast_head_json":{"title":"La fondation Cartier pour l'art contemporain par Jean Nouvel : 2 place du Palais-Royal, Paris - Librairie 7L","robots":{"index":"index","follow":"follow","max-snippet":"max-snippet:-1","max-image-preview":"max-image-preview:large","max-video-preview":"max-video-preview:-1"},"canonical":"https:\/\/librairie7l.com\/en\/produit\/la-fondation-cartier-pour-lart-contemporain-par-jean-nouvel-2-place-du-palais-royal-paris-2\/","og_locale":"en_US","og_type":"article","og_title":"La fondation Cartier pour l'art contemporain par Jean Nouvel : 2 place du Palais-Royal, Paris - Librairie 7L","og_description":"En octobre 2025, la Fondation Cartier pour l&#8217;art contemporain ouvre les portes de son nouvel espace d&#8217;expositions dans un immense immeuble haussmannien situ\u00e9 au coeur de Paris, au 2 place du Palais-Royal. Pour la Fondation Cartier, Jean Nouvel a repens\u00e9 les espaces int\u00e9rieurs du b\u00e2timent afin d&#8217;offrir une architecture modulaire au service de la cr\u00e9ativit\u00e9 [&hellip;]","og_url":"https:\/\/librairie7l.com\/en\/produit\/la-fondation-cartier-pour-lart-contemporain-par-jean-nouvel-2-place-du-palais-royal-paris-2\/","og_site_name":"Librairie 7L","article_modified_time":"2026-04-14T15:48:51+00:00","og_image":[{"width":600,"height":927,"url":"https:\/\/librairie7l.com\/wp-content\/uploads\/2025\/05\/9782869251939_1_75.jpg","type":"image\/jpeg"}],"twitter_card":"summary_large_image","twitter_misc":{"Est. reading time":"1 minute"},"schema":{"@context":"https:\/\/schema.org","@graph":[{"@type":"WebPage","@id":"https:\/\/librairie7l.com\/en\/produit\/la-fondation-cartier-pour-lart-contemporain-par-jean-nouvel-2-place-du-palais-royal-paris-2\/","url":"https:\/\/librairie7l.com\/en\/produit\/la-fondation-cartier-pour-lart-contemporain-par-jean-nouvel-2-place-du-palais-royal-paris-2\/","name":"La fondation Cartier pour l'art contemporain par Jean Nouvel : 2 place du Palais-Royal, Paris - Librairie 7L","isPartOf":{"@id":"https:\/\/librairie7l.com\/en\/#website"},"datePublished":"2025-10-22T07:18:11+00:00","dateModified":"2026-04-14T15:48:51+00:00","breadcrumb":{"@id":"https:\/\/librairie7l.com\/en\/produit\/la-fondation-cartier-pour-lart-contemporain-par-jean-nouvel-2-place-du-palais-royal-paris-2\/#breadcrumb"},"inLanguage":"en-US","potentialAction":[{"@type":"ReadAction","target":["https:\/\/librairie7l.com\/en\/produit\/la-fondation-cartier-pour-lart-contemporain-par-jean-nouvel-2-place-du-palais-royal-paris-2\/"]}]},{"@type":"BreadcrumbList","@id":"https:\/\/librairie7l.com\/en\/produit\/la-fondation-cartier-pour-lart-contemporain-par-jean-nouvel-2-place-du-palais-royal-paris-2\/#breadcrumb","itemListElement":[{"@type":"ListItem","position":1,"name":"Accueil","item":"https:\/\/librairie7l.com\/en\/"},{"@type":"ListItem","position":2,"name":"Shop","item":"https:\/\/librairie7l.com\/en\/shop\/"},{"@type":"ListItem","position":3,"name":"LA FONDATION CARTIER POUR L&#8217;ART CONTEMPORAIN PAR JEAN NOUVEL : 2 PLACE DU PALAIS-ROYAL, PARIS"}]},{"@type":"WebSite","@id":"https:\/\/librairie7l.com\/en\/#website","url":"https:\/\/librairie7l.com\/en\/","name":"Librairie 7L","description":"Librairie fond\u00e9e en 1999 par Karl Lagerfeld \u00e0 Paris","publisher":{"@id":"https:\/\/librairie7l.com\/en\/#organization"},"potentialAction":[{"@type":"SearchAction","target":{"@type":"EntryPoint","urlTemplate":"https:\/\/librairie7l.com\/en\/?s={search_term_string}"},"query-input":"required name=search_term_string"}],"inLanguage":"en-US"},{"@type":"Organization","@id":"https:\/\/librairie7l.com\/en\/#organization","name":"Librairie 7L","url":"https:\/\/librairie7l.com\/en\/","logo":{"@type":"ImageObject","inLanguage":"en-US","@id":"https:\/\/librairie7l.com\/en\/#\/schema\/logo\/image\/","url":"https:\/\/librairie7l.com\/wp-content\/uploads\/2022\/08\/logo-1.png","contentUrl":"https:\/\/librairie7l.com\/wp-content\/uploads\/2022\/08\/logo-1.png","width":227,"height":301,"caption":"Librairie 7L"},"image":{"@id":"https:\/\/librairie7l.com\/en\/#\/schema\/logo\/image\/"}}]}},"_links":{"self":[{"href":"https:\/\/librairie7l.com\/en\/wp-json\/wp\/v2\/product\/51638"}],"collection":[{"href":"https:\/\/librairie7l.com\/en\/wp-json\/wp\/v2\/product"}],"about":[{"href":"https:\/\/librairie7l.com\/en\/wp-json\/wp\/v2\/types\/product"}],"wp:featuredmedia":[{"embeddable":true,"href":"https:\/\/librairie7l.com\/en\/wp-json\/wp\/v2\/media\/51636"}],"wp:attachment":[{"href":"https:\/\/librairie7l.com\/en\/wp-json\/wp\/v2\/media?parent=51638"}],"wp:term":[{"taxonomy":"product_cat","embeddable":true,"href":"https:\/\/librairie7l.com\/en\/wp-json\/wp\/v2\/product_cat?post=51638"},{"taxonomy":"product_tag","embeddable":true,"href":"https:\/\/librairie7l.com\/en\/wp-json\/wp\/v2\/product_tag?post=51638"}],"curies":[{"name":"wp","href":"https:\/\/api.w.org\/{rel}","templated":true}]}}