{"id":51642,"date":"2025-10-22T09:18:14","date_gmt":"2025-10-22T07:18:14","guid":{"rendered":"https:\/\/librairie7l.com\/?post_type=product&#038;p=51642"},"modified":"2026-04-16T12:36:18","modified_gmt":"2026-04-16T10:36:18","slug":"le-jardin-japonais-moderne-2","status":"publish","type":"product","link":"https:\/\/librairie7l.com\/en\/produit\/le-jardin-japonais-moderne-2\/","title":{"rendered":"LE JARDIN JAPONAIS MODERNE"},"content":{"rendered":"<p>Le Jardin japonais moderne est une \u00e9tude majeure, la premi\u00e8re du genre, qui s&#8217;impose comme le livre de r\u00e9f\u00e9rence sur le sujet. Cette oeuvre de r\u00e9f\u00e9rence moderne questionne la relation entre nature et modernit\u00e9. Divis\u00e9 approximativement entre les cr\u00e9ations d&#8217;avant et apr\u00e8s 1945, l&#8217;ouvrage r\u00e9v\u00e8le comment le jardin contemporain, refl\u00e9tant l&#8217;\u00e9volution des mentalit\u00e9s apr\u00e8s la guerre, a cess\u00e9 d&#8217;\u00eatre un marqueur de statut social et d&#8217;influence pour devenir un lieu d&#8217;apaisement et de m\u00e9diation. Une br\u00e8ve histoire du jardin japonais, depuis les agencements de pierres pr\u00e9-shinto\u00efstes jusqu&#8217;\u00e0 la fin du XIXe si\u00e8cle, accompagne une analyse du jardin d&#8217;aujourd&#8217;hui int\u00e9gr\u00e9 aux b\u00e2timents d&#8217;entreprises, mus\u00e9es, h\u00f4tels et espaces publics. Destin\u00e9 \u00e0 la fois aux professionnels et aux lecteurs int\u00e9ress\u00e9s par les jardins et le mode de vie du Japon contemporain, cet ouvrage est une ressource incontournable.<\/p>\n","protected":false},"excerpt":{"rendered":"<p>Le Jardin japonais moderne est une \u00e9tude majeure, la premi\u00e8re du genre, qui s&#8217;impose comme le livre de r\u00e9f\u00e9rence sur le sujet. Cette oeuvre de r\u00e9f\u00e9rence moderne questionne la relation entre nature et modernit\u00e9. Divis\u00e9 approximativement entre les cr\u00e9ations d&#8217;avant et apr\u00e8s 1945, l&#8217;ouvrage r\u00e9v\u00e8le comment le jardin contemporain, refl\u00e9tant l&#8217;\u00e9volution des mentalit\u00e9s apr\u00e8s la [&hellip;]<\/p>\n","protected":false},"featured_media":51640,"template":"","meta":[],"product_cat":[2948,2956],"product_tag":[],"acf":[],"yoast_head":"<!-- This site is optimized with the Yoast SEO plugin v20.11 - https:\/\/yoast.com\/wordpress\/plugins\/seo\/ -->\n<title>Le jardin japonais moderne - Librairie 7L<\/title>\n<meta name=\"robots\" content=\"index, follow, max-snippet:-1, max-image-preview:large, max-video-preview:-1\" \/>\n<link rel=\"canonical\" href=\"https:\/\/librairie7l.com\/en\/produit\/le-jardin-japonais-moderne-2\/\" \/>\n<meta property=\"og:locale\" content=\"en_US\" \/>\n<meta property=\"og:type\" content=\"article\" \/>\n<meta property=\"og:title\" content=\"Le jardin japonais moderne - Librairie 7L\" \/>\n<meta property=\"og:description\" content=\"Le Jardin japonais moderne est une \u00e9tude majeure, la premi\u00e8re du genre, qui s&#8217;impose comme le livre de r\u00e9f\u00e9rence sur le sujet. Cette oeuvre de r\u00e9f\u00e9rence moderne questionne la relation entre nature et modernit\u00e9. Divis\u00e9 approximativement entre les cr\u00e9ations d&#8217;avant et apr\u00e8s 1945, l&#8217;ouvrage r\u00e9v\u00e8le comment le jardin contemporain, refl\u00e9tant l&#8217;\u00e9volution des mentalit\u00e9s apr\u00e8s la [&hellip;]\" \/>\n<meta property=\"og:url\" content=\"https:\/\/librairie7l.com\/en\/produit\/le-jardin-japonais-moderne-2\/\" \/>\n<meta property=\"og:site_name\" content=\"Librairie 7L\" \/>\n<meta property=\"article:modified_time\" content=\"2026-04-16T10:36:18+00:00\" \/>\n<meta property=\"og:image\" content=\"https:\/\/librairie7l.com\/wp-content\/uploads\/2025\/05\/9789462303997_1_75.jpg\" \/>\n\t<meta property=\"og:image:width\" content=\"600\" \/>\n\t<meta property=\"og:image:height\" content=\"730\" \/>\n\t<meta property=\"og:image:type\" content=\"image\/jpeg\" \/>\n<meta name=\"twitter:card\" content=\"summary_large_image\" \/>\n<meta name=\"twitter:label1\" content=\"Est. reading time\" \/>\n\t<meta name=\"twitter:data1\" content=\"1 minute\" \/>\n<script type=\"application\/ld+json\" class=\"yoast-schema-graph\">{\"@context\":\"https:\/\/schema.org\",\"@graph\":[{\"@type\":\"WebPage\",\"@id\":\"https:\/\/librairie7l.com\/en\/produit\/le-jardin-japonais-moderne-2\/\",\"url\":\"https:\/\/librairie7l.com\/en\/produit\/le-jardin-japonais-moderne-2\/\",\"name\":\"Le jardin japonais moderne - Librairie 7L\",\"isPartOf\":{\"@id\":\"https:\/\/librairie7l.com\/en\/#website\"},\"datePublished\":\"2025-10-22T07:18:14+00:00\",\"dateModified\":\"2026-04-16T10:36:18+00:00\",\"breadcrumb\":{\"@id\":\"https:\/\/librairie7l.com\/en\/produit\/le-jardin-japonais-moderne-2\/#breadcrumb\"},\"inLanguage\":\"en-US\",\"potentialAction\":[{\"@type\":\"ReadAction\",\"target\":[\"https:\/\/librairie7l.com\/en\/produit\/le-jardin-japonais-moderne-2\/\"]}]},{\"@type\":\"BreadcrumbList\",\"@id\":\"https:\/\/librairie7l.com\/en\/produit\/le-jardin-japonais-moderne-2\/#breadcrumb\",\"itemListElement\":[{\"@type\":\"ListItem\",\"position\":1,\"name\":\"Accueil\",\"item\":\"https:\/\/librairie7l.com\/en\/\"},{\"@type\":\"ListItem\",\"position\":2,\"name\":\"Shop\",\"item\":\"https:\/\/librairie7l.com\/en\/shop\/\"},{\"@type\":\"ListItem\",\"position\":3,\"name\":\"LE JARDIN JAPONAIS MODERNE\"}]},{\"@type\":\"WebSite\",\"@id\":\"https:\/\/librairie7l.com\/en\/#website\",\"url\":\"https:\/\/librairie7l.com\/en\/\",\"name\":\"Librairie 7L\",\"description\":\"Librairie fond\u00e9e en 1999 par Karl Lagerfeld \u00e0 Paris\",\"publisher\":{\"@id\":\"https:\/\/librairie7l.com\/en\/#organization\"},\"potentialAction\":[{\"@type\":\"SearchAction\",\"target\":{\"@type\":\"EntryPoint\",\"urlTemplate\":\"https:\/\/librairie7l.com\/en\/?s={search_term_string}\"},\"query-input\":\"required name=search_term_string\"}],\"inLanguage\":\"en-US\"},{\"@type\":\"Organization\",\"@id\":\"https:\/\/librairie7l.com\/en\/#organization\",\"name\":\"Librairie 7L\",\"url\":\"https:\/\/librairie7l.com\/en\/\",\"logo\":{\"@type\":\"ImageObject\",\"inLanguage\":\"en-US\",\"@id\":\"https:\/\/librairie7l.com\/en\/#\/schema\/logo\/image\/\",\"url\":\"https:\/\/librairie7l.com\/wp-content\/uploads\/2022\/08\/logo-1.png\",\"contentUrl\":\"https:\/\/librairie7l.com\/wp-content\/uploads\/2022\/08\/logo-1.png\",\"width\":227,\"height\":301,\"caption\":\"Librairie 7L\"},\"image\":{\"@id\":\"https:\/\/librairie7l.com\/en\/#\/schema\/logo\/image\/\"}}]}<\/script>\n<!-- \/ Yoast SEO plugin. -->","yoast_head_json":{"title":"Le jardin japonais moderne - Librairie 7L","robots":{"index":"index","follow":"follow","max-snippet":"max-snippet:-1","max-image-preview":"max-image-preview:large","max-video-preview":"max-video-preview:-1"},"canonical":"https:\/\/librairie7l.com\/en\/produit\/le-jardin-japonais-moderne-2\/","og_locale":"en_US","og_type":"article","og_title":"Le jardin japonais moderne - Librairie 7L","og_description":"Le Jardin japonais moderne est une \u00e9tude majeure, la premi\u00e8re du genre, qui s&#8217;impose comme le livre de r\u00e9f\u00e9rence sur le sujet. Cette oeuvre de r\u00e9f\u00e9rence moderne questionne la relation entre nature et modernit\u00e9. Divis\u00e9 approximativement entre les cr\u00e9ations d&#8217;avant et apr\u00e8s 1945, l&#8217;ouvrage r\u00e9v\u00e8le comment le jardin contemporain, refl\u00e9tant l&#8217;\u00e9volution des mentalit\u00e9s apr\u00e8s la [&hellip;]","og_url":"https:\/\/librairie7l.com\/en\/produit\/le-jardin-japonais-moderne-2\/","og_site_name":"Librairie 7L","article_modified_time":"2026-04-16T10:36:18+00:00","og_image":[{"width":600,"height":730,"url":"https:\/\/librairie7l.com\/wp-content\/uploads\/2025\/05\/9789462303997_1_75.jpg","type":"image\/jpeg"}],"twitter_card":"summary_large_image","twitter_misc":{"Est. reading time":"1 minute"},"schema":{"@context":"https:\/\/schema.org","@graph":[{"@type":"WebPage","@id":"https:\/\/librairie7l.com\/en\/produit\/le-jardin-japonais-moderne-2\/","url":"https:\/\/librairie7l.com\/en\/produit\/le-jardin-japonais-moderne-2\/","name":"Le jardin japonais moderne - Librairie 7L","isPartOf":{"@id":"https:\/\/librairie7l.com\/en\/#website"},"datePublished":"2025-10-22T07:18:14+00:00","dateModified":"2026-04-16T10:36:18+00:00","breadcrumb":{"@id":"https:\/\/librairie7l.com\/en\/produit\/le-jardin-japonais-moderne-2\/#breadcrumb"},"inLanguage":"en-US","potentialAction":[{"@type":"ReadAction","target":["https:\/\/librairie7l.com\/en\/produit\/le-jardin-japonais-moderne-2\/"]}]},{"@type":"BreadcrumbList","@id":"https:\/\/librairie7l.com\/en\/produit\/le-jardin-japonais-moderne-2\/#breadcrumb","itemListElement":[{"@type":"ListItem","position":1,"name":"Accueil","item":"https:\/\/librairie7l.com\/en\/"},{"@type":"ListItem","position":2,"name":"Shop","item":"https:\/\/librairie7l.com\/en\/shop\/"},{"@type":"ListItem","position":3,"name":"LE JARDIN JAPONAIS MODERNE"}]},{"@type":"WebSite","@id":"https:\/\/librairie7l.com\/en\/#website","url":"https:\/\/librairie7l.com\/en\/","name":"Librairie 7L","description":"Librairie fond\u00e9e en 1999 par Karl Lagerfeld \u00e0 Paris","publisher":{"@id":"https:\/\/librairie7l.com\/en\/#organization"},"potentialAction":[{"@type":"SearchAction","target":{"@type":"EntryPoint","urlTemplate":"https:\/\/librairie7l.com\/en\/?s={search_term_string}"},"query-input":"required name=search_term_string"}],"inLanguage":"en-US"},{"@type":"Organization","@id":"https:\/\/librairie7l.com\/en\/#organization","name":"Librairie 7L","url":"https:\/\/librairie7l.com\/en\/","logo":{"@type":"ImageObject","inLanguage":"en-US","@id":"https:\/\/librairie7l.com\/en\/#\/schema\/logo\/image\/","url":"https:\/\/librairie7l.com\/wp-content\/uploads\/2022\/08\/logo-1.png","contentUrl":"https:\/\/librairie7l.com\/wp-content\/uploads\/2022\/08\/logo-1.png","width":227,"height":301,"caption":"Librairie 7L"},"image":{"@id":"https:\/\/librairie7l.com\/en\/#\/schema\/logo\/image\/"}}]}},"_links":{"self":[{"href":"https:\/\/librairie7l.com\/en\/wp-json\/wp\/v2\/product\/51642"}],"collection":[{"href":"https:\/\/librairie7l.com\/en\/wp-json\/wp\/v2\/product"}],"about":[{"href":"https:\/\/librairie7l.com\/en\/wp-json\/wp\/v2\/types\/product"}],"wp:featuredmedia":[{"embeddable":true,"href":"https:\/\/librairie7l.com\/en\/wp-json\/wp\/v2\/media\/51640"}],"wp:attachment":[{"href":"https:\/\/librairie7l.com\/en\/wp-json\/wp\/v2\/media?parent=51642"}],"wp:term":[{"taxonomy":"product_cat","embeddable":true,"href":"https:\/\/librairie7l.com\/en\/wp-json\/wp\/v2\/product_cat?post=51642"},{"taxonomy":"product_tag","embeddable":true,"href":"https:\/\/librairie7l.com\/en\/wp-json\/wp\/v2\/product_tag?post=51642"}],"curies":[{"name":"wp","href":"https:\/\/api.w.org\/{rel}","templated":true}]}}