{"id":51646,"date":"2025-10-22T09:18:16","date_gmt":"2025-10-22T07:18:16","guid":{"rendered":"https:\/\/librairie7l.com\/?post_type=product&#038;p=51646"},"modified":"2026-04-18T13:17:32","modified_gmt":"2026-04-18T11:17:32","slug":"la-nuit-des-plantes-dans-le-jardin-de-gilles-clement-2","status":"publish","type":"product","link":"https:\/\/librairie7l.com\/en\/produit\/la-nuit-des-plantes-dans-le-jardin-de-gilles-clement-2\/","title":{"rendered":"LA NUIT DES PLANTES : DANS LE JARDIN DE GILLES CL\u00c9MENT"},"content":{"rendered":"<p>D\u00e9couvrir, dans son jardin, les plantes inconnues de la nuit, c&#8217;est ce que propose le photographe Guillaume Rivi\u00e8re au c\u00e9l\u00e8bre paysagiste Gilles Cl\u00e9ment. \u00c0 toutes les saisons, le photographe est venu, pendant plusieurs nuits, arpenter le jardin de Gilles Cl\u00e9ment, dans la Creuse. Et le jardinier n&#8217;en croit pas ses yeux : il d\u00e9couvre un autre monde v\u00e9g\u00e9tal.<\/p>\n","protected":false},"excerpt":{"rendered":"<p>D\u00e9couvrir, dans son jardin, les plantes inconnues de la nuit, c&#8217;est ce que propose le photographe Guillaume Rivi\u00e8re au c\u00e9l\u00e8bre paysagiste Gilles Cl\u00e9ment. \u00c0 toutes les saisons, le photographe est venu, pendant plusieurs nuits, arpenter le jardin de Gilles Cl\u00e9ment, dans la Creuse. Et le jardinier n&#8217;en croit pas ses yeux : il d\u00e9couvre un [&hellip;]<\/p>\n","protected":false},"featured_media":51644,"template":"","meta":[],"product_cat":[2948,2956],"product_tag":[],"acf":[],"yoast_head":"<!-- This site is optimized with the Yoast SEO plugin v20.11 - https:\/\/yoast.com\/wordpress\/plugins\/seo\/ -->\n<title>La nuit des plantes : Dans le jardin de Gilles Cl\u00e9ment - Librairie 7L<\/title>\n<meta name=\"robots\" content=\"index, follow, max-snippet:-1, max-image-preview:large, max-video-preview:-1\" \/>\n<link rel=\"canonical\" href=\"https:\/\/librairie7l.com\/en\/produit\/la-nuit-des-plantes-dans-le-jardin-de-gilles-clement-2\/\" \/>\n<meta property=\"og:locale\" content=\"en_US\" \/>\n<meta property=\"og:type\" content=\"article\" \/>\n<meta property=\"og:title\" content=\"La nuit des plantes : Dans le jardin de Gilles Cl\u00e9ment - Librairie 7L\" \/>\n<meta property=\"og:description\" content=\"D\u00e9couvrir, dans son jardin, les plantes inconnues de la nuit, c&#8217;est ce que propose le photographe Guillaume Rivi\u00e8re au c\u00e9l\u00e8bre paysagiste Gilles Cl\u00e9ment. \u00c0 toutes les saisons, le photographe est venu, pendant plusieurs nuits, arpenter le jardin de Gilles Cl\u00e9ment, dans la Creuse. Et le jardinier n&#8217;en croit pas ses yeux : il d\u00e9couvre un [&hellip;]\" \/>\n<meta property=\"og:url\" content=\"https:\/\/librairie7l.com\/en\/produit\/la-nuit-des-plantes-dans-le-jardin-de-gilles-clement-2\/\" \/>\n<meta property=\"og:site_name\" content=\"Librairie 7L\" \/>\n<meta property=\"article:modified_time\" content=\"2026-04-18T11:17:32+00:00\" \/>\n<meta property=\"og:image\" content=\"https:\/\/librairie7l.com\/wp-content\/uploads\/2025\/05\/9791091713306_1_75.jpg\" \/>\n\t<meta property=\"og:image:width\" content=\"844\" \/>\n\t<meta property=\"og:image:height\" content=\"600\" \/>\n\t<meta property=\"og:image:type\" content=\"image\/jpeg\" \/>\n<meta name=\"twitter:card\" content=\"summary_large_image\" \/>\n<script type=\"application\/ld+json\" class=\"yoast-schema-graph\">{\"@context\":\"https:\/\/schema.org\",\"@graph\":[{\"@type\":\"WebPage\",\"@id\":\"https:\/\/librairie7l.com\/en\/produit\/la-nuit-des-plantes-dans-le-jardin-de-gilles-clement-2\/\",\"url\":\"https:\/\/librairie7l.com\/en\/produit\/la-nuit-des-plantes-dans-le-jardin-de-gilles-clement-2\/\",\"name\":\"La nuit des plantes : Dans le jardin de Gilles Cl\u00e9ment - Librairie 7L\",\"isPartOf\":{\"@id\":\"https:\/\/librairie7l.com\/en\/#website\"},\"datePublished\":\"2025-10-22T07:18:16+00:00\",\"dateModified\":\"2026-04-18T11:17:32+00:00\",\"breadcrumb\":{\"@id\":\"https:\/\/librairie7l.com\/en\/produit\/la-nuit-des-plantes-dans-le-jardin-de-gilles-clement-2\/#breadcrumb\"},\"inLanguage\":\"en-US\",\"potentialAction\":[{\"@type\":\"ReadAction\",\"target\":[\"https:\/\/librairie7l.com\/en\/produit\/la-nuit-des-plantes-dans-le-jardin-de-gilles-clement-2\/\"]}]},{\"@type\":\"BreadcrumbList\",\"@id\":\"https:\/\/librairie7l.com\/en\/produit\/la-nuit-des-plantes-dans-le-jardin-de-gilles-clement-2\/#breadcrumb\",\"itemListElement\":[{\"@type\":\"ListItem\",\"position\":1,\"name\":\"Accueil\",\"item\":\"https:\/\/librairie7l.com\/en\/\"},{\"@type\":\"ListItem\",\"position\":2,\"name\":\"Shop\",\"item\":\"https:\/\/librairie7l.com\/en\/shop\/\"},{\"@type\":\"ListItem\",\"position\":3,\"name\":\"LA NUIT DES PLANTES : DANS LE JARDIN DE GILLES CL\u00c9MENT\"}]},{\"@type\":\"WebSite\",\"@id\":\"https:\/\/librairie7l.com\/en\/#website\",\"url\":\"https:\/\/librairie7l.com\/en\/\",\"name\":\"Librairie 7L\",\"description\":\"Librairie fond\u00e9e en 1999 par Karl Lagerfeld \u00e0 Paris\",\"publisher\":{\"@id\":\"https:\/\/librairie7l.com\/en\/#organization\"},\"potentialAction\":[{\"@type\":\"SearchAction\",\"target\":{\"@type\":\"EntryPoint\",\"urlTemplate\":\"https:\/\/librairie7l.com\/en\/?s={search_term_string}\"},\"query-input\":\"required name=search_term_string\"}],\"inLanguage\":\"en-US\"},{\"@type\":\"Organization\",\"@id\":\"https:\/\/librairie7l.com\/en\/#organization\",\"name\":\"Librairie 7L\",\"url\":\"https:\/\/librairie7l.com\/en\/\",\"logo\":{\"@type\":\"ImageObject\",\"inLanguage\":\"en-US\",\"@id\":\"https:\/\/librairie7l.com\/en\/#\/schema\/logo\/image\/\",\"url\":\"https:\/\/librairie7l.com\/wp-content\/uploads\/2022\/08\/logo-1.png\",\"contentUrl\":\"https:\/\/librairie7l.com\/wp-content\/uploads\/2022\/08\/logo-1.png\",\"width\":227,\"height\":301,\"caption\":\"Librairie 7L\"},\"image\":{\"@id\":\"https:\/\/librairie7l.com\/en\/#\/schema\/logo\/image\/\"}}]}<\/script>\n<!-- \/ Yoast SEO plugin. -->","yoast_head_json":{"title":"La nuit des plantes : Dans le jardin de Gilles Cl\u00e9ment - Librairie 7L","robots":{"index":"index","follow":"follow","max-snippet":"max-snippet:-1","max-image-preview":"max-image-preview:large","max-video-preview":"max-video-preview:-1"},"canonical":"https:\/\/librairie7l.com\/en\/produit\/la-nuit-des-plantes-dans-le-jardin-de-gilles-clement-2\/","og_locale":"en_US","og_type":"article","og_title":"La nuit des plantes : Dans le jardin de Gilles Cl\u00e9ment - Librairie 7L","og_description":"D\u00e9couvrir, dans son jardin, les plantes inconnues de la nuit, c&#8217;est ce que propose le photographe Guillaume Rivi\u00e8re au c\u00e9l\u00e8bre paysagiste Gilles Cl\u00e9ment. \u00c0 toutes les saisons, le photographe est venu, pendant plusieurs nuits, arpenter le jardin de Gilles Cl\u00e9ment, dans la Creuse. Et le jardinier n&#8217;en croit pas ses yeux : il d\u00e9couvre un [&hellip;]","og_url":"https:\/\/librairie7l.com\/en\/produit\/la-nuit-des-plantes-dans-le-jardin-de-gilles-clement-2\/","og_site_name":"Librairie 7L","article_modified_time":"2026-04-18T11:17:32+00:00","og_image":[{"width":844,"height":600,"url":"https:\/\/librairie7l.com\/wp-content\/uploads\/2025\/05\/9791091713306_1_75.jpg","type":"image\/jpeg"}],"twitter_card":"summary_large_image","schema":{"@context":"https:\/\/schema.org","@graph":[{"@type":"WebPage","@id":"https:\/\/librairie7l.com\/en\/produit\/la-nuit-des-plantes-dans-le-jardin-de-gilles-clement-2\/","url":"https:\/\/librairie7l.com\/en\/produit\/la-nuit-des-plantes-dans-le-jardin-de-gilles-clement-2\/","name":"La nuit des plantes : Dans le jardin de Gilles Cl\u00e9ment - Librairie 7L","isPartOf":{"@id":"https:\/\/librairie7l.com\/en\/#website"},"datePublished":"2025-10-22T07:18:16+00:00","dateModified":"2026-04-18T11:17:32+00:00","breadcrumb":{"@id":"https:\/\/librairie7l.com\/en\/produit\/la-nuit-des-plantes-dans-le-jardin-de-gilles-clement-2\/#breadcrumb"},"inLanguage":"en-US","potentialAction":[{"@type":"ReadAction","target":["https:\/\/librairie7l.com\/en\/produit\/la-nuit-des-plantes-dans-le-jardin-de-gilles-clement-2\/"]}]},{"@type":"BreadcrumbList","@id":"https:\/\/librairie7l.com\/en\/produit\/la-nuit-des-plantes-dans-le-jardin-de-gilles-clement-2\/#breadcrumb","itemListElement":[{"@type":"ListItem","position":1,"name":"Accueil","item":"https:\/\/librairie7l.com\/en\/"},{"@type":"ListItem","position":2,"name":"Shop","item":"https:\/\/librairie7l.com\/en\/shop\/"},{"@type":"ListItem","position":3,"name":"LA NUIT DES PLANTES : DANS LE JARDIN DE GILLES CL\u00c9MENT"}]},{"@type":"WebSite","@id":"https:\/\/librairie7l.com\/en\/#website","url":"https:\/\/librairie7l.com\/en\/","name":"Librairie 7L","description":"Librairie fond\u00e9e en 1999 par Karl Lagerfeld \u00e0 Paris","publisher":{"@id":"https:\/\/librairie7l.com\/en\/#organization"},"potentialAction":[{"@type":"SearchAction","target":{"@type":"EntryPoint","urlTemplate":"https:\/\/librairie7l.com\/en\/?s={search_term_string}"},"query-input":"required name=search_term_string"}],"inLanguage":"en-US"},{"@type":"Organization","@id":"https:\/\/librairie7l.com\/en\/#organization","name":"Librairie 7L","url":"https:\/\/librairie7l.com\/en\/","logo":{"@type":"ImageObject","inLanguage":"en-US","@id":"https:\/\/librairie7l.com\/en\/#\/schema\/logo\/image\/","url":"https:\/\/librairie7l.com\/wp-content\/uploads\/2022\/08\/logo-1.png","contentUrl":"https:\/\/librairie7l.com\/wp-content\/uploads\/2022\/08\/logo-1.png","width":227,"height":301,"caption":"Librairie 7L"},"image":{"@id":"https:\/\/librairie7l.com\/en\/#\/schema\/logo\/image\/"}}]}},"_links":{"self":[{"href":"https:\/\/librairie7l.com\/en\/wp-json\/wp\/v2\/product\/51646"}],"collection":[{"href":"https:\/\/librairie7l.com\/en\/wp-json\/wp\/v2\/product"}],"about":[{"href":"https:\/\/librairie7l.com\/en\/wp-json\/wp\/v2\/types\/product"}],"wp:featuredmedia":[{"embeddable":true,"href":"https:\/\/librairie7l.com\/en\/wp-json\/wp\/v2\/media\/51644"}],"wp:attachment":[{"href":"https:\/\/librairie7l.com\/en\/wp-json\/wp\/v2\/media?parent=51646"}],"wp:term":[{"taxonomy":"product_cat","embeddable":true,"href":"https:\/\/librairie7l.com\/en\/wp-json\/wp\/v2\/product_cat?post=51646"},{"taxonomy":"product_tag","embeddable":true,"href":"https:\/\/librairie7l.com\/en\/wp-json\/wp\/v2\/product_tag?post=51646"}],"curies":[{"name":"wp","href":"https:\/\/api.w.org\/{rel}","templated":true}]}}