{"id":51650,"date":"2025-10-22T09:18:19","date_gmt":"2025-10-22T07:18:19","guid":{"rendered":"https:\/\/librairie7l.com\/?post_type=product&#038;p=51650"},"modified":"2026-05-07T19:55:19","modified_gmt":"2026-05-07T17:55:19","slug":"picasso-crommelynck-et-les-autres-rencontre-a-vezelay-2","status":"publish","type":"product","link":"https:\/\/librairie7l.com\/en\/produit\/picasso-crommelynck-et-les-autres-rencontre-a-vezelay-2\/","title":{"rendered":"PICASSO, CROMMELYNCK ET LES AUTRES : RENCONTRE \u00c0 V\u00c9ZELAY"},"content":{"rendered":"<p>Ce livre plonge dans l&#8217;univers du ma\u00eetre graveur Piero Crommelynck, mettant en lumi\u00e8re ses collaborations avec des artistes majeurs comme Picasso, Masson, et Hockney. \u00c0 travers un essai, un entretien in\u00e9dit et un catalogue illustr\u00e9, il r\u00e9v\u00e8le le r\u00f4le cl\u00e9 du graveur comme artisan et catalyseur de l&#8217;exp\u00e9rimentation artistique, offrant une pr\u00e9cieuse m\u00e9moire d&#8217;atelier.<\/p>\n","protected":false},"excerpt":{"rendered":"<p>Ce livre plonge dans l&#8217;univers du ma\u00eetre graveur Piero Crommelynck, mettant en lumi\u00e8re ses collaborations avec des artistes majeurs comme Picasso, Masson, et Hockney. \u00c0 travers un essai, un entretien in\u00e9dit et un catalogue illustr\u00e9, il r\u00e9v\u00e8le le r\u00f4le cl\u00e9 du graveur comme artisan et catalyseur de l&#8217;exp\u00e9rimentation artistique, offrant une pr\u00e9cieuse m\u00e9moire d&#8217;atelier.<\/p>\n","protected":false},"featured_media":51648,"template":"","meta":[],"product_cat":[2948,2953],"product_tag":[],"acf":[],"yoast_head":"<!-- This site is optimized with the Yoast SEO plugin v20.11 - https:\/\/yoast.com\/wordpress\/plugins\/seo\/ -->\n<title>Picasso, Crommelynck et les autres : Rencontre \u00e0 V\u00e9zelay - Librairie 7L<\/title>\n<meta name=\"robots\" content=\"index, follow, max-snippet:-1, max-image-preview:large, max-video-preview:-1\" \/>\n<link rel=\"canonical\" href=\"https:\/\/librairie7l.com\/en\/produit\/picasso-crommelynck-et-les-autres-rencontre-a-vezelay-2\/\" \/>\n<meta property=\"og:locale\" content=\"en_US\" \/>\n<meta property=\"og:type\" content=\"article\" \/>\n<meta property=\"og:title\" content=\"Picasso, Crommelynck et les autres : Rencontre \u00e0 V\u00e9zelay - Librairie 7L\" \/>\n<meta property=\"og:description\" content=\"Ce livre plonge dans l&#8217;univers du ma\u00eetre graveur Piero Crommelynck, mettant en lumi\u00e8re ses collaborations avec des artistes majeurs comme Picasso, Masson, et Hockney. \u00c0 travers un essai, un entretien in\u00e9dit et un catalogue illustr\u00e9, il r\u00e9v\u00e8le le r\u00f4le cl\u00e9 du graveur comme artisan et catalyseur de l&#8217;exp\u00e9rimentation artistique, offrant une pr\u00e9cieuse m\u00e9moire d&#8217;atelier.\" \/>\n<meta property=\"og:url\" content=\"https:\/\/librairie7l.com\/en\/produit\/picasso-crommelynck-et-les-autres-rencontre-a-vezelay-2\/\" \/>\n<meta property=\"og:site_name\" content=\"Librairie 7L\" \/>\n<meta property=\"article:modified_time\" content=\"2026-05-07T17:55:19+00:00\" \/>\n<meta property=\"og:image\" content=\"https:\/\/librairie7l.com\/wp-content\/uploads\/2025\/06\/9782851173461_1_75.jpg\" \/>\n\t<meta property=\"og:image:width\" content=\"362\" \/>\n\t<meta property=\"og:image:height\" content=\"500\" \/>\n\t<meta property=\"og:image:type\" content=\"image\/jpeg\" \/>\n<meta name=\"twitter:card\" content=\"summary_large_image\" \/>\n<script type=\"application\/ld+json\" class=\"yoast-schema-graph\">{\"@context\":\"https:\/\/schema.org\",\"@graph\":[{\"@type\":\"WebPage\",\"@id\":\"https:\/\/librairie7l.com\/en\/produit\/picasso-crommelynck-et-les-autres-rencontre-a-vezelay-2\/\",\"url\":\"https:\/\/librairie7l.com\/en\/produit\/picasso-crommelynck-et-les-autres-rencontre-a-vezelay-2\/\",\"name\":\"Picasso, Crommelynck et les autres : Rencontre \u00e0 V\u00e9zelay - Librairie 7L\",\"isPartOf\":{\"@id\":\"https:\/\/librairie7l.com\/en\/#website\"},\"datePublished\":\"2025-10-22T07:18:19+00:00\",\"dateModified\":\"2026-05-07T17:55:19+00:00\",\"breadcrumb\":{\"@id\":\"https:\/\/librairie7l.com\/en\/produit\/picasso-crommelynck-et-les-autres-rencontre-a-vezelay-2\/#breadcrumb\"},\"inLanguage\":\"en-US\",\"potentialAction\":[{\"@type\":\"ReadAction\",\"target\":[\"https:\/\/librairie7l.com\/en\/produit\/picasso-crommelynck-et-les-autres-rencontre-a-vezelay-2\/\"]}]},{\"@type\":\"BreadcrumbList\",\"@id\":\"https:\/\/librairie7l.com\/en\/produit\/picasso-crommelynck-et-les-autres-rencontre-a-vezelay-2\/#breadcrumb\",\"itemListElement\":[{\"@type\":\"ListItem\",\"position\":1,\"name\":\"Accueil\",\"item\":\"https:\/\/librairie7l.com\/en\/\"},{\"@type\":\"ListItem\",\"position\":2,\"name\":\"Shop\",\"item\":\"https:\/\/librairie7l.com\/en\/shop\/\"},{\"@type\":\"ListItem\",\"position\":3,\"name\":\"PICASSO, CROMMELYNCK ET LES AUTRES : RENCONTRE \u00c0 V\u00c9ZELAY\"}]},{\"@type\":\"WebSite\",\"@id\":\"https:\/\/librairie7l.com\/en\/#website\",\"url\":\"https:\/\/librairie7l.com\/en\/\",\"name\":\"Librairie 7L\",\"description\":\"Librairie fond\u00e9e en 1999 par Karl Lagerfeld \u00e0 Paris\",\"publisher\":{\"@id\":\"https:\/\/librairie7l.com\/en\/#organization\"},\"potentialAction\":[{\"@type\":\"SearchAction\",\"target\":{\"@type\":\"EntryPoint\",\"urlTemplate\":\"https:\/\/librairie7l.com\/en\/?s={search_term_string}\"},\"query-input\":\"required name=search_term_string\"}],\"inLanguage\":\"en-US\"},{\"@type\":\"Organization\",\"@id\":\"https:\/\/librairie7l.com\/en\/#organization\",\"name\":\"Librairie 7L\",\"url\":\"https:\/\/librairie7l.com\/en\/\",\"logo\":{\"@type\":\"ImageObject\",\"inLanguage\":\"en-US\",\"@id\":\"https:\/\/librairie7l.com\/en\/#\/schema\/logo\/image\/\",\"url\":\"https:\/\/librairie7l.com\/wp-content\/uploads\/2022\/08\/logo-1.png\",\"contentUrl\":\"https:\/\/librairie7l.com\/wp-content\/uploads\/2022\/08\/logo-1.png\",\"width\":227,\"height\":301,\"caption\":\"Librairie 7L\"},\"image\":{\"@id\":\"https:\/\/librairie7l.com\/en\/#\/schema\/logo\/image\/\"}}]}<\/script>\n<!-- \/ Yoast SEO plugin. -->","yoast_head_json":{"title":"Picasso, Crommelynck et les autres : Rencontre \u00e0 V\u00e9zelay - Librairie 7L","robots":{"index":"index","follow":"follow","max-snippet":"max-snippet:-1","max-image-preview":"max-image-preview:large","max-video-preview":"max-video-preview:-1"},"canonical":"https:\/\/librairie7l.com\/en\/produit\/picasso-crommelynck-et-les-autres-rencontre-a-vezelay-2\/","og_locale":"en_US","og_type":"article","og_title":"Picasso, Crommelynck et les autres : Rencontre \u00e0 V\u00e9zelay - Librairie 7L","og_description":"Ce livre plonge dans l&#8217;univers du ma\u00eetre graveur Piero Crommelynck, mettant en lumi\u00e8re ses collaborations avec des artistes majeurs comme Picasso, Masson, et Hockney. \u00c0 travers un essai, un entretien in\u00e9dit et un catalogue illustr\u00e9, il r\u00e9v\u00e8le le r\u00f4le cl\u00e9 du graveur comme artisan et catalyseur de l&#8217;exp\u00e9rimentation artistique, offrant une pr\u00e9cieuse m\u00e9moire d&#8217;atelier.","og_url":"https:\/\/librairie7l.com\/en\/produit\/picasso-crommelynck-et-les-autres-rencontre-a-vezelay-2\/","og_site_name":"Librairie 7L","article_modified_time":"2026-05-07T17:55:19+00:00","og_image":[{"width":362,"height":500,"url":"https:\/\/librairie7l.com\/wp-content\/uploads\/2025\/06\/9782851173461_1_75.jpg","type":"image\/jpeg"}],"twitter_card":"summary_large_image","schema":{"@context":"https:\/\/schema.org","@graph":[{"@type":"WebPage","@id":"https:\/\/librairie7l.com\/en\/produit\/picasso-crommelynck-et-les-autres-rencontre-a-vezelay-2\/","url":"https:\/\/librairie7l.com\/en\/produit\/picasso-crommelynck-et-les-autres-rencontre-a-vezelay-2\/","name":"Picasso, Crommelynck et les autres : Rencontre \u00e0 V\u00e9zelay - Librairie 7L","isPartOf":{"@id":"https:\/\/librairie7l.com\/en\/#website"},"datePublished":"2025-10-22T07:18:19+00:00","dateModified":"2026-05-07T17:55:19+00:00","breadcrumb":{"@id":"https:\/\/librairie7l.com\/en\/produit\/picasso-crommelynck-et-les-autres-rencontre-a-vezelay-2\/#breadcrumb"},"inLanguage":"en-US","potentialAction":[{"@type":"ReadAction","target":["https:\/\/librairie7l.com\/en\/produit\/picasso-crommelynck-et-les-autres-rencontre-a-vezelay-2\/"]}]},{"@type":"BreadcrumbList","@id":"https:\/\/librairie7l.com\/en\/produit\/picasso-crommelynck-et-les-autres-rencontre-a-vezelay-2\/#breadcrumb","itemListElement":[{"@type":"ListItem","position":1,"name":"Accueil","item":"https:\/\/librairie7l.com\/en\/"},{"@type":"ListItem","position":2,"name":"Shop","item":"https:\/\/librairie7l.com\/en\/shop\/"},{"@type":"ListItem","position":3,"name":"PICASSO, CROMMELYNCK ET LES AUTRES : RENCONTRE \u00c0 V\u00c9ZELAY"}]},{"@type":"WebSite","@id":"https:\/\/librairie7l.com\/en\/#website","url":"https:\/\/librairie7l.com\/en\/","name":"Librairie 7L","description":"Librairie fond\u00e9e en 1999 par Karl Lagerfeld \u00e0 Paris","publisher":{"@id":"https:\/\/librairie7l.com\/en\/#organization"},"potentialAction":[{"@type":"SearchAction","target":{"@type":"EntryPoint","urlTemplate":"https:\/\/librairie7l.com\/en\/?s={search_term_string}"},"query-input":"required name=search_term_string"}],"inLanguage":"en-US"},{"@type":"Organization","@id":"https:\/\/librairie7l.com\/en\/#organization","name":"Librairie 7L","url":"https:\/\/librairie7l.com\/en\/","logo":{"@type":"ImageObject","inLanguage":"en-US","@id":"https:\/\/librairie7l.com\/en\/#\/schema\/logo\/image\/","url":"https:\/\/librairie7l.com\/wp-content\/uploads\/2022\/08\/logo-1.png","contentUrl":"https:\/\/librairie7l.com\/wp-content\/uploads\/2022\/08\/logo-1.png","width":227,"height":301,"caption":"Librairie 7L"},"image":{"@id":"https:\/\/librairie7l.com\/en\/#\/schema\/logo\/image\/"}}]}},"_links":{"self":[{"href":"https:\/\/librairie7l.com\/en\/wp-json\/wp\/v2\/product\/51650"}],"collection":[{"href":"https:\/\/librairie7l.com\/en\/wp-json\/wp\/v2\/product"}],"about":[{"href":"https:\/\/librairie7l.com\/en\/wp-json\/wp\/v2\/types\/product"}],"wp:featuredmedia":[{"embeddable":true,"href":"https:\/\/librairie7l.com\/en\/wp-json\/wp\/v2\/media\/51648"}],"wp:attachment":[{"href":"https:\/\/librairie7l.com\/en\/wp-json\/wp\/v2\/media?parent=51650"}],"wp:term":[{"taxonomy":"product_cat","embeddable":true,"href":"https:\/\/librairie7l.com\/en\/wp-json\/wp\/v2\/product_cat?post=51650"},{"taxonomy":"product_tag","embeddable":true,"href":"https:\/\/librairie7l.com\/en\/wp-json\/wp\/v2\/product_tag?post=51650"}],"curies":[{"name":"wp","href":"https:\/\/api.w.org\/{rel}","templated":true}]}}