{"id":51658,"date":"2025-10-22T09:18:23","date_gmt":"2025-10-22T07:18:23","guid":{"rendered":"https:\/\/librairie7l.com\/?post_type=product&#038;p=51658"},"modified":"2026-04-14T21:30:09","modified_gmt":"2026-04-14T19:30:09","slug":"the-story-of-the-interior-how-we-have-shaped-rooms-and-they-shape-us-2","status":"publish","type":"product","link":"https:\/\/librairie7l.com\/en\/produit\/the-story-of-the-interior-how-we-have-shaped-rooms-and-they-shape-us-2\/","title":{"rendered":"THE STORY OF THE INTERIOR : HOW WE HAVE SHAPED ROOMS AND THEY SHAPE US"},"content":{"rendered":"<p>Organis\u00e9 en trois parties La chambre, lint\u00e9rieur priv\u00e9 et lint\u00e9rieur public le livre pr\u00e9sente un r\u00e9cit fascinant et abondamment illustr\u00e9 de la fa\u00e7on dont lint\u00e9rieur a \u00e9t\u00e9 con\u00e7u et pens\u00e9 depuis lantiquit\u00e9 jusqu\u00e0 nos jours. En attirant lattention sur les \u00e9l\u00e9ments les plus fondamentaux de lespace int\u00e9rieur murs, portes, fen\u00eatres, meubles, ambiance pour nen nommer que quelques-uns cette exploration captivante explore comment les int\u00e9rieurs priv\u00e9s et publics fa\u00e7onnent activement notre fa\u00e7on de vivre, travailler, apprendre et jouer.<\/p>\n","protected":false},"excerpt":{"rendered":"<p>Organis\u00e9 en trois parties La chambre, lint\u00e9rieur priv\u00e9 et lint\u00e9rieur public le livre pr\u00e9sente un r\u00e9cit fascinant et abondamment illustr\u00e9 de la fa\u00e7on dont lint\u00e9rieur a \u00e9t\u00e9 con\u00e7u et pens\u00e9 depuis lantiquit\u00e9 jusqu\u00e0 nos jours. En attirant lattention sur les \u00e9l\u00e9ments les plus fondamentaux de lespace int\u00e9rieur murs, portes, fen\u00eatres, meubles, ambiance pour nen nommer [&hellip;]<\/p>\n","protected":false},"featured_media":51656,"template":"","meta":[],"product_cat":[2948,2951],"product_tag":[],"acf":[],"yoast_head":"<!-- This site is optimized with the Yoast SEO plugin v20.11 - https:\/\/yoast.com\/wordpress\/plugins\/seo\/ -->\n<title>The Story of the Interior : How We Have Shaped Rooms and They Shape Us - Librairie 7L<\/title>\n<meta name=\"robots\" content=\"index, follow, max-snippet:-1, max-image-preview:large, max-video-preview:-1\" \/>\n<link rel=\"canonical\" href=\"https:\/\/librairie7l.com\/en\/produit\/the-story-of-the-interior-how-we-have-shaped-rooms-and-they-shape-us-2\/\" \/>\n<meta property=\"og:locale\" content=\"en_US\" \/>\n<meta property=\"og:type\" content=\"article\" \/>\n<meta property=\"og:title\" content=\"The Story of the Interior : How We Have Shaped Rooms and They Shape Us - Librairie 7L\" \/>\n<meta property=\"og:description\" content=\"Organis\u00e9 en trois parties La chambre, lint\u00e9rieur priv\u00e9 et lint\u00e9rieur public le livre pr\u00e9sente un r\u00e9cit fascinant et abondamment illustr\u00e9 de la fa\u00e7on dont lint\u00e9rieur a \u00e9t\u00e9 con\u00e7u et pens\u00e9 depuis lantiquit\u00e9 jusqu\u00e0 nos jours. En attirant lattention sur les \u00e9l\u00e9ments les plus fondamentaux de lespace int\u00e9rieur murs, portes, fen\u00eatres, meubles, ambiance pour nen nommer [&hellip;]\" \/>\n<meta property=\"og:url\" content=\"https:\/\/librairie7l.com\/en\/produit\/the-story-of-the-interior-how-we-have-shaped-rooms-and-they-shape-us-2\/\" \/>\n<meta property=\"og:site_name\" content=\"Librairie 7L\" \/>\n<meta property=\"article:modified_time\" content=\"2026-04-14T19:30:09+00:00\" \/>\n<meta property=\"og:image\" content=\"https:\/\/librairie7l.com\/wp-content\/uploads\/2025\/08\/9780500027592_1_75.jpg\" \/>\n\t<meta property=\"og:image:width\" content=\"387\" \/>\n\t<meta property=\"og:image:height\" content=\"500\" \/>\n\t<meta property=\"og:image:type\" content=\"image\/jpeg\" \/>\n<meta name=\"twitter:card\" content=\"summary_large_image\" \/>\n<script type=\"application\/ld+json\" class=\"yoast-schema-graph\">{\"@context\":\"https:\/\/schema.org\",\"@graph\":[{\"@type\":\"WebPage\",\"@id\":\"https:\/\/librairie7l.com\/en\/produit\/the-story-of-the-interior-how-we-have-shaped-rooms-and-they-shape-us-2\/\",\"url\":\"https:\/\/librairie7l.com\/en\/produit\/the-story-of-the-interior-how-we-have-shaped-rooms-and-they-shape-us-2\/\",\"name\":\"The Story of the Interior : How We Have Shaped Rooms and They Shape Us - Librairie 7L\",\"isPartOf\":{\"@id\":\"https:\/\/librairie7l.com\/en\/#website\"},\"datePublished\":\"2025-10-22T07:18:23+00:00\",\"dateModified\":\"2026-04-14T19:30:09+00:00\",\"breadcrumb\":{\"@id\":\"https:\/\/librairie7l.com\/en\/produit\/the-story-of-the-interior-how-we-have-shaped-rooms-and-they-shape-us-2\/#breadcrumb\"},\"inLanguage\":\"en-US\",\"potentialAction\":[{\"@type\":\"ReadAction\",\"target\":[\"https:\/\/librairie7l.com\/en\/produit\/the-story-of-the-interior-how-we-have-shaped-rooms-and-they-shape-us-2\/\"]}]},{\"@type\":\"BreadcrumbList\",\"@id\":\"https:\/\/librairie7l.com\/en\/produit\/the-story-of-the-interior-how-we-have-shaped-rooms-and-they-shape-us-2\/#breadcrumb\",\"itemListElement\":[{\"@type\":\"ListItem\",\"position\":1,\"name\":\"Accueil\",\"item\":\"https:\/\/librairie7l.com\/en\/\"},{\"@type\":\"ListItem\",\"position\":2,\"name\":\"Shop\",\"item\":\"https:\/\/librairie7l.com\/en\/shop\/\"},{\"@type\":\"ListItem\",\"position\":3,\"name\":\"THE STORY OF THE INTERIOR : HOW WE HAVE SHAPED ROOMS AND THEY SHAPE US\"}]},{\"@type\":\"WebSite\",\"@id\":\"https:\/\/librairie7l.com\/en\/#website\",\"url\":\"https:\/\/librairie7l.com\/en\/\",\"name\":\"Librairie 7L\",\"description\":\"Librairie fond\u00e9e en 1999 par Karl Lagerfeld \u00e0 Paris\",\"publisher\":{\"@id\":\"https:\/\/librairie7l.com\/en\/#organization\"},\"potentialAction\":[{\"@type\":\"SearchAction\",\"target\":{\"@type\":\"EntryPoint\",\"urlTemplate\":\"https:\/\/librairie7l.com\/en\/?s={search_term_string}\"},\"query-input\":\"required name=search_term_string\"}],\"inLanguage\":\"en-US\"},{\"@type\":\"Organization\",\"@id\":\"https:\/\/librairie7l.com\/en\/#organization\",\"name\":\"Librairie 7L\",\"url\":\"https:\/\/librairie7l.com\/en\/\",\"logo\":{\"@type\":\"ImageObject\",\"inLanguage\":\"en-US\",\"@id\":\"https:\/\/librairie7l.com\/en\/#\/schema\/logo\/image\/\",\"url\":\"https:\/\/librairie7l.com\/wp-content\/uploads\/2022\/08\/logo-1.png\",\"contentUrl\":\"https:\/\/librairie7l.com\/wp-content\/uploads\/2022\/08\/logo-1.png\",\"width\":227,\"height\":301,\"caption\":\"Librairie 7L\"},\"image\":{\"@id\":\"https:\/\/librairie7l.com\/en\/#\/schema\/logo\/image\/\"}}]}<\/script>\n<!-- \/ Yoast SEO plugin. -->","yoast_head_json":{"title":"The Story of the Interior : How We Have Shaped Rooms and They Shape Us - Librairie 7L","robots":{"index":"index","follow":"follow","max-snippet":"max-snippet:-1","max-image-preview":"max-image-preview:large","max-video-preview":"max-video-preview:-1"},"canonical":"https:\/\/librairie7l.com\/en\/produit\/the-story-of-the-interior-how-we-have-shaped-rooms-and-they-shape-us-2\/","og_locale":"en_US","og_type":"article","og_title":"The Story of the Interior : How We Have Shaped Rooms and They Shape Us - Librairie 7L","og_description":"Organis\u00e9 en trois parties La chambre, lint\u00e9rieur priv\u00e9 et lint\u00e9rieur public le livre pr\u00e9sente un r\u00e9cit fascinant et abondamment illustr\u00e9 de la fa\u00e7on dont lint\u00e9rieur a \u00e9t\u00e9 con\u00e7u et pens\u00e9 depuis lantiquit\u00e9 jusqu\u00e0 nos jours. En attirant lattention sur les \u00e9l\u00e9ments les plus fondamentaux de lespace int\u00e9rieur murs, portes, fen\u00eatres, meubles, ambiance pour nen nommer [&hellip;]","og_url":"https:\/\/librairie7l.com\/en\/produit\/the-story-of-the-interior-how-we-have-shaped-rooms-and-they-shape-us-2\/","og_site_name":"Librairie 7L","article_modified_time":"2026-04-14T19:30:09+00:00","og_image":[{"width":387,"height":500,"url":"https:\/\/librairie7l.com\/wp-content\/uploads\/2025\/08\/9780500027592_1_75.jpg","type":"image\/jpeg"}],"twitter_card":"summary_large_image","schema":{"@context":"https:\/\/schema.org","@graph":[{"@type":"WebPage","@id":"https:\/\/librairie7l.com\/en\/produit\/the-story-of-the-interior-how-we-have-shaped-rooms-and-they-shape-us-2\/","url":"https:\/\/librairie7l.com\/en\/produit\/the-story-of-the-interior-how-we-have-shaped-rooms-and-they-shape-us-2\/","name":"The Story of the Interior : How We Have Shaped Rooms and They Shape Us - Librairie 7L","isPartOf":{"@id":"https:\/\/librairie7l.com\/en\/#website"},"datePublished":"2025-10-22T07:18:23+00:00","dateModified":"2026-04-14T19:30:09+00:00","breadcrumb":{"@id":"https:\/\/librairie7l.com\/en\/produit\/the-story-of-the-interior-how-we-have-shaped-rooms-and-they-shape-us-2\/#breadcrumb"},"inLanguage":"en-US","potentialAction":[{"@type":"ReadAction","target":["https:\/\/librairie7l.com\/en\/produit\/the-story-of-the-interior-how-we-have-shaped-rooms-and-they-shape-us-2\/"]}]},{"@type":"BreadcrumbList","@id":"https:\/\/librairie7l.com\/en\/produit\/the-story-of-the-interior-how-we-have-shaped-rooms-and-they-shape-us-2\/#breadcrumb","itemListElement":[{"@type":"ListItem","position":1,"name":"Accueil","item":"https:\/\/librairie7l.com\/en\/"},{"@type":"ListItem","position":2,"name":"Shop","item":"https:\/\/librairie7l.com\/en\/shop\/"},{"@type":"ListItem","position":3,"name":"THE STORY OF THE INTERIOR : HOW WE HAVE SHAPED ROOMS AND THEY SHAPE US"}]},{"@type":"WebSite","@id":"https:\/\/librairie7l.com\/en\/#website","url":"https:\/\/librairie7l.com\/en\/","name":"Librairie 7L","description":"Librairie fond\u00e9e en 1999 par Karl Lagerfeld \u00e0 Paris","publisher":{"@id":"https:\/\/librairie7l.com\/en\/#organization"},"potentialAction":[{"@type":"SearchAction","target":{"@type":"EntryPoint","urlTemplate":"https:\/\/librairie7l.com\/en\/?s={search_term_string}"},"query-input":"required name=search_term_string"}],"inLanguage":"en-US"},{"@type":"Organization","@id":"https:\/\/librairie7l.com\/en\/#organization","name":"Librairie 7L","url":"https:\/\/librairie7l.com\/en\/","logo":{"@type":"ImageObject","inLanguage":"en-US","@id":"https:\/\/librairie7l.com\/en\/#\/schema\/logo\/image\/","url":"https:\/\/librairie7l.com\/wp-content\/uploads\/2022\/08\/logo-1.png","contentUrl":"https:\/\/librairie7l.com\/wp-content\/uploads\/2022\/08\/logo-1.png","width":227,"height":301,"caption":"Librairie 7L"},"image":{"@id":"https:\/\/librairie7l.com\/en\/#\/schema\/logo\/image\/"}}]}},"_links":{"self":[{"href":"https:\/\/librairie7l.com\/en\/wp-json\/wp\/v2\/product\/51658"}],"collection":[{"href":"https:\/\/librairie7l.com\/en\/wp-json\/wp\/v2\/product"}],"about":[{"href":"https:\/\/librairie7l.com\/en\/wp-json\/wp\/v2\/types\/product"}],"wp:featuredmedia":[{"embeddable":true,"href":"https:\/\/librairie7l.com\/en\/wp-json\/wp\/v2\/media\/51656"}],"wp:attachment":[{"href":"https:\/\/librairie7l.com\/en\/wp-json\/wp\/v2\/media?parent=51658"}],"wp:term":[{"taxonomy":"product_cat","embeddable":true,"href":"https:\/\/librairie7l.com\/en\/wp-json\/wp\/v2\/product_cat?post=51658"},{"taxonomy":"product_tag","embeddable":true,"href":"https:\/\/librairie7l.com\/en\/wp-json\/wp\/v2\/product_tag?post=51658"}],"curies":[{"name":"wp","href":"https:\/\/api.w.org\/{rel}","templated":true}]}}