{"id":51682,"date":"2025-10-23T09:18:03","date_gmt":"2025-10-23T07:18:03","guid":{"rendered":"https:\/\/librairie7l.com\/?post_type=product&#038;p=51682"},"modified":"2026-04-16T12:44:39","modified_gmt":"2026-04-16T10:44:39","slug":"larchitecture-des-arbres-2","status":"publish","type":"product","link":"https:\/\/librairie7l.com\/en\/produit\/larchitecture-des-arbres-2\/","title":{"rendered":"L&#8217;ARCHITECTURE DES ARBRES"},"content":{"rendered":"<p>\u00abL&#8217;Architecture des arbres\u00bb est un livre hors normes, le r\u00e9sultat d&#8217;une \u00e9tude botanique et architecturale l\u00e9gendaire qui sera pr\u00e9sent\u00e9e dans l&#8217;exposition \u00abNous les Arbres\u00bb, du 9 juillet au 10 novembre 2019 \u00e0 la Fondation Cartier pour l&#8217;art contemporain. Initialement con\u00e7u en 1982 par les architectes Cesare Leonardi et Franca Stagi, ce livre aux dimensions imposantes rassemble plus de 550 dessins de 212 esp\u00e8ces d&#8217;arbres dessin\u00e9s \u00e0 l&#8217;\u00e9chelle 1\/100 avec et sans feuillage, ainsi que des diagrammes de projections d&#8217;ombres, et des planches de variations chromatiques saisonni\u00e8res. Il contient \u00e9galement 393 notices sur chaque famille, genre et esp\u00e8ce d&#8217;arbre illustr\u00e9es par des dessins de feuilles, de fleurs et de fruits, venant compl\u00e9ter cette \u00e9tude qui aura dur\u00e9 plus de vingt ans. Introuvable depuis plus de vingt ans, ce livre est publi\u00e9 pour la premi\u00e8re fois en langue fran\u00e7aise par la Fondation Cartier pour l&#8217;art contemporain. \u00abL&#8217;Architecture des arbres\u00bb est un ouvrage fondamental destin\u00e9 aux professionnels, architectes, paysagistes et designers, ainsi qu&#8217;\u00e0 tous ceux qui sont sensibles au monde des arbres. Entre 1963 et 1983, les architectes et designers Cesare Leonardi (n\u00e9 en 1935) et Franca Stagi (1937-2008) ont dirig\u00e9 un studio \u00e0 Mod\u00e8ne (Italie). Ils sont notamment connus pour avoir con\u00e7u les chaises Nastro, Eco, et Dondolo. Entre 1970 et 1980, ils se sont consacr\u00e9s presqu&#8217;exclusivement \u00e0 des projets d&#8217;architecture de parcs et de structures collectives autour de Mod\u00e8ne &#8211; point de d\u00e9part de leur grande \u00e9tude sur les arbres.<\/p>\n","protected":false},"excerpt":{"rendered":"<p>\u00abL&#8217;Architecture des arbres\u00bb est un livre hors normes, le r\u00e9sultat d&#8217;une \u00e9tude botanique et architecturale l\u00e9gendaire qui sera pr\u00e9sent\u00e9e dans l&#8217;exposition \u00abNous les Arbres\u00bb, du 9 juillet au 10 novembre 2019 \u00e0 la Fondation Cartier pour l&#8217;art contemporain. Initialement con\u00e7u en 1982 par les architectes Cesare Leonardi et Franca Stagi, ce livre aux dimensions imposantes [&hellip;]<\/p>\n","protected":false},"featured_media":51680,"template":"","meta":[],"product_cat":[2948,2956],"product_tag":[],"acf":[],"yoast_head":"<!-- This site is optimized with the Yoast SEO plugin v20.11 - https:\/\/yoast.com\/wordpress\/plugins\/seo\/ -->\n<title>L&#039;architecture des arbres - Librairie 7L<\/title>\n<meta name=\"robots\" content=\"index, follow, max-snippet:-1, max-image-preview:large, max-video-preview:-1\" \/>\n<link rel=\"canonical\" href=\"https:\/\/librairie7l.com\/en\/produit\/larchitecture-des-arbres-2\/\" \/>\n<meta property=\"og:locale\" content=\"en_US\" \/>\n<meta property=\"og:type\" content=\"article\" \/>\n<meta property=\"og:title\" content=\"L&#039;architecture des arbres - Librairie 7L\" \/>\n<meta property=\"og:description\" content=\"\u00abL&#8217;Architecture des arbres\u00bb est un livre hors normes, le r\u00e9sultat d&#8217;une \u00e9tude botanique et architecturale l\u00e9gendaire qui sera pr\u00e9sent\u00e9e dans l&#8217;exposition \u00abNous les Arbres\u00bb, du 9 juillet au 10 novembre 2019 \u00e0 la Fondation Cartier pour l&#8217;art contemporain. Initialement con\u00e7u en 1982 par les architectes Cesare Leonardi et Franca Stagi, ce livre aux dimensions imposantes [&hellip;]\" \/>\n<meta property=\"og:url\" content=\"https:\/\/librairie7l.com\/en\/produit\/larchitecture-des-arbres-2\/\" \/>\n<meta property=\"og:site_name\" content=\"Librairie 7L\" \/>\n<meta property=\"article:modified_time\" content=\"2026-04-16T10:44:39+00:00\" \/>\n<meta property=\"og:image\" content=\"https:\/\/librairie7l.com\/wp-content\/uploads\/2019\/03\/9782869251526_1_75.jpg\" \/>\n\t<meta property=\"og:image:width\" content=\"600\" \/>\n\t<meta property=\"og:image:height\" content=\"889\" \/>\n\t<meta property=\"og:image:type\" content=\"image\/jpeg\" \/>\n<meta name=\"twitter:card\" content=\"summary_large_image\" \/>\n<meta name=\"twitter:label1\" content=\"Est. reading time\" \/>\n\t<meta name=\"twitter:data1\" content=\"1 minute\" \/>\n<script type=\"application\/ld+json\" class=\"yoast-schema-graph\">{\"@context\":\"https:\/\/schema.org\",\"@graph\":[{\"@type\":\"WebPage\",\"@id\":\"https:\/\/librairie7l.com\/en\/produit\/larchitecture-des-arbres-2\/\",\"url\":\"https:\/\/librairie7l.com\/en\/produit\/larchitecture-des-arbres-2\/\",\"name\":\"L'architecture des arbres - Librairie 7L\",\"isPartOf\":{\"@id\":\"https:\/\/librairie7l.com\/en\/#website\"},\"datePublished\":\"2025-10-23T07:18:03+00:00\",\"dateModified\":\"2026-04-16T10:44:39+00:00\",\"breadcrumb\":{\"@id\":\"https:\/\/librairie7l.com\/en\/produit\/larchitecture-des-arbres-2\/#breadcrumb\"},\"inLanguage\":\"en-US\",\"potentialAction\":[{\"@type\":\"ReadAction\",\"target\":[\"https:\/\/librairie7l.com\/en\/produit\/larchitecture-des-arbres-2\/\"]}]},{\"@type\":\"BreadcrumbList\",\"@id\":\"https:\/\/librairie7l.com\/en\/produit\/larchitecture-des-arbres-2\/#breadcrumb\",\"itemListElement\":[{\"@type\":\"ListItem\",\"position\":1,\"name\":\"Accueil\",\"item\":\"https:\/\/librairie7l.com\/en\/\"},{\"@type\":\"ListItem\",\"position\":2,\"name\":\"Shop\",\"item\":\"https:\/\/librairie7l.com\/en\/shop\/\"},{\"@type\":\"ListItem\",\"position\":3,\"name\":\"L&#8217;ARCHITECTURE DES ARBRES\"}]},{\"@type\":\"WebSite\",\"@id\":\"https:\/\/librairie7l.com\/en\/#website\",\"url\":\"https:\/\/librairie7l.com\/en\/\",\"name\":\"Librairie 7L\",\"description\":\"Librairie fond\u00e9e en 1999 par Karl Lagerfeld \u00e0 Paris\",\"publisher\":{\"@id\":\"https:\/\/librairie7l.com\/en\/#organization\"},\"potentialAction\":[{\"@type\":\"SearchAction\",\"target\":{\"@type\":\"EntryPoint\",\"urlTemplate\":\"https:\/\/librairie7l.com\/en\/?s={search_term_string}\"},\"query-input\":\"required name=search_term_string\"}],\"inLanguage\":\"en-US\"},{\"@type\":\"Organization\",\"@id\":\"https:\/\/librairie7l.com\/en\/#organization\",\"name\":\"Librairie 7L\",\"url\":\"https:\/\/librairie7l.com\/en\/\",\"logo\":{\"@type\":\"ImageObject\",\"inLanguage\":\"en-US\",\"@id\":\"https:\/\/librairie7l.com\/en\/#\/schema\/logo\/image\/\",\"url\":\"https:\/\/librairie7l.com\/wp-content\/uploads\/2022\/08\/logo-1.png\",\"contentUrl\":\"https:\/\/librairie7l.com\/wp-content\/uploads\/2022\/08\/logo-1.png\",\"width\":227,\"height\":301,\"caption\":\"Librairie 7L\"},\"image\":{\"@id\":\"https:\/\/librairie7l.com\/en\/#\/schema\/logo\/image\/\"}}]}<\/script>\n<!-- \/ Yoast SEO plugin. -->","yoast_head_json":{"title":"L'architecture des arbres - Librairie 7L","robots":{"index":"index","follow":"follow","max-snippet":"max-snippet:-1","max-image-preview":"max-image-preview:large","max-video-preview":"max-video-preview:-1"},"canonical":"https:\/\/librairie7l.com\/en\/produit\/larchitecture-des-arbres-2\/","og_locale":"en_US","og_type":"article","og_title":"L'architecture des arbres - Librairie 7L","og_description":"\u00abL&#8217;Architecture des arbres\u00bb est un livre hors normes, le r\u00e9sultat d&#8217;une \u00e9tude botanique et architecturale l\u00e9gendaire qui sera pr\u00e9sent\u00e9e dans l&#8217;exposition \u00abNous les Arbres\u00bb, du 9 juillet au 10 novembre 2019 \u00e0 la Fondation Cartier pour l&#8217;art contemporain. Initialement con\u00e7u en 1982 par les architectes Cesare Leonardi et Franca Stagi, ce livre aux dimensions imposantes [&hellip;]","og_url":"https:\/\/librairie7l.com\/en\/produit\/larchitecture-des-arbres-2\/","og_site_name":"Librairie 7L","article_modified_time":"2026-04-16T10:44:39+00:00","og_image":[{"width":600,"height":889,"url":"https:\/\/librairie7l.com\/wp-content\/uploads\/2019\/03\/9782869251526_1_75.jpg","type":"image\/jpeg"}],"twitter_card":"summary_large_image","twitter_misc":{"Est. reading time":"1 minute"},"schema":{"@context":"https:\/\/schema.org","@graph":[{"@type":"WebPage","@id":"https:\/\/librairie7l.com\/en\/produit\/larchitecture-des-arbres-2\/","url":"https:\/\/librairie7l.com\/en\/produit\/larchitecture-des-arbres-2\/","name":"L'architecture des arbres - Librairie 7L","isPartOf":{"@id":"https:\/\/librairie7l.com\/en\/#website"},"datePublished":"2025-10-23T07:18:03+00:00","dateModified":"2026-04-16T10:44:39+00:00","breadcrumb":{"@id":"https:\/\/librairie7l.com\/en\/produit\/larchitecture-des-arbres-2\/#breadcrumb"},"inLanguage":"en-US","potentialAction":[{"@type":"ReadAction","target":["https:\/\/librairie7l.com\/en\/produit\/larchitecture-des-arbres-2\/"]}]},{"@type":"BreadcrumbList","@id":"https:\/\/librairie7l.com\/en\/produit\/larchitecture-des-arbres-2\/#breadcrumb","itemListElement":[{"@type":"ListItem","position":1,"name":"Accueil","item":"https:\/\/librairie7l.com\/en\/"},{"@type":"ListItem","position":2,"name":"Shop","item":"https:\/\/librairie7l.com\/en\/shop\/"},{"@type":"ListItem","position":3,"name":"L&#8217;ARCHITECTURE DES ARBRES"}]},{"@type":"WebSite","@id":"https:\/\/librairie7l.com\/en\/#website","url":"https:\/\/librairie7l.com\/en\/","name":"Librairie 7L","description":"Librairie fond\u00e9e en 1999 par Karl Lagerfeld \u00e0 Paris","publisher":{"@id":"https:\/\/librairie7l.com\/en\/#organization"},"potentialAction":[{"@type":"SearchAction","target":{"@type":"EntryPoint","urlTemplate":"https:\/\/librairie7l.com\/en\/?s={search_term_string}"},"query-input":"required name=search_term_string"}],"inLanguage":"en-US"},{"@type":"Organization","@id":"https:\/\/librairie7l.com\/en\/#organization","name":"Librairie 7L","url":"https:\/\/librairie7l.com\/en\/","logo":{"@type":"ImageObject","inLanguage":"en-US","@id":"https:\/\/librairie7l.com\/en\/#\/schema\/logo\/image\/","url":"https:\/\/librairie7l.com\/wp-content\/uploads\/2022\/08\/logo-1.png","contentUrl":"https:\/\/librairie7l.com\/wp-content\/uploads\/2022\/08\/logo-1.png","width":227,"height":301,"caption":"Librairie 7L"},"image":{"@id":"https:\/\/librairie7l.com\/en\/#\/schema\/logo\/image\/"}}]}},"_links":{"self":[{"href":"https:\/\/librairie7l.com\/en\/wp-json\/wp\/v2\/product\/51682"}],"collection":[{"href":"https:\/\/librairie7l.com\/en\/wp-json\/wp\/v2\/product"}],"about":[{"href":"https:\/\/librairie7l.com\/en\/wp-json\/wp\/v2\/types\/product"}],"wp:featuredmedia":[{"embeddable":true,"href":"https:\/\/librairie7l.com\/en\/wp-json\/wp\/v2\/media\/51680"}],"wp:attachment":[{"href":"https:\/\/librairie7l.com\/en\/wp-json\/wp\/v2\/media?parent=51682"}],"wp:term":[{"taxonomy":"product_cat","embeddable":true,"href":"https:\/\/librairie7l.com\/en\/wp-json\/wp\/v2\/product_cat?post=51682"},{"taxonomy":"product_tag","embeddable":true,"href":"https:\/\/librairie7l.com\/en\/wp-json\/wp\/v2\/product_tag?post=51682"}],"curies":[{"name":"wp","href":"https:\/\/api.w.org\/{rel}","templated":true}]}}