{"id":51686,"date":"2025-10-23T09:18:07","date_gmt":"2025-10-23T07:18:07","guid":{"rendered":"https:\/\/librairie7l.com\/?post_type=product&#038;p=51686"},"modified":"2026-04-05T14:30:24","modified_gmt":"2026-04-05T12:30:24","slug":"ishinomaki-laboratory-an-experiment-in-diy-and-design-2","status":"publish","type":"product","link":"https:\/\/librairie7l.com\/en\/produit\/ishinomaki-laboratory-an-experiment-in-diy-and-design-2\/","title":{"rendered":"ISHINOMAKI LABORATORY : AN EXPERIMENT IN DIY AND DESIGN"},"content":{"rendered":"<p>\u00c0 une \u00e9poque o\u00f9 la sensibilisation \u00e0 l&#8217;environnement devient de plus en plus importante, la philosophie du laboratoire d&#8217;Ishinomaki, ax\u00e9e sur l&#8217;apr\u00e8s-catastrophe et le bricolage, refl\u00e8te l&#8217;\u00e9volution des para- digmes dans le domaine de la conception de meubles aujourd&#8217;hui. Ishinomaki Laboratory est n\u00e9 au lendemain du grand tremblement de terre de l&#8217;est du Japon en 2011. Initi\u00e9 par l&#8217;architecte Keiji Ashizawa, il s&#8217;agissait \u00e0 l&#8217;origine d&#8217;un atelier communautaire destin\u00e9 \u00e0 aider les r\u00e9sidents touch\u00e9s par la catastrophe \u00e0 reconstruire des meubles \u00e0 partir des mat\u00e9riaux disponibles. En plus d&#8217;organiser des ateliers de bricolage, Ishinomaki Laboratory a \u00e9galement particip\u00e9 \u00e0 la restauration de magasins locaux. La pertinence et l&#8217;attrait de ces produits bien con\u00e7us mais peu technologiques ont rapidement trouv\u00e9 un \u00e9cho dans le monde entier. Aujourd&#8217;hui, Ishinomaki Laboratory s&#8217;est impos\u00e9 comme une figure de proue du design contemporain, cer- taines pi\u00e8ces \u00e9tant consid\u00e9r\u00e9es comme des classiques du design japonais contemporain. Ce livre marque 10 ans d&#8217;activit\u00e9s prolifiques, en donnant un aper\u00e7u de l&#8217;histoire de la marque, des produits et des nom- breuses collaborations avec des designers reconnus et des partenaires du monde entier qui donnent forme \u00e0 cette exp\u00e9rience en cours. Il offre surtout une d\u00e9monstration tangible des solutions possibles pour repenser la conception de meubles \u00e0 partir d&#8217;imp\u00e9ratifs environnementaux.<\/p>\n","protected":false},"excerpt":{"rendered":"<p>\u00c0 une \u00e9poque o\u00f9 la sensibilisation \u00e0 l&#8217;environnement devient de plus en plus importante, la philosophie du laboratoire d&#8217;Ishinomaki, ax\u00e9e sur l&#8217;apr\u00e8s-catastrophe et le bricolage, refl\u00e8te l&#8217;\u00e9volution des para- digmes dans le domaine de la conception de meubles aujourd&#8217;hui. Ishinomaki Laboratory est n\u00e9 au lendemain du grand tremblement de terre de l&#8217;est du Japon en [&hellip;]<\/p>\n","protected":false},"featured_media":51684,"template":"","meta":[],"product_cat":[2948,2950],"product_tag":[],"acf":[],"yoast_head":"<!-- This site is optimized with the Yoast SEO plugin v20.11 - https:\/\/yoast.com\/wordpress\/plugins\/seo\/ -->\n<title>Ishinomaki Laboratory : An experiment in DIY and design - Librairie 7L<\/title>\n<meta name=\"robots\" content=\"index, follow, max-snippet:-1, max-image-preview:large, max-video-preview:-1\" \/>\n<link rel=\"canonical\" href=\"https:\/\/librairie7l.com\/en\/produit\/ishinomaki-laboratory-an-experiment-in-diy-and-design-2\/\" \/>\n<meta property=\"og:locale\" content=\"en_US\" \/>\n<meta property=\"og:type\" content=\"article\" \/>\n<meta property=\"og:title\" content=\"Ishinomaki Laboratory : An experiment in DIY and design - Librairie 7L\" \/>\n<meta property=\"og:description\" content=\"\u00c0 une \u00e9poque o\u00f9 la sensibilisation \u00e0 l&#8217;environnement devient de plus en plus importante, la philosophie du laboratoire d&#8217;Ishinomaki, ax\u00e9e sur l&#8217;apr\u00e8s-catastrophe et le bricolage, refl\u00e8te l&#8217;\u00e9volution des para- digmes dans le domaine de la conception de meubles aujourd&#8217;hui. Ishinomaki Laboratory est n\u00e9 au lendemain du grand tremblement de terre de l&#8217;est du Japon en [&hellip;]\" \/>\n<meta property=\"og:url\" content=\"https:\/\/librairie7l.com\/en\/produit\/ishinomaki-laboratory-an-experiment-in-diy-and-design-2\/\" \/>\n<meta property=\"og:site_name\" content=\"Librairie 7L\" \/>\n<meta property=\"article:modified_time\" content=\"2026-04-05T12:30:24+00:00\" \/>\n<meta property=\"og:image\" content=\"https:\/\/librairie7l.com\/wp-content\/uploads\/2025\/08\/9781948765817_1_75.jpg\" \/>\n\t<meta property=\"og:image:width\" content=\"600\" \/>\n\t<meta property=\"og:image:height\" content=\"837\" \/>\n\t<meta property=\"og:image:type\" content=\"image\/jpeg\" \/>\n<meta name=\"twitter:card\" content=\"summary_large_image\" \/>\n<meta name=\"twitter:label1\" content=\"Est. reading time\" \/>\n\t<meta name=\"twitter:data1\" content=\"1 minute\" \/>\n<script type=\"application\/ld+json\" class=\"yoast-schema-graph\">{\"@context\":\"https:\/\/schema.org\",\"@graph\":[{\"@type\":\"WebPage\",\"@id\":\"https:\/\/librairie7l.com\/en\/produit\/ishinomaki-laboratory-an-experiment-in-diy-and-design-2\/\",\"url\":\"https:\/\/librairie7l.com\/en\/produit\/ishinomaki-laboratory-an-experiment-in-diy-and-design-2\/\",\"name\":\"Ishinomaki Laboratory : An experiment in DIY and design - Librairie 7L\",\"isPartOf\":{\"@id\":\"https:\/\/librairie7l.com\/en\/#website\"},\"datePublished\":\"2025-10-23T07:18:07+00:00\",\"dateModified\":\"2026-04-05T12:30:24+00:00\",\"breadcrumb\":{\"@id\":\"https:\/\/librairie7l.com\/en\/produit\/ishinomaki-laboratory-an-experiment-in-diy-and-design-2\/#breadcrumb\"},\"inLanguage\":\"en-US\",\"potentialAction\":[{\"@type\":\"ReadAction\",\"target\":[\"https:\/\/librairie7l.com\/en\/produit\/ishinomaki-laboratory-an-experiment-in-diy-and-design-2\/\"]}]},{\"@type\":\"BreadcrumbList\",\"@id\":\"https:\/\/librairie7l.com\/en\/produit\/ishinomaki-laboratory-an-experiment-in-diy-and-design-2\/#breadcrumb\",\"itemListElement\":[{\"@type\":\"ListItem\",\"position\":1,\"name\":\"Accueil\",\"item\":\"https:\/\/librairie7l.com\/en\/\"},{\"@type\":\"ListItem\",\"position\":2,\"name\":\"Shop\",\"item\":\"https:\/\/librairie7l.com\/en\/shop\/\"},{\"@type\":\"ListItem\",\"position\":3,\"name\":\"ISHINOMAKI LABORATORY : AN EXPERIMENT IN DIY AND DESIGN\"}]},{\"@type\":\"WebSite\",\"@id\":\"https:\/\/librairie7l.com\/en\/#website\",\"url\":\"https:\/\/librairie7l.com\/en\/\",\"name\":\"Librairie 7L\",\"description\":\"Librairie fond\u00e9e en 1999 par Karl Lagerfeld \u00e0 Paris\",\"publisher\":{\"@id\":\"https:\/\/librairie7l.com\/en\/#organization\"},\"potentialAction\":[{\"@type\":\"SearchAction\",\"target\":{\"@type\":\"EntryPoint\",\"urlTemplate\":\"https:\/\/librairie7l.com\/en\/?s={search_term_string}\"},\"query-input\":\"required name=search_term_string\"}],\"inLanguage\":\"en-US\"},{\"@type\":\"Organization\",\"@id\":\"https:\/\/librairie7l.com\/en\/#organization\",\"name\":\"Librairie 7L\",\"url\":\"https:\/\/librairie7l.com\/en\/\",\"logo\":{\"@type\":\"ImageObject\",\"inLanguage\":\"en-US\",\"@id\":\"https:\/\/librairie7l.com\/en\/#\/schema\/logo\/image\/\",\"url\":\"https:\/\/librairie7l.com\/wp-content\/uploads\/2022\/08\/logo-1.png\",\"contentUrl\":\"https:\/\/librairie7l.com\/wp-content\/uploads\/2022\/08\/logo-1.png\",\"width\":227,\"height\":301,\"caption\":\"Librairie 7L\"},\"image\":{\"@id\":\"https:\/\/librairie7l.com\/en\/#\/schema\/logo\/image\/\"}}]}<\/script>\n<!-- \/ Yoast SEO plugin. -->","yoast_head_json":{"title":"Ishinomaki Laboratory : An experiment in DIY and design - Librairie 7L","robots":{"index":"index","follow":"follow","max-snippet":"max-snippet:-1","max-image-preview":"max-image-preview:large","max-video-preview":"max-video-preview:-1"},"canonical":"https:\/\/librairie7l.com\/en\/produit\/ishinomaki-laboratory-an-experiment-in-diy-and-design-2\/","og_locale":"en_US","og_type":"article","og_title":"Ishinomaki Laboratory : An experiment in DIY and design - Librairie 7L","og_description":"\u00c0 une \u00e9poque o\u00f9 la sensibilisation \u00e0 l&#8217;environnement devient de plus en plus importante, la philosophie du laboratoire d&#8217;Ishinomaki, ax\u00e9e sur l&#8217;apr\u00e8s-catastrophe et le bricolage, refl\u00e8te l&#8217;\u00e9volution des para- digmes dans le domaine de la conception de meubles aujourd&#8217;hui. Ishinomaki Laboratory est n\u00e9 au lendemain du grand tremblement de terre de l&#8217;est du Japon en [&hellip;]","og_url":"https:\/\/librairie7l.com\/en\/produit\/ishinomaki-laboratory-an-experiment-in-diy-and-design-2\/","og_site_name":"Librairie 7L","article_modified_time":"2026-04-05T12:30:24+00:00","og_image":[{"width":600,"height":837,"url":"https:\/\/librairie7l.com\/wp-content\/uploads\/2025\/08\/9781948765817_1_75.jpg","type":"image\/jpeg"}],"twitter_card":"summary_large_image","twitter_misc":{"Est. reading time":"1 minute"},"schema":{"@context":"https:\/\/schema.org","@graph":[{"@type":"WebPage","@id":"https:\/\/librairie7l.com\/en\/produit\/ishinomaki-laboratory-an-experiment-in-diy-and-design-2\/","url":"https:\/\/librairie7l.com\/en\/produit\/ishinomaki-laboratory-an-experiment-in-diy-and-design-2\/","name":"Ishinomaki Laboratory : An experiment in DIY and design - Librairie 7L","isPartOf":{"@id":"https:\/\/librairie7l.com\/en\/#website"},"datePublished":"2025-10-23T07:18:07+00:00","dateModified":"2026-04-05T12:30:24+00:00","breadcrumb":{"@id":"https:\/\/librairie7l.com\/en\/produit\/ishinomaki-laboratory-an-experiment-in-diy-and-design-2\/#breadcrumb"},"inLanguage":"en-US","potentialAction":[{"@type":"ReadAction","target":["https:\/\/librairie7l.com\/en\/produit\/ishinomaki-laboratory-an-experiment-in-diy-and-design-2\/"]}]},{"@type":"BreadcrumbList","@id":"https:\/\/librairie7l.com\/en\/produit\/ishinomaki-laboratory-an-experiment-in-diy-and-design-2\/#breadcrumb","itemListElement":[{"@type":"ListItem","position":1,"name":"Accueil","item":"https:\/\/librairie7l.com\/en\/"},{"@type":"ListItem","position":2,"name":"Shop","item":"https:\/\/librairie7l.com\/en\/shop\/"},{"@type":"ListItem","position":3,"name":"ISHINOMAKI LABORATORY : AN EXPERIMENT IN DIY AND DESIGN"}]},{"@type":"WebSite","@id":"https:\/\/librairie7l.com\/en\/#website","url":"https:\/\/librairie7l.com\/en\/","name":"Librairie 7L","description":"Librairie fond\u00e9e en 1999 par Karl Lagerfeld \u00e0 Paris","publisher":{"@id":"https:\/\/librairie7l.com\/en\/#organization"},"potentialAction":[{"@type":"SearchAction","target":{"@type":"EntryPoint","urlTemplate":"https:\/\/librairie7l.com\/en\/?s={search_term_string}"},"query-input":"required name=search_term_string"}],"inLanguage":"en-US"},{"@type":"Organization","@id":"https:\/\/librairie7l.com\/en\/#organization","name":"Librairie 7L","url":"https:\/\/librairie7l.com\/en\/","logo":{"@type":"ImageObject","inLanguage":"en-US","@id":"https:\/\/librairie7l.com\/en\/#\/schema\/logo\/image\/","url":"https:\/\/librairie7l.com\/wp-content\/uploads\/2022\/08\/logo-1.png","contentUrl":"https:\/\/librairie7l.com\/wp-content\/uploads\/2022\/08\/logo-1.png","width":227,"height":301,"caption":"Librairie 7L"},"image":{"@id":"https:\/\/librairie7l.com\/en\/#\/schema\/logo\/image\/"}}]}},"_links":{"self":[{"href":"https:\/\/librairie7l.com\/en\/wp-json\/wp\/v2\/product\/51686"}],"collection":[{"href":"https:\/\/librairie7l.com\/en\/wp-json\/wp\/v2\/product"}],"about":[{"href":"https:\/\/librairie7l.com\/en\/wp-json\/wp\/v2\/types\/product"}],"wp:featuredmedia":[{"embeddable":true,"href":"https:\/\/librairie7l.com\/en\/wp-json\/wp\/v2\/media\/51684"}],"wp:attachment":[{"href":"https:\/\/librairie7l.com\/en\/wp-json\/wp\/v2\/media?parent=51686"}],"wp:term":[{"taxonomy":"product_cat","embeddable":true,"href":"https:\/\/librairie7l.com\/en\/wp-json\/wp\/v2\/product_cat?post=51686"},{"taxonomy":"product_tag","embeddable":true,"href":"https:\/\/librairie7l.com\/en\/wp-json\/wp\/v2\/product_tag?post=51686"}],"curies":[{"name":"wp","href":"https:\/\/api.w.org\/{rel}","templated":true}]}}