{"id":51694,"date":"2025-10-23T09:18:13","date_gmt":"2025-10-23T07:18:13","guid":{"rendered":"https:\/\/librairie7l.com\/?post_type=product&#038;p=51694"},"modified":"2026-04-04T19:00:46","modified_gmt":"2026-04-04T17:00:46","slug":"man-ray-when-objects-dream-2","status":"publish","type":"product","link":"https:\/\/librairie7l.com\/en\/produit\/man-ray-when-objects-dream-2\/","title":{"rendered":"MAN RAY : WHEN OBJECTS DREAM"},"content":{"rendered":"<p>La premi\u00e8re \u00e9tude approfondie des rayographies r\u00e9volutionnaires de Man Ray dans les ann\u00e9es 1920 et de leurs interconnexions avec ses oeuvres dada et surr\u00e9alistes. Man Ray (1890-1976) a travaill\u00e9 sur diff\u00e9rents supports, mais le rayographe, un type de photogramme (ou photographie sans appareil photo) qu&#8217;il a r\u00e9volutionn\u00e9 et introduit dans le milieu dada et surr\u00e9aliste du Paris des ann\u00e9es 1920, est au coeur de sa pratique. Oscillant entre la repr\u00e9sentation et l&#8217;abstraction, la peinture et la photographie, le rayogramme \u00e9tait ambigu dans sa r\u00e9alisation et son sujet, incarnant les pr\u00e9occupations de l&#8217;avant-garde de l&#8217;\u00e9poque. Ce livre richement illustr\u00e9 est le premier \u00e0 aborder l&#8217;oeuvre de Man Ray sous l&#8217;angle de son proc\u00e9d\u00e9 \u00e9ponyme, en tra\u00e7ant une ligne de d\u00e9marcation entre les rayographes et ses peintures, photographies, dessins, objets et films, et en mettant en \u00e9vidence les interconnexions et les motifs partag\u00e9s entre eux. Stephanie D&#8217;Alessandro et Stephen C. Pinson analysent les m\u00e9thodes innovantes de Man Ray tout en explorant les th\u00e8mes cl\u00e9s de sa production artistique, tels que le hasard, l&#8217;ind\u00e9termination, la transformation et les dualit\u00e9s du solide et du transparent, de l&#8217;ombre et de la lumi\u00e8re, de la forme et de l&#8217;espace, de l&#8217;objet et du corps.<\/p>\n","protected":false},"excerpt":{"rendered":"<p>La premi\u00e8re \u00e9tude approfondie des rayographies r\u00e9volutionnaires de Man Ray dans les ann\u00e9es 1920 et de leurs interconnexions avec ses oeuvres dada et surr\u00e9alistes. Man Ray (1890-1976) a travaill\u00e9 sur diff\u00e9rents supports, mais le rayographe, un type de photogramme (ou photographie sans appareil photo) qu&#8217;il a r\u00e9volutionn\u00e9 et introduit dans le milieu dada et surr\u00e9aliste [&hellip;]<\/p>\n","protected":false},"featured_media":51692,"template":"","meta":[],"product_cat":[2948,2958],"product_tag":[],"acf":[],"yoast_head":"<!-- This site is optimized with the Yoast SEO plugin v20.11 - https:\/\/yoast.com\/wordpress\/plugins\/seo\/ -->\n<title>Man Ray : When objects dream - Librairie 7L<\/title>\n<meta name=\"robots\" content=\"index, follow, max-snippet:-1, max-image-preview:large, max-video-preview:-1\" \/>\n<link rel=\"canonical\" href=\"https:\/\/librairie7l.com\/en\/produit\/man-ray-when-objects-dream-2\/\" \/>\n<meta property=\"og:locale\" content=\"en_US\" \/>\n<meta property=\"og:type\" content=\"article\" \/>\n<meta property=\"og:title\" content=\"Man Ray : When objects dream - Librairie 7L\" \/>\n<meta property=\"og:description\" content=\"La premi\u00e8re \u00e9tude approfondie des rayographies r\u00e9volutionnaires de Man Ray dans les ann\u00e9es 1920 et de leurs interconnexions avec ses oeuvres dada et surr\u00e9alistes. Man Ray (1890-1976) a travaill\u00e9 sur diff\u00e9rents supports, mais le rayographe, un type de photogramme (ou photographie sans appareil photo) qu&#8217;il a r\u00e9volutionn\u00e9 et introduit dans le milieu dada et surr\u00e9aliste [&hellip;]\" \/>\n<meta property=\"og:url\" content=\"https:\/\/librairie7l.com\/en\/produit\/man-ray-when-objects-dream-2\/\" \/>\n<meta property=\"og:site_name\" content=\"Librairie 7L\" \/>\n<meta property=\"article:modified_time\" content=\"2026-04-04T17:00:46+00:00\" \/>\n<meta property=\"og:image\" content=\"https:\/\/librairie7l.com\/wp-content\/uploads\/2025\/09\/9781588398024_1_75.jpg\" \/>\n\t<meta property=\"og:image:width\" content=\"600\" \/>\n\t<meta property=\"og:image:height\" content=\"668\" \/>\n\t<meta property=\"og:image:type\" content=\"image\/jpeg\" \/>\n<meta name=\"twitter:card\" content=\"summary_large_image\" \/>\n<meta name=\"twitter:label1\" content=\"Est. reading time\" \/>\n\t<meta name=\"twitter:data1\" content=\"1 minute\" \/>\n<script type=\"application\/ld+json\" class=\"yoast-schema-graph\">{\"@context\":\"https:\/\/schema.org\",\"@graph\":[{\"@type\":\"WebPage\",\"@id\":\"https:\/\/librairie7l.com\/en\/produit\/man-ray-when-objects-dream-2\/\",\"url\":\"https:\/\/librairie7l.com\/en\/produit\/man-ray-when-objects-dream-2\/\",\"name\":\"Man Ray : When objects dream - Librairie 7L\",\"isPartOf\":{\"@id\":\"https:\/\/librairie7l.com\/en\/#website\"},\"datePublished\":\"2025-10-23T07:18:13+00:00\",\"dateModified\":\"2026-04-04T17:00:46+00:00\",\"breadcrumb\":{\"@id\":\"https:\/\/librairie7l.com\/en\/produit\/man-ray-when-objects-dream-2\/#breadcrumb\"},\"inLanguage\":\"en-US\",\"potentialAction\":[{\"@type\":\"ReadAction\",\"target\":[\"https:\/\/librairie7l.com\/en\/produit\/man-ray-when-objects-dream-2\/\"]}]},{\"@type\":\"BreadcrumbList\",\"@id\":\"https:\/\/librairie7l.com\/en\/produit\/man-ray-when-objects-dream-2\/#breadcrumb\",\"itemListElement\":[{\"@type\":\"ListItem\",\"position\":1,\"name\":\"Accueil\",\"item\":\"https:\/\/librairie7l.com\/en\/\"},{\"@type\":\"ListItem\",\"position\":2,\"name\":\"Shop\",\"item\":\"https:\/\/librairie7l.com\/en\/shop\/\"},{\"@type\":\"ListItem\",\"position\":3,\"name\":\"MAN RAY : WHEN OBJECTS DREAM\"}]},{\"@type\":\"WebSite\",\"@id\":\"https:\/\/librairie7l.com\/en\/#website\",\"url\":\"https:\/\/librairie7l.com\/en\/\",\"name\":\"Librairie 7L\",\"description\":\"Librairie fond\u00e9e en 1999 par Karl Lagerfeld \u00e0 Paris\",\"publisher\":{\"@id\":\"https:\/\/librairie7l.com\/en\/#organization\"},\"potentialAction\":[{\"@type\":\"SearchAction\",\"target\":{\"@type\":\"EntryPoint\",\"urlTemplate\":\"https:\/\/librairie7l.com\/en\/?s={search_term_string}\"},\"query-input\":\"required name=search_term_string\"}],\"inLanguage\":\"en-US\"},{\"@type\":\"Organization\",\"@id\":\"https:\/\/librairie7l.com\/en\/#organization\",\"name\":\"Librairie 7L\",\"url\":\"https:\/\/librairie7l.com\/en\/\",\"logo\":{\"@type\":\"ImageObject\",\"inLanguage\":\"en-US\",\"@id\":\"https:\/\/librairie7l.com\/en\/#\/schema\/logo\/image\/\",\"url\":\"https:\/\/librairie7l.com\/wp-content\/uploads\/2022\/08\/logo-1.png\",\"contentUrl\":\"https:\/\/librairie7l.com\/wp-content\/uploads\/2022\/08\/logo-1.png\",\"width\":227,\"height\":301,\"caption\":\"Librairie 7L\"},\"image\":{\"@id\":\"https:\/\/librairie7l.com\/en\/#\/schema\/logo\/image\/\"}}]}<\/script>\n<!-- \/ Yoast SEO plugin. -->","yoast_head_json":{"title":"Man Ray : When objects dream - Librairie 7L","robots":{"index":"index","follow":"follow","max-snippet":"max-snippet:-1","max-image-preview":"max-image-preview:large","max-video-preview":"max-video-preview:-1"},"canonical":"https:\/\/librairie7l.com\/en\/produit\/man-ray-when-objects-dream-2\/","og_locale":"en_US","og_type":"article","og_title":"Man Ray : When objects dream - Librairie 7L","og_description":"La premi\u00e8re \u00e9tude approfondie des rayographies r\u00e9volutionnaires de Man Ray dans les ann\u00e9es 1920 et de leurs interconnexions avec ses oeuvres dada et surr\u00e9alistes. Man Ray (1890-1976) a travaill\u00e9 sur diff\u00e9rents supports, mais le rayographe, un type de photogramme (ou photographie sans appareil photo) qu&#8217;il a r\u00e9volutionn\u00e9 et introduit dans le milieu dada et surr\u00e9aliste [&hellip;]","og_url":"https:\/\/librairie7l.com\/en\/produit\/man-ray-when-objects-dream-2\/","og_site_name":"Librairie 7L","article_modified_time":"2026-04-04T17:00:46+00:00","og_image":[{"width":600,"height":668,"url":"https:\/\/librairie7l.com\/wp-content\/uploads\/2025\/09\/9781588398024_1_75.jpg","type":"image\/jpeg"}],"twitter_card":"summary_large_image","twitter_misc":{"Est. reading time":"1 minute"},"schema":{"@context":"https:\/\/schema.org","@graph":[{"@type":"WebPage","@id":"https:\/\/librairie7l.com\/en\/produit\/man-ray-when-objects-dream-2\/","url":"https:\/\/librairie7l.com\/en\/produit\/man-ray-when-objects-dream-2\/","name":"Man Ray : When objects dream - Librairie 7L","isPartOf":{"@id":"https:\/\/librairie7l.com\/en\/#website"},"datePublished":"2025-10-23T07:18:13+00:00","dateModified":"2026-04-04T17:00:46+00:00","breadcrumb":{"@id":"https:\/\/librairie7l.com\/en\/produit\/man-ray-when-objects-dream-2\/#breadcrumb"},"inLanguage":"en-US","potentialAction":[{"@type":"ReadAction","target":["https:\/\/librairie7l.com\/en\/produit\/man-ray-when-objects-dream-2\/"]}]},{"@type":"BreadcrumbList","@id":"https:\/\/librairie7l.com\/en\/produit\/man-ray-when-objects-dream-2\/#breadcrumb","itemListElement":[{"@type":"ListItem","position":1,"name":"Accueil","item":"https:\/\/librairie7l.com\/en\/"},{"@type":"ListItem","position":2,"name":"Shop","item":"https:\/\/librairie7l.com\/en\/shop\/"},{"@type":"ListItem","position":3,"name":"MAN RAY : WHEN OBJECTS DREAM"}]},{"@type":"WebSite","@id":"https:\/\/librairie7l.com\/en\/#website","url":"https:\/\/librairie7l.com\/en\/","name":"Librairie 7L","description":"Librairie fond\u00e9e en 1999 par Karl Lagerfeld \u00e0 Paris","publisher":{"@id":"https:\/\/librairie7l.com\/en\/#organization"},"potentialAction":[{"@type":"SearchAction","target":{"@type":"EntryPoint","urlTemplate":"https:\/\/librairie7l.com\/en\/?s={search_term_string}"},"query-input":"required name=search_term_string"}],"inLanguage":"en-US"},{"@type":"Organization","@id":"https:\/\/librairie7l.com\/en\/#organization","name":"Librairie 7L","url":"https:\/\/librairie7l.com\/en\/","logo":{"@type":"ImageObject","inLanguage":"en-US","@id":"https:\/\/librairie7l.com\/en\/#\/schema\/logo\/image\/","url":"https:\/\/librairie7l.com\/wp-content\/uploads\/2022\/08\/logo-1.png","contentUrl":"https:\/\/librairie7l.com\/wp-content\/uploads\/2022\/08\/logo-1.png","width":227,"height":301,"caption":"Librairie 7L"},"image":{"@id":"https:\/\/librairie7l.com\/en\/#\/schema\/logo\/image\/"}}]}},"_links":{"self":[{"href":"https:\/\/librairie7l.com\/en\/wp-json\/wp\/v2\/product\/51694"}],"collection":[{"href":"https:\/\/librairie7l.com\/en\/wp-json\/wp\/v2\/product"}],"about":[{"href":"https:\/\/librairie7l.com\/en\/wp-json\/wp\/v2\/types\/product"}],"wp:featuredmedia":[{"embeddable":true,"href":"https:\/\/librairie7l.com\/en\/wp-json\/wp\/v2\/media\/51692"}],"wp:attachment":[{"href":"https:\/\/librairie7l.com\/en\/wp-json\/wp\/v2\/media?parent=51694"}],"wp:term":[{"taxonomy":"product_cat","embeddable":true,"href":"https:\/\/librairie7l.com\/en\/wp-json\/wp\/v2\/product_cat?post=51694"},{"taxonomy":"product_tag","embeddable":true,"href":"https:\/\/librairie7l.com\/en\/wp-json\/wp\/v2\/product_tag?post=51694"}],"curies":[{"name":"wp","href":"https:\/\/api.w.org\/{rel}","templated":true}]}}