{"id":51734,"date":"2025-10-24T09:18:20","date_gmt":"2025-10-24T07:18:20","guid":{"rendered":"https:\/\/librairie7l.com\/?post_type=product&#038;p=51734"},"modified":"2026-04-14T20:09:11","modified_gmt":"2026-04-14T18:09:11","slug":"plein-sud-maisons-et-savoir-faire-2","status":"publish","type":"product","link":"https:\/\/librairie7l.com\/en\/produit\/plein-sud-maisons-et-savoir-faire-2\/","title":{"rendered":"PLEIN SUD : MAISONS ET SAVOIR-FAIRE"},"content":{"rendered":"<p>Au fil des r\u00e9cits de l&#8217;auteure Laurence Dougier et des images inspirantes du photographe Nicolas Math\u00e9us, l&#8217;ouvrage invite \u00e0 la d\u00e9couverte d&#8217;une trentaine de demeures priv\u00e9es et d&#8217;ateliers d&#8217;artisans, situ\u00e9s au coeur du Bassin m\u00e9diterran\u00e9en. De la Provence \u00e0 la Corse, en passant par l&#8217;Italie, la Croatie, les Bal\u00e9ares, la Gr\u00e8ce ou le Portugal, les portes s&#8217;ouvrent sur des r\u00e9alisations singuli\u00e8res, des maisons minimalistes con\u00e7ues par une g\u00e9n\u00e9ration montante d&#8217;architectes, dont les agences Block 727, Moredesign, Atelier du Pont : des cabanes chics et boh\u00e8mes \u00e0 Comporta, un ancien moulin restaur\u00e9 par le bouillonnant designer Piet Hein Eek, une masseria rustique et \u00e9pur\u00e9e dans les Pouilles, une tour d\u00e9fensive revisit\u00e9e sur l&#8217;\u00eele de Lopud, une finca agro\u00e9cologique aux Bal\u00e9ares, un paradis perch\u00e9 sur l&#8217;\u00eele de Mykonos&#8230;<\/p>\n<p>Ces visites nous plongent dans diff\u00e9rents styles architecturaux et d\u00e9coratifs, alliant l&#8217;authenticit\u00e9 \u00e0 la modernit\u00e9, le brut \u00e0 la d\u00e9licatesse. Un bel \u00e9loge de la mati\u00e8re et des artisans qui la fa\u00e7onnent.<\/p>\n","protected":false},"excerpt":{"rendered":"<p>Au fil des r\u00e9cits de l&#8217;auteure Laurence Dougier et des images inspirantes du photographe Nicolas Math\u00e9us, l&#8217;ouvrage invite \u00e0 la d\u00e9couverte d&#8217;une trentaine de demeures priv\u00e9es et d&#8217;ateliers d&#8217;artisans, situ\u00e9s au coeur du Bassin m\u00e9diterran\u00e9en. De la Provence \u00e0 la Corse, en passant par l&#8217;Italie, la Croatie, les Bal\u00e9ares, la Gr\u00e8ce ou le Portugal, les [&hellip;]<\/p>\n","protected":false},"featured_media":51732,"template":"","meta":[],"product_cat":[2948,2951],"product_tag":[],"acf":[],"yoast_head":"<!-- This site is optimized with the Yoast SEO plugin v20.11 - https:\/\/yoast.com\/wordpress\/plugins\/seo\/ -->\n<title>Plein Sud : Maisons et savoir-faire - Librairie 7L<\/title>\n<meta name=\"robots\" content=\"index, follow, max-snippet:-1, max-image-preview:large, max-video-preview:-1\" \/>\n<link rel=\"canonical\" href=\"https:\/\/librairie7l.com\/en\/produit\/plein-sud-maisons-et-savoir-faire-2\/\" \/>\n<meta property=\"og:locale\" content=\"en_US\" \/>\n<meta property=\"og:type\" content=\"article\" \/>\n<meta property=\"og:title\" content=\"Plein Sud : Maisons et savoir-faire - Librairie 7L\" \/>\n<meta property=\"og:description\" content=\"Au fil des r\u00e9cits de l&#8217;auteure Laurence Dougier et des images inspirantes du photographe Nicolas Math\u00e9us, l&#8217;ouvrage invite \u00e0 la d\u00e9couverte d&#8217;une trentaine de demeures priv\u00e9es et d&#8217;ateliers d&#8217;artisans, situ\u00e9s au coeur du Bassin m\u00e9diterran\u00e9en. De la Provence \u00e0 la Corse, en passant par l&#8217;Italie, la Croatie, les Bal\u00e9ares, la Gr\u00e8ce ou le Portugal, les [&hellip;]\" \/>\n<meta property=\"og:url\" content=\"https:\/\/librairie7l.com\/en\/produit\/plein-sud-maisons-et-savoir-faire-2\/\" \/>\n<meta property=\"og:site_name\" content=\"Librairie 7L\" \/>\n<meta property=\"article:modified_time\" content=\"2026-04-14T18:09:11+00:00\" \/>\n<meta property=\"og:image\" content=\"https:\/\/librairie7l.com\/wp-content\/uploads\/2025\/04\/9791040120490_1_75.jpg\" \/>\n\t<meta property=\"og:image:width\" content=\"400\" \/>\n\t<meta property=\"og:image:height\" content=\"546\" \/>\n\t<meta property=\"og:image:type\" content=\"image\/jpeg\" \/>\n<meta name=\"twitter:card\" content=\"summary_large_image\" \/>\n<meta name=\"twitter:label1\" content=\"Est. reading time\" \/>\n\t<meta name=\"twitter:data1\" content=\"1 minute\" \/>\n<script type=\"application\/ld+json\" class=\"yoast-schema-graph\">{\"@context\":\"https:\/\/schema.org\",\"@graph\":[{\"@type\":\"WebPage\",\"@id\":\"https:\/\/librairie7l.com\/en\/produit\/plein-sud-maisons-et-savoir-faire-2\/\",\"url\":\"https:\/\/librairie7l.com\/en\/produit\/plein-sud-maisons-et-savoir-faire-2\/\",\"name\":\"Plein Sud : Maisons et savoir-faire - Librairie 7L\",\"isPartOf\":{\"@id\":\"https:\/\/librairie7l.com\/en\/#website\"},\"datePublished\":\"2025-10-24T07:18:20+00:00\",\"dateModified\":\"2026-04-14T18:09:11+00:00\",\"breadcrumb\":{\"@id\":\"https:\/\/librairie7l.com\/en\/produit\/plein-sud-maisons-et-savoir-faire-2\/#breadcrumb\"},\"inLanguage\":\"en-US\",\"potentialAction\":[{\"@type\":\"ReadAction\",\"target\":[\"https:\/\/librairie7l.com\/en\/produit\/plein-sud-maisons-et-savoir-faire-2\/\"]}]},{\"@type\":\"BreadcrumbList\",\"@id\":\"https:\/\/librairie7l.com\/en\/produit\/plein-sud-maisons-et-savoir-faire-2\/#breadcrumb\",\"itemListElement\":[{\"@type\":\"ListItem\",\"position\":1,\"name\":\"Accueil\",\"item\":\"https:\/\/librairie7l.com\/en\/\"},{\"@type\":\"ListItem\",\"position\":2,\"name\":\"Shop\",\"item\":\"https:\/\/librairie7l.com\/en\/shop\/\"},{\"@type\":\"ListItem\",\"position\":3,\"name\":\"PLEIN SUD : MAISONS ET SAVOIR-FAIRE\"}]},{\"@type\":\"WebSite\",\"@id\":\"https:\/\/librairie7l.com\/en\/#website\",\"url\":\"https:\/\/librairie7l.com\/en\/\",\"name\":\"Librairie 7L\",\"description\":\"Librairie fond\u00e9e en 1999 par Karl Lagerfeld \u00e0 Paris\",\"publisher\":{\"@id\":\"https:\/\/librairie7l.com\/en\/#organization\"},\"potentialAction\":[{\"@type\":\"SearchAction\",\"target\":{\"@type\":\"EntryPoint\",\"urlTemplate\":\"https:\/\/librairie7l.com\/en\/?s={search_term_string}\"},\"query-input\":\"required name=search_term_string\"}],\"inLanguage\":\"en-US\"},{\"@type\":\"Organization\",\"@id\":\"https:\/\/librairie7l.com\/en\/#organization\",\"name\":\"Librairie 7L\",\"url\":\"https:\/\/librairie7l.com\/en\/\",\"logo\":{\"@type\":\"ImageObject\",\"inLanguage\":\"en-US\",\"@id\":\"https:\/\/librairie7l.com\/en\/#\/schema\/logo\/image\/\",\"url\":\"https:\/\/librairie7l.com\/wp-content\/uploads\/2022\/08\/logo-1.png\",\"contentUrl\":\"https:\/\/librairie7l.com\/wp-content\/uploads\/2022\/08\/logo-1.png\",\"width\":227,\"height\":301,\"caption\":\"Librairie 7L\"},\"image\":{\"@id\":\"https:\/\/librairie7l.com\/en\/#\/schema\/logo\/image\/\"}}]}<\/script>\n<!-- \/ Yoast SEO plugin. -->","yoast_head_json":{"title":"Plein Sud : Maisons et savoir-faire - Librairie 7L","robots":{"index":"index","follow":"follow","max-snippet":"max-snippet:-1","max-image-preview":"max-image-preview:large","max-video-preview":"max-video-preview:-1"},"canonical":"https:\/\/librairie7l.com\/en\/produit\/plein-sud-maisons-et-savoir-faire-2\/","og_locale":"en_US","og_type":"article","og_title":"Plein Sud : Maisons et savoir-faire - Librairie 7L","og_description":"Au fil des r\u00e9cits de l&#8217;auteure Laurence Dougier et des images inspirantes du photographe Nicolas Math\u00e9us, l&#8217;ouvrage invite \u00e0 la d\u00e9couverte d&#8217;une trentaine de demeures priv\u00e9es et d&#8217;ateliers d&#8217;artisans, situ\u00e9s au coeur du Bassin m\u00e9diterran\u00e9en. De la Provence \u00e0 la Corse, en passant par l&#8217;Italie, la Croatie, les Bal\u00e9ares, la Gr\u00e8ce ou le Portugal, les [&hellip;]","og_url":"https:\/\/librairie7l.com\/en\/produit\/plein-sud-maisons-et-savoir-faire-2\/","og_site_name":"Librairie 7L","article_modified_time":"2026-04-14T18:09:11+00:00","og_image":[{"width":400,"height":546,"url":"https:\/\/librairie7l.com\/wp-content\/uploads\/2025\/04\/9791040120490_1_75.jpg","type":"image\/jpeg"}],"twitter_card":"summary_large_image","twitter_misc":{"Est. reading time":"1 minute"},"schema":{"@context":"https:\/\/schema.org","@graph":[{"@type":"WebPage","@id":"https:\/\/librairie7l.com\/en\/produit\/plein-sud-maisons-et-savoir-faire-2\/","url":"https:\/\/librairie7l.com\/en\/produit\/plein-sud-maisons-et-savoir-faire-2\/","name":"Plein Sud : Maisons et savoir-faire - Librairie 7L","isPartOf":{"@id":"https:\/\/librairie7l.com\/en\/#website"},"datePublished":"2025-10-24T07:18:20+00:00","dateModified":"2026-04-14T18:09:11+00:00","breadcrumb":{"@id":"https:\/\/librairie7l.com\/en\/produit\/plein-sud-maisons-et-savoir-faire-2\/#breadcrumb"},"inLanguage":"en-US","potentialAction":[{"@type":"ReadAction","target":["https:\/\/librairie7l.com\/en\/produit\/plein-sud-maisons-et-savoir-faire-2\/"]}]},{"@type":"BreadcrumbList","@id":"https:\/\/librairie7l.com\/en\/produit\/plein-sud-maisons-et-savoir-faire-2\/#breadcrumb","itemListElement":[{"@type":"ListItem","position":1,"name":"Accueil","item":"https:\/\/librairie7l.com\/en\/"},{"@type":"ListItem","position":2,"name":"Shop","item":"https:\/\/librairie7l.com\/en\/shop\/"},{"@type":"ListItem","position":3,"name":"PLEIN SUD : MAISONS ET SAVOIR-FAIRE"}]},{"@type":"WebSite","@id":"https:\/\/librairie7l.com\/en\/#website","url":"https:\/\/librairie7l.com\/en\/","name":"Librairie 7L","description":"Librairie fond\u00e9e en 1999 par Karl Lagerfeld \u00e0 Paris","publisher":{"@id":"https:\/\/librairie7l.com\/en\/#organization"},"potentialAction":[{"@type":"SearchAction","target":{"@type":"EntryPoint","urlTemplate":"https:\/\/librairie7l.com\/en\/?s={search_term_string}"},"query-input":"required name=search_term_string"}],"inLanguage":"en-US"},{"@type":"Organization","@id":"https:\/\/librairie7l.com\/en\/#organization","name":"Librairie 7L","url":"https:\/\/librairie7l.com\/en\/","logo":{"@type":"ImageObject","inLanguage":"en-US","@id":"https:\/\/librairie7l.com\/en\/#\/schema\/logo\/image\/","url":"https:\/\/librairie7l.com\/wp-content\/uploads\/2022\/08\/logo-1.png","contentUrl":"https:\/\/librairie7l.com\/wp-content\/uploads\/2022\/08\/logo-1.png","width":227,"height":301,"caption":"Librairie 7L"},"image":{"@id":"https:\/\/librairie7l.com\/en\/#\/schema\/logo\/image\/"}}]}},"_links":{"self":[{"href":"https:\/\/librairie7l.com\/en\/wp-json\/wp\/v2\/product\/51734"}],"collection":[{"href":"https:\/\/librairie7l.com\/en\/wp-json\/wp\/v2\/product"}],"about":[{"href":"https:\/\/librairie7l.com\/en\/wp-json\/wp\/v2\/types\/product"}],"wp:featuredmedia":[{"embeddable":true,"href":"https:\/\/librairie7l.com\/en\/wp-json\/wp\/v2\/media\/51732"}],"wp:attachment":[{"href":"https:\/\/librairie7l.com\/en\/wp-json\/wp\/v2\/media?parent=51734"}],"wp:term":[{"taxonomy":"product_cat","embeddable":true,"href":"https:\/\/librairie7l.com\/en\/wp-json\/wp\/v2\/product_cat?post=51734"},{"taxonomy":"product_tag","embeddable":true,"href":"https:\/\/librairie7l.com\/en\/wp-json\/wp\/v2\/product_tag?post=51734"}],"curies":[{"name":"wp","href":"https:\/\/api.w.org\/{rel}","templated":true}]}}