{"id":51757,"date":"2025-10-25T09:18:07","date_gmt":"2025-10-25T07:18:07","guid":{"rendered":"https:\/\/librairie7l.com\/?post_type=product&#038;p=51757"},"modified":"2026-04-22T11:30:15","modified_gmt":"2026-04-22T09:30:15","slug":"yayoi-kusama-2","status":"publish","type":"product","link":"https:\/\/librairie7l.com\/en\/produit\/yayoi-kusama-2\/","title":{"rendered":"YAYOI KUSAMA"},"content":{"rendered":"<p>Lexposition itin\u00e9rante en Europe (Riehen\/B\u00e2le, Cologne, Amsterdam) retrace plus de 70 ans de cr\u00e9ation artistique \u00e0 travers une grande vari\u00e9t\u00e9 de m\u00e9diums. Le catalogue associ\u00e9 met en lumi\u00e8re des uvres embl\u00e9matiques, des pi\u00e8ces in\u00e9dites en Europe et des productions r\u00e9centes, le tout en collaboration avec lartiste elle-m\u00eame.<\/p>\n","protected":false},"excerpt":{"rendered":"<p>Lexposition itin\u00e9rante en Europe (Riehen\/B\u00e2le, Cologne, Amsterdam) retrace plus de 70 ans de cr\u00e9ation artistique \u00e0 travers une grande vari\u00e9t\u00e9 de m\u00e9diums. Le catalogue associ\u00e9 met en lumi\u00e8re des uvres embl\u00e9matiques, des pi\u00e8ces in\u00e9dites en Europe et des productions r\u00e9centes, le tout en collaboration avec lartiste elle-m\u00eame.<\/p>\n","protected":false},"featured_media":51755,"template":"","meta":[],"product_cat":[2948,2953],"product_tag":[],"acf":[],"yoast_head":"<!-- This site is optimized with the Yoast SEO plugin v20.11 - https:\/\/yoast.com\/wordpress\/plugins\/seo\/ -->\n<title>Yayoi Kusama - Librairie 7L<\/title>\n<meta name=\"robots\" content=\"index, follow, max-snippet:-1, max-image-preview:large, max-video-preview:-1\" \/>\n<link rel=\"canonical\" href=\"https:\/\/librairie7l.com\/en\/produit\/yayoi-kusama-2\/\" \/>\n<meta property=\"og:locale\" content=\"en_US\" \/>\n<meta property=\"og:type\" content=\"article\" \/>\n<meta property=\"og:title\" content=\"Yayoi Kusama - Librairie 7L\" \/>\n<meta property=\"og:description\" content=\"Lexposition itin\u00e9rante en Europe (Riehen\/B\u00e2le, Cologne, Amsterdam) retrace plus de 70 ans de cr\u00e9ation artistique \u00e0 travers une grande vari\u00e9t\u00e9 de m\u00e9diums. Le catalogue associ\u00e9 met en lumi\u00e8re des uvres embl\u00e9matiques, des pi\u00e8ces in\u00e9dites en Europe et des productions r\u00e9centes, le tout en collaboration avec lartiste elle-m\u00eame.\" \/>\n<meta property=\"og:url\" content=\"https:\/\/librairie7l.com\/en\/produit\/yayoi-kusama-2\/\" \/>\n<meta property=\"og:site_name\" content=\"Librairie 7L\" \/>\n<meta property=\"article:modified_time\" content=\"2026-04-22T09:30:15+00:00\" \/>\n<meta property=\"og:image\" content=\"https:\/\/librairie7l.com\/wp-content\/uploads\/2025\/08\/9783775760331_1_75.jpg\" \/>\n\t<meta property=\"og:image:width\" content=\"394\" \/>\n\t<meta property=\"og:image:height\" content=\"500\" \/>\n\t<meta property=\"og:image:type\" content=\"image\/jpeg\" \/>\n<meta name=\"twitter:card\" content=\"summary_large_image\" \/>\n<script type=\"application\/ld+json\" class=\"yoast-schema-graph\">{\"@context\":\"https:\/\/schema.org\",\"@graph\":[{\"@type\":\"WebPage\",\"@id\":\"https:\/\/librairie7l.com\/en\/produit\/yayoi-kusama-2\/\",\"url\":\"https:\/\/librairie7l.com\/en\/produit\/yayoi-kusama-2\/\",\"name\":\"Yayoi Kusama - Librairie 7L\",\"isPartOf\":{\"@id\":\"https:\/\/librairie7l.com\/en\/#website\"},\"datePublished\":\"2025-10-25T07:18:07+00:00\",\"dateModified\":\"2026-04-22T09:30:15+00:00\",\"breadcrumb\":{\"@id\":\"https:\/\/librairie7l.com\/en\/produit\/yayoi-kusama-2\/#breadcrumb\"},\"inLanguage\":\"en-US\",\"potentialAction\":[{\"@type\":\"ReadAction\",\"target\":[\"https:\/\/librairie7l.com\/en\/produit\/yayoi-kusama-2\/\"]}]},{\"@type\":\"BreadcrumbList\",\"@id\":\"https:\/\/librairie7l.com\/en\/produit\/yayoi-kusama-2\/#breadcrumb\",\"itemListElement\":[{\"@type\":\"ListItem\",\"position\":1,\"name\":\"Accueil\",\"item\":\"https:\/\/librairie7l.com\/en\/\"},{\"@type\":\"ListItem\",\"position\":2,\"name\":\"Shop\",\"item\":\"https:\/\/librairie7l.com\/en\/shop\/\"},{\"@type\":\"ListItem\",\"position\":3,\"name\":\"YAYOI KUSAMA\"}]},{\"@type\":\"WebSite\",\"@id\":\"https:\/\/librairie7l.com\/en\/#website\",\"url\":\"https:\/\/librairie7l.com\/en\/\",\"name\":\"Librairie 7L\",\"description\":\"Librairie fond\u00e9e en 1999 par Karl Lagerfeld \u00e0 Paris\",\"publisher\":{\"@id\":\"https:\/\/librairie7l.com\/en\/#organization\"},\"potentialAction\":[{\"@type\":\"SearchAction\",\"target\":{\"@type\":\"EntryPoint\",\"urlTemplate\":\"https:\/\/librairie7l.com\/en\/?s={search_term_string}\"},\"query-input\":\"required name=search_term_string\"}],\"inLanguage\":\"en-US\"},{\"@type\":\"Organization\",\"@id\":\"https:\/\/librairie7l.com\/en\/#organization\",\"name\":\"Librairie 7L\",\"url\":\"https:\/\/librairie7l.com\/en\/\",\"logo\":{\"@type\":\"ImageObject\",\"inLanguage\":\"en-US\",\"@id\":\"https:\/\/librairie7l.com\/en\/#\/schema\/logo\/image\/\",\"url\":\"https:\/\/librairie7l.com\/wp-content\/uploads\/2022\/08\/logo-1.png\",\"contentUrl\":\"https:\/\/librairie7l.com\/wp-content\/uploads\/2022\/08\/logo-1.png\",\"width\":227,\"height\":301,\"caption\":\"Librairie 7L\"},\"image\":{\"@id\":\"https:\/\/librairie7l.com\/en\/#\/schema\/logo\/image\/\"}}]}<\/script>\n<!-- \/ Yoast SEO plugin. -->","yoast_head_json":{"title":"Yayoi Kusama - Librairie 7L","robots":{"index":"index","follow":"follow","max-snippet":"max-snippet:-1","max-image-preview":"max-image-preview:large","max-video-preview":"max-video-preview:-1"},"canonical":"https:\/\/librairie7l.com\/en\/produit\/yayoi-kusama-2\/","og_locale":"en_US","og_type":"article","og_title":"Yayoi Kusama - Librairie 7L","og_description":"Lexposition itin\u00e9rante en Europe (Riehen\/B\u00e2le, Cologne, Amsterdam) retrace plus de 70 ans de cr\u00e9ation artistique \u00e0 travers une grande vari\u00e9t\u00e9 de m\u00e9diums. Le catalogue associ\u00e9 met en lumi\u00e8re des uvres embl\u00e9matiques, des pi\u00e8ces in\u00e9dites en Europe et des productions r\u00e9centes, le tout en collaboration avec lartiste elle-m\u00eame.","og_url":"https:\/\/librairie7l.com\/en\/produit\/yayoi-kusama-2\/","og_site_name":"Librairie 7L","article_modified_time":"2026-04-22T09:30:15+00:00","og_image":[{"width":394,"height":500,"url":"https:\/\/librairie7l.com\/wp-content\/uploads\/2025\/08\/9783775760331_1_75.jpg","type":"image\/jpeg"}],"twitter_card":"summary_large_image","schema":{"@context":"https:\/\/schema.org","@graph":[{"@type":"WebPage","@id":"https:\/\/librairie7l.com\/en\/produit\/yayoi-kusama-2\/","url":"https:\/\/librairie7l.com\/en\/produit\/yayoi-kusama-2\/","name":"Yayoi Kusama - Librairie 7L","isPartOf":{"@id":"https:\/\/librairie7l.com\/en\/#website"},"datePublished":"2025-10-25T07:18:07+00:00","dateModified":"2026-04-22T09:30:15+00:00","breadcrumb":{"@id":"https:\/\/librairie7l.com\/en\/produit\/yayoi-kusama-2\/#breadcrumb"},"inLanguage":"en-US","potentialAction":[{"@type":"ReadAction","target":["https:\/\/librairie7l.com\/en\/produit\/yayoi-kusama-2\/"]}]},{"@type":"BreadcrumbList","@id":"https:\/\/librairie7l.com\/en\/produit\/yayoi-kusama-2\/#breadcrumb","itemListElement":[{"@type":"ListItem","position":1,"name":"Accueil","item":"https:\/\/librairie7l.com\/en\/"},{"@type":"ListItem","position":2,"name":"Shop","item":"https:\/\/librairie7l.com\/en\/shop\/"},{"@type":"ListItem","position":3,"name":"YAYOI KUSAMA"}]},{"@type":"WebSite","@id":"https:\/\/librairie7l.com\/en\/#website","url":"https:\/\/librairie7l.com\/en\/","name":"Librairie 7L","description":"Librairie fond\u00e9e en 1999 par Karl Lagerfeld \u00e0 Paris","publisher":{"@id":"https:\/\/librairie7l.com\/en\/#organization"},"potentialAction":[{"@type":"SearchAction","target":{"@type":"EntryPoint","urlTemplate":"https:\/\/librairie7l.com\/en\/?s={search_term_string}"},"query-input":"required name=search_term_string"}],"inLanguage":"en-US"},{"@type":"Organization","@id":"https:\/\/librairie7l.com\/en\/#organization","name":"Librairie 7L","url":"https:\/\/librairie7l.com\/en\/","logo":{"@type":"ImageObject","inLanguage":"en-US","@id":"https:\/\/librairie7l.com\/en\/#\/schema\/logo\/image\/","url":"https:\/\/librairie7l.com\/wp-content\/uploads\/2022\/08\/logo-1.png","contentUrl":"https:\/\/librairie7l.com\/wp-content\/uploads\/2022\/08\/logo-1.png","width":227,"height":301,"caption":"Librairie 7L"},"image":{"@id":"https:\/\/librairie7l.com\/en\/#\/schema\/logo\/image\/"}}]}},"_links":{"self":[{"href":"https:\/\/librairie7l.com\/en\/wp-json\/wp\/v2\/product\/51757"}],"collection":[{"href":"https:\/\/librairie7l.com\/en\/wp-json\/wp\/v2\/product"}],"about":[{"href":"https:\/\/librairie7l.com\/en\/wp-json\/wp\/v2\/types\/product"}],"wp:featuredmedia":[{"embeddable":true,"href":"https:\/\/librairie7l.com\/en\/wp-json\/wp\/v2\/media\/51755"}],"wp:attachment":[{"href":"https:\/\/librairie7l.com\/en\/wp-json\/wp\/v2\/media?parent=51757"}],"wp:term":[{"taxonomy":"product_cat","embeddable":true,"href":"https:\/\/librairie7l.com\/en\/wp-json\/wp\/v2\/product_cat?post=51757"},{"taxonomy":"product_tag","embeddable":true,"href":"https:\/\/librairie7l.com\/en\/wp-json\/wp\/v2\/product_tag?post=51757"}],"curies":[{"name":"wp","href":"https:\/\/api.w.org\/{rel}","templated":true}]}}