{"id":51811,"date":"2025-11-02T18:15:56","date_gmt":"2025-11-02T17:15:56","guid":{"rendered":"https:\/\/librairie7l.com\/?post_type=product&#038;p=51811"},"modified":"2026-04-05T20:13:40","modified_gmt":"2026-04-05T18:13:40","slug":"denise-bellon-un-regard-vagabond-2","status":"publish","type":"product","link":"https:\/\/librairie7l.com\/en\/produit\/denise-bellon-un-regard-vagabond-2\/","title":{"rendered":"DENISE BELLON, UN REGARD VAGABOND"},"content":{"rendered":"<p>N\u00e9e \u00e0 Paris en 1902, Denise Bellon, Hulmann de son nom de jeune fille, grandit au sein d&#8217;une famille bourgeoise isra\u00e9lite. \u00c0 l&#8217;adolescence, sa rencontre avec les soeurs Makl\u00e8s lui ouvre de nouveaux horizons de libert\u00e9, et celle avec Andr\u00e9 Breton, dans les ann\u00e9es 1920, lui fait d\u00e9couvrir le milieu surr\u00e9aliste auquel elle reste attach\u00e9e toute sa vie. Li\u00e9e \u00e0 divers mouvements artistiques et politiques, elle fr\u00e9quente alors artistes, \u00e9crivains et cin\u00e9astes et s&#8217;initie \u00e0 la photographie lorsque son compagnon, Olivier B\u00e9chet, lui offre un Rolleiflex et lui pr\u00e9sente les photographes du studio Zuber avec lesquels elle fondera Alliance photo, la premi\u00e8re coop\u00e9rative photographique.<\/p>\n<p>\u00ab Elle avait le go\u00fbt de l&#8217;aventure, de l&#8217;impr\u00e9vu, du d\u00e9fi. Hardie dans ses comportements, elle aurait aim\u00e9 \u00eatre exploratrice \u00bb, confie sa fille, la r\u00e9alisatrice Yannick Bellon. Ce sont ces qualit\u00e9s qui poussent Denise Bellon \u00e0 partir en reportage dans les Balkans (1934), au Maroc (1936), en Afrique-Occidentale fran\u00e7aise (1939)et en Finlande (1939). Jusqu&#8217;en 1940, ses images sont tr\u00e8s largement publi\u00e9es dans des revues et magazines prestigieux de l&#8217;\u00e9poque tels Photographie 1938, Arts et m\u00e9tiers graphiques, Regards, ou encore Paris Match qui publie ses portraits des gitans de la Zone lors de la c\u00e9l\u00e9bration d&#8217;un mariage en 1939. Son chemin croise celui de Jacques Pr\u00e9vert, Marcel Duchamp, Mo\u00efse Kisling, Salvador Dal\u00ed, Andr\u00e9 Masson, Jean Giono&#8230;<\/p>\n<p>Contrainte de se r\u00e9fugier \u00e0 Lyon durant la guerre, elle maintient son activit\u00e9 dans la clandestinit\u00e9 saisissant l&#8217;atmosph\u00e8re oppressante de la ville sous l&#8217;Occupation tandis que son nouveau mari Armand Labin s&#8217;engage activement dans la r\u00e9sistance. Au lendemain de la Lib\u00e9ration, elle effectue quelques reportages comme celui d\u00e9di\u00e9 \u00e0 la maison des \u00c9claireurs isra\u00e9lites de Moissac (1945) ou encore \u00e0 la communaut\u00e9 juive de Djerba (1947). Elle photographie aussi le milieu du cin\u00e9ma (Serge Reggiani, Paul Grimault, Marcel Marceau, Nico Papatakis&#8230;) et r\u00e9alise, dans le cadre d&#8217;un reportage sur la Cin\u00e9math\u00e8que fran\u00e7aise en 1947, le c\u00e9l\u00e8bre clich\u00e9 de la baignoire d&#8217;Henri Langlois. Son objectif saisit les diff\u00e9rentes manifestations du groupe surr\u00e9aliste, notamment l&#8217;Exposition internationale du surr\u00e9alisme de 1938 mais aussi celles de 1947, 1959 et 1965. En 1953, elle immortalise un p\u00e9riple dans l&#8217;Espagne franquiste qu&#8217;elle m\u00e8ne en compagnie d&#8217;Henry Miller et qui sera \u00e0 l&#8217;origine d&#8217;un projet de livre commun aux deux artistes : Mejores no hay!.<br \/>\n\u00c0 partir de 1956, elle s&#8217;installe d\u00e9finitivement \u00e0 Paris et documente les tournages des films de sa fille Yannick Bellon tout en poursuivant une pratique plus personnelle.<\/p>\n<p>Ce livre rend hommage \u00e0 cette femme engag\u00e9e qui a explor\u00e9 avec audace la diversit\u00e9 de la photographie avec sa seule intuition, sans s&#8217;inscrire dans une \u00e9cole esth\u00e9tique. Ses photographies sont tant\u00f4t humanistes, tant\u00f4t d\u00e9bordantes d&#8217;\u00e9nergie cr\u00e9atrice exaltant la fraternit\u00e9, la libert\u00e9, tant\u00f4t affirmant son go\u00fbt pour l&#8217;\u00e9trange, le bizarre, rappelant sa passion pour le surr\u00e9alisme. Les quatorze contributions d&#8217;auteurs apportent un \u00e9clairage sur l&#8217;univers de Denise Bellon, sur les p\u00e9riodes successives de sa vie et sur le contexte de cr\u00e9ation de ses photographies, fid\u00e8lement reproduites dans cet ouvrage \u00e0 la fabrication soign\u00e9e.<\/p>\n","protected":false},"excerpt":{"rendered":"<p>N\u00e9e \u00e0 Paris en 1902, Denise Bellon, Hulmann de son nom de jeune fille, grandit au sein d&#8217;une famille bourgeoise isra\u00e9lite. \u00c0 l&#8217;adolescence, sa rencontre avec les soeurs Makl\u00e8s lui ouvre de nouveaux horizons de libert\u00e9, et celle avec Andr\u00e9 Breton, dans les ann\u00e9es 1920, lui fait d\u00e9couvrir le milieu surr\u00e9aliste auquel elle reste attach\u00e9e [&hellip;]<\/p>\n","protected":false},"featured_media":51809,"template":"","meta":[],"product_cat":[7364,2948],"product_tag":[],"acf":[],"yoast_head":"<!-- This site is optimized with the Yoast SEO plugin v20.11 - https:\/\/yoast.com\/wordpress\/plugins\/seo\/ -->\n<title>Denise Bellon, un regard vagabond - Librairie 7L<\/title>\n<meta name=\"robots\" content=\"index, follow, max-snippet:-1, max-image-preview:large, max-video-preview:-1\" \/>\n<link rel=\"canonical\" href=\"https:\/\/librairie7l.com\/en\/produit\/denise-bellon-un-regard-vagabond-2\/\" \/>\n<meta property=\"og:locale\" content=\"en_US\" \/>\n<meta property=\"og:type\" content=\"article\" \/>\n<meta property=\"og:title\" content=\"Denise Bellon, un regard vagabond - Librairie 7L\" \/>\n<meta property=\"og:description\" content=\"N\u00e9e \u00e0 Paris en 1902, Denise Bellon, Hulmann de son nom de jeune fille, grandit au sein d&#8217;une famille bourgeoise isra\u00e9lite. \u00c0 l&#8217;adolescence, sa rencontre avec les soeurs Makl\u00e8s lui ouvre de nouveaux horizons de libert\u00e9, et celle avec Andr\u00e9 Breton, dans les ann\u00e9es 1920, lui fait d\u00e9couvrir le milieu surr\u00e9aliste auquel elle reste attach\u00e9e [&hellip;]\" \/>\n<meta property=\"og:url\" content=\"https:\/\/librairie7l.com\/en\/produit\/denise-bellon-un-regard-vagabond-2\/\" \/>\n<meta property=\"og:site_name\" content=\"Librairie 7L\" \/>\n<meta property=\"article:modified_time\" content=\"2026-04-05T18:13:40+00:00\" \/>\n<meta property=\"og:image\" content=\"https:\/\/librairie7l.com\/wp-content\/uploads\/2025\/06\/9791095821847_1_75.jpg\" \/>\n\t<meta property=\"og:image:width\" content=\"400\" \/>\n\t<meta property=\"og:image:height\" content=\"512\" \/>\n\t<meta property=\"og:image:type\" content=\"image\/jpeg\" \/>\n<meta name=\"twitter:card\" content=\"summary_large_image\" \/>\n<meta name=\"twitter:label1\" content=\"Est. reading time\" \/>\n\t<meta name=\"twitter:data1\" content=\"3 minutes\" \/>\n<script type=\"application\/ld+json\" class=\"yoast-schema-graph\">{\"@context\":\"https:\/\/schema.org\",\"@graph\":[{\"@type\":\"WebPage\",\"@id\":\"https:\/\/librairie7l.com\/en\/produit\/denise-bellon-un-regard-vagabond-2\/\",\"url\":\"https:\/\/librairie7l.com\/en\/produit\/denise-bellon-un-regard-vagabond-2\/\",\"name\":\"Denise Bellon, un regard vagabond - Librairie 7L\",\"isPartOf\":{\"@id\":\"https:\/\/librairie7l.com\/en\/#website\"},\"datePublished\":\"2025-11-02T17:15:56+00:00\",\"dateModified\":\"2026-04-05T18:13:40+00:00\",\"breadcrumb\":{\"@id\":\"https:\/\/librairie7l.com\/en\/produit\/denise-bellon-un-regard-vagabond-2\/#breadcrumb\"},\"inLanguage\":\"en-US\",\"potentialAction\":[{\"@type\":\"ReadAction\",\"target\":[\"https:\/\/librairie7l.com\/en\/produit\/denise-bellon-un-regard-vagabond-2\/\"]}]},{\"@type\":\"BreadcrumbList\",\"@id\":\"https:\/\/librairie7l.com\/en\/produit\/denise-bellon-un-regard-vagabond-2\/#breadcrumb\",\"itemListElement\":[{\"@type\":\"ListItem\",\"position\":1,\"name\":\"Accueil\",\"item\":\"https:\/\/librairie7l.com\/en\/\"},{\"@type\":\"ListItem\",\"position\":2,\"name\":\"Shop\",\"item\":\"https:\/\/librairie7l.com\/en\/shop\/\"},{\"@type\":\"ListItem\",\"position\":3,\"name\":\"DENISE BELLON, UN REGARD VAGABOND\"}]},{\"@type\":\"WebSite\",\"@id\":\"https:\/\/librairie7l.com\/en\/#website\",\"url\":\"https:\/\/librairie7l.com\/en\/\",\"name\":\"Librairie 7L\",\"description\":\"Librairie fond\u00e9e en 1999 par Karl Lagerfeld \u00e0 Paris\",\"publisher\":{\"@id\":\"https:\/\/librairie7l.com\/en\/#organization\"},\"potentialAction\":[{\"@type\":\"SearchAction\",\"target\":{\"@type\":\"EntryPoint\",\"urlTemplate\":\"https:\/\/librairie7l.com\/en\/?s={search_term_string}\"},\"query-input\":\"required name=search_term_string\"}],\"inLanguage\":\"en-US\"},{\"@type\":\"Organization\",\"@id\":\"https:\/\/librairie7l.com\/en\/#organization\",\"name\":\"Librairie 7L\",\"url\":\"https:\/\/librairie7l.com\/en\/\",\"logo\":{\"@type\":\"ImageObject\",\"inLanguage\":\"en-US\",\"@id\":\"https:\/\/librairie7l.com\/en\/#\/schema\/logo\/image\/\",\"url\":\"https:\/\/librairie7l.com\/wp-content\/uploads\/2022\/08\/logo-1.png\",\"contentUrl\":\"https:\/\/librairie7l.com\/wp-content\/uploads\/2022\/08\/logo-1.png\",\"width\":227,\"height\":301,\"caption\":\"Librairie 7L\"},\"image\":{\"@id\":\"https:\/\/librairie7l.com\/en\/#\/schema\/logo\/image\/\"}}]}<\/script>\n<!-- \/ Yoast SEO plugin. -->","yoast_head_json":{"title":"Denise Bellon, un regard vagabond - Librairie 7L","robots":{"index":"index","follow":"follow","max-snippet":"max-snippet:-1","max-image-preview":"max-image-preview:large","max-video-preview":"max-video-preview:-1"},"canonical":"https:\/\/librairie7l.com\/en\/produit\/denise-bellon-un-regard-vagabond-2\/","og_locale":"en_US","og_type":"article","og_title":"Denise Bellon, un regard vagabond - Librairie 7L","og_description":"N\u00e9e \u00e0 Paris en 1902, Denise Bellon, Hulmann de son nom de jeune fille, grandit au sein d&#8217;une famille bourgeoise isra\u00e9lite. \u00c0 l&#8217;adolescence, sa rencontre avec les soeurs Makl\u00e8s lui ouvre de nouveaux horizons de libert\u00e9, et celle avec Andr\u00e9 Breton, dans les ann\u00e9es 1920, lui fait d\u00e9couvrir le milieu surr\u00e9aliste auquel elle reste attach\u00e9e [&hellip;]","og_url":"https:\/\/librairie7l.com\/en\/produit\/denise-bellon-un-regard-vagabond-2\/","og_site_name":"Librairie 7L","article_modified_time":"2026-04-05T18:13:40+00:00","og_image":[{"width":400,"height":512,"url":"https:\/\/librairie7l.com\/wp-content\/uploads\/2025\/06\/9791095821847_1_75.jpg","type":"image\/jpeg"}],"twitter_card":"summary_large_image","twitter_misc":{"Est. reading time":"3 minutes"},"schema":{"@context":"https:\/\/schema.org","@graph":[{"@type":"WebPage","@id":"https:\/\/librairie7l.com\/en\/produit\/denise-bellon-un-regard-vagabond-2\/","url":"https:\/\/librairie7l.com\/en\/produit\/denise-bellon-un-regard-vagabond-2\/","name":"Denise Bellon, un regard vagabond - Librairie 7L","isPartOf":{"@id":"https:\/\/librairie7l.com\/en\/#website"},"datePublished":"2025-11-02T17:15:56+00:00","dateModified":"2026-04-05T18:13:40+00:00","breadcrumb":{"@id":"https:\/\/librairie7l.com\/en\/produit\/denise-bellon-un-regard-vagabond-2\/#breadcrumb"},"inLanguage":"en-US","potentialAction":[{"@type":"ReadAction","target":["https:\/\/librairie7l.com\/en\/produit\/denise-bellon-un-regard-vagabond-2\/"]}]},{"@type":"BreadcrumbList","@id":"https:\/\/librairie7l.com\/en\/produit\/denise-bellon-un-regard-vagabond-2\/#breadcrumb","itemListElement":[{"@type":"ListItem","position":1,"name":"Accueil","item":"https:\/\/librairie7l.com\/en\/"},{"@type":"ListItem","position":2,"name":"Shop","item":"https:\/\/librairie7l.com\/en\/shop\/"},{"@type":"ListItem","position":3,"name":"DENISE BELLON, UN REGARD VAGABOND"}]},{"@type":"WebSite","@id":"https:\/\/librairie7l.com\/en\/#website","url":"https:\/\/librairie7l.com\/en\/","name":"Librairie 7L","description":"Librairie fond\u00e9e en 1999 par Karl Lagerfeld \u00e0 Paris","publisher":{"@id":"https:\/\/librairie7l.com\/en\/#organization"},"potentialAction":[{"@type":"SearchAction","target":{"@type":"EntryPoint","urlTemplate":"https:\/\/librairie7l.com\/en\/?s={search_term_string}"},"query-input":"required name=search_term_string"}],"inLanguage":"en-US"},{"@type":"Organization","@id":"https:\/\/librairie7l.com\/en\/#organization","name":"Librairie 7L","url":"https:\/\/librairie7l.com\/en\/","logo":{"@type":"ImageObject","inLanguage":"en-US","@id":"https:\/\/librairie7l.com\/en\/#\/schema\/logo\/image\/","url":"https:\/\/librairie7l.com\/wp-content\/uploads\/2022\/08\/logo-1.png","contentUrl":"https:\/\/librairie7l.com\/wp-content\/uploads\/2022\/08\/logo-1.png","width":227,"height":301,"caption":"Librairie 7L"},"image":{"@id":"https:\/\/librairie7l.com\/en\/#\/schema\/logo\/image\/"}}]}},"_links":{"self":[{"href":"https:\/\/librairie7l.com\/en\/wp-json\/wp\/v2\/product\/51811"}],"collection":[{"href":"https:\/\/librairie7l.com\/en\/wp-json\/wp\/v2\/product"}],"about":[{"href":"https:\/\/librairie7l.com\/en\/wp-json\/wp\/v2\/types\/product"}],"wp:featuredmedia":[{"embeddable":true,"href":"https:\/\/librairie7l.com\/en\/wp-json\/wp\/v2\/media\/51809"}],"wp:attachment":[{"href":"https:\/\/librairie7l.com\/en\/wp-json\/wp\/v2\/media?parent=51811"}],"wp:term":[{"taxonomy":"product_cat","embeddable":true,"href":"https:\/\/librairie7l.com\/en\/wp-json\/wp\/v2\/product_cat?post=51811"},{"taxonomy":"product_tag","embeddable":true,"href":"https:\/\/librairie7l.com\/en\/wp-json\/wp\/v2\/product_tag?post=51811"}],"curies":[{"name":"wp","href":"https:\/\/api.w.org\/{rel}","templated":true}]}}