{"id":51858,"date":"2025-11-04T13:01:43","date_gmt":"2025-11-04T12:01:43","guid":{"rendered":"https:\/\/librairie7l.com\/?post_type=product&#038;p=51858"},"modified":"2026-04-05T20:13:48","modified_gmt":"2026-04-05T18:13:48","slug":"3-minutes-pour-comprendre-les-50-plus-grands-courants-de-la-mode-textiles-styles-collections-haute-couture-pret-a-porter-coco-chanel-yves-saint-laurent-2","status":"publish","type":"product","link":"https:\/\/librairie7l.com\/en\/produit\/3-minutes-pour-comprendre-les-50-plus-grands-courants-de-la-mode-textiles-styles-collections-haute-couture-pret-a-porter-coco-chanel-yves-saint-laurent-2\/","title":{"rendered":"3 MINUTES POUR COMPRENDRE : LES 50 PLUS GRANDS COURANTS DE LA MODE ; TEXTILES, STYLES, COLLECTIONS, HAUTE COUTURE, PR\u00caT \u00c0 PORTER, COCO CHANEL, YVES SAINT LAURENT&#8230;"},"content":{"rendered":"<p>Ind\u00e9pendamment des styles vestimentaires, qu&#8217;est-ce qui fait la mode ? Est-ce la fa\u00e7on dont un v\u00eatement est con\u00e7u ? Ou celle dont il est commercialis\u00e9 ? Ou encore la fa\u00e7on dont on le porte ? Tous ces aspects jouent un r\u00f4le mais ce qui d\u00e9finit principalement la mode, c&#8217;est sa nature \u00e9ph\u00e9m\u00e8re&#8230; Cet ouvrage de vulgarisation intelligente, met en lumi\u00e8re certains des cr\u00e9ateurs embl\u00e9matiques dont le travail a d\u00e9fini la \u00ab silhouette \u00bb au fil des d\u00e9cennies, des pionniers de la haute couture comme Paul Poiret et Coco Chanel aux lanceurs de tendances comme Vivienne Westwood ou Marc Jacobs. Mais c&#8217;est aussi une industrie plan\u00e9taire o\u00f9 les collections des plus grands cr\u00e9ateurs rivalisent de prestige sur les podiums de Paris, Londres, New York et Milan &#8211; les quatre villes les plus r\u00e9put\u00e9es dans ce domaine &#8211; tandis que la mode de rue g\u00e9n\u00e8re sans cesse de nouveau styles. L&#8217;unique constante avec la mode, c&#8217;est qu&#8217;elle ne cesse de se r\u00e9inventer en accueillant l&#8217;avenir tout en r\u00e9interpr\u00e9tant le pass\u00e9&#8230;<br \/>\nNous cr\u00e9ons notre style vestimentaire et, \u00e0 son tour, la mode nous cr\u00e9e !<\/p>\n","protected":false},"excerpt":{"rendered":"<p>Ind\u00e9pendamment des styles vestimentaires, qu&#8217;est-ce qui fait la mode ? Est-ce la fa\u00e7on dont un v\u00eatement est con\u00e7u ? Ou celle dont il est commercialis\u00e9 ? Ou encore la fa\u00e7on dont on le porte ? Tous ces aspects jouent un r\u00f4le mais ce qui d\u00e9finit principalement la mode, c&#8217;est sa nature \u00e9ph\u00e9m\u00e8re&#8230; Cet ouvrage de [&hellip;]<\/p>\n","protected":false},"featured_media":51856,"template":"","meta":[],"product_cat":[7364,2948],"product_tag":[],"acf":[],"yoast_head":"<!-- This site is optimized with the Yoast SEO plugin v20.11 - https:\/\/yoast.com\/wordpress\/plugins\/seo\/ -->\n<title>3 minutes pour comprendre : les 50 plus grands courants de la mode ; textiles, styles, collections, haute couture, pr\u00eat \u00e0 porter, Coco Chanel, Yves Saint Laurent... - Librairie 7L<\/title>\n<meta name=\"robots\" content=\"index, follow, max-snippet:-1, max-image-preview:large, max-video-preview:-1\" \/>\n<link rel=\"canonical\" href=\"https:\/\/librairie7l.com\/en\/produit\/3-minutes-pour-comprendre-les-50-plus-grands-courants-de-la-mode-textiles-styles-collections-haute-couture-pret-a-porter-coco-chanel-yves-saint-laurent-2\/\" \/>\n<meta property=\"og:locale\" content=\"en_US\" \/>\n<meta property=\"og:type\" content=\"article\" \/>\n<meta property=\"og:title\" content=\"3 minutes pour comprendre : les 50 plus grands courants de la mode ; textiles, styles, collections, haute couture, pr\u00eat \u00e0 porter, Coco Chanel, Yves Saint Laurent... - Librairie 7L\" \/>\n<meta property=\"og:description\" content=\"Ind\u00e9pendamment des styles vestimentaires, qu&#8217;est-ce qui fait la mode ? Est-ce la fa\u00e7on dont un v\u00eatement est con\u00e7u ? Ou celle dont il est commercialis\u00e9 ? Ou encore la fa\u00e7on dont on le porte ? Tous ces aspects jouent un r\u00f4le mais ce qui d\u00e9finit principalement la mode, c&#8217;est sa nature \u00e9ph\u00e9m\u00e8re&#8230; Cet ouvrage de [&hellip;]\" \/>\n<meta property=\"og:url\" content=\"https:\/\/librairie7l.com\/en\/produit\/3-minutes-pour-comprendre-les-50-plus-grands-courants-de-la-mode-textiles-styles-collections-haute-couture-pret-a-porter-coco-chanel-yves-saint-laurent-2\/\" \/>\n<meta property=\"og:site_name\" content=\"Librairie 7L\" \/>\n<meta property=\"article:modified_time\" content=\"2026-04-05T18:13:48+00:00\" \/>\n<meta property=\"og:image\" content=\"https:\/\/librairie7l.com\/wp-content\/uploads\/2017\/01\/9782702912911_1_75.jpg\" \/>\n\t<meta property=\"og:image:width\" content=\"600\" \/>\n\t<meta property=\"og:image:height\" content=\"787\" \/>\n\t<meta property=\"og:image:type\" content=\"image\/jpeg\" \/>\n<meta name=\"twitter:card\" content=\"summary_large_image\" \/>\n<meta name=\"twitter:label1\" content=\"Est. reading time\" \/>\n\t<meta name=\"twitter:data1\" content=\"1 minute\" \/>\n<script type=\"application\/ld+json\" class=\"yoast-schema-graph\">{\"@context\":\"https:\/\/schema.org\",\"@graph\":[{\"@type\":\"WebPage\",\"@id\":\"https:\/\/librairie7l.com\/en\/produit\/3-minutes-pour-comprendre-les-50-plus-grands-courants-de-la-mode-textiles-styles-collections-haute-couture-pret-a-porter-coco-chanel-yves-saint-laurent-2\/\",\"url\":\"https:\/\/librairie7l.com\/en\/produit\/3-minutes-pour-comprendre-les-50-plus-grands-courants-de-la-mode-textiles-styles-collections-haute-couture-pret-a-porter-coco-chanel-yves-saint-laurent-2\/\",\"name\":\"3 minutes pour comprendre : les 50 plus grands courants de la mode ; textiles, styles, collections, haute couture, pr\u00eat \u00e0 porter, Coco Chanel, Yves Saint Laurent... - Librairie 7L\",\"isPartOf\":{\"@id\":\"https:\/\/librairie7l.com\/en\/#website\"},\"datePublished\":\"2025-11-04T12:01:43+00:00\",\"dateModified\":\"2026-04-05T18:13:48+00:00\",\"breadcrumb\":{\"@id\":\"https:\/\/librairie7l.com\/en\/produit\/3-minutes-pour-comprendre-les-50-plus-grands-courants-de-la-mode-textiles-styles-collections-haute-couture-pret-a-porter-coco-chanel-yves-saint-laurent-2\/#breadcrumb\"},\"inLanguage\":\"en-US\",\"potentialAction\":[{\"@type\":\"ReadAction\",\"target\":[\"https:\/\/librairie7l.com\/en\/produit\/3-minutes-pour-comprendre-les-50-plus-grands-courants-de-la-mode-textiles-styles-collections-haute-couture-pret-a-porter-coco-chanel-yves-saint-laurent-2\/\"]}]},{\"@type\":\"BreadcrumbList\",\"@id\":\"https:\/\/librairie7l.com\/en\/produit\/3-minutes-pour-comprendre-les-50-plus-grands-courants-de-la-mode-textiles-styles-collections-haute-couture-pret-a-porter-coco-chanel-yves-saint-laurent-2\/#breadcrumb\",\"itemListElement\":[{\"@type\":\"ListItem\",\"position\":1,\"name\":\"Accueil\",\"item\":\"https:\/\/librairie7l.com\/en\/\"},{\"@type\":\"ListItem\",\"position\":2,\"name\":\"Shop\",\"item\":\"https:\/\/librairie7l.com\/en\/shop\/\"},{\"@type\":\"ListItem\",\"position\":3,\"name\":\"3 MINUTES POUR COMPRENDRE : LES 50 PLUS GRANDS COURANTS DE LA MODE ; TEXTILES, STYLES, COLLECTIONS, HAUTE COUTURE, PR\u00caT \u00c0 PORTER, COCO CHANEL, YVES SAINT LAURENT&#8230;\"}]},{\"@type\":\"WebSite\",\"@id\":\"https:\/\/librairie7l.com\/en\/#website\",\"url\":\"https:\/\/librairie7l.com\/en\/\",\"name\":\"Librairie 7L\",\"description\":\"Librairie fond\u00e9e en 1999 par Karl Lagerfeld \u00e0 Paris\",\"publisher\":{\"@id\":\"https:\/\/librairie7l.com\/en\/#organization\"},\"potentialAction\":[{\"@type\":\"SearchAction\",\"target\":{\"@type\":\"EntryPoint\",\"urlTemplate\":\"https:\/\/librairie7l.com\/en\/?s={search_term_string}\"},\"query-input\":\"required name=search_term_string\"}],\"inLanguage\":\"en-US\"},{\"@type\":\"Organization\",\"@id\":\"https:\/\/librairie7l.com\/en\/#organization\",\"name\":\"Librairie 7L\",\"url\":\"https:\/\/librairie7l.com\/en\/\",\"logo\":{\"@type\":\"ImageObject\",\"inLanguage\":\"en-US\",\"@id\":\"https:\/\/librairie7l.com\/en\/#\/schema\/logo\/image\/\",\"url\":\"https:\/\/librairie7l.com\/wp-content\/uploads\/2022\/08\/logo-1.png\",\"contentUrl\":\"https:\/\/librairie7l.com\/wp-content\/uploads\/2022\/08\/logo-1.png\",\"width\":227,\"height\":301,\"caption\":\"Librairie 7L\"},\"image\":{\"@id\":\"https:\/\/librairie7l.com\/en\/#\/schema\/logo\/image\/\"}}]}<\/script>\n<!-- \/ Yoast SEO plugin. -->","yoast_head_json":{"title":"3 minutes pour comprendre : les 50 plus grands courants de la mode ; textiles, styles, collections, haute couture, pr\u00eat \u00e0 porter, Coco Chanel, Yves Saint Laurent... - Librairie 7L","robots":{"index":"index","follow":"follow","max-snippet":"max-snippet:-1","max-image-preview":"max-image-preview:large","max-video-preview":"max-video-preview:-1"},"canonical":"https:\/\/librairie7l.com\/en\/produit\/3-minutes-pour-comprendre-les-50-plus-grands-courants-de-la-mode-textiles-styles-collections-haute-couture-pret-a-porter-coco-chanel-yves-saint-laurent-2\/","og_locale":"en_US","og_type":"article","og_title":"3 minutes pour comprendre : les 50 plus grands courants de la mode ; textiles, styles, collections, haute couture, pr\u00eat \u00e0 porter, Coco Chanel, Yves Saint Laurent... - Librairie 7L","og_description":"Ind\u00e9pendamment des styles vestimentaires, qu&#8217;est-ce qui fait la mode ? Est-ce la fa\u00e7on dont un v\u00eatement est con\u00e7u ? Ou celle dont il est commercialis\u00e9 ? Ou encore la fa\u00e7on dont on le porte ? Tous ces aspects jouent un r\u00f4le mais ce qui d\u00e9finit principalement la mode, c&#8217;est sa nature \u00e9ph\u00e9m\u00e8re&#8230; Cet ouvrage de [&hellip;]","og_url":"https:\/\/librairie7l.com\/en\/produit\/3-minutes-pour-comprendre-les-50-plus-grands-courants-de-la-mode-textiles-styles-collections-haute-couture-pret-a-porter-coco-chanel-yves-saint-laurent-2\/","og_site_name":"Librairie 7L","article_modified_time":"2026-04-05T18:13:48+00:00","og_image":[{"width":600,"height":787,"url":"https:\/\/librairie7l.com\/wp-content\/uploads\/2017\/01\/9782702912911_1_75.jpg","type":"image\/jpeg"}],"twitter_card":"summary_large_image","twitter_misc":{"Est. reading time":"1 minute"},"schema":{"@context":"https:\/\/schema.org","@graph":[{"@type":"WebPage","@id":"https:\/\/librairie7l.com\/en\/produit\/3-minutes-pour-comprendre-les-50-plus-grands-courants-de-la-mode-textiles-styles-collections-haute-couture-pret-a-porter-coco-chanel-yves-saint-laurent-2\/","url":"https:\/\/librairie7l.com\/en\/produit\/3-minutes-pour-comprendre-les-50-plus-grands-courants-de-la-mode-textiles-styles-collections-haute-couture-pret-a-porter-coco-chanel-yves-saint-laurent-2\/","name":"3 minutes pour comprendre : les 50 plus grands courants de la mode ; textiles, styles, collections, haute couture, pr\u00eat \u00e0 porter, Coco Chanel, Yves Saint Laurent... - Librairie 7L","isPartOf":{"@id":"https:\/\/librairie7l.com\/en\/#website"},"datePublished":"2025-11-04T12:01:43+00:00","dateModified":"2026-04-05T18:13:48+00:00","breadcrumb":{"@id":"https:\/\/librairie7l.com\/en\/produit\/3-minutes-pour-comprendre-les-50-plus-grands-courants-de-la-mode-textiles-styles-collections-haute-couture-pret-a-porter-coco-chanel-yves-saint-laurent-2\/#breadcrumb"},"inLanguage":"en-US","potentialAction":[{"@type":"ReadAction","target":["https:\/\/librairie7l.com\/en\/produit\/3-minutes-pour-comprendre-les-50-plus-grands-courants-de-la-mode-textiles-styles-collections-haute-couture-pret-a-porter-coco-chanel-yves-saint-laurent-2\/"]}]},{"@type":"BreadcrumbList","@id":"https:\/\/librairie7l.com\/en\/produit\/3-minutes-pour-comprendre-les-50-plus-grands-courants-de-la-mode-textiles-styles-collections-haute-couture-pret-a-porter-coco-chanel-yves-saint-laurent-2\/#breadcrumb","itemListElement":[{"@type":"ListItem","position":1,"name":"Accueil","item":"https:\/\/librairie7l.com\/en\/"},{"@type":"ListItem","position":2,"name":"Shop","item":"https:\/\/librairie7l.com\/en\/shop\/"},{"@type":"ListItem","position":3,"name":"3 MINUTES POUR COMPRENDRE : LES 50 PLUS GRANDS COURANTS DE LA MODE ; TEXTILES, STYLES, COLLECTIONS, HAUTE COUTURE, PR\u00caT \u00c0 PORTER, COCO CHANEL, YVES SAINT LAURENT&#8230;"}]},{"@type":"WebSite","@id":"https:\/\/librairie7l.com\/en\/#website","url":"https:\/\/librairie7l.com\/en\/","name":"Librairie 7L","description":"Librairie fond\u00e9e en 1999 par Karl Lagerfeld \u00e0 Paris","publisher":{"@id":"https:\/\/librairie7l.com\/en\/#organization"},"potentialAction":[{"@type":"SearchAction","target":{"@type":"EntryPoint","urlTemplate":"https:\/\/librairie7l.com\/en\/?s={search_term_string}"},"query-input":"required name=search_term_string"}],"inLanguage":"en-US"},{"@type":"Organization","@id":"https:\/\/librairie7l.com\/en\/#organization","name":"Librairie 7L","url":"https:\/\/librairie7l.com\/en\/","logo":{"@type":"ImageObject","inLanguage":"en-US","@id":"https:\/\/librairie7l.com\/en\/#\/schema\/logo\/image\/","url":"https:\/\/librairie7l.com\/wp-content\/uploads\/2022\/08\/logo-1.png","contentUrl":"https:\/\/librairie7l.com\/wp-content\/uploads\/2022\/08\/logo-1.png","width":227,"height":301,"caption":"Librairie 7L"},"image":{"@id":"https:\/\/librairie7l.com\/en\/#\/schema\/logo\/image\/"}}]}},"_links":{"self":[{"href":"https:\/\/librairie7l.com\/en\/wp-json\/wp\/v2\/product\/51858"}],"collection":[{"href":"https:\/\/librairie7l.com\/en\/wp-json\/wp\/v2\/product"}],"about":[{"href":"https:\/\/librairie7l.com\/en\/wp-json\/wp\/v2\/types\/product"}],"wp:featuredmedia":[{"embeddable":true,"href":"https:\/\/librairie7l.com\/en\/wp-json\/wp\/v2\/media\/51856"}],"wp:attachment":[{"href":"https:\/\/librairie7l.com\/en\/wp-json\/wp\/v2\/media?parent=51858"}],"wp:term":[{"taxonomy":"product_cat","embeddable":true,"href":"https:\/\/librairie7l.com\/en\/wp-json\/wp\/v2\/product_cat?post=51858"},{"taxonomy":"product_tag","embeddable":true,"href":"https:\/\/librairie7l.com\/en\/wp-json\/wp\/v2\/product_tag?post=51858"}],"curies":[{"name":"wp","href":"https:\/\/api.w.org\/{rel}","templated":true}]}}