{"id":51883,"date":"2025-11-05T09:18:11","date_gmt":"2025-11-05T08:18:11","guid":{"rendered":"https:\/\/librairie7l.com\/?post_type=product&#038;p=51883"},"modified":"2026-04-20T04:13:17","modified_gmt":"2026-04-20T02:13:17","slug":"les-portes-du-monde-2","status":"publish","type":"product","link":"https:\/\/librairie7l.com\/en\/produit\/les-portes-du-monde-2\/","title":{"rendered":"LES PORTES DU MONDE"},"content":{"rendered":"<p>Une odyss\u00e9e artistique unique au travers de 43 portes symboliques, sublim\u00e9es par l&#8217;art de la laque.<br \/>\nImaginez un art o\u00f9 chaque teinte, chaque reflet, capture l&#8217;essence d&#8217;un voyage. O\u00f9 le chatoiement des couleurs et des ors raconte des histoires de territoires lointains et d&#8217;\u00e9motions intimes.<br \/>\nC&#8217;est l&#8217;univers de la laqueuse et ma\u00eetre d&#8217;art Isabelle Emmerique qui se r\u00e9v\u00e8le dans ce livre somptueux.<br \/>\nSa passion pour la laque et son d\u00e9sir de c\u00e9l\u00e9brer la diversit\u00e9 du monde ont abouti \u00e0 la cr\u00e9ation des Portes du  monde, une oeuvre artistique exceptionnelle con\u00e7ue durant quatre d\u00e9cennies. Les 43 portes symboliques  qu&#8217;elle pr\u00e9sente portent chacune le nom d&#8217;une ville ou d&#8217;un pays travers\u00e9 ; elles sont orn\u00e9es de cadenas  chin\u00e9s sur place, reflets d&#8217;ancrages culturels et d&#8217;expressions esth\u00e9tiques singuli\u00e8res.<br \/>\nGuid\u00e9e par l&#8217;incantation de Ma\u00eetre Dogen, philosophe bouddhiste du 12e si\u00e8cle, Isabelle Emmerique nous  embarque dans un p\u00e9riple initiatique : \u00abAller, aller, aller au-del\u00e0 du par-del\u00e0, sur la rive de l&#8217;\u00e9veil \u00bb &#8211; ces mots  capturent l&#8217;essence de son parcours. Les chapitres fusionnent les regards singuliers de l&#8217;artiste avec ceux  d&#8217;\u00e9crivains et po\u00e8tes de divers horizons. Ce dialogue vibrant entre art et litt\u00e9rature nous transporte  virtuellement \u00e0 travers les fronti\u00e8res et les cultures<\/p>\n","protected":false},"excerpt":{"rendered":"<p>Une odyss\u00e9e artistique unique au travers de 43 portes symboliques, sublim\u00e9es par l&#8217;art de la laque. Imaginez un art o\u00f9 chaque teinte, chaque reflet, capture l&#8217;essence d&#8217;un voyage. O\u00f9 le chatoiement des couleurs et des ors raconte des histoires de territoires lointains et d&#8217;\u00e9motions intimes. C&#8217;est l&#8217;univers de la laqueuse et ma\u00eetre d&#8217;art Isabelle Emmerique [&hellip;]<\/p>\n","protected":false},"featured_media":51881,"template":"","meta":[],"product_cat":[2948,2952],"product_tag":[],"acf":[],"yoast_head":"<!-- This site is optimized with the Yoast SEO plugin v20.11 - https:\/\/yoast.com\/wordpress\/plugins\/seo\/ -->\n<title>Les portes du monde - Librairie 7L<\/title>\n<meta name=\"robots\" content=\"index, follow, max-snippet:-1, max-image-preview:large, max-video-preview:-1\" \/>\n<link rel=\"canonical\" href=\"https:\/\/librairie7l.com\/en\/produit\/les-portes-du-monde-2\/\" \/>\n<meta property=\"og:locale\" content=\"en_US\" \/>\n<meta property=\"og:type\" content=\"article\" \/>\n<meta property=\"og:title\" content=\"Les portes du monde - Librairie 7L\" \/>\n<meta property=\"og:description\" content=\"Une odyss\u00e9e artistique unique au travers de 43 portes symboliques, sublim\u00e9es par l&#8217;art de la laque. Imaginez un art o\u00f9 chaque teinte, chaque reflet, capture l&#8217;essence d&#8217;un voyage. O\u00f9 le chatoiement des couleurs et des ors raconte des histoires de territoires lointains et d&#8217;\u00e9motions intimes. C&#8217;est l&#8217;univers de la laqueuse et ma\u00eetre d&#8217;art Isabelle Emmerique [&hellip;]\" \/>\n<meta property=\"og:url\" content=\"https:\/\/librairie7l.com\/en\/produit\/les-portes-du-monde-2\/\" \/>\n<meta property=\"og:site_name\" content=\"Librairie 7L\" \/>\n<meta property=\"article:modified_time\" content=\"2026-04-20T02:13:17+00:00\" \/>\n<meta property=\"og:image\" content=\"https:\/\/librairie7l.com\/wp-content\/uploads\/2023\/09\/9782313006627_1_75.jpg\" \/>\n\t<meta property=\"og:image:width\" content=\"584\" \/>\n\t<meta property=\"og:image:height\" content=\"800\" \/>\n\t<meta property=\"og:image:type\" content=\"image\/jpeg\" \/>\n<meta name=\"twitter:card\" content=\"summary_large_image\" \/>\n<meta name=\"twitter:label1\" content=\"Est. reading time\" \/>\n\t<meta name=\"twitter:data1\" content=\"1 minute\" \/>\n<script type=\"application\/ld+json\" class=\"yoast-schema-graph\">{\"@context\":\"https:\/\/schema.org\",\"@graph\":[{\"@type\":\"WebPage\",\"@id\":\"https:\/\/librairie7l.com\/en\/produit\/les-portes-du-monde-2\/\",\"url\":\"https:\/\/librairie7l.com\/en\/produit\/les-portes-du-monde-2\/\",\"name\":\"Les portes du monde - Librairie 7L\",\"isPartOf\":{\"@id\":\"https:\/\/librairie7l.com\/en\/#website\"},\"datePublished\":\"2025-11-05T08:18:11+00:00\",\"dateModified\":\"2026-04-20T02:13:17+00:00\",\"breadcrumb\":{\"@id\":\"https:\/\/librairie7l.com\/en\/produit\/les-portes-du-monde-2\/#breadcrumb\"},\"inLanguage\":\"en-US\",\"potentialAction\":[{\"@type\":\"ReadAction\",\"target\":[\"https:\/\/librairie7l.com\/en\/produit\/les-portes-du-monde-2\/\"]}]},{\"@type\":\"BreadcrumbList\",\"@id\":\"https:\/\/librairie7l.com\/en\/produit\/les-portes-du-monde-2\/#breadcrumb\",\"itemListElement\":[{\"@type\":\"ListItem\",\"position\":1,\"name\":\"Accueil\",\"item\":\"https:\/\/librairie7l.com\/en\/\"},{\"@type\":\"ListItem\",\"position\":2,\"name\":\"Shop\",\"item\":\"https:\/\/librairie7l.com\/en\/shop\/\"},{\"@type\":\"ListItem\",\"position\":3,\"name\":\"LES PORTES DU MONDE\"}]},{\"@type\":\"WebSite\",\"@id\":\"https:\/\/librairie7l.com\/en\/#website\",\"url\":\"https:\/\/librairie7l.com\/en\/\",\"name\":\"Librairie 7L\",\"description\":\"Librairie fond\u00e9e en 1999 par Karl Lagerfeld \u00e0 Paris\",\"publisher\":{\"@id\":\"https:\/\/librairie7l.com\/en\/#organization\"},\"potentialAction\":[{\"@type\":\"SearchAction\",\"target\":{\"@type\":\"EntryPoint\",\"urlTemplate\":\"https:\/\/librairie7l.com\/en\/?s={search_term_string}\"},\"query-input\":\"required name=search_term_string\"}],\"inLanguage\":\"en-US\"},{\"@type\":\"Organization\",\"@id\":\"https:\/\/librairie7l.com\/en\/#organization\",\"name\":\"Librairie 7L\",\"url\":\"https:\/\/librairie7l.com\/en\/\",\"logo\":{\"@type\":\"ImageObject\",\"inLanguage\":\"en-US\",\"@id\":\"https:\/\/librairie7l.com\/en\/#\/schema\/logo\/image\/\",\"url\":\"https:\/\/librairie7l.com\/wp-content\/uploads\/2022\/08\/logo-1.png\",\"contentUrl\":\"https:\/\/librairie7l.com\/wp-content\/uploads\/2022\/08\/logo-1.png\",\"width\":227,\"height\":301,\"caption\":\"Librairie 7L\"},\"image\":{\"@id\":\"https:\/\/librairie7l.com\/en\/#\/schema\/logo\/image\/\"}}]}<\/script>\n<!-- \/ Yoast SEO plugin. -->","yoast_head_json":{"title":"Les portes du monde - Librairie 7L","robots":{"index":"index","follow":"follow","max-snippet":"max-snippet:-1","max-image-preview":"max-image-preview:large","max-video-preview":"max-video-preview:-1"},"canonical":"https:\/\/librairie7l.com\/en\/produit\/les-portes-du-monde-2\/","og_locale":"en_US","og_type":"article","og_title":"Les portes du monde - Librairie 7L","og_description":"Une odyss\u00e9e artistique unique au travers de 43 portes symboliques, sublim\u00e9es par l&#8217;art de la laque. Imaginez un art o\u00f9 chaque teinte, chaque reflet, capture l&#8217;essence d&#8217;un voyage. O\u00f9 le chatoiement des couleurs et des ors raconte des histoires de territoires lointains et d&#8217;\u00e9motions intimes. C&#8217;est l&#8217;univers de la laqueuse et ma\u00eetre d&#8217;art Isabelle Emmerique [&hellip;]","og_url":"https:\/\/librairie7l.com\/en\/produit\/les-portes-du-monde-2\/","og_site_name":"Librairie 7L","article_modified_time":"2026-04-20T02:13:17+00:00","og_image":[{"width":584,"height":800,"url":"https:\/\/librairie7l.com\/wp-content\/uploads\/2023\/09\/9782313006627_1_75.jpg","type":"image\/jpeg"}],"twitter_card":"summary_large_image","twitter_misc":{"Est. reading time":"1 minute"},"schema":{"@context":"https:\/\/schema.org","@graph":[{"@type":"WebPage","@id":"https:\/\/librairie7l.com\/en\/produit\/les-portes-du-monde-2\/","url":"https:\/\/librairie7l.com\/en\/produit\/les-portes-du-monde-2\/","name":"Les portes du monde - Librairie 7L","isPartOf":{"@id":"https:\/\/librairie7l.com\/en\/#website"},"datePublished":"2025-11-05T08:18:11+00:00","dateModified":"2026-04-20T02:13:17+00:00","breadcrumb":{"@id":"https:\/\/librairie7l.com\/en\/produit\/les-portes-du-monde-2\/#breadcrumb"},"inLanguage":"en-US","potentialAction":[{"@type":"ReadAction","target":["https:\/\/librairie7l.com\/en\/produit\/les-portes-du-monde-2\/"]}]},{"@type":"BreadcrumbList","@id":"https:\/\/librairie7l.com\/en\/produit\/les-portes-du-monde-2\/#breadcrumb","itemListElement":[{"@type":"ListItem","position":1,"name":"Accueil","item":"https:\/\/librairie7l.com\/en\/"},{"@type":"ListItem","position":2,"name":"Shop","item":"https:\/\/librairie7l.com\/en\/shop\/"},{"@type":"ListItem","position":3,"name":"LES PORTES DU MONDE"}]},{"@type":"WebSite","@id":"https:\/\/librairie7l.com\/en\/#website","url":"https:\/\/librairie7l.com\/en\/","name":"Librairie 7L","description":"Librairie fond\u00e9e en 1999 par Karl Lagerfeld \u00e0 Paris","publisher":{"@id":"https:\/\/librairie7l.com\/en\/#organization"},"potentialAction":[{"@type":"SearchAction","target":{"@type":"EntryPoint","urlTemplate":"https:\/\/librairie7l.com\/en\/?s={search_term_string}"},"query-input":"required name=search_term_string"}],"inLanguage":"en-US"},{"@type":"Organization","@id":"https:\/\/librairie7l.com\/en\/#organization","name":"Librairie 7L","url":"https:\/\/librairie7l.com\/en\/","logo":{"@type":"ImageObject","inLanguage":"en-US","@id":"https:\/\/librairie7l.com\/en\/#\/schema\/logo\/image\/","url":"https:\/\/librairie7l.com\/wp-content\/uploads\/2022\/08\/logo-1.png","contentUrl":"https:\/\/librairie7l.com\/wp-content\/uploads\/2022\/08\/logo-1.png","width":227,"height":301,"caption":"Librairie 7L"},"image":{"@id":"https:\/\/librairie7l.com\/en\/#\/schema\/logo\/image\/"}}]}},"_links":{"self":[{"href":"https:\/\/librairie7l.com\/en\/wp-json\/wp\/v2\/product\/51883"}],"collection":[{"href":"https:\/\/librairie7l.com\/en\/wp-json\/wp\/v2\/product"}],"about":[{"href":"https:\/\/librairie7l.com\/en\/wp-json\/wp\/v2\/types\/product"}],"wp:featuredmedia":[{"embeddable":true,"href":"https:\/\/librairie7l.com\/en\/wp-json\/wp\/v2\/media\/51881"}],"wp:attachment":[{"href":"https:\/\/librairie7l.com\/en\/wp-json\/wp\/v2\/media?parent=51883"}],"wp:term":[{"taxonomy":"product_cat","embeddable":true,"href":"https:\/\/librairie7l.com\/en\/wp-json\/wp\/v2\/product_cat?post=51883"},{"taxonomy":"product_tag","embeddable":true,"href":"https:\/\/librairie7l.com\/en\/wp-json\/wp\/v2\/product_tag?post=51883"}],"curies":[{"name":"wp","href":"https:\/\/api.w.org\/{rel}","templated":true}]}}